
{"id":13523,"date":"2023-10-29T14:20:10","date_gmt":"2023-10-29T14:20:10","guid":{"rendered":"https:\/\/azurefilm.com\/product\/filamento-carbon-fiber-pet\/"},"modified":"2025-08-22T11:45:24","modified_gmt":"2025-08-22T11:45:24","slug":"filamento-carbon-fiber-pet","status":"publish","type":"product","link":"https:\/\/azurefilm.com\/it\/prodotto\/filamento-carbon-fiber-pet\/","title":{"rendered":"Filamento Carbon Fiber PET"},"content":{"rendered":"<h2><strong>Filamenti Carbon Fiber PET<\/strong><\/h2>\n<p><span style=\"font-weight: 400;\">I filamenti Carbon Fiber PET sono composti da PET (polietilene tereftalato) e fibre di carbonio. Questi filamenti presentano una <\/span><b>struttura rinforzata con fibre di carbonio tagliate<\/b><span style=\"font-weight: 400;\"> che li rende <\/span><b>superiori per quanto riguarda la resistenza agli urti, la forza e il basso assorbimento di acqua<\/b><span style=\"font-weight: 400;\">. Carbon Fiber PET consente un <\/span><b>uso continuato per 3 ore fino a 125\u00b0C<\/b><span style=\"font-weight: 400;\"> e un <\/span><b>uso continuo per 10 ore fino a 100\u00b0C<\/b><span style=\"font-weight: 400;\">.\u00a0<\/span><\/p>\n<p><span style=\"font-weight: 400;\">Grazie alle sue propriet\u00e0, Carbon Fiber PET pu\u00f2 essere utilizzato in svariate applicazioni, come prototipi funzionali, parti meccaniche, componenti per la robotica, droni e UAV, parti automotive, componenti aerospaziali, attrezzature sportive, utensili industriali, quadri elettrici, gadget e accessori personalizzati.\u00a0<\/span><\/p>\n<p><span style=\"font-weight: 400;\">Poich\u00e9 lo spessore delle fibre varia da 0,4 mm a 0,6 mm, consigliamo di utilizzare un <\/span><b>ugello da 0,6 mm resistente all&#8217;abrasione<\/b><span style=\"font-weight: 400;\">. Carbon Fiber PET pu\u00f2 essere stampato anche senza una stampante chiusa, tuttavia ti <\/span><b>consigliamo di utilizzare una stampante 3D chiusa per ottenere risultati migliori<\/b><span style=\"font-weight: 400;\">.<\/span><\/p>\n<h3><strong>Filamento Carbon Fiber PET<\/strong><\/h3>\n<p>Eleva i tuoi progetti di stampa con il filamento Carbon Fiber PET, esteticamente accattivante e all&#8217;avanguardia.<\/p>\n<p><span style=\"font-weight: 400;\">Per saperne di pi\u00f9 sui filamenti Carbon Fiber, leggi il nostro <a href=\"https:\/\/azurefilm.com\/it\/2023\/07\/26\/filamenti-carbon-fiber\/\">blog<\/a>. <\/span><span style=\"font-weight: 400;\"><br \/>\n<\/span><\/p>\n<p><span style=\"font-weight: 400;\">Puoi consultare la <\/span><b>Scheda Tecnica<\/b><span style=\"font-weight: 400;\"><a href=\"https:\/\/azurefilm.com\/it\/technical-data-sheets\/\"> qui<\/a>.<\/span><\/p>\n<h3><strong>Consigli per la stampa:<\/strong><\/h3>\n<ul>\n<li style=\"font-weight: 400;\" aria-level=\"1\"><span style=\"font-weight: 400;\">Per ottenere i risultati migliori, stampa a 245\u2013270\u00b0C. <\/span><\/li>\n<li style=\"font-weight: 400;\" aria-level=\"1\"><span style=\"font-weight: 400;\">La temperatura consigliata del piano di stampa \u00e8 di 80\u201390\u00b0C.<\/span><\/li>\n<li style=\"font-weight: 400;\" aria-level=\"1\"><span style=\"font-weight: 400;\">Usa un piano in vetro, nastro Kapton o Blu per la piattaforma di costruzione con lo spray Dimafix.<\/span><\/li>\n<li style=\"font-weight: 400;\" aria-level=\"1\"><span style=\"font-weight: 400;\">Consigliamo di utilizzare un ugello resistente all&#8217;abrasione da almeno 0,6 mm.<\/span><\/li>\n<\/ul>\n<p><i><span style=\"font-weight: 400;\">*La temperatura ideale pu\u00f2 variare a seconda della stampante utilizzata.<\/span><\/i><\/p>\n<h3><strong>Requisiti aggiuntivi per lavorare con filamenti Carbon Fiber PET:<\/strong><\/h3>\n<ul>\n<li style=\"font-weight: 400;\" aria-level=\"1\"><span style=\"font-weight: 400;\">Piano di stampa riscaldato.<\/span><\/li>\n<li style=\"font-weight: 400;\" aria-level=\"1\"><span style=\"font-weight: 400;\">Ugello rinforzato &#8211; Per via della sua struttura abrasiva, il filamento consuma in poco tempo l&#8217;ugello tradizionale in ottone. Per questo tipo di filamento occorre un ugello resistente all&#8217;abrasione. Poich\u00e9 questi tipi di ugelli tendono a essere meno conduttivi di quelli standard, solitamente si raccomandano temperature di estrusione pi\u00f9 elevate.<\/span><\/li>\n<li style=\"font-weight: 400;\" aria-level=\"1\"><span style=\"font-weight: 400;\">La camera riscaldata per i filamenti \u00e8 opzionale, per\u00f2 per ottenere la migliore qualit\u00e0 del prodotto, ti consigliamo di tenere sempre i filamenti in un luogo asciutto.<\/span><\/li>\n<li style=\"font-weight: 400;\" aria-level=\"1\"><span style=\"font-weight: 400;\">Ambiente chiuso &#8211; Garantire un ambiente controllato costante \u00e8 facoltativo ma fortemente consigliato. <\/span><\/li>\n<\/ul>\n","protected":false},"excerpt":{"rendered":"<p>Eleva i tuoi progetti di stampa con il filamento Carbon Fiber PET, esteticamente accattivante e all&#8217;avanguardia.<\/p>\n","protected":false},"featured_media":5137,"comment_status":"closed","ping_status":"closed","template":"","meta":{"_acf_changed":false},"product_brand":[],"product_cat":[524,522,517,623,519],"product_tag":[],"brand":[267],"class_list":{"0":"post-13523","1":"product","2":"type-product","3":"status-publish","4":"has-post-thumbnail","6":"product_cat-carbon-fiber-pet-it","7":"product_cat-filamenti-carbon-fiber","8":"product_cat-filamenti-3d","9":"product_cat-saldi","10":"product_cat-tutti-filamenti","11":"pa_colour-black","12":"pa_filament-diameter-1-75mm","13":"pa_filament-diameter-2-85mm","14":"pa_filament-weight-1000g","15":"pa_filament-weight-500g","16":"brand-azurefilm","18":"first","19":"instock","20":"sale","21":"taxable","22":"shipping-taxable","23":"purchasable","24":"product-type-variable","25":"has-default-attributes"},"acf":[],"_links":{"self":[{"href":"https:\/\/azurefilm.com\/it\/wp-json\/wp\/v2\/product\/13523","targetHints":{"allow":["GET"]}}],"collection":[{"href":"https:\/\/azurefilm.com\/it\/wp-json\/wp\/v2\/product"}],"about":[{"href":"https:\/\/azurefilm.com\/it\/wp-json\/wp\/v2\/types\/product"}],"replies":[{"embeddable":true,"href":"https:\/\/azurefilm.com\/it\/wp-json\/wp\/v2\/comments?post=13523"}],"wp:featuredmedia":[{"embeddable":true,"href":"https:\/\/azurefilm.com\/it\/wp-json\/wp\/v2\/media\/5137"}],"wp:attachment":[{"href":"https:\/\/azurefilm.com\/it\/wp-json\/wp\/v2\/media?parent=13523"}],"wp:term":[{"taxonomy":"product_brand","embeddable":true,"href":"https:\/\/azurefilm.com\/it\/wp-json\/wp\/v2\/product_brand?post=13523"},{"taxonomy":"product_cat","embeddable":true,"href":"https:\/\/azurefilm.com\/it\/wp-json\/wp\/v2\/product_cat?post=13523"},{"taxonomy":"product_tag","embeddable":true,"href":"https:\/\/azurefilm.com\/it\/wp-json\/wp\/v2\/product_tag?post=13523"},{"taxonomy":"brand","embeddable":true,"href":"https:\/\/azurefilm.com\/it\/wp-json\/wp\/v2\/brand?post=13523"}],"curies":[{"name":"wp","href":"https:\/\/api.w.org\/{rel}","templated":true}]}}