
{"id":13527,"date":"2023-10-29T14:20:10","date_gmt":"2023-10-29T14:20:10","guid":{"rendered":"https:\/\/azurefilm.com\/product\/unset-pla-strongman\/"},"modified":"2025-12-09T16:02:14","modified_gmt":"2025-12-09T16:02:14","slug":"unset-pla-strongman","status":"publish","type":"product","link":"https:\/\/azurefilm.com\/it\/prodotto\/unset-pla-strongman\/","title":{"rendered":"Unset PLA Strongman"},"content":{"rendered":"<h2><b>PLA Strongman<\/b><\/h2>\n<p><span style=\"font-weight: 400;\">Ti presentiamo il nostro filamento PLA Strongman, un <\/span><b>materiale unico<\/b><span style=\"font-weight: 400;\"> che abbiamo sviluppato. Prima del nostro PLA Strongman, non esisteva nessun altro filamento sul mercato che fosse facile da stampare come il PLA, pur possedendo propriet\u00e0 forti come una maggiore tenacit\u00e0 e resistenza. Abbiamo unito le forze con una delle migliori universit\u00e0 per la caratterizzazione dei polimeri e abbiamo creato questo filamento <\/span><b>robusto, resistente agli urti<\/b><span style=\"font-weight: 400;\"> e allo stesso tempo molto <\/span><b>facile da stampare<\/b><span style=\"font-weight: 400;\">. Il PLA Strongman \u00e8 oggi utilizzato per stampare droni, cuscinetti, parti meccaniche e tutti i tipi di prodotti che richiedono una maggiore resistenza.<\/span><\/p>\n<h2><b>Unset PLA Strongman<\/b><\/h2>\n<p><span style=\"font-weight: 400;\">I filamenti Unset di AzureFilm ti consentono di scegliere soluzioni <\/span><b>eco-friendly<\/b><span style=\"font-weight: 400;\"> per i tuoi prossimi progetti. Questi filamenti <\/span><b>attenti all&#8217;ambiente<\/b><span style=\"font-weight: 400;\"> vengono creati dai materiali in eccesso durante i nostri processi di produzione, il che li rende una scelta sostenibile. Utilizzando <\/span><b>materiali riciclati al 100%<\/b><span style=\"font-weight: 400;\">, i filamenti Unset contribuiscono alla riduzione dei rifiuti. Ogni ordine offre un colore unico.<\/span><\/p>\n<p><span style=\"font-weight: 400;\">Per saperne di pi\u00f9 sui filamenti PLA, leggi il nostro <a href=\"https:\/\/azurefilm.com\/it\/2023\/07\/04\/filamenti-pla\/\" target=\"_blank\" rel=\"noopener\">blog<\/a>. <\/span><\/p>\n<p><span style=\"font-weight: 400;\">Puoi consultare la <\/span><b>Scheda Tecnica<\/b><span style=\"font-weight: 400;\"><a href=\"https:\/\/azurefilm.com\/it\/technical-data-sheets\/\" target=\"_blank\" rel=\"noopener\"> qui<\/a>.<\/span><\/p>\n<h3><strong>Consigli per la stampa:<\/strong><\/h3>\n<ul>\n<li style=\"font-weight: 400;\" aria-level=\"1\"><span style=\"font-weight: 400;\">Stampa a una temperatura di 200-230\u00b0C per ottenere i migliori risultati. <\/span><\/li>\n<li style=\"font-weight: 400;\" aria-level=\"1\"><span style=\"font-weight: 400;\">La temperatura consigliata per il piano di stampa \u00e8 di 50-60\u00b0C.<\/span><\/li>\n<li style=\"font-weight: 400;\" aria-level=\"1\"><span style=\"font-weight: 400;\">Usa un piano di vetro, un foglio PEI, un nastro Kapton o Blu per la piattaforma di costruzione con lo spray 3Dlac.<\/span><\/li>\n<\/ul>\n<p><i><span style=\"font-weight: 400;\">*La temperatura ideale pu\u00f2 variare a seconda della stampante utilizzata.<\/span><\/i><\/p>\n","protected":false},"excerpt":{"rendered":"<p>Contribuisci a uno stile di vita sostenibile e regalati il nostro Unset PLA Strongman riciclato.<\/p>\n","protected":false},"featured_media":114546,"comment_status":"closed","ping_status":"closed","template":"","meta":{"_acf_changed":false},"product_brand":[],"product_cat":[553,1566,517,544,587,623,519,594],"product_tag":[1526,1530,1533],"brand":[],"class_list":{"0":"post-13527","1":"product","2":"type-product","3":"status-publish","4":"has-post-thumbnail","6":"product_cat-pla-strongman-it","7":"product_cat-filamenti-eco","8":"product_cat-filamenti-3d","9":"product_cat-filamenti-pla","10":"product_cat-filamenti-unset","11":"product_cat-saldi","12":"product_cat-tutti-filamenti","13":"product_cat-unset-pla-strongman-it","14":"product_tag-eco-it","15":"product_tag-colore-casuale","16":"product_tag-high-speed","17":"pa_colour-random","18":"pa_filament-diameter-1-75mm","19":"pa_filament-weight-1000g","21":"first","22":"instock","23":"sale","24":"taxable","25":"shipping-taxable","26":"purchasable","27":"product-type-variable","28":"has-default-attributes"},"acf":[],"_links":{"self":[{"href":"https:\/\/azurefilm.com\/it\/wp-json\/wp\/v2\/product\/13527","targetHints":{"allow":["GET"]}}],"collection":[{"href":"https:\/\/azurefilm.com\/it\/wp-json\/wp\/v2\/product"}],"about":[{"href":"https:\/\/azurefilm.com\/it\/wp-json\/wp\/v2\/types\/product"}],"replies":[{"embeddable":true,"href":"https:\/\/azurefilm.com\/it\/wp-json\/wp\/v2\/comments?post=13527"}],"wp:featuredmedia":[{"embeddable":true,"href":"https:\/\/azurefilm.com\/it\/wp-json\/wp\/v2\/media\/114546"}],"wp:attachment":[{"href":"https:\/\/azurefilm.com\/it\/wp-json\/wp\/v2\/media?parent=13527"}],"wp:term":[{"taxonomy":"product_brand","embeddable":true,"href":"https:\/\/azurefilm.com\/it\/wp-json\/wp\/v2\/product_brand?post=13527"},{"taxonomy":"product_cat","embeddable":true,"href":"https:\/\/azurefilm.com\/it\/wp-json\/wp\/v2\/product_cat?post=13527"},{"taxonomy":"product_tag","embeddable":true,"href":"https:\/\/azurefilm.com\/it\/wp-json\/wp\/v2\/product_tag?post=13527"},{"taxonomy":"brand","embeddable":true,"href":"https:\/\/azurefilm.com\/it\/wp-json\/wp\/v2\/brand?post=13527"}],"curies":[{"name":"wp","href":"https:\/\/api.w.org\/{rel}","templated":true}]}}