
{"id":13538,"date":"2023-10-29T14:20:42","date_gmt":"2023-10-29T14:20:42","guid":{"rendered":"https:\/\/azurefilm.com\/product\/unset-pc-abs\/"},"modified":"2026-03-19T20:53:59","modified_gmt":"2026-03-19T20:53:59","slug":"unset-pc-abs","status":"publish","type":"product","link":"https:\/\/azurefilm.com\/it\/prodotto\/unset-pc-abs\/","title":{"rendered":"Unset PC ABS"},"content":{"rendered":"<h2><strong>PC ABS<\/strong><\/h2>\n<p><span style=\"font-weight: 400;\">Il PC ABS \u00e8 un materiale straordinariamente resistente di grado automotive, perfetto per realizzare parti meccaniche e applicazioni tecniche. L&#8217;aggiunta del policarbonato (PC) all&#8217;acrilonitrile butadiene stirene (ABS) consente di ottenere un materiale che si stampa in modo uniforme con un&#8217;adesione pressoch\u00e9 perfetta tra gli strati. Il risultato finale \u00e8 una stampa di qualit\u00e0, leggera, resistente e con una superficie lucida.<\/span><\/p>\n<p><span style=\"font-weight: 400;\">Per saperne di pi\u00f9 sui filamenti PC ABS, consulta il nostro <a href=\"https:\/\/azurefilm.com\/it\/2024\/03\/07\/pc-abs-formula-nuova-e-migliorata\/\" target=\"_blank\" rel=\"noopener\"><strong>blog<\/strong><\/a>.\u00a0<\/span><\/p>\n<h2><b>Unset PC ABS<\/b><\/h2>\n<p><span style=\"font-weight: 400;\">I filamenti Unset sono la tua <\/span><b>scelta ecologica<\/b><span style=\"font-weight: 400;\"> per i tuoi prossimi progetti. Questi filamenti sono realizzati con il materiale di scarto prodotto durante i nostri processi di produzione. Ci\u00f2 significa che i filamenti Unset sono realizzati al <\/span><b> 100% con materiali riciclati <\/b><span style=\"font-weight: 400;\"> e <\/span><b>contribuiscono a ridurre i rifiuti<\/b><span style=\"font-weight: 400;\">. Il colore di questi filamenti varia ad ogni ordine grazie alle diverse combinazioni di colori dei materiali riciclati.<\/span><\/p>\n<h3><strong>Raccomandazioni per la stampa*:\u00a0<\/strong><\/h3>\n<ul>\n<li style=\"font-weight: 400;\" aria-level=\"1\"><span style=\"font-weight: 400;\">Per ottenere risultati ottimali, stampa a 265-285\u00b0C.<\/span><\/li>\n<li style=\"font-weight: 400;\" aria-level=\"1\"><span style=\"font-weight: 400;\">Si consiglia una temperatura del piano di stampa di 110\u00b0C. <\/span><b>Questo materiale deve essere stampato con una stampante 3D chiusa<\/b><span style=\"font-weight: 400;\">.<\/span><\/li>\n<\/ul>\n<p><span style=\"font-weight: 400;\">* <\/span><i><span style=\"font-weight: 400;\">La temperatura ideale pu\u00f2 variare a seconda della stampante utilizzata.<\/span><\/i><\/p>\n<div class=\"is-divider divider clearfix\" style=\"max-width:100%;height:1px;background-color:rgb(17, 107, 168);\"><\/div>\n<h3><strong>Applicazioni<\/strong><\/h3>\n<p><span style=\"font-weight: 400;\">Il filamento PC ABS \u00e8 particolarmente apprezzato nel settore della stampa 3D per la sua combinazione unica di tenacit\u00e0, elevata resistenza al calore (fino a 122\u00b0C) e facilit\u00e0 di stampa.<\/span><\/p>\n<p><img loading=\"lazy\" decoding=\"async\" class=\" wp-image-29940 alignright\" src=\"https:\/\/azurefilm.com\/wp-content\/uploads\/2024\/03\/PC-ABS_spider_IT-300x195.png\" alt=\"\" width=\"600\" height=\"390\" title=\"\" srcset=\"https:\/\/azurefilm.com\/wp-content\/uploads\/2024\/03\/PC-ABS_spider_IT-300x195.png 300w, https:\/\/azurefilm.com\/wp-content\/uploads\/2024\/03\/PC-ABS_spider_IT-510x331.png 510w, https:\/\/azurefilm.com\/wp-content\/uploads\/2024\/03\/PC-ABS_spider_IT-1024x665.png 1024w, https:\/\/azurefilm.com\/wp-content\/uploads\/2024\/03\/PC-ABS_spider_IT-768x499.png 768w, https:\/\/azurefilm.com\/wp-content\/uploads\/2024\/03\/PC-ABS_spider_IT-1536x998.png 1536w, https:\/\/azurefilm.com\/wp-content\/uploads\/2024\/03\/PC-ABS_spider_IT.png 1746w\" sizes=\"auto, (max-width: 600px) 100vw, 600px\" \/><\/p>\n<h4><strong>Prototipi funzionali<\/strong><\/h4>\n<p><span style=\"font-weight: 400;\">Il PC ABS viene utilizzato largamente per creare prototipi funzionali che devono essere sottoposti a test e valutazioni rigorose. La prototipazione funzionale \u00e8 un passaggio di fondamentale importanza nel processo di sviluppo di diversi settori industriali, poich\u00e9 fornisce preziose indicazioni su come il prodotto finale si comporter\u00e0 in condizioni reali, oltre a consentire aggiustamenti e miglioramenti del progetto. I componenti per il settore automotive, come i sistemi di ventilazione, i prototipi di cruscotti e le maniglie delle portiere, possono essere stampati in 3D con il PC ABS per testare a fondo le loro prestazioni in condizioni quali lo stress meccanico e l&#8217;esposizione alle alte temperature.<\/span><\/p>\n<h4><strong>Componenti di prodotti di consumo<\/strong><\/h4>\n<p><span style=\"font-weight: 400;\">Grazie alla sua eccellente durata e resistenza, il PC ABS viene utilizzato per stampare in 3D parti di uso finale per numerosi prodotti di consumo. Ad esempio, il PC ABS viene utilizzato per stampare custodie personalizzate per dispositivi elettronici come quelli palmari (smartphone, tablet) e i droni. La notevole resistenza al calore e agli urti del PC ABS garantisce la protezione dell&#8217;elettronica contenuta in svariati ambienti.\u00a0<\/span><\/p>\n<h4><strong>Componenti personalizzati per la produzione<\/strong><\/h4>\n<p><span style=\"font-weight: 400;\">La versatilit\u00e0 del PC ABS fa s\u00ec che sia ideale per produrre attrezzature, maschere e altri componenti personalizzati utilizzati nei processi di produzione. Tra questi figurano utensili, supporti per l&#8217;assemblaggio e attrezzature personalizzate che devono essere durevoli e resistenti agli ambienti industriali.<\/span><\/p>\n<h3><strong>Conservazione del prodotto<\/strong><\/h3>\n<p><span style=\"font-weight: 400;\">Consigliamo di conservare il filamento in spazi chiusi, freschi e asciutti, con un pacchetto di silice disidratante, al riparo dai raggi UV.<\/span><\/p>\n<div class=\"is-divider divider clearfix\" style=\"max-width:100%;height:1px;background-color:rgb(17, 107, 168);\"><\/div>\n<h3><strong>Caratteristiche e propriet\u00e0<\/strong><\/h3>\n<table>\n<tbody>\n<tr>\n<th><span style=\"font-weight: 400;\">Caratteristica<\/span><\/th>\n<th><span style=\"font-weight: 400;\">Standard<\/span><\/th>\n<th><span style=\"font-weight: 400;\">Valore XY<\/span><\/th>\n<th><span style=\"font-weight: 400;\">Valore XZ<\/span><\/th>\n<th><span style=\"font-weight: 400;\">Valore ZX<\/span><\/th>\n<th><span style=\"font-weight: 400;\">Unit\u00e0<\/span><\/th>\n<\/tr>\n<tr>\n<td><span style=\"font-weight: 400;\">\u00a0Resistenza alla trazione<\/span><\/td>\n<td><span style=\"font-weight: 400;\">ISO 527-2<\/span><\/td>\n<td><span style=\"font-weight: 400;\">41,4<\/span><\/td>\n<td><span style=\"font-weight: 400;\">42,7<\/span><\/td>\n<td><span style=\"font-weight: 400;\">18,3<\/span><\/td>\n<td><span style=\"font-weight: 400;\">MPa<\/span><\/td>\n<\/tr>\n<tr>\n<td><span style=\"font-weight: 400;\">\u00a0Carico di snervamento<\/span><\/td>\n<td><span style=\"font-weight: 400;\">ISO 527-2<\/span><\/td>\n<td><span style=\"font-weight: 400;\">33,3<\/span><\/td>\n<td><span style=\"font-weight: 400;\">32,8<\/span><\/td>\n<td><span style=\"font-weight: 400;\">\/<\/span><\/td>\n<td><span style=\"font-weight: 400;\">MPa<\/span><\/td>\n<\/tr>\n<tr>\n<td><span style=\"font-weight: 400;\">\u00a0Modulo di trazione\u00a0<\/span><\/td>\n<td><span style=\"font-weight: 400;\">ISO 527-2<\/span><\/td>\n<td><span style=\"font-weight: 400;\">2000<\/span><\/td>\n<td><span style=\"font-weight: 400;\">2000<\/span><\/td>\n<td><span style=\"font-weight: 400;\">1800<\/span><\/td>\n<td><span style=\"font-weight: 400;\">MPa<\/span><\/td>\n<\/tr>\n<tr>\n<td><span style=\"font-weight: 400;\">\u00a0Deformazione allo snervamento<\/span><\/td>\n<td><span style=\"font-weight: 400;\">ISO 527-2<\/span><\/td>\n<td><span style=\"font-weight: 400;\">5,3<\/span><\/td>\n<td><span style=\"font-weight: 400;\">4,0<\/span><\/td>\n<td><span style=\"font-weight: 400;\">1,2<\/span><\/td>\n<td><span style=\"font-weight: 400;\">%<\/span><\/td>\n<\/tr>\n<tr>\n<td><span style=\"font-weight: 400;\">\u00a0Resistenza alla flessione<\/span><\/td>\n<td><span style=\"font-weight: 400;\">ISO 178<\/span><\/td>\n<td><span style=\"font-weight: 400;\">65,7<\/span><\/td>\n<td><span style=\"font-weight: 400;\">67,0<\/span><\/td>\n<td><span style=\"font-weight: 400;\">26,8<\/span><\/td>\n<td><span style=\"font-weight: 400;\">MPa<\/span><\/td>\n<\/tr>\n<tr>\n<td><span style=\"font-weight: 400;\">\u00a0Modo di flessione<\/span><\/td>\n<td><span style=\"font-weight: 400;\">ISO 178<\/span><\/td>\n<td><span style=\"font-weight: 400;\">2100<\/span><\/td>\n<td><span style=\"font-weight: 400;\">2200<\/span><\/td>\n<td><span style=\"font-weight: 400;\">1900<\/span><\/td>\n<td><span style=\"font-weight: 400;\">MPa<\/span><\/td>\n<\/tr>\n<tr>\n<td><span style=\"font-weight: 400;\">\u00a0Resistenza all&#8217;impatto<\/span><\/td>\n<td><span style=\"font-weight: 400;\">ISO 179<\/span><\/td>\n<td><span style=\"font-weight: 400;\">25<\/span><\/td>\n<td><span style=\"font-weight: 400;\">\/<\/span><\/td>\n<td><span style=\"font-weight: 400;\">\/<\/span><\/td>\n<td><span style=\"font-weight: 400;\">kJ\/m\u00b2<\/span><\/td>\n<\/tr>\n<\/tbody>\n<\/table>\n<p><span style=\"font-weight: 400;\">Potete consultare la <\/span><b>Scheda Tecnica<\/b><span style=\"font-weight: 400;\">\u00a0<a href=\"https:\/\/azurefilm.com\/it\/technical-data-sheets\/\" target=\"_blank\" rel=\"noopener\"><strong>qui<\/strong><\/a>. <\/span><\/p>\n","protected":false},"excerpt":{"rendered":"<p><span style=\"font-weight: 400;\">Supportate la sostenibilit\u00e0 stampando parti resistenti e affidabili con il nostro Unset PC ABS.<\/span><\/p>\n","protected":false},"featured_media":30101,"comment_status":"closed","ping_status":"closed","template":"","meta":{"_acf_changed":false},"product_brand":[],"product_cat":[622,620,1566,517,587,519,590],"product_tag":[1526,1530,1533],"brand":[267],"class_list":{"0":"post-13538","1":"product","2":"type-product","3":"status-publish","4":"has-post-thumbnail","6":"product_cat-filamenti-pc-abs","7":"product_cat-filamenti-abs","8":"product_cat-filamenti-eco","9":"product_cat-filamenti-3d","10":"product_cat-filamenti-unset","11":"product_cat-tutti-filamenti","12":"product_cat-unset-pc-abs-it","13":"product_tag-eco-it","14":"product_tag-colore-casuale","15":"product_tag-high-speed","16":"pa_colour-random","17":"pa_filament-diameter-1-75mm","18":"pa_filament-weight-1000g","19":"brand-azurefilm","21":"first","22":"instock","23":"taxable","24":"shipping-taxable","25":"purchasable","26":"product-type-variable","27":"has-default-attributes"},"acf":[],"_links":{"self":[{"href":"https:\/\/azurefilm.com\/it\/wp-json\/wp\/v2\/product\/13538","targetHints":{"allow":["GET"]}}],"collection":[{"href":"https:\/\/azurefilm.com\/it\/wp-json\/wp\/v2\/product"}],"about":[{"href":"https:\/\/azurefilm.com\/it\/wp-json\/wp\/v2\/types\/product"}],"replies":[{"embeddable":true,"href":"https:\/\/azurefilm.com\/it\/wp-json\/wp\/v2\/comments?post=13538"}],"wp:featuredmedia":[{"embeddable":true,"href":"https:\/\/azurefilm.com\/it\/wp-json\/wp\/v2\/media\/30101"}],"wp:attachment":[{"href":"https:\/\/azurefilm.com\/it\/wp-json\/wp\/v2\/media?parent=13538"}],"wp:term":[{"taxonomy":"product_brand","embeddable":true,"href":"https:\/\/azurefilm.com\/it\/wp-json\/wp\/v2\/product_brand?post=13538"},{"taxonomy":"product_cat","embeddable":true,"href":"https:\/\/azurefilm.com\/it\/wp-json\/wp\/v2\/product_cat?post=13538"},{"taxonomy":"product_tag","embeddable":true,"href":"https:\/\/azurefilm.com\/it\/wp-json\/wp\/v2\/product_tag?post=13538"},{"taxonomy":"brand","embeddable":true,"href":"https:\/\/azurefilm.com\/it\/wp-json\/wp\/v2\/brand?post=13538"}],"curies":[{"name":"wp","href":"https:\/\/api.w.org\/{rel}","templated":true}]}}