
{"id":13570,"date":"2023-10-29T14:21:51","date_gmt":"2023-10-29T14:21:51","guid":{"rendered":"https:\/\/azurefilm.com\/product\/driver-motore-tb6600\/"},"modified":"2023-10-29T16:17:11","modified_gmt":"2023-10-29T16:17:11","slug":"driver-motore-tb6600","status":"publish","type":"product","link":"https:\/\/azurefilm.com\/it\/prodotto\/driver-motore-tb6600\/","title":{"rendered":"Driver motore TB6600"},"content":{"rendered":"<h2><strong>Caratteristiche principali:<\/strong><\/h2>\n<ul>\n<li>La corrente di uscita \u00e8 regolabile in modo continuo per soddisfare le diverse esigenze applicative.<\/li>\n<li>Funzione automatica di mezza corrente. \u00c8 disponibile anche il flussostato semi-automatico, facile da usare.<\/li>\n<li>L&#8217;utilizzo dell&#8217;accoppiamento ottico ad alta velocit\u00e0 6N137 garantisce un&#8217;alta velocit\u00e0 senza perdere un passaggio.<\/li>\n<li>Sul pannello posteriore sono stampate istruzioni di configurazione suddivise. Utilizzato per aumentare il dissipatore di calore, per una buona dissipazione del calore.<\/li>\n<li>Protezione contro i cortocircuiti in uscita, l&#8217;uso della mente. Utilizzando la modalit\u00e0 di ingresso ad anodo comune, ci sono due terminali di ingresso, il cablaggio \u00e8 pi\u00f9 conveniente.<\/li>\n<\/ul>\n<h2><strong>Caratteristiche:<\/strong><\/h2>\n<ul>\n<li>Materiale: Metallo e plastica.<\/li>\n<li>Dimensioni: 50*82*35 mm (L*L*H).<\/li>\n<li>Colore: verde e bianco.<\/li>\n<li>Tensione di funzionamento DC 10V-45V. Si consiglia l&#8217;alimentazione switching DC32V.<\/li>\n<li>Accoppiamento ottico ad alta velocit\u00e0 6N137, garantisce un&#8217;alta velocit\u00e0 senza perdere il passo.<\/li>\n<li>Il nuovo chip originale TB6600HG di Toshiba ad alta corrente e alta tensione, \u00e8 dotato di un circuito di protezione contro la bassa pressione, il parcheggio del surriscaldamento e le sovracorrenti, la protezione contro i cortocircuiti e una maggiore protezione rispetto al TB6560.\n<li>L&#8217;uscita massima dichiarata \u00e8 stata raggiunta: \u00b1 4,5A.<\/li>\n<li>Per 4.2A 42,57,86 all&#8217;interno del motore passo-passo a due fasi \/ quattro fasi \/ quattro fili \/ sei fili.<\/li>\n<li>Funzione automatica di mezza corrente.<\/li>\n<li>Suddivisione: passo intero, mezzo passo, 1\/4 di passo, 1\/8 di passo, 1\/16 di passo, fino a 16 segmenti.<\/li>\n<\/ul>\n","protected":false},"excerpt":{"rendered":"<p><strong>Motore TB6600<\/strong> con funzione automatica di mezza corrente e interruttore di flusso semi-automatico, facile da usare.<\/p>\n","protected":false},"featured_media":5712,"comment_status":"closed","ping_status":"closed","template":"","meta":{"_acf_changed":false},"product_brand":[],"product_cat":[625,649,648,624,623],"product_tag":[],"brand":[],"class_list":{"0":"post-13570","1":"product","2":"type-product","3":"status-publish","4":"has-post-thumbnail","6":"product_cat-altri-parti-di-ricambio","7":"product_cat-motor-driver","8":"product_cat-motori-e-driver","9":"product_cat-parti-di-ricambio","10":"product_cat-saldi","12":"first","13":"instock","14":"sale","15":"taxable","16":"shipping-taxable","17":"purchasable","18":"product-type-simple"},"acf":[],"_links":{"self":[{"href":"https:\/\/azurefilm.com\/it\/wp-json\/wp\/v2\/product\/13570","targetHints":{"allow":["GET"]}}],"collection":[{"href":"https:\/\/azurefilm.com\/it\/wp-json\/wp\/v2\/product"}],"about":[{"href":"https:\/\/azurefilm.com\/it\/wp-json\/wp\/v2\/types\/product"}],"replies":[{"embeddable":true,"href":"https:\/\/azurefilm.com\/it\/wp-json\/wp\/v2\/comments?post=13570"}],"wp:featuredmedia":[{"embeddable":true,"href":"https:\/\/azurefilm.com\/it\/wp-json\/wp\/v2\/media\/5712"}],"wp:attachment":[{"href":"https:\/\/azurefilm.com\/it\/wp-json\/wp\/v2\/media?parent=13570"}],"wp:term":[{"taxonomy":"product_brand","embeddable":true,"href":"https:\/\/azurefilm.com\/it\/wp-json\/wp\/v2\/product_brand?post=13570"},{"taxonomy":"product_cat","embeddable":true,"href":"https:\/\/azurefilm.com\/it\/wp-json\/wp\/v2\/product_cat?post=13570"},{"taxonomy":"product_tag","embeddable":true,"href":"https:\/\/azurefilm.com\/it\/wp-json\/wp\/v2\/product_tag?post=13570"},{"taxonomy":"brand","embeddable":true,"href":"https:\/\/azurefilm.com\/it\/wp-json\/wp\/v2\/brand?post=13570"}],"curies":[{"name":"wp","href":"https:\/\/api.w.org\/{rel}","templated":true}]}}