
{"id":13571,"date":"2023-10-29T14:21:51","date_gmt":"2023-10-29T14:21:51","guid":{"rendered":"https:\/\/azurefilm.com\/product\/modulo-livello-trigger-12v-30a\/"},"modified":"2025-12-30T13:39:55","modified_gmt":"2025-12-30T13:39:55","slug":"modulo-livello-trigger-12v-30a","status":"publish","type":"product","link":"https:\/\/azurefilm.com\/it\/prodotto\/modulo-livello-trigger-12v-30a\/","title":{"rendered":"Modulo Livello Trigger 12V 30A"},"content":{"rendered":"<ul>\n<li>Il modulo utilizza un rel\u00e8 di alta qualit\u00e0 e un&#8217;interfaccia normalmente aperta; il carico massimo \u00e8 di 250V\/10A in AC e 30V\/10A in DC.<\/li>\n<li>Il modulo di controllo a rel\u00e8 da 12 V \u00e8 dotato di un design con tolleranza ai guasti, il che significa che anche se la linea di controllo \u00e8 interrotta, il rel\u00e8 non funziona.<\/li>\n<li>L&#8217;isolamento dell&#8217;optoaccoppiatore SMD e la forte capacit\u00e0 di pilotaggio fanno s\u00ec che il modulo rel\u00e8 mantenga prestazioni stabili.<\/li>\n<li>Tutte le interfacce possono essere collegate direttamente attraverso la morsettiera, con una buona compatibilit\u00e0.<\/li>\n<li>Ci sono tre tensioni da scegliere nel modulo rel\u00e8, che sono 5V 12V 24V separatamente.<\/li>\n<\/ul>\n<p>&nbsp;<\/p>\n","protected":false},"excerpt":{"rendered":"<p>Il modulo utilizza un rel\u00e8 di alta qualit\u00e0 e un&#8217;interfaccia normalmente aperta; il carico massimo \u00e8 di 250V\/10A in corrente alternata e 30V\/10A in corrente continua.<\/p>\n","protected":false},"featured_media":5725,"comment_status":"closed","ping_status":"closed","template":"","meta":{"_acf_changed":false},"product_brand":[],"product_cat":[624,625,810,623],"product_tag":[],"brand":[],"class_list":{"0":"post-13571","1":"product","2":"type-product","3":"status-publish","4":"has-post-thumbnail","6":"product_cat-parti-di-ricambio","7":"product_cat-altri-parti-di-ricambio","8":"product_cat-elettronica","9":"product_cat-saldi","11":"first","12":"instock","13":"sale","14":"taxable","15":"shipping-taxable","16":"purchasable","17":"product-type-simple"},"acf":[],"_links":{"self":[{"href":"https:\/\/azurefilm.com\/it\/wp-json\/wp\/v2\/product\/13571","targetHints":{"allow":["GET"]}}],"collection":[{"href":"https:\/\/azurefilm.com\/it\/wp-json\/wp\/v2\/product"}],"about":[{"href":"https:\/\/azurefilm.com\/it\/wp-json\/wp\/v2\/types\/product"}],"replies":[{"embeddable":true,"href":"https:\/\/azurefilm.com\/it\/wp-json\/wp\/v2\/comments?post=13571"}],"wp:featuredmedia":[{"embeddable":true,"href":"https:\/\/azurefilm.com\/it\/wp-json\/wp\/v2\/media\/5725"}],"wp:attachment":[{"href":"https:\/\/azurefilm.com\/it\/wp-json\/wp\/v2\/media?parent=13571"}],"wp:term":[{"taxonomy":"product_brand","embeddable":true,"href":"https:\/\/azurefilm.com\/it\/wp-json\/wp\/v2\/product_brand?post=13571"},{"taxonomy":"product_cat","embeddable":true,"href":"https:\/\/azurefilm.com\/it\/wp-json\/wp\/v2\/product_cat?post=13571"},{"taxonomy":"product_tag","embeddable":true,"href":"https:\/\/azurefilm.com\/it\/wp-json\/wp\/v2\/product_tag?post=13571"},{"taxonomy":"brand","embeddable":true,"href":"https:\/\/azurefilm.com\/it\/wp-json\/wp\/v2\/brand?post=13571"}],"curies":[{"name":"wp","href":"https:\/\/api.w.org\/{rel}","templated":true}]}}