
{"id":13614,"date":"2023-10-29T14:22:58","date_gmt":"2023-10-29T14:22:58","guid":{"rendered":"https:\/\/azurefilm.com\/product\/sensore-di-livellamento-automatico-del-letto\/"},"modified":"2026-01-02T20:34:27","modified_gmt":"2026-01-02T20:34:27","slug":"sensore-di-livellamento-automatico-del-letto","status":"publish","type":"product","link":"https:\/\/azurefilm.com\/it\/prodotto\/sensore-di-livellamento-automatico-del-letto\/","title":{"rendered":"Sensore di livellamento automatico del letto"},"content":{"rendered":"<h2><strong>Caratteristiche principali:<\/strong><\/h2>\n<ul>\n<li>\u00c8 un componente ampiamente utilizzato nell&#8217;industria del controllo automatico per il rilevamento, il controllo e la commutazione senza contatto.<\/li>\n<li>Pu\u00f2 essere applicato per il livellamento automatico delle stampanti 3D: quando il sensore di prossimit\u00e0 \u00e8 vicino a un oggetto target, invia un segnale di controllo.<\/li>\n<li>\u00c8 ampiamente utilizzato nelle macchine, nella produzione della carta e nell&#8217;industria leggera per limitare le stazioni, per prendere i conteggi di orientamento, per le prove di velocit\u00e0 e cos\u00ec via.<\/li>\n<li>Sensore di induttanza<\/li>\n<li>Distanza di rilevamento: 4 mm<\/li>\n<li>Tensione: DC 5V<\/li>\n<li>Dimensione: 12x60mm<\/li>\n<\/ul>\n","protected":false},"excerpt":{"rendered":"<p><strong>Il sensore di livellamento del letto automatico<\/strong> \u00e8 un componente ampiamente utilizzato nell&#8217;industria del controllo automatico per rilevare, controllare e commutare senza contatto.<\/p>\n","protected":false},"featured_media":6208,"comment_status":"closed","ping_status":"closed","template":"","meta":{"_acf_changed":false},"product_brand":[],"product_cat":[654,625,624,623],"product_tag":[],"brand":[],"class_list":{"0":"post-13614","1":"product","2":"type-product","3":"status-publish","4":"has-post-thumbnail","6":"product_cat-altri-articoli","7":"product_cat-altri-parti-di-ricambio","8":"product_cat-parti-di-ricambio","9":"product_cat-saldi","11":"first","12":"instock","13":"sale","14":"taxable","15":"shipping-taxable","16":"purchasable","17":"product-type-simple"},"acf":[],"_links":{"self":[{"href":"https:\/\/azurefilm.com\/it\/wp-json\/wp\/v2\/product\/13614","targetHints":{"allow":["GET"]}}],"collection":[{"href":"https:\/\/azurefilm.com\/it\/wp-json\/wp\/v2\/product"}],"about":[{"href":"https:\/\/azurefilm.com\/it\/wp-json\/wp\/v2\/types\/product"}],"replies":[{"embeddable":true,"href":"https:\/\/azurefilm.com\/it\/wp-json\/wp\/v2\/comments?post=13614"}],"wp:featuredmedia":[{"embeddable":true,"href":"https:\/\/azurefilm.com\/it\/wp-json\/wp\/v2\/media\/6208"}],"wp:attachment":[{"href":"https:\/\/azurefilm.com\/it\/wp-json\/wp\/v2\/media?parent=13614"}],"wp:term":[{"taxonomy":"product_brand","embeddable":true,"href":"https:\/\/azurefilm.com\/it\/wp-json\/wp\/v2\/product_brand?post=13614"},{"taxonomy":"product_cat","embeddable":true,"href":"https:\/\/azurefilm.com\/it\/wp-json\/wp\/v2\/product_cat?post=13614"},{"taxonomy":"product_tag","embeddable":true,"href":"https:\/\/azurefilm.com\/it\/wp-json\/wp\/v2\/product_tag?post=13614"},{"taxonomy":"brand","embeddable":true,"href":"https:\/\/azurefilm.com\/it\/wp-json\/wp\/v2\/brand?post=13614"}],"curies":[{"name":"wp","href":"https:\/\/api.w.org\/{rel}","templated":true}]}}