
{"id":13619,"date":"2023-10-29T14:23:29","date_gmt":"2023-10-29T14:23:29","guid":{"rendered":"https:\/\/azurefilm.com\/product\/motore-passo-passo-nema-17-con-asse\/"},"modified":"2025-11-28T10:09:24","modified_gmt":"2025-11-28T10:09:24","slug":"motore-passo-passo-nema-17-con-asse","status":"publish","type":"product","link":"https:\/\/azurefilm.com\/it\/prodotto\/motore-passo-passo-nema-17-con-asse\/","title":{"rendered":"Motore passo-passo NEMA 17 con asse"},"content":{"rendered":"<h2><strong>Caratteristiche principali:<\/strong><\/h2>\n<ul>\n<li>Alta coppia: Adottando un materiale in acciaio di alta qualit\u00e0, il kit motore passo-passo della stampante 3D \u00e8 dotato di coppia elevata, bassa reattanza di auto-induttanza, reattivit\u00e0 e capacit\u00e0 di evitare errori di sistema.<\/li>\n<li>Basso rumore: Il rotore \u00e8 ricoperto da una gomma che ne riduce efficacemente il rumore.<\/li>\n<li>Durevole e resistente: Il nostro mini motore utilizza metallo ad alta durezza, resistente e durevole. Inoltre, la texture opaca della parete laterale aumenta l&#8217;attrito.<\/li>\n<li>Ampia applicazione: Questo piccolo motore pu\u00f2 essere utilizzato in diversi settori, come l&#8217;illuminazione di palcoscenici, l&#8217;incisione laser, le macchine tessili, le apparecchiature mediche, le macchine per il posizionamento, le apparecchiature non standard, le stampanti 3D, le apparecchiature di automazione e cos\u00ec via.<\/li>\n<li>Cosa ottieni: Il pacchetto include 1 motore passo-passo con asse<\/li>\n<li>Con un asse di 300 mm<\/li>\n<li>Dimensioni: 42,3 x 42,3 x 40 x 24mm<\/li>\n<li>Tipo: Ibrido<\/li>\n<\/ul>\n","protected":false},"excerpt":{"rendered":"<p><strong>Motore passo-passo NEMA 17 con asse<\/strong> realizzato in materiale d&#8217;acciaio di alta qualit\u00e0, bassa reattanza di autoinduttanza, reattivo e in grado di evitare errori di sistema.<\/p>\n","protected":false},"featured_media":6253,"comment_status":"closed","ping_status":"closed","template":"","meta":{"_acf_changed":false},"product_brand":[],"product_cat":[625,648,650,624,623],"product_tag":[],"brand":[],"class_list":{"0":"post-13619","1":"product","2":"type-product","3":"status-publish","4":"has-post-thumbnail","6":"product_cat-altri-parti-di-ricambio","7":"product_cat-motori-e-driver","8":"product_cat-motori-passo-passo","9":"product_cat-parti-di-ricambio","10":"product_cat-saldi","12":"first","13":"instock","14":"sale","15":"taxable","16":"shipping-taxable","17":"purchasable","18":"product-type-simple"},"acf":[],"_links":{"self":[{"href":"https:\/\/azurefilm.com\/it\/wp-json\/wp\/v2\/product\/13619","targetHints":{"allow":["GET"]}}],"collection":[{"href":"https:\/\/azurefilm.com\/it\/wp-json\/wp\/v2\/product"}],"about":[{"href":"https:\/\/azurefilm.com\/it\/wp-json\/wp\/v2\/types\/product"}],"replies":[{"embeddable":true,"href":"https:\/\/azurefilm.com\/it\/wp-json\/wp\/v2\/comments?post=13619"}],"wp:featuredmedia":[{"embeddable":true,"href":"https:\/\/azurefilm.com\/it\/wp-json\/wp\/v2\/media\/6253"}],"wp:attachment":[{"href":"https:\/\/azurefilm.com\/it\/wp-json\/wp\/v2\/media?parent=13619"}],"wp:term":[{"taxonomy":"product_brand","embeddable":true,"href":"https:\/\/azurefilm.com\/it\/wp-json\/wp\/v2\/product_brand?post=13619"},{"taxonomy":"product_cat","embeddable":true,"href":"https:\/\/azurefilm.com\/it\/wp-json\/wp\/v2\/product_cat?post=13619"},{"taxonomy":"product_tag","embeddable":true,"href":"https:\/\/azurefilm.com\/it\/wp-json\/wp\/v2\/product_tag?post=13619"},{"taxonomy":"brand","embeddable":true,"href":"https:\/\/azurefilm.com\/it\/wp-json\/wp\/v2\/brand?post=13619"}],"curies":[{"name":"wp","href":"https:\/\/api.w.org\/{rel}","templated":true}]}}