
{"id":13658,"date":"2023-10-29T14:23:59","date_gmt":"2023-10-29T14:23:59","guid":{"rendered":"https:\/\/azurefilm.com\/product\/accoppiatore-dellalbero-a-ganasce-del-motore-in-alluminio\/"},"modified":"2026-01-25T11:07:33","modified_gmt":"2026-01-25T11:07:33","slug":"accoppiatore-dellalbero-a-ganasce-del-motore-in-alluminio","status":"publish","type":"product","link":"https:\/\/azurefilm.com\/it\/prodotto\/accoppiatore-dellalbero-a-ganasce-del-motore-in-alluminio\/","title":{"rendered":"Accoppiatore dell&#8217;albero a ganasce del motore in alluminio"},"content":{"rendered":"<h2><strong>Caratteristiche principali:<\/strong><\/h2>\n<ul>\n<li>L&#8217;accoppiatore motore-albero a ganasce in alluminio \u00e8 realizzato con materiali di alta qualit\u00e0 ed \u00e8 disponibile in tre diverse dimensioni.<\/li>\n<li>\u00c8 resistente e pratico da usare.<\/li>\n<\/ul>\n<h3><strong>Interruttore pieghevole per asse motore Z :<\/strong><\/h3>\n<ul>\n<li>Da fi 5mm dal motore na fi 5mm<\/li>\n<li>Da fi 5mm dal motore na fi 8mm<\/li>\n<li>Da fi 5mm dal motore na fi 10mm<\/li>\n<\/ul>\n","protected":false},"excerpt":{"rendered":"<p>L&#8217;<strong>Aluminium Motor Jaw Shaft Coupler<\/strong> \u00e8 realizzato in materiale di alta qualit\u00e0 ed \u00e8 disponibile in tre diverse dimensioni.<\/p>\n","protected":false},"featured_media":6624,"comment_status":"closed","ping_status":"closed","template":"","meta":{"_acf_changed":false},"product_brand":[],"product_cat":[625,627,624,623],"product_tag":[],"brand":[],"class_list":{"0":"post-13658","1":"product","2":"type-product","3":"status-publish","4":"has-post-thumbnail","6":"product_cat-altri-parti-di-ricambio","7":"product_cat-cuscinetti-e-guide","8":"product_cat-parti-di-ricambio","9":"product_cat-saldi","11":"first","12":"instock","13":"sale","14":"taxable","15":"shipping-taxable","16":"purchasable","17":"product-type-variable"},"acf":[],"_links":{"self":[{"href":"https:\/\/azurefilm.com\/it\/wp-json\/wp\/v2\/product\/13658","targetHints":{"allow":["GET"]}}],"collection":[{"href":"https:\/\/azurefilm.com\/it\/wp-json\/wp\/v2\/product"}],"about":[{"href":"https:\/\/azurefilm.com\/it\/wp-json\/wp\/v2\/types\/product"}],"replies":[{"embeddable":true,"href":"https:\/\/azurefilm.com\/it\/wp-json\/wp\/v2\/comments?post=13658"}],"wp:featuredmedia":[{"embeddable":true,"href":"https:\/\/azurefilm.com\/it\/wp-json\/wp\/v2\/media\/6624"}],"wp:attachment":[{"href":"https:\/\/azurefilm.com\/it\/wp-json\/wp\/v2\/media?parent=13658"}],"wp:term":[{"taxonomy":"product_brand","embeddable":true,"href":"https:\/\/azurefilm.com\/it\/wp-json\/wp\/v2\/product_brand?post=13658"},{"taxonomy":"product_cat","embeddable":true,"href":"https:\/\/azurefilm.com\/it\/wp-json\/wp\/v2\/product_cat?post=13658"},{"taxonomy":"product_tag","embeddable":true,"href":"https:\/\/azurefilm.com\/it\/wp-json\/wp\/v2\/product_tag?post=13658"},{"taxonomy":"brand","embeddable":true,"href":"https:\/\/azurefilm.com\/it\/wp-json\/wp\/v2\/brand?post=13658"}],"curies":[{"name":"wp","href":"https:\/\/api.w.org\/{rel}","templated":true}]}}