
{"id":13663,"date":"2023-10-29T14:24:55","date_gmt":"2023-10-29T14:24:55","guid":{"rendered":"https:\/\/azurefilm.com\/product\/motore-passo-passo-nema-23\/"},"modified":"2026-02-03T13:06:43","modified_gmt":"2026-02-03T13:06:43","slug":"motore-passo-passo-nema-23","status":"publish","type":"product","link":"https:\/\/azurefilm.com\/it\/prodotto\/motore-passo-passo-nema-23\/","title":{"rendered":"Motore passo-passo NEMA 23"},"content":{"rendered":"<h2><strong>Caratteristiche principali:<\/strong><\/h2>\n<ul>\n<li>\n<h3><strong>Coppia Elevata:<\/strong><\/h3>\n<\/li>\n<\/ul>\n<p>Adottando un materiale in acciaio di alta qualit\u00e0, il kit di motori passo-passo per stampanti 3D ha una coppia elevata, una bassa reattanza di autoinduttanza, \u00e8 reattivo e pu\u00f2 evitare errori di sistema.<\/p>\n<ul>\n<li>\n<h3><strong>Basso Rumore: <\/strong><\/h3>\n<\/li>\n<\/ul>\n<p>La gomma che ricopre il rotore riduce efficacemente il rumore.<\/p>\n<ul>\n<li>\n<h3><strong>Durevole e Resistente<\/strong><\/h3>\n<\/li>\n<\/ul>\n<p>Il nostro mini motore utilizza metallo ad alta durezza, resistente e durevole. Inoltre, la texture opaca della parete laterale aumenta l&#8217;attrito.<\/p>\n<ul>\n<li>\n<h3><strong>Svariati Impieghi:<\/strong><\/h3>\n<\/li>\n<\/ul>\n<p>Questi piccoli motori possono essere utilizzati in diversi settori, come l&#8217;illuminazione di palcoscenici, l&#8217;incisione laser, le macchine tessili, le apparecchiature mediche, le macchine per il posizionamento, le apparecchiature non standard, le stampanti 3D, le apparecchiature per l&#8217;automazione e cos\u00ec via.<\/p>\n<ul>\n<li>\n<h3><strong>Che cosa ricevi:<\/strong><\/h3>\n<\/li>\n<\/ul>\n<p>La confezione include 1 motore passo-passo.<\/p>\n","protected":false},"excerpt":{"rendered":"<p>Il <strong>Motore passo-passo NEMA 23<\/strong> \u00e8 poco rumoroso, ha una lunga durata e prestazioni elevate.<\/p>\n","protected":false},"featured_media":30157,"comment_status":"closed","ping_status":"closed","template":"","meta":{"_acf_changed":false},"product_brand":[],"product_cat":[625,648,650,624,623],"product_tag":[],"brand":[],"class_list":{"0":"post-13663","1":"product","2":"type-product","3":"status-publish","4":"has-post-thumbnail","6":"product_cat-altri-parti-di-ricambio","7":"product_cat-motori-e-driver","8":"product_cat-motori-passo-passo","9":"product_cat-parti-di-ricambio","10":"product_cat-saldi","12":"first","13":"instock","14":"sale","15":"taxable","16":"shipping-taxable","17":"purchasable","18":"product-type-simple"},"acf":[],"_links":{"self":[{"href":"https:\/\/azurefilm.com\/it\/wp-json\/wp\/v2\/product\/13663","targetHints":{"allow":["GET"]}}],"collection":[{"href":"https:\/\/azurefilm.com\/it\/wp-json\/wp\/v2\/product"}],"about":[{"href":"https:\/\/azurefilm.com\/it\/wp-json\/wp\/v2\/types\/product"}],"replies":[{"embeddable":true,"href":"https:\/\/azurefilm.com\/it\/wp-json\/wp\/v2\/comments?post=13663"}],"wp:featuredmedia":[{"embeddable":true,"href":"https:\/\/azurefilm.com\/it\/wp-json\/wp\/v2\/media\/30157"}],"wp:attachment":[{"href":"https:\/\/azurefilm.com\/it\/wp-json\/wp\/v2\/media?parent=13663"}],"wp:term":[{"taxonomy":"product_brand","embeddable":true,"href":"https:\/\/azurefilm.com\/it\/wp-json\/wp\/v2\/product_brand?post=13663"},{"taxonomy":"product_cat","embeddable":true,"href":"https:\/\/azurefilm.com\/it\/wp-json\/wp\/v2\/product_cat?post=13663"},{"taxonomy":"product_tag","embeddable":true,"href":"https:\/\/azurefilm.com\/it\/wp-json\/wp\/v2\/product_tag?post=13663"},{"taxonomy":"brand","embeddable":true,"href":"https:\/\/azurefilm.com\/it\/wp-json\/wp\/v2\/brand?post=13663"}],"curies":[{"name":"wp","href":"https:\/\/api.w.org\/{rel}","templated":true}]}}