
{"id":13665,"date":"2023-10-29T14:24:55","date_gmt":"2023-10-29T14:24:55","guid":{"rendered":"https:\/\/azurefilm.com\/product\/5015-ventola-di-raffreddamento-della-turbina\/"},"modified":"2026-01-18T07:09:10","modified_gmt":"2026-01-18T07:09:10","slug":"5015-ventola-di-raffreddamento-della-turbina","status":"publish","type":"product","link":"https:\/\/azurefilm.com\/it\/prodotto\/5015-ventola-di-raffreddamento-della-turbina\/","title":{"rendered":"5015 Ventola di raffreddamento della turbina 12\/24V"},"content":{"rendered":"<h2><span style=\"text-decoration: underline;\"><strong>Caratteristiche principali:<\/strong><\/span><\/h2>\n<p>per la stampante 3D \u00e8 eccellente per raffreddare i dissipatori di calore sulle estremit\u00e0 calde, le stampe, l&#8217;estrusore e altre parti della stampante 3D.<br \/>\nInoltre, i giri ad alta velocit\u00e0 possono raffreddare velocemente la stampante. Realizzata con materiali di alta qualit\u00e0, questa ventola di raffreddamento \u00e8 ecologica, sicura e innocua.<\/p>\n<ul>\n<li>Eccellente per raffreddare i dissipatori di calore delle estremit\u00e0 calde, le stampe, l&#8217;estrusore e altre parti delle stampanti 3D.<\/li>\n<li>Realizzato con materiali di alta qualit\u00e0, rispettosi dell&#8217;ambiente, sicuri e innocui.<\/li>\n<li>Resistente alle alte temperature ed estremamente durevole.<\/li>\n<li>I cuscinetti sono di alta precisione e di lunga durata.<\/li>\n<li>Ventola di raffreddamento radiale da 50 mm con connettore a 2 pin.<\/li>\n<li>Alta velocit\u00e0 di rotazione con bassa rumorosit\u00e0,<\/li>\n<li>Facile da installare.<\/li>\n<\/ul>\n<h2><span style=\"text-decoration: underline;\"><strong>Specifiche<\/strong>:<\/span><\/h2>\n<ul>\n<li>Colore corpo principale: prodotto nero<\/li>\n<li>Dimensioni: 50 * 15mm<\/li>\n<li>Dimensione ingresso aria: 32,3 mm<\/li>\n<li>Dimensione uscita aria: 20 * 15mm<\/li>\n<li>Tipi: 12V, 24V (opzionale)<\/li>\n<\/ul>\n<h3><strong>Per il ventilatore da 12V:<\/strong><\/h3>\n<ul>\n<li>Tensione nominale: DC 12V<\/li>\n<li>Corrente nominale: 0,28A<\/li>\n<li>Consumo di energia: 3,36W<\/li>\n<li>Rivoluzioni: 6800 \u00b1 10% RPM<\/li>\n<li>Rumore: 35 DBA<\/li>\n<\/ul>\n<h3><strong>Per la ventola da 24V:<\/strong><\/h3>\n<ul>\n<li>Tensione nominale: DC 24V<\/li>\n<li>Rivoluzioni: 4200 \u00b1 10% RPM<\/li>\n<\/ul>\n","protected":false},"excerpt":{"rendered":"<p><strong>La ventola di raffreddamento a turbina 5015<\/strong> per la stampante 3D \u00e8 eccellente per raffreddare i dissipatori di calore sulle estremit\u00e0 calde, le stampe, l&#8217;estrusore e altre parti della stampante 3D.<\/p>\n","protected":false},"featured_media":6687,"comment_status":"closed","ping_status":"closed","template":"","meta":{"_acf_changed":false},"product_brand":[],"product_cat":[625,624,623,641],"product_tag":[],"brand":[],"class_list":{"0":"post-13665","1":"product","2":"type-product","3":"status-publish","4":"has-post-thumbnail","6":"product_cat-altri-parti-di-ricambio","7":"product_cat-parti-di-ricambio","8":"product_cat-saldi","9":"product_cat-ventole","11":"first","12":"instock","13":"sale","14":"taxable","15":"shipping-taxable","16":"purchasable","17":"product-type-variable"},"acf":[],"_links":{"self":[{"href":"https:\/\/azurefilm.com\/it\/wp-json\/wp\/v2\/product\/13665","targetHints":{"allow":["GET"]}}],"collection":[{"href":"https:\/\/azurefilm.com\/it\/wp-json\/wp\/v2\/product"}],"about":[{"href":"https:\/\/azurefilm.com\/it\/wp-json\/wp\/v2\/types\/product"}],"replies":[{"embeddable":true,"href":"https:\/\/azurefilm.com\/it\/wp-json\/wp\/v2\/comments?post=13665"}],"wp:featuredmedia":[{"embeddable":true,"href":"https:\/\/azurefilm.com\/it\/wp-json\/wp\/v2\/media\/6687"}],"wp:attachment":[{"href":"https:\/\/azurefilm.com\/it\/wp-json\/wp\/v2\/media?parent=13665"}],"wp:term":[{"taxonomy":"product_brand","embeddable":true,"href":"https:\/\/azurefilm.com\/it\/wp-json\/wp\/v2\/product_brand?post=13665"},{"taxonomy":"product_cat","embeddable":true,"href":"https:\/\/azurefilm.com\/it\/wp-json\/wp\/v2\/product_cat?post=13665"},{"taxonomy":"product_tag","embeddable":true,"href":"https:\/\/azurefilm.com\/it\/wp-json\/wp\/v2\/product_tag?post=13665"},{"taxonomy":"brand","embeddable":true,"href":"https:\/\/azurefilm.com\/it\/wp-json\/wp\/v2\/brand?post=13665"}],"curies":[{"name":"wp","href":"https:\/\/api.w.org\/{rel}","templated":true}]}}