
{"id":13668,"date":"2023-10-29T14:24:55","date_gmt":"2023-10-29T14:24:55","guid":{"rendered":"https:\/\/azurefilm.com\/product\/termostato-ntc-da-100-k%cf%89\/"},"modified":"2026-01-02T20:34:27","modified_gmt":"2026-01-02T20:34:27","slug":"termostato-ntc-da-100-k%cf%89","status":"publish","type":"product","link":"https:\/\/azurefilm.com\/it\/prodotto\/termostato-ntc-da-100-k%cf%89\/","title":{"rendered":"Termostato NTC da 100 k\u03a9"},"content":{"rendered":"<h2><strong>Caratteristiche principali:<\/strong><\/h2>\n<p><strong>Termistore NTC da 100 k\u03a9<\/strong> per la maggior parte delle stampanti 3D a piano caldo &amp; estrusore. Realizzato in materiale di alta qualit\u00e0 e resistente, non si rompe facilmente.<\/p>\n<ul>\n<li>Utilizzato per il piano riscaldato o l&#8217;estrusore<\/li>\n<li>Ha un connettore a 2 pin<\/li>\n<li>Lunghezza del cavo: 1m<\/li>\n<li>Sensore di temperatura 100K\u03a9 precisione di \u00b1 1%<\/li>\n<li>Valore di resistenza a 25\u00b0C=100K<\/li>\n<li>Colore: bianco<\/li>\n<\/ul>\n","protected":false},"excerpt":{"rendered":"<p><strong>Termostato NTC da 100 k\u03a9<\/strong> per la maggior parte delle stampanti 3D, il letto termico e l&#8217;estrusore \u00e8 realizzato in materiale di alta qualit\u00e0 e resistente, quindi non \u00e8 facile da rompere.<\/p>\n","protected":false},"featured_media":6722,"comment_status":"closed","ping_status":"closed","template":"","meta":{"_acf_changed":false},"product_brand":[],"product_cat":[625,624,623,656],"product_tag":[],"brand":[],"class_list":{"0":"post-13668","1":"product","2":"type-product","3":"status-publish","4":"has-post-thumbnail","6":"product_cat-altri-parti-di-ricambio","7":"product_cat-parti-di-ricambio","8":"product_cat-saldi","9":"product_cat-termistori-it","11":"first","12":"instock","13":"sale","14":"taxable","15":"shipping-taxable","16":"purchasable","17":"product-type-simple"},"acf":[],"_links":{"self":[{"href":"https:\/\/azurefilm.com\/it\/wp-json\/wp\/v2\/product\/13668","targetHints":{"allow":["GET"]}}],"collection":[{"href":"https:\/\/azurefilm.com\/it\/wp-json\/wp\/v2\/product"}],"about":[{"href":"https:\/\/azurefilm.com\/it\/wp-json\/wp\/v2\/types\/product"}],"replies":[{"embeddable":true,"href":"https:\/\/azurefilm.com\/it\/wp-json\/wp\/v2\/comments?post=13668"}],"wp:featuredmedia":[{"embeddable":true,"href":"https:\/\/azurefilm.com\/it\/wp-json\/wp\/v2\/media\/6722"}],"wp:attachment":[{"href":"https:\/\/azurefilm.com\/it\/wp-json\/wp\/v2\/media?parent=13668"}],"wp:term":[{"taxonomy":"product_brand","embeddable":true,"href":"https:\/\/azurefilm.com\/it\/wp-json\/wp\/v2\/product_brand?post=13668"},{"taxonomy":"product_cat","embeddable":true,"href":"https:\/\/azurefilm.com\/it\/wp-json\/wp\/v2\/product_cat?post=13668"},{"taxonomy":"product_tag","embeddable":true,"href":"https:\/\/azurefilm.com\/it\/wp-json\/wp\/v2\/product_tag?post=13668"},{"taxonomy":"brand","embeddable":true,"href":"https:\/\/azurefilm.com\/it\/wp-json\/wp\/v2\/brand?post=13668"}],"curies":[{"name":"wp","href":"https:\/\/api.w.org\/{rel}","templated":true}]}}