
{"id":13698,"date":"2023-10-29T14:25:25","date_gmt":"2023-10-29T14:25:25","guid":{"rendered":"https:\/\/azurefilm.com\/product\/guida-allestrusore-di-alluminio-creality\/"},"modified":"2026-01-02T20:34:27","modified_gmt":"2026-01-02T20:34:27","slug":"guida-allestrusore-di-alluminio-creality","status":"publish","type":"product","link":"https:\/\/azurefilm.com\/it\/prodotto\/guida-allestrusore-di-alluminio-creality\/","title":{"rendered":"Guida all&#8217;estrusore di alluminio Creality"},"content":{"rendered":"<h2><strong>Caratteristiche principali:<\/strong><\/h2>\n<ul>\n<li>Facile da installare. Puoi installarlo in 20-30 minuti senza modificare il firmware e senza tagliare o giuntare i cavi.<\/li>\n<li>Dimensioni multiple dei fori: Varie misure di fori standard per cinghie, viti e altri accessori.<\/li>\n<li>Durevole: Stabilit\u00e0, fissabilit\u00e0, applicabilit\u00e0 e flessibilit\u00e0.<\/li>\n<li>Adatta per: per stampanti 3D Creality CR10, Ender-3<\/li>\n<li>Materiale: Lega di alluminio<\/li>\n<li>Colore: Nero<\/li>\n<li>Dimensioni: 10&#215;6.5cm<\/li>\n<\/ul>\n","protected":false},"excerpt":{"rendered":"<p><strong>Guida dell&#8217;estrusore in alluminio Creality<\/strong> facile da installare e compatibile con le stampanti 3D Creality CR10, Ender-3.<\/p>\n","protected":false},"featured_media":6948,"comment_status":"closed","ping_status":"closed","template":"","meta":{"_acf_changed":false},"product_brand":[],"product_cat":[625,627,637,639,624,623],"product_tag":[],"brand":[],"class_list":{"0":"post-13698","1":"product","2":"type-product","3":"status-publish","4":"has-post-thumbnail","6":"product_cat-altri-parti-di-ricambio","7":"product_cat-cuscinetti-e-guide","8":"product_cat-estrusori","9":"product_cat-parti-di-estrusore","10":"product_cat-parti-di-ricambio","11":"product_cat-saldi","12":"pa_compatible-with-creality-fdm-3d-printers","13":"pa_fits-printer-creality-cr-10","14":"pa_fits-printer-creality-ender-3","16":"first","17":"instock","18":"sale","19":"taxable","20":"shipping-taxable","21":"purchasable","22":"product-type-simple"},"acf":[],"_links":{"self":[{"href":"https:\/\/azurefilm.com\/it\/wp-json\/wp\/v2\/product\/13698","targetHints":{"allow":["GET"]}}],"collection":[{"href":"https:\/\/azurefilm.com\/it\/wp-json\/wp\/v2\/product"}],"about":[{"href":"https:\/\/azurefilm.com\/it\/wp-json\/wp\/v2\/types\/product"}],"replies":[{"embeddable":true,"href":"https:\/\/azurefilm.com\/it\/wp-json\/wp\/v2\/comments?post=13698"}],"wp:featuredmedia":[{"embeddable":true,"href":"https:\/\/azurefilm.com\/it\/wp-json\/wp\/v2\/media\/6948"}],"wp:attachment":[{"href":"https:\/\/azurefilm.com\/it\/wp-json\/wp\/v2\/media?parent=13698"}],"wp:term":[{"taxonomy":"product_brand","embeddable":true,"href":"https:\/\/azurefilm.com\/it\/wp-json\/wp\/v2\/product_brand?post=13698"},{"taxonomy":"product_cat","embeddable":true,"href":"https:\/\/azurefilm.com\/it\/wp-json\/wp\/v2\/product_cat?post=13698"},{"taxonomy":"product_tag","embeddable":true,"href":"https:\/\/azurefilm.com\/it\/wp-json\/wp\/v2\/product_tag?post=13698"},{"taxonomy":"brand","embeddable":true,"href":"https:\/\/azurefilm.com\/it\/wp-json\/wp\/v2\/brand?post=13698"}],"curies":[{"name":"wp","href":"https:\/\/api.w.org\/{rel}","templated":true}]}}