
{"id":13725,"date":"2023-10-29T14:26:34","date_gmt":"2023-10-29T14:26:34","guid":{"rendered":"https:\/\/azurefilm.com\/product\/ventola-a-turbina-24v\/"},"modified":"2025-08-05T14:05:17","modified_gmt":"2025-08-05T14:05:17","slug":"ventola-a-turbina-24v","status":"publish","type":"product","link":"https:\/\/azurefilm.com\/it\/prodotto\/ventola-a-turbina-24v\/","title":{"rendered":"Ventola a turbina 24V"},"content":{"rendered":"<h4>Ventola a turbina 24V<\/h4>\n<h3><strong>Caratteristiche principali:<\/strong><\/h3>\n<ul>\n<li>La ventola a turbina da 24V \u00e8 un ottimo raffreddatore per hot-end ed estrusori<\/li>\n<li>Alta velocit\u00e0 di rotazione con basso rumore.<\/li>\n<li>Tensione nominale 24V DC, corrente nominale 0,18A.<\/li>\n<li>Dimensioni 40 mm x 40 mm x 20 mm.<\/li>\n<li>Con 2 cavi di 30 cm di lunghezza.<\/li>\n<\/ul>\n","protected":false},"excerpt":{"rendered":"<h4>Ventola a turbina 24V \u00e8 un ottimo raffreddatore di estremit\u00e0 calde ed estrusori con un&#8217;alta velocit\u00e0 di rotazione e una bassa rumorosit\u00e0.<\/h4>\n","protected":false},"featured_media":7195,"comment_status":"closed","ping_status":"closed","template":"","meta":{"_acf_changed":false},"product_brand":[],"product_cat":[625,624,623,641],"product_tag":[],"brand":[],"class_list":{"0":"post-13725","1":"product","2":"type-product","3":"status-publish","4":"has-post-thumbnail","6":"product_cat-altri-parti-di-ricambio","7":"product_cat-parti-di-ricambio","8":"product_cat-saldi","9":"product_cat-ventole","11":"first","12":"instock","13":"sale","14":"taxable","15":"shipping-taxable","16":"purchasable","17":"product-type-simple"},"acf":[],"_links":{"self":[{"href":"https:\/\/azurefilm.com\/it\/wp-json\/wp\/v2\/product\/13725","targetHints":{"allow":["GET"]}}],"collection":[{"href":"https:\/\/azurefilm.com\/it\/wp-json\/wp\/v2\/product"}],"about":[{"href":"https:\/\/azurefilm.com\/it\/wp-json\/wp\/v2\/types\/product"}],"replies":[{"embeddable":true,"href":"https:\/\/azurefilm.com\/it\/wp-json\/wp\/v2\/comments?post=13725"}],"wp:featuredmedia":[{"embeddable":true,"href":"https:\/\/azurefilm.com\/it\/wp-json\/wp\/v2\/media\/7195"}],"wp:attachment":[{"href":"https:\/\/azurefilm.com\/it\/wp-json\/wp\/v2\/media?parent=13725"}],"wp:term":[{"taxonomy":"product_brand","embeddable":true,"href":"https:\/\/azurefilm.com\/it\/wp-json\/wp\/v2\/product_brand?post=13725"},{"taxonomy":"product_cat","embeddable":true,"href":"https:\/\/azurefilm.com\/it\/wp-json\/wp\/v2\/product_cat?post=13725"},{"taxonomy":"product_tag","embeddable":true,"href":"https:\/\/azurefilm.com\/it\/wp-json\/wp\/v2\/product_tag?post=13725"},{"taxonomy":"brand","embeddable":true,"href":"https:\/\/azurefilm.com\/it\/wp-json\/wp\/v2\/brand?post=13725"}],"curies":[{"name":"wp","href":"https:\/\/api.w.org\/{rel}","templated":true}]}}