
{"id":13765,"date":"2023-10-29T14:27:26","date_gmt":"2023-10-29T14:27:26","guid":{"rendered":"https:\/\/azurefilm.com\/product\/kit-di-strumenti-per-cacciaviti-esagonali\/"},"modified":"2025-06-08T16:44:46","modified_gmt":"2025-06-08T16:44:46","slug":"kit-di-strumenti-per-cacciaviti-esagonali","status":"publish","type":"product","link":"https:\/\/azurefilm.com\/it\/prodotto\/kit-di-strumenti-per-cacciaviti-esagonali\/","title":{"rendered":"Kit di strumenti per cacciaviti esagonali"},"content":{"rendered":"<h2><strong>Caratteristiche principali:<\/strong><\/h2>\n<ul>\n<li><strong>Ampio utilizzo<\/strong><br \/>\nQuesto <strong>kit di cacciaviti Hex<\/strong> contiene un totale di 7 cacciaviti di diverse dimensioni H1.5\/H2.0\/H2.5\/ 0&#8243;+\/1&#8243;-\/4.0 BOX\/5.0 BOX, che possono essere ampiamente utilizzati per la riparazione o l&#8217;assemblaggio di auto telecomandate, modellini di aeroplani, ecc, che possono assolutamente soddisfare le vostre esigenze.<\/li>\n<li><strong>Suggerimenti<\/strong><br \/>\nSe sei un appassionato di modellismo, a volte hai bisogno di smontare o montare i tuoi modelli, allora questo set di cacciaviti ti sar\u00e0 utile.<\/p>\n<li><strong>Alta qualit\u00e0<\/strong><br \/>\nLe punte del cacciavite sono realizzate in acciaio ad alta velocit\u00e0 con superficie titanizzata, le maniglie del cacciavite sono in lega di alluminio di alta qualit\u00e0 e scavate con precisione CNC. Questi materiali di alta qualit\u00e0 garantiscono prestazioni elevate.<\/p>\n<li><strong>Design leggero<\/strong><br \/>\nIl design del manico cavo riduce il peso e garantisce un utilizzo confortevole.<\/li>\n<\/ul>\n","protected":false},"excerpt":{"rendered":"<p>Questo <strong>kit di cacciaviti Hex<\/strong> contiene un totale di 7 cacciaviti di diverse dimensioni.<\/p>\n","protected":false},"featured_media":7531,"comment_status":"closed","ping_status":"closed","template":"","meta":{"_acf_changed":false},"product_brand":[],"product_cat":[625,624,623,657],"product_tag":[],"brand":[],"class_list":{"0":"post-13765","1":"product","2":"type-product","3":"status-publish","4":"has-post-thumbnail","6":"product_cat-altri-parti-di-ricambio","7":"product_cat-parti-di-ricambio","8":"product_cat-saldi","9":"product_cat-strumenti","11":"first","12":"instock","13":"sale","14":"taxable","15":"shipping-taxable","16":"purchasable","17":"product-type-simple"},"acf":[],"_links":{"self":[{"href":"https:\/\/azurefilm.com\/it\/wp-json\/wp\/v2\/product\/13765","targetHints":{"allow":["GET"]}}],"collection":[{"href":"https:\/\/azurefilm.com\/it\/wp-json\/wp\/v2\/product"}],"about":[{"href":"https:\/\/azurefilm.com\/it\/wp-json\/wp\/v2\/types\/product"}],"replies":[{"embeddable":true,"href":"https:\/\/azurefilm.com\/it\/wp-json\/wp\/v2\/comments?post=13765"}],"wp:featuredmedia":[{"embeddable":true,"href":"https:\/\/azurefilm.com\/it\/wp-json\/wp\/v2\/media\/7531"}],"wp:attachment":[{"href":"https:\/\/azurefilm.com\/it\/wp-json\/wp\/v2\/media?parent=13765"}],"wp:term":[{"taxonomy":"product_brand","embeddable":true,"href":"https:\/\/azurefilm.com\/it\/wp-json\/wp\/v2\/product_brand?post=13765"},{"taxonomy":"product_cat","embeddable":true,"href":"https:\/\/azurefilm.com\/it\/wp-json\/wp\/v2\/product_cat?post=13765"},{"taxonomy":"product_tag","embeddable":true,"href":"https:\/\/azurefilm.com\/it\/wp-json\/wp\/v2\/product_tag?post=13765"},{"taxonomy":"brand","embeddable":true,"href":"https:\/\/azurefilm.com\/it\/wp-json\/wp\/v2\/brand?post=13765"}],"curies":[{"name":"wp","href":"https:\/\/api.w.org\/{rel}","templated":true}]}}