
{"id":13800,"date":"2023-10-29T14:27:57","date_gmt":"2023-10-29T14:27:57","guid":{"rendered":"https:\/\/azurefilm.com\/product\/clip-bowden\/"},"modified":"2026-03-17T14:00:31","modified_gmt":"2026-03-17T14:00:31","slug":"clip-bowden","status":"publish","type":"product","link":"https:\/\/azurefilm.com\/it\/prodotto\/clip-bowden\/","title":{"rendered":"Clip Bowden"},"content":{"rendered":"<h2><strong>Caratteristiche principali:<\/strong><\/h2>\n<ul>\n<li>Questo articolo viene utilizzato nelle stampanti 3D per collegare i tubi Bowden all&#8217;estrusore e all&#8217;hotend.<\/li>\n<li>La clip Bowden \u00e8 facile da installare. \u00c8 sufficiente collegare il tubo inserendolo e si bloccher\u00e0 automaticamente.<\/li>\n<li>\u00c8 anche facile scollegare il tubo con una semplice pressione sul tappo di plastica.<\/li>\n<li>\u00c8 compatibile con tutte le stampanti PLA ABS da 1,75 mm <a href=\"https:\/\/azurefilm.com\/it\/stampanti-3d\/\">3D<\/a>.<\/li>\n<li>Funziona con Ender 3, Creality CR-10, &#8230;<\/li>\n<li>Supporta la rotazione a 360 liberamente.<\/li>\n<li>Il tubo in teflon PC4-M6<strong> passa attraverso la connessione Bowden da 4 mm <\/strong><\/li>\n<li>Il materiale \u00e8 resistente agli agenti chimici, non infiammabile e resistente al calore.<\/li>\n<\/ul>\n<h2><strong>Caratteristiche:<\/strong><\/h2>\n<ul>\n<li><strong>Materiale: <\/strong>plastica.<\/li>\n<li><strong>Colore: <\/strong>Dorato e blu.<\/li>\n<li><strong>Raccordi:<\/strong> Tubi in PTFE.<\/li>\n<li><strong>OD:<\/strong> 4 mm.<\/li>\n<li><strong>Filettatura:<\/strong>M6.<\/li>\n<\/ul>\n<p>&nbsp;<\/p>\n","protected":false},"excerpt":{"rendered":"<p>La <strong>Bowden Clip<\/strong> \u00e8 utilizzata nelle stampanti 3D per collegare i tubi Bowden all&#8217;estrusore e all&#8217;hotend.<\/p>\n","protected":false},"featured_media":7802,"comment_status":"closed","ping_status":"closed","template":"","meta":{"_acf_changed":false},"product_brand":[],"product_cat":[654,625,624,623],"product_tag":[],"brand":[],"class_list":{"0":"post-13800","1":"product","2":"type-product","3":"status-publish","4":"has-post-thumbnail","6":"product_cat-altri-articoli","7":"product_cat-altri-parti-di-ricambio","8":"product_cat-parti-di-ricambio","9":"product_cat-saldi","11":"first","12":"instock","13":"sale","14":"taxable","15":"shipping-taxable","16":"purchasable","17":"product-type-simple"},"acf":[],"_links":{"self":[{"href":"https:\/\/azurefilm.com\/it\/wp-json\/wp\/v2\/product\/13800","targetHints":{"allow":["GET"]}}],"collection":[{"href":"https:\/\/azurefilm.com\/it\/wp-json\/wp\/v2\/product"}],"about":[{"href":"https:\/\/azurefilm.com\/it\/wp-json\/wp\/v2\/types\/product"}],"replies":[{"embeddable":true,"href":"https:\/\/azurefilm.com\/it\/wp-json\/wp\/v2\/comments?post=13800"}],"wp:featuredmedia":[{"embeddable":true,"href":"https:\/\/azurefilm.com\/it\/wp-json\/wp\/v2\/media\/7802"}],"wp:attachment":[{"href":"https:\/\/azurefilm.com\/it\/wp-json\/wp\/v2\/media?parent=13800"}],"wp:term":[{"taxonomy":"product_brand","embeddable":true,"href":"https:\/\/azurefilm.com\/it\/wp-json\/wp\/v2\/product_brand?post=13800"},{"taxonomy":"product_cat","embeddable":true,"href":"https:\/\/azurefilm.com\/it\/wp-json\/wp\/v2\/product_cat?post=13800"},{"taxonomy":"product_tag","embeddable":true,"href":"https:\/\/azurefilm.com\/it\/wp-json\/wp\/v2\/product_tag?post=13800"},{"taxonomy":"brand","embeddable":true,"href":"https:\/\/azurefilm.com\/it\/wp-json\/wp\/v2\/brand?post=13800"}],"curies":[{"name":"wp","href":"https:\/\/api.w.org\/{rel}","templated":true}]}}