
{"id":13814,"date":"2023-10-29T14:28:24","date_gmt":"2023-10-29T14:28:24","guid":{"rendered":"https:\/\/azurefilm.com\/product\/micro-swiss-kit-hotend-completamente-in-metallo-per-flashforge-finder-inventor-2-guider-2-2s-dremel-3d40\/"},"modified":"2023-11-07T15:05:43","modified_gmt":"2023-11-07T15:05:43","slug":"micro-swiss-kit-hotend-completamente-in-metallo-per-flashforge","status":"publish","type":"product","link":"https:\/\/azurefilm.com\/it\/prodotto\/micro-swiss-kit-hotend-completamente-in-metallo-per-flashforge\/","title":{"rendered":"Micro Swiss Kit Hotend completamente in metallo per Flashforge"},"content":{"rendered":"<h2><strong>Caratteristiche principali:<\/strong><\/h2>\n<p>\u00c8 un kit di aggiornamento per hotend interamente in metallo per Flashforge Finder e Flashforge Guider 2S. L&#8217;hotend interamente in metallo ti consente di stampare a temperature molto pi\u00f9 elevate rispetto a quelle possibili con l&#8217;hotend originale rivestito in PTFE. Un altro vantaggio di un hotend interamente in metallo \u00e8 un controllo pi\u00f9 costante della camera di fusione. Durante un&#8217;estrusione lenta, nell&#8217;hotend rivestito in PTFE, la zona di transizione dalla plastica solida a quella fusa tende a salire verso l&#8217;alto creando stampe pi\u00f9 filiformi. Con un design interamente in metallo, la zona di transizione \u00e8 sempre costante, essendo situata proprio in corrispondenza della rottura del calore. Con una velocit\u00e0 di estrusione elevata, il tubo in PTFE non ha una conducibilit\u00e0 termica sufficiente per fondere correttamente tutta la plastica in uscita. L&#8217;hotend interamente in metallo risolve questo problema: la plastica \u00e8 circondata da un ugello termicamente conduttivo per tutta la sua lunghezza.<\/p>\n<h2><strong>Adatta per le seguenti stampanti 3D:<\/strong><\/h2>\n<ul>\n<li>FlashForge Finder<\/li>\n<li>FlashForge Inventor 2<\/li>\n<li>FlashForge Guider 2 (versione precedente, senza piastra metallica sopra il blocco riscaldatore)<\/li>\n<li>FlashForge Guider 2S<\/li>\n<li>Dremel 3D40 Idea Builder<\/li>\n<\/ul>\n<h2><strong>Installazione:<\/strong><\/h2>\n<p><iframe loading=\"lazy\" class=\"allowed-iframe\" src=\"https:\/\/www.youtube.com\/embed\/G04dj9DcJUI\" width=\"900\" height=\"500\"><\/iframe><\/p>\n<p>&nbsp;<\/p>\n","protected":false},"excerpt":{"rendered":"<p><strong>Il kit Micro Swiss Kit Hotend completamente in metallo per Flashforge<\/strong>\u00a0\u00e8 composto da 1 ugello in ottone placcato resistente all&#8217;usura, 1 tubo termico e 2 dadi.<\/p>\n","protected":false},"featured_media":7916,"comment_status":"closed","ping_status":"closed","template":"","meta":{"_acf_changed":false},"product_brand":[],"product_cat":[625,637,640,639,624,623,651,652],"product_tag":[],"brand":[],"class_list":{"0":"post-13814","1":"product","2":"type-product","3":"status-publish","4":"has-post-thumbnail","6":"product_cat-altri-parti-di-ricambio","7":"product_cat-estrusori","8":"product_cat-miglioramenti-per-estrusore","9":"product_cat-parti-di-estrusore","10":"product_cat-parti-di-ricambio","11":"product_cat-saldi","12":"product_cat-ugelli","13":"product_cat-ugelli-rinforzati-e-resistenti-allusura","14":"pa_compatible-with-creality-fdm-3d-printers","15":"pa_fits-printer-flashforge-guider-2","16":"pa_fits-printer-flashforge-guider-2s","18":"first","19":"instock","20":"sale","21":"taxable","22":"shipping-taxable","23":"purchasable","24":"product-type-simple"},"acf":[],"_links":{"self":[{"href":"https:\/\/azurefilm.com\/it\/wp-json\/wp\/v2\/product\/13814","targetHints":{"allow":["GET"]}}],"collection":[{"href":"https:\/\/azurefilm.com\/it\/wp-json\/wp\/v2\/product"}],"about":[{"href":"https:\/\/azurefilm.com\/it\/wp-json\/wp\/v2\/types\/product"}],"replies":[{"embeddable":true,"href":"https:\/\/azurefilm.com\/it\/wp-json\/wp\/v2\/comments?post=13814"}],"wp:featuredmedia":[{"embeddable":true,"href":"https:\/\/azurefilm.com\/it\/wp-json\/wp\/v2\/media\/7916"}],"wp:attachment":[{"href":"https:\/\/azurefilm.com\/it\/wp-json\/wp\/v2\/media?parent=13814"}],"wp:term":[{"taxonomy":"product_brand","embeddable":true,"href":"https:\/\/azurefilm.com\/it\/wp-json\/wp\/v2\/product_brand?post=13814"},{"taxonomy":"product_cat","embeddable":true,"href":"https:\/\/azurefilm.com\/it\/wp-json\/wp\/v2\/product_cat?post=13814"},{"taxonomy":"product_tag","embeddable":true,"href":"https:\/\/azurefilm.com\/it\/wp-json\/wp\/v2\/product_tag?post=13814"},{"taxonomy":"brand","embeddable":true,"href":"https:\/\/azurefilm.com\/it\/wp-json\/wp\/v2\/brand?post=13814"}],"curies":[{"name":"wp","href":"https:\/\/api.w.org\/{rel}","templated":true}]}}