
{"id":13857,"date":"2023-10-29T14:29:24","date_gmt":"2023-10-29T14:29:24","guid":{"rendered":"https:\/\/azurefilm.com\/product\/morsetto-a-molla\/"},"modified":"2026-03-16T16:27:05","modified_gmt":"2026-03-16T16:27:05","slug":"morsetto-a-molla","status":"publish","type":"product","link":"https:\/\/azurefilm.com\/it\/prodotto\/morsetto-a-molla\/","title":{"rendered":"Morsetto a molla"},"content":{"rendered":"<p>Questo morsetto a molla in plastica \u00e8 uno strumento comune a tutti gli amanti del fai da te. \u00c8 antiscivolo e ha una buona forza di serraggio, rendendo pi\u00f9 semplice la lavorazione del legno.<\/p>\n<h2><strong>Caratteristiche principali:<\/strong><\/h2>\n<ul>\n<li>Forte e durevole per tutte le tue esigenze di serraggio.<\/li>\n<li>Resistente alla polvere.<\/li>\n<li>Ganascia sagomata per tenere gli oggetti rotondi e di forma strana.<\/li>\n<li>I cuscinetti flessibili garantiscono una presa migliore.<\/li>\n<li>Impugnature progettate per una comoda presa della mano.<\/li>\n<li>Alta qualit\u00e0 e lunga durata.<\/li>\n<li>Colore: nero e arancione.<\/li>\n<li>Materiale: plastica.<\/li>\n<\/ul>\n<p>&nbsp;<\/p>\n<p>&nbsp;<\/p>\n<p>&nbsp;<\/p>\n","protected":false},"excerpt":{"rendered":"<p>Questo <strong>morsetto a molla<\/strong> in plastica \u00e8 uno strumento comune a tutti gli amanti del fai da te. \u00c8 antiscivolo e ha una buona forza di serraggio, rendendo i tuoi lavori di falegnameria molto pi\u00f9 semplici.<\/p>\n","protected":false},"featured_media":8411,"comment_status":"closed","ping_status":"closed","template":"","meta":{"_acf_changed":false},"product_brand":[],"product_cat":[654,625,624,623],"product_tag":[],"brand":[],"class_list":{"0":"post-13857","1":"product","2":"type-product","3":"status-publish","4":"has-post-thumbnail","6":"product_cat-altri-articoli","7":"product_cat-altri-parti-di-ricambio","8":"product_cat-parti-di-ricambio","9":"product_cat-saldi","11":"first","12":"instock","13":"sale","14":"taxable","15":"shipping-taxable","16":"purchasable","17":"product-type-variable"},"acf":[],"_links":{"self":[{"href":"https:\/\/azurefilm.com\/it\/wp-json\/wp\/v2\/product\/13857","targetHints":{"allow":["GET"]}}],"collection":[{"href":"https:\/\/azurefilm.com\/it\/wp-json\/wp\/v2\/product"}],"about":[{"href":"https:\/\/azurefilm.com\/it\/wp-json\/wp\/v2\/types\/product"}],"replies":[{"embeddable":true,"href":"https:\/\/azurefilm.com\/it\/wp-json\/wp\/v2\/comments?post=13857"}],"wp:featuredmedia":[{"embeddable":true,"href":"https:\/\/azurefilm.com\/it\/wp-json\/wp\/v2\/media\/8411"}],"wp:attachment":[{"href":"https:\/\/azurefilm.com\/it\/wp-json\/wp\/v2\/media?parent=13857"}],"wp:term":[{"taxonomy":"product_brand","embeddable":true,"href":"https:\/\/azurefilm.com\/it\/wp-json\/wp\/v2\/product_brand?post=13857"},{"taxonomy":"product_cat","embeddable":true,"href":"https:\/\/azurefilm.com\/it\/wp-json\/wp\/v2\/product_cat?post=13857"},{"taxonomy":"product_tag","embeddable":true,"href":"https:\/\/azurefilm.com\/it\/wp-json\/wp\/v2\/product_tag?post=13857"},{"taxonomy":"brand","embeddable":true,"href":"https:\/\/azurefilm.com\/it\/wp-json\/wp\/v2\/brand?post=13857"}],"curies":[{"name":"wp","href":"https:\/\/api.w.org\/{rel}","templated":true}]}}