
{"id":13907,"date":"2023-10-29T14:30:52","date_gmt":"2023-10-29T14:30:52","guid":{"rendered":"https:\/\/azurefilm.com\/product\/alimentazione-per-cr10-max\/"},"modified":"2023-10-29T16:24:24","modified_gmt":"2023-10-29T16:24:24","slug":"alimentazione-per-cr10-max","status":"publish","type":"product","link":"https:\/\/azurefilm.com\/it\/prodotto\/alimentazione-per-cr10-max\/","title":{"rendered":"Alimentazione per CR10 MAX"},"content":{"rendered":"<p>Alimentatore originale Meanwell per CR10 MAX<\/strong> &#8211; 24V 750W.<\/p>\n<h2><strong>Caratteristiche principali:<\/strong><\/h2>\n<ul>\n<li>L&#8217;alimentatore \u00e8 facilmente sostituibile sulla tua stampante 3D in caso di guasto. Meanwell \u00e8 uno dei produttori di alimentatori per stampanti 3D pi\u00f9 conosciuti al mondo. Con questo alimentatore non dovrai preoccuparti che si bruci qualcosa e inoltre non capita spesso che gli alimentatori delle stampanti 3D si brucino.<\/li>\n<li>La tensione di collegamento \u00e8 di 230V<\/li>\n<li>Tensione di uscita 24V<\/li>\n<li>Alimentazione 750W<\/li>\n<li>Corrente 31A<\/li>\n<\/ul>\n","protected":false},"excerpt":{"rendered":"<p>Alimentatore originale Creality per stampante 3D CR10 MAX<\/strong>, 24V, 750W.<\/p>\n","protected":false},"featured_media":8849,"comment_status":"closed","ping_status":"closed","template":"","meta":{"_acf_changed":false},"product_brand":[],"product_cat":[625,624,623],"product_tag":[],"brand":[],"class_list":{"0":"post-13907","1":"product","2":"type-product","3":"status-publish","4":"has-post-thumbnail","6":"product_cat-altri-parti-di-ricambio","7":"product_cat-parti-di-ricambio","8":"product_cat-saldi","10":"first","11":"instock","12":"sale","13":"taxable","14":"shipping-taxable","15":"purchasable","16":"product-type-simple"},"acf":[],"_links":{"self":[{"href":"https:\/\/azurefilm.com\/it\/wp-json\/wp\/v2\/product\/13907","targetHints":{"allow":["GET"]}}],"collection":[{"href":"https:\/\/azurefilm.com\/it\/wp-json\/wp\/v2\/product"}],"about":[{"href":"https:\/\/azurefilm.com\/it\/wp-json\/wp\/v2\/types\/product"}],"replies":[{"embeddable":true,"href":"https:\/\/azurefilm.com\/it\/wp-json\/wp\/v2\/comments?post=13907"}],"wp:featuredmedia":[{"embeddable":true,"href":"https:\/\/azurefilm.com\/it\/wp-json\/wp\/v2\/media\/8849"}],"wp:attachment":[{"href":"https:\/\/azurefilm.com\/it\/wp-json\/wp\/v2\/media?parent=13907"}],"wp:term":[{"taxonomy":"product_brand","embeddable":true,"href":"https:\/\/azurefilm.com\/it\/wp-json\/wp\/v2\/product_brand?post=13907"},{"taxonomy":"product_cat","embeddable":true,"href":"https:\/\/azurefilm.com\/it\/wp-json\/wp\/v2\/product_cat?post=13907"},{"taxonomy":"product_tag","embeddable":true,"href":"https:\/\/azurefilm.com\/it\/wp-json\/wp\/v2\/product_tag?post=13907"},{"taxonomy":"brand","embeddable":true,"href":"https:\/\/azurefilm.com\/it\/wp-json\/wp\/v2\/brand?post=13907"}],"curies":[{"name":"wp","href":"https:\/\/api.w.org\/{rel}","templated":true}]}}