
{"id":13972,"date":"2023-10-29T14:32:52","date_gmt":"2023-10-29T14:32:52","guid":{"rendered":"https:\/\/azurefilm.com\/product\/elettronica-per-laltezza-dellacqua\/"},"modified":"2023-10-29T16:26:42","modified_gmt":"2023-10-29T16:26:42","slug":"elettronica-per-laltezza-dellacqua","status":"publish","type":"product","link":"https:\/\/azurefilm.com\/it\/prodotto\/elettronica-per-laltezza-dellacqua\/","title":{"rendered":"Elettronica per l&#8217;altezza dell&#8217;acqua"},"content":{"rendered":"<h2><strong>Caratteristiche principali:<\/strong><\/h2>\n<ul>\n<li>Quando il livello dell&#8217;acqua \u00e8 pi\u00f9 alto della linea superiore, si fermer\u00e0 per aggiungere acqua automaticamente, senza bisogno di gestione manuale, completamente automatico.<\/li>\n<li>Facile da installare e semplice da utilizzare.<\/li>\n<li>Ampiamente utilizzato nei progetti di conservazione dell&#8217;acqua (acqua, secchio d&#8217;acqua, serbatoio d&#8217;acqua, stagno d&#8217;acqua, ecc&#8230;)<\/li>\n<\/ul>\n<h2><strong>Caratteristiche:<\/strong><\/h2>\n<ul>\n<li>Modello: XH-M203<\/li>\n<li>Tensione di lavoro: AC\/DC12V<\/li>\n<li>Capacit\u00e0 di uscita: 10A<\/li>\n<li>Tipo di uscita: uscita a rel\u00e8<\/li>\n<li>Tipo di controllo: completamente automatico<\/li>\n<li>Dimensioni: 6&#215;3,8cm<\/li>\n<li>Installazione: Foro per vite M3<\/li>\n<\/ul>\n<p>&nbsp;<\/p>\n","protected":false},"excerpt":{"rendered":"<p><strong>Elettronica per l&#8217;altezza dell&#8217;acqua<\/strong> ampiamente utilizzata in progetti di conservazione dell&#8217;acqua, acqua, secchio d&#8217;acqua, serbatoio d&#8217;acqua, stagno d&#8217;acqua, ecc.<\/p>\n","protected":false},"featured_media":9486,"comment_status":"closed","ping_status":"closed","template":"","meta":{"_acf_changed":false},"product_brand":[],"product_cat":[625,624,623,647],"product_tag":[],"brand":[],"class_list":{"0":"post-13972","1":"product","2":"type-product","3":"status-publish","4":"has-post-thumbnail","6":"product_cat-altri-parti-di-ricambio","7":"product_cat-parti-di-ricambio","8":"product_cat-saldi","9":"product_cat-schede-madri","11":"first","12":"instock","13":"sale","14":"taxable","15":"shipping-taxable","16":"purchasable","17":"product-type-simple"},"acf":[],"_links":{"self":[{"href":"https:\/\/azurefilm.com\/it\/wp-json\/wp\/v2\/product\/13972","targetHints":{"allow":["GET"]}}],"collection":[{"href":"https:\/\/azurefilm.com\/it\/wp-json\/wp\/v2\/product"}],"about":[{"href":"https:\/\/azurefilm.com\/it\/wp-json\/wp\/v2\/types\/product"}],"replies":[{"embeddable":true,"href":"https:\/\/azurefilm.com\/it\/wp-json\/wp\/v2\/comments?post=13972"}],"wp:featuredmedia":[{"embeddable":true,"href":"https:\/\/azurefilm.com\/it\/wp-json\/wp\/v2\/media\/9486"}],"wp:attachment":[{"href":"https:\/\/azurefilm.com\/it\/wp-json\/wp\/v2\/media?parent=13972"}],"wp:term":[{"taxonomy":"product_brand","embeddable":true,"href":"https:\/\/azurefilm.com\/it\/wp-json\/wp\/v2\/product_brand?post=13972"},{"taxonomy":"product_cat","embeddable":true,"href":"https:\/\/azurefilm.com\/it\/wp-json\/wp\/v2\/product_cat?post=13972"},{"taxonomy":"product_tag","embeddable":true,"href":"https:\/\/azurefilm.com\/it\/wp-json\/wp\/v2\/product_tag?post=13972"},{"taxonomy":"brand","embeddable":true,"href":"https:\/\/azurefilm.com\/it\/wp-json\/wp\/v2\/brand?post=13972"}],"curies":[{"name":"wp","href":"https:\/\/api.w.org\/{rel}","templated":true}]}}