
{"id":13978,"date":"2023-10-29T14:32:52","date_gmt":"2023-10-29T14:32:52","guid":{"rendered":"https:\/\/azurefilm.com\/product\/fotocamera-per-stampanti-creality\/"},"modified":"2025-12-13T17:55:45","modified_gmt":"2025-12-13T17:55:45","slug":"fotocamera-per-stampanti-creality","status":"publish","type":"product","link":"https:\/\/azurefilm.com\/it\/prodotto\/fotocamera-per-stampanti-creality\/","title":{"rendered":"Fotocamera per stampanti Creality"},"content":{"rendered":"<h2><span style=\"text-decoration: underline;\"><strong>Caratteristiche principali:<\/strong><\/span><\/h2>\n<p>CRCC-S7 Videocamera HD 1080P<\/p>\n<h3><strong>La visualizzazione in tempo reale libera la stampa<\/strong><\/h3>\n<p>La Web Camera HD1080P pu\u00f2 essere utilizzata per controllare ulteriormente la stampante da remoto con Creality Box per monitorare le stampanti 3D online su <strong>Creality Cloud APP<\/strong>.<br \/>\nCreality Box funziona solo con la Web Camera HD 1080P. Non \u00e8 compatibile con altre telecamere presenti sul mercato.<\/p>\n<h3><strong>Semplice e raffinato<\/strong><\/h3>\n<p>Linee morbide, design tascabile, piccola e raffinata manopola regolabile a 180\u00b0, per regolare l&#8217;angolo migliore per il tuo lavoro con un treppiede, l&#8217;immagine \u00e8 pi\u00f9 stabile. La CRCC-S7 HD 1080P Web Camera \u00e8 l&#8217;ultima fotocamera di Creality per il monitoraggio e il controllo della stampa 3D da remoto tramite Creality Cloud. Con l&#8217;aiuto della videocamera e del <strong>Wi-Fi Box<\/strong>, potrai utilizzare la tua stampante 3D praticamente dal tuo divano!<\/p>\n<h2><span style=\"text-decoration: underline;\"><strong>Adatta per:<\/strong><\/span><\/h2>\n<p>CR-10 V3, CR-10S Pro V2,CR-6 SE, CR-10 V2, CR-10S, CR-10 Max, CR-10, CR-10mini, CP-01, CR20 Pro, CR-10 S5, CR-10S Pro, CR-X Pro, CR-30, CR-10 S4, CR20, CR-XB, CP-01, CR-6 Max, CR-X, CR-XB, CR-8S, CR-6 Pro, CR-10 S5 Pro, CR-Z2, CR-Z1, CR-H, CR20 ProB, CR-30L, CR-10 Smart Pro<\/p>\n<p>Ender-3 V2, Ender-3 Pro-B, Ender-3-B, Ender-5 Pro, Ender-3 Max, Ender-5 Plus, Ender-6, Ender-5, Ender-3 Pro<\/p>\n<h2><span style=\"text-decoration: underline;\"><strong>Caratteristiche:<\/strong><\/span><\/h2>\n<ul>\n<li>Dimensioni del prodotto: 69,23&#215;30,7&#215;24,5mm<\/li>\n<li>Tensione di ingresso: 5V<\/li>\n<li>Formato video: H.265\/MJPG\/YUY2<\/li>\n<li>Focus: 40cm<\/li>\n<li>Processore: FH8852<\/li>\n<li>Illuminazione minima: &lt;10LUX<\/li>\n<li>Angolo di visione: D=70,6\u00b0\/ H=63,6\u00b0\/ V=38\u00b0<\/li>\n<li>Supporta lo standard: UVC\/V4L2<\/li>\n<\/ul>\n","protected":false},"excerpt":{"rendered":"<p><strong>Telecamera per stampanti Creality <\/strong>con linee morbide, design tascabile, piccolo e raffinato, regolabile per ottenere l&#8217;angolazione migliore.<\/p>\n","protected":false},"featured_media":9548,"comment_status":"closed","ping_status":"closed","template":"","meta":{"_acf_changed":false},"product_brand":[],"product_cat":[625,624,623],"product_tag":[],"brand":[],"class_list":{"0":"post-13978","1":"product","2":"type-product","3":"status-publish","4":"has-post-thumbnail","6":"product_cat-altri-parti-di-ricambio","7":"product_cat-parti-di-ricambio","8":"product_cat-saldi","10":"first","11":"outofstock","12":"sale","13":"taxable","14":"shipping-taxable","15":"purchasable","16":"product-type-simple"},"acf":[],"_links":{"self":[{"href":"https:\/\/azurefilm.com\/it\/wp-json\/wp\/v2\/product\/13978","targetHints":{"allow":["GET"]}}],"collection":[{"href":"https:\/\/azurefilm.com\/it\/wp-json\/wp\/v2\/product"}],"about":[{"href":"https:\/\/azurefilm.com\/it\/wp-json\/wp\/v2\/types\/product"}],"replies":[{"embeddable":true,"href":"https:\/\/azurefilm.com\/it\/wp-json\/wp\/v2\/comments?post=13978"}],"wp:featuredmedia":[{"embeddable":true,"href":"https:\/\/azurefilm.com\/it\/wp-json\/wp\/v2\/media\/9548"}],"wp:attachment":[{"href":"https:\/\/azurefilm.com\/it\/wp-json\/wp\/v2\/media?parent=13978"}],"wp:term":[{"taxonomy":"product_brand","embeddable":true,"href":"https:\/\/azurefilm.com\/it\/wp-json\/wp\/v2\/product_brand?post=13978"},{"taxonomy":"product_cat","embeddable":true,"href":"https:\/\/azurefilm.com\/it\/wp-json\/wp\/v2\/product_cat?post=13978"},{"taxonomy":"product_tag","embeddable":true,"href":"https:\/\/azurefilm.com\/it\/wp-json\/wp\/v2\/product_tag?post=13978"},{"taxonomy":"brand","embeddable":true,"href":"https:\/\/azurefilm.com\/it\/wp-json\/wp\/v2\/brand?post=13978"}],"curies":[{"name":"wp","href":"https:\/\/api.w.org\/{rel}","templated":true}]}}