
{"id":13993,"date":"2023-10-29T14:33:26","date_gmt":"2023-10-29T14:33:26","guid":{"rendered":"https:\/\/azurefilm.com\/product\/lima-per-levigare\/"},"modified":"2026-03-16T16:27:00","modified_gmt":"2026-03-16T16:27:00","slug":"lima-per-levigare","status":"publish","type":"product","link":"https:\/\/azurefilm.com\/it\/prodotto\/lima-per-levigare\/","title":{"rendered":"Lima per levigare"},"content":{"rendered":"<h2><strong>Caratteristiche principali:<\/strong><\/h2>\n<ul>\n<li>Doppio lato<\/li>\n<li>Uno strumento essenziale per tutti gli amanti della stampa 3D<\/li>\n<li>La lima di levigatura a doppia faccia \u00e8 destinata a levigare la tua stampa 3D per ottenere un prodotto finito pi\u00f9 bello e senza irregolarit\u00e0<\/li>\n<li>Per un&#8217;ampia variet\u00e0 di operazioni di lavorazione della tua stampa 3D, dalla rimozione del materiale di supporto alla correzione delle irregolarit\u00e0 della stampa<\/li>\n<\/ul>\n","protected":false},"excerpt":{"rendered":"<p><strong>File di levigatura<\/strong> per un&#8217;ampia gamma di attivit\u00e0 di elaborazione della stampa 3D, dalla rimozione del materiale di supporto alla correzione delle irregolarit\u00e0 di stampa.<\/p>\n","protected":false},"featured_media":9707,"comment_status":"closed","ping_status":"closed","template":"","meta":{"_acf_changed":false},"product_brand":[],"product_cat":[625,624,655,623,657],"product_tag":[],"brand":[],"class_list":{"0":"post-13993","1":"product","2":"type-product","3":"status-publish","4":"has-post-thumbnail","6":"product_cat-altri-parti-di-ricambio","7":"product_cat-parti-di-ricambio","8":"product_cat-post-elaborazione","9":"product_cat-saldi","10":"product_cat-strumenti","12":"first","13":"instock","14":"sale","15":"taxable","16":"shipping-taxable","17":"purchasable","18":"product-type-simple"},"acf":[],"_links":{"self":[{"href":"https:\/\/azurefilm.com\/it\/wp-json\/wp\/v2\/product\/13993","targetHints":{"allow":["GET"]}}],"collection":[{"href":"https:\/\/azurefilm.com\/it\/wp-json\/wp\/v2\/product"}],"about":[{"href":"https:\/\/azurefilm.com\/it\/wp-json\/wp\/v2\/types\/product"}],"replies":[{"embeddable":true,"href":"https:\/\/azurefilm.com\/it\/wp-json\/wp\/v2\/comments?post=13993"}],"wp:featuredmedia":[{"embeddable":true,"href":"https:\/\/azurefilm.com\/it\/wp-json\/wp\/v2\/media\/9707"}],"wp:attachment":[{"href":"https:\/\/azurefilm.com\/it\/wp-json\/wp\/v2\/media?parent=13993"}],"wp:term":[{"taxonomy":"product_brand","embeddable":true,"href":"https:\/\/azurefilm.com\/it\/wp-json\/wp\/v2\/product_brand?post=13993"},{"taxonomy":"product_cat","embeddable":true,"href":"https:\/\/azurefilm.com\/it\/wp-json\/wp\/v2\/product_cat?post=13993"},{"taxonomy":"product_tag","embeddable":true,"href":"https:\/\/azurefilm.com\/it\/wp-json\/wp\/v2\/product_tag?post=13993"},{"taxonomy":"brand","embeddable":true,"href":"https:\/\/azurefilm.com\/it\/wp-json\/wp\/v2\/brand?post=13993"}],"curies":[{"name":"wp","href":"https:\/\/api.w.org\/{rel}","templated":true}]}}