
{"id":14007,"date":"2023-10-29T14:34:12","date_gmt":"2023-10-29T14:34:12","guid":{"rendered":"https:\/\/azurefilm.com\/product\/ugello-e3d-v5-v6-m6-02-mm\/"},"modified":"2023-11-27T07:24:38","modified_gmt":"2023-11-27T07:24:38","slug":"ugello-e3d-v5-v6-m6","status":"publish","type":"product","link":"https:\/\/azurefilm.com\/it\/prodotto\/ugello-e3d-v5-v6-m6\/","title":{"rendered":"Ugello E3D V5-V6 M6 (10 pack)"},"content":{"rendered":"<h4><span style=\"vertical-align: inherit;\">Ugello E3D V5-V6 M6 (conf. 10)<\/span><\/h4>\n<h3><b><span style=\"vertical-align: inherit;\">Caratteristiche principali:<\/span><\/b><\/h3>\n<ul>\n<li><strong><span style=\"vertical-align: inherit;\">Compatibilit\u00e0 versatile dei filamenti:<\/span><\/strong><span style=\"vertical-align: inherit;\"> L&#8217;ugello E3D V5-V6 M6 supporta un diametro di ingresso di 1,75 mm, adattandosi a diversi tipi di filamenti per una flessibilit\u00e0 di stampa ottimale.<\/span><\/li>\n<li><strong><span style=\"vertical-align: inherit;\">Opzioni di stampa di precisione:<\/span><\/strong><span style=\"vertical-align: inherit;\"> Con diametri di uscita che vanno da 0,2 mm a 1,00 mm, gli utenti possono scegliere la dimensione dell&#8217;ugello perfetta per ottenere il livello di dettaglio e lo spessore dello strato desiderati nelle loro stampe 3D .<\/span><\/li>\n<li><strong><span style=\"vertical-align: inherit;\">Filettatura universale M6:<\/span><\/strong><span style=\"vertical-align: inherit;\"> La filettatura M6 garantisce un&#8217;ampia compatibilit\u00e0, consentendo una perfetta integrazione con varie stampanti 3D, appositamente adattate per i modelli E3D V5 V6.<\/span><\/li>\n<li><strong><span style=\"vertical-align: inherit;\">Costruzione in ottone di alta qualit\u00e0:<\/span><\/strong><span style=\"vertical-align: inherit;\"> Realizzati in materiale di ottone di alta qualit\u00e0, questi ugelli non solo sono durevoli, ma forniscono anche una soluzione robusta per sessioni di stampa 3D a lungo termine, garantendo longevit\u00e0 e affidabilit\u00e0. &lt; \/span&gt;<\/span><\/li>\n<li><strong><span style=\"vertical-align: inherit;\">Ampia gamma di applicazioni:<\/span><\/strong><span style=\"vertical-align: inherit;\"> Compatibili con filamenti PLA e ABS da 1,75 mm, questi ugelli sono adatti per un&#8217;ampia gamma di applicazioni di stampa 3D, soddisfacendo le esigenze sia degli hobbisti che dei professionisti. &lt; \/span&gt;<\/span><\/li>\n<li><strong><span style=\"vertical-align: inherit;\">Durata e resistenza:<\/span><\/strong><span style=\"vertical-align: inherit;\"> Ugelli&#8217; la struttura in ottone di alta qualit\u00e0 garantisce non solo resistenza ma anche durata, rendendoli in grado di resistere alle esigenze di una variet\u00e0 di progetti di stampa, grandi e complessi.<\/span><\/li>\n<\/ul>\n<p><span style=\"vertical-align: inherit;\">In breve, l\u2019ugello E3D V5-V6 M6 offre un pacchetto completo di funzionalit\u00e0, che lo rendono uno strumento indispensabile per gli appassionati di stampa 3D che cercano precisione, adattabilit\u00e0 e durata nelle loro attivit\u00e0 di stampa.<\/span><\/p>\n","protected":false},"excerpt":{"rendered":"<p><strong>Gli ugelli della stampante 3D E3D V5-V6 M6<\/strong>\u00a0sono realizzati in materiale di ottone di alta qualit\u00e0, robusto e durevole.<\/p>\n","protected":false},"featured_media":9885,"comment_status":"closed","ping_status":"closed","template":"","meta":{"_acf_changed":false},"product_brand":[],"product_cat":[625,624,623,651,653],"product_tag":[],"brand":[270],"class_list":{"0":"post-14007","1":"product","2":"type-product","3":"status-publish","4":"has-post-thumbnail","6":"product_cat-altri-parti-di-ricambio","7":"product_cat-parti-di-ricambio","8":"product_cat-saldi","9":"product_cat-ugelli","10":"product_cat-ugelli-standard","11":"pa_nozzle-diameter-0-2mm","12":"pa_nozzle-diameter-0-3mm","13":"pa_nozzle-diameter-0-4mm","14":"pa_nozzle-diameter-0-5mm","15":"pa_nozzle-diameter-0-6mm","16":"pa_nozzle-diameter-0-8mm","17":"pa_nozzle-diameter-1-0mm","18":"brand-creality","20":"first","21":"instock","22":"sale","23":"taxable","24":"shipping-taxable","25":"purchasable","26":"product-type-variable"},"acf":[],"_links":{"self":[{"href":"https:\/\/azurefilm.com\/it\/wp-json\/wp\/v2\/product\/14007","targetHints":{"allow":["GET"]}}],"collection":[{"href":"https:\/\/azurefilm.com\/it\/wp-json\/wp\/v2\/product"}],"about":[{"href":"https:\/\/azurefilm.com\/it\/wp-json\/wp\/v2\/types\/product"}],"replies":[{"embeddable":true,"href":"https:\/\/azurefilm.com\/it\/wp-json\/wp\/v2\/comments?post=14007"}],"wp:featuredmedia":[{"embeddable":true,"href":"https:\/\/azurefilm.com\/it\/wp-json\/wp\/v2\/media\/9885"}],"wp:attachment":[{"href":"https:\/\/azurefilm.com\/it\/wp-json\/wp\/v2\/media?parent=14007"}],"wp:term":[{"taxonomy":"product_brand","embeddable":true,"href":"https:\/\/azurefilm.com\/it\/wp-json\/wp\/v2\/product_brand?post=14007"},{"taxonomy":"product_cat","embeddable":true,"href":"https:\/\/azurefilm.com\/it\/wp-json\/wp\/v2\/product_cat?post=14007"},{"taxonomy":"product_tag","embeddable":true,"href":"https:\/\/azurefilm.com\/it\/wp-json\/wp\/v2\/product_tag?post=14007"},{"taxonomy":"brand","embeddable":true,"href":"https:\/\/azurefilm.com\/it\/wp-json\/wp\/v2\/brand?post=14007"}],"curies":[{"name":"wp","href":"https:\/\/api.w.org\/{rel}","templated":true}]}}