
{"id":14024,"date":"2023-10-29T14:35:02","date_gmt":"2023-10-29T14:35:02","guid":{"rendered":"https:\/\/azurefilm.com\/product\/ugello-mk8-confezione-da-10-2\/"},"modified":"2025-04-23T07:08:07","modified_gmt":"2025-04-23T07:08:07","slug":"ugello-mk8-confezione-da-10-2","status":"publish","type":"product","link":"https:\/\/azurefilm.com\/it\/prodotto\/ugello-mk8-confezione-da-10-2\/","title":{"rendered":"Ugello in acciaio MK8 (confezione da 10)"},"content":{"rendered":"<h4><span style=\"vertical-align: inherit;\">Ugello in acciaio MK8 (confezione da 10)<\/span><\/h4>\n<h3><b><span style=\"vertical-align: inherit;\">Caratteristiche principali:<\/span><\/b><\/h3>\n<p><span style=\"vertical-align: inherit;\">L&#8217;ugello in acciaio MK8 (confezione da 10) \u00e8 una scelta affidabile per gli appassionati di stampa 3D, offrendo funzionalit\u00e0 chiave su misura per migliorare le prestazioni di stampa:<\/span><\/p>\n<ul>\n<li><strong><span style=\"vertical-align: inherit;\">Dimensioni ed estrusione ottimali:<\/span><\/strong><span style=\"vertical-align: inherit;\"> Con dimensioni di ingresso da 1,75 mm e ugelli estrusore da 0,4 mm, questo set di ugelli previene efficacemente le perdite della testina di stampa e garantisce un processo di estrusione coerente e accurato. Il risultato sono stampe lisce e lucide che soddisfano gli elevati standard previsti nella stampa 3D.<\/span><\/li>\n<li><strong><span style=\"vertical-align: inherit;\">Acciaio inossidabile di alta qualit\u00e0:<\/span><\/strong><span style=\"vertical-align: inherit;\"> Realizzati in acciaio inossidabile di alta qualit\u00e0, questi ugelli sono resistenti alla ruggine e alla corrosione, garantendo durata e longevit\u00e0. La struttura robusta garantisce un&#8217;esperienza di stampa affidabile e stabile nel tempo.<\/span><\/li>\n<li><strong><span style=\"vertical-align: inherit;\">Ampia compatibilit\u00e0:<\/span><\/strong><span style=\"vertical-align: inherit;\"> compatibile con una gamma di popolari stampanti 3D Creality, tra cui Creality CR-10 V2, la serie Creality Ender e altre. Questa ampia compatibilit\u00e0 garantisce che gli utenti con una variet\u00e0 di modelli Creality possano beneficiare delle prestazioni e dell&#8217;affidabilit\u00e0 di questi ugelli in acciaio inossidabile.<\/span><\/li>\n<li><strong><span style=\"vertical-align: inherit;\">Installazione semplice:<\/span><\/strong><span style=\"vertical-align: inherit;\"> Gli ugelli sono progettati per una facile installazione, consentendo agli utenti di sostituire o aggiornare facilmente gli ugelli esistenti senza complicazioni.<\/span><\/li>\n<li><strong><span style=\"vertical-align: inherit;\">Confezione economica da 10:<\/span><\/strong><span style=\"vertical-align: inherit;\"> La confezione include 10 ugelli in acciaio inossidabile, offrendo agli utenti una soluzione conveniente per sostituzioni multiple o per coloro che preferiscono avere a disposizione ugelli di ricambio. Questa enorme opzione offre valore a lungo termine per gli appassionati di stampa 3D.<\/span><\/li>\n<\/ul>\n<p><span style=\"vertical-align: inherit;\">In sintesi, l&#8217;ugello in acciaio MK8 (confezione da 10) combina estrusione di precisione, materiali di alta qualit\u00e0, ampia compatibilit\u00e0 e convenienza, rendendolo una scelta eccellente per gli utenti di stampanti 3D Creality che cercano risultati di stampa 3D affidabili e coerenti.<\/span><\/p>\n","protected":false},"excerpt":{"rendered":"<h4><span style=\"vertical-align: inherit;\">Ugello in acciaio MK8 (confezione da 10)\u00a0<\/span> sono ugelli per estrusori in grado di prevenire efficacemente le perdite della testina di stampa e di produrre stampe uniformi con una finitura liscia e lucida.<\/h4>\n","protected":false},"featured_media":17680,"comment_status":"closed","ping_status":"closed","template":"","meta":{"_acf_changed":false},"product_brand":[],"product_cat":[625,624,623,651,653],"product_tag":[],"brand":[],"class_list":{"0":"post-14024","1":"product","2":"type-product","3":"status-publish","4":"has-post-thumbnail","6":"product_cat-altri-parti-di-ricambio","7":"product_cat-parti-di-ricambio","8":"product_cat-saldi","9":"product_cat-ugelli","10":"product_cat-ugelli-standard","11":"pa_compatible-with-creality-fdm-3d-printers","12":"pa_fits-printer-creality-cr-10","13":"pa_fits-printer-creality-ender-3","15":"first","16":"instock","17":"sale","18":"taxable","19":"shipping-taxable","20":"purchasable","21":"product-type-simple"},"acf":[],"_links":{"self":[{"href":"https:\/\/azurefilm.com\/it\/wp-json\/wp\/v2\/product\/14024","targetHints":{"allow":["GET"]}}],"collection":[{"href":"https:\/\/azurefilm.com\/it\/wp-json\/wp\/v2\/product"}],"about":[{"href":"https:\/\/azurefilm.com\/it\/wp-json\/wp\/v2\/types\/product"}],"replies":[{"embeddable":true,"href":"https:\/\/azurefilm.com\/it\/wp-json\/wp\/v2\/comments?post=14024"}],"wp:featuredmedia":[{"embeddable":true,"href":"https:\/\/azurefilm.com\/it\/wp-json\/wp\/v2\/media\/17680"}],"wp:attachment":[{"href":"https:\/\/azurefilm.com\/it\/wp-json\/wp\/v2\/media?parent=14024"}],"wp:term":[{"taxonomy":"product_brand","embeddable":true,"href":"https:\/\/azurefilm.com\/it\/wp-json\/wp\/v2\/product_brand?post=14024"},{"taxonomy":"product_cat","embeddable":true,"href":"https:\/\/azurefilm.com\/it\/wp-json\/wp\/v2\/product_cat?post=14024"},{"taxonomy":"product_tag","embeddable":true,"href":"https:\/\/azurefilm.com\/it\/wp-json\/wp\/v2\/product_tag?post=14024"},{"taxonomy":"brand","embeddable":true,"href":"https:\/\/azurefilm.com\/it\/wp-json\/wp\/v2\/brand?post=14024"}],"curies":[{"name":"wp","href":"https:\/\/api.w.org\/{rel}","templated":true}]}}