
{"id":14134,"date":"2023-10-29T14:39:30","date_gmt":"2023-10-29T14:39:30","guid":{"rendered":"https:\/\/azurefilm.com\/product\/filamento-pla-glitter-cork\/"},"modified":"2025-08-22T11:39:46","modified_gmt":"2025-08-22T11:39:46","slug":"filamento-lumberlay-glitter-cork","status":"publish","type":"product","link":"https:\/\/azurefilm.com\/it\/prodotto\/filamento-lumberlay-glitter-cork\/","title":{"rendered":"Filamento LumberLay Glitter Cork"},"content":{"rendered":"<h2><b>PLA Glitter<\/b><\/h2>\n<p><span style=\"font-weight: 400;\">Ti presentiamo i nostri filamenti PLA Glitter. Questo materiale \u00e8 realizzato sulla base del nostro PLA Original e contiene <\/span><b>particelle di glitter<\/b><span style=\"font-weight: 400;\"> per garantire un effetto pi\u00f9 brillante alle tue stampe. Poich\u00e9 il PLA Glitter \u00e8 proprio come il PLA tradizionale, \u00e8 <\/span><b>biodegradabile<\/b><span style=\"font-weight: 400;\">, molto <\/span><b>facile da lavorare<\/b><span style=\"font-weight: 400;\"> e produce <\/span><b>risultati uniformi<\/b><span style=\"font-weight: 400;\">.\u00a0 Tuttavia, c&#8217;\u00e8 una cosa a cui bisogna fare attenzione quando si stampa con i filamenti PLA Glitter. Le particelle di glitter sono leggermente abrasive, quindi ti consigliamo di <\/span><b>utilizzare un ugello da 0,6 mm resistente all&#8217;abrasione<\/b><span style=\"font-weight: 400;\">.\u00a0<\/span><\/p>\n<h2><b>LumberLay<\/b><\/h2>\n<p><span style=\"font-weight: 400;\">Vi presentiamo i nostri filamenti LumberLay, un materiale unico <\/span><b>che ricorda il legno<\/b><span style=\"font-weight: 400;\">. LumberLay unisce il <\/span><b>40% di legno riciclato<\/b><span style=\"font-weight: 400;\"> e il 60% di filamento PLA. Grazie a questo mix, le vostre stampe avranno <\/span><b>l&#8217;aspetto del legno naturale<\/b><span style=\"font-weight: 400;\"> e le propriet\u00e0 fisiche del prodotto saranno estremamente analoghe a quelle del legno naturale. L&#8217;unico svantaggio di questo filamento \u00e8 che tende a consumare l&#8217;ugello per via della sua struttura. Per questo motivo <\/span><b>vi consigliamo di utilizzare un ugello resistente all&#8217;abrasione da almeno 0,6 mm<\/b><span style=\"font-weight: 400;\">.<\/span><\/p>\n<h2><strong>Filamento LumberLay Glitter Cork<\/strong><\/h2>\n<p>Risveglia la sensazione di un&#8217;atmosfera accogliente e confortevole e stampa con il nostro filamento LumberLay Glitter Cork.<\/p>\n<p><span style=\"font-weight: 400;\">Per saperne di pi\u00f9 sui filamenti PLA, leggi il nostro <a href=\"https:\/\/azurefilm.com\/it\/2023\/07\/04\/filamenti-pla\/\" target=\"_blank\" rel=\"noopener\">blog<\/a>. <\/span><\/p>\n<p><span style=\"font-weight: 400;\">Puoi consultare la <\/span><b>Scheda Tecnica<\/b><span style=\"font-weight: 400;\"><a href=\"https:\/\/azurefilm.com\/it\/technical-data-sheets\/\" target=\"_blank\" rel=\"noopener\"> qui<\/a>.<\/span><\/p>\n<h3><strong>Consigli per la stampa:<\/strong><\/h3>\n<ul>\n<li><strong>Il filamento deve essere essiccato prima dell&#8217;uso (8 ore a 55\u00b0C).<\/strong><\/li>\n<li><strong>Consigliamo di utilizzare un ugello da almeno 0,6 mm per evitare intasamenti.<\/strong><\/li>\n<li>Stampa a una temperatura di 200-230\u00b0C per ottenere i migliori risultati.<\/li>\n<li>Non occorre un letto riscaldato, tuttavia ti consigliamo di preriscaldare il piano di stampa a 50-60 \u00b0C.<\/li>\n<li>Usa un piano di vetro, un foglio PEI, un nastro Kapton o Blu per la piattaforma di costruzione con lo spray 3Dlac.<\/li>\n<\/ul>\n<p><i><span style=\"font-weight: 400;\">*La temperatura ideale pu\u00f2 variare a seconda della stampante utilizzata.<\/span><\/i><\/p>\n","protected":false},"excerpt":{"rendered":"<p>Risveglia la sensazione di un&#8217;atmosfera accogliente e confortevole e stampa con il nostro filamento LumberLay Glitter Cork.<\/p>\n<p><b>Nota:<\/b><span style=\"font-weight: 400;\"> A causa delle naturali variazioni delle fibre di legno, potrebbero verificarsi lievi differenze di colore tra i lotti dei filamenti LumberLay.<\/span><\/p>\n","protected":false},"featured_media":10829,"comment_status":"closed","ping_status":"closed","template":"","meta":{"_acf_changed":false},"product_brand":[],"product_cat":[545,555,517,544,519],"product_tag":[],"brand":[267],"class_list":{"0":"post-14134","1":"product","2":"type-product","3":"status-publish","4":"has-post-thumbnail","6":"product_cat-pla-glitter-it","7":"product_cat-filamenti-lumberlay","8":"product_cat-filamenti-3d","9":"product_cat-filamenti-pla","10":"product_cat-tutti-filamenti","11":"pa_colour-brown","12":"pa_filament-diameter-1-75mm","13":"pa_filament-weight-750g","14":"brand-azurefilm","16":"first","17":"outofstock","18":"taxable","19":"shipping-taxable","20":"purchasable","21":"product-type-variable","22":"has-default-attributes"},"acf":[],"_links":{"self":[{"href":"https:\/\/azurefilm.com\/it\/wp-json\/wp\/v2\/product\/14134","targetHints":{"allow":["GET"]}}],"collection":[{"href":"https:\/\/azurefilm.com\/it\/wp-json\/wp\/v2\/product"}],"about":[{"href":"https:\/\/azurefilm.com\/it\/wp-json\/wp\/v2\/types\/product"}],"replies":[{"embeddable":true,"href":"https:\/\/azurefilm.com\/it\/wp-json\/wp\/v2\/comments?post=14134"}],"wp:featuredmedia":[{"embeddable":true,"href":"https:\/\/azurefilm.com\/it\/wp-json\/wp\/v2\/media\/10829"}],"wp:attachment":[{"href":"https:\/\/azurefilm.com\/it\/wp-json\/wp\/v2\/media?parent=14134"}],"wp:term":[{"taxonomy":"product_brand","embeddable":true,"href":"https:\/\/azurefilm.com\/it\/wp-json\/wp\/v2\/product_brand?post=14134"},{"taxonomy":"product_cat","embeddable":true,"href":"https:\/\/azurefilm.com\/it\/wp-json\/wp\/v2\/product_cat?post=14134"},{"taxonomy":"product_tag","embeddable":true,"href":"https:\/\/azurefilm.com\/it\/wp-json\/wp\/v2\/product_tag?post=14134"},{"taxonomy":"brand","embeddable":true,"href":"https:\/\/azurefilm.com\/it\/wp-json\/wp\/v2\/brand?post=14134"}],"curies":[{"name":"wp","href":"https:\/\/api.w.org\/{rel}","templated":true}]}}