
{"id":14565,"date":"2023-10-29T14:42:00","date_gmt":"2023-10-29T14:42:00","guid":{"rendered":"https:\/\/azurefilm.com\/product\/resina-liqcreate-flexible-x-nera\/"},"modified":"2025-08-22T11:42:57","modified_gmt":"2025-08-22T11:42:57","slug":"resina-liqcreate-flexible-x-nera","status":"publish","type":"product","link":"https:\/\/azurefilm.com\/it\/prodotto\/resina-liqcreate-flexible-x-nera\/","title":{"rendered":"Resina Liqcreate Flexible-X Nera"},"content":{"rendered":"<h2><b>Liqcreate Flexible-X Nera<\/b><b><br \/>\n<\/b><\/h2>\n<p><span style=\"font-weight: 400;\">Liqcreate Flexible-X Nera \u00e8 una resina fotopolimerica nera opaca studiata su misura per stampanti 3D aperte MSLA, DLP e laser (385 &#8211; 420nm). Grazie alle <\/span><b>straordinarie propriet\u00e0 di flessibilit\u00e0<\/b><span style=\"font-weight: 400;\"> e <\/span><b>rebound<\/b><span style=\"font-weight: 400;\">, questo materiale \u00e8 ideale per la realizzazione di parti industriali morbide al tatto ed elastiche. Vanta una <\/span><b>durezza di 55 Shore A<\/b><span style=\"font-weight: 400;\"> e un <\/span><b>allungamento fino al 160%<\/b><span style=\"font-weight: 400;\">, ideale per diverse applicazioni industriali.\u00a0<\/span><\/p>\n<p><span style=\"font-weight: 400;\">Grazie <\/span><b>all&#8217;eccellente lavorabilit\u00e0<\/b><span style=\"font-weight: 400;\"> e <\/span><b>velocit\u00e0 di stampa<\/b><span style=\"font-weight: 400;\"> su stampanti MSLA, DLP e laser, garantisce una notevole flessibilit\u00e0 e propriet\u00e0 di rebound, ed \u00e8 facilmente utilizzabile su stampanti 3D DLP, LCD e SLA open-source (385 &#8211; 420nm), per soddisfare diverse esigenze industriali.<\/span><\/p>\n<h3><strong>Propriet\u00e0:<\/strong><\/h3>\n<ul>\n<li style=\"font-weight: 400;\" aria-level=\"1\"><span style=\"font-weight: 400;\">Allungamento elevato<\/span><\/li>\n<li style=\"font-weight: 400;\" aria-level=\"1\"><span style=\"font-weight: 400;\">Rebound eccellente<\/span><\/li>\n<li style=\"font-weight: 400;\" aria-level=\"1\"><span style=\"font-weight: 400;\">Morbida e durevole al tatto<\/span><\/li>\n<\/ul>\n<p><img decoding=\"async\" class=\"alignnone size-medium wp-image-18576\" src=\"https:\/\/azurefilm.com\/wp-content\/uploads\/2023\/10\/Liqcreate_Flexible_X_properties.jpg\" alt=\" width=\" height=\"275\" title=\"\"><\/p>\n","protected":false},"excerpt":{"rendered":"<p><span style=\"font-weight: 400;\">Provate la resina Liqcreate Flexible-X Nera (1000g) e realizzate parti industriali elastiche di colore nero opaco.<\/span><\/p>\n","protected":false},"featured_media":11196,"comment_status":"closed","ping_status":"closed","template":"","meta":{"_acf_changed":false},"product_brand":[],"product_cat":[517,561,558,623,519],"product_tag":[],"brand":[],"class_list":{"0":"post-14565","1":"product","2":"type-product","3":"status-publish","4":"has-post-thumbnail","6":"product_cat-filamenti-3d","7":"product_cat-flexible-resin-it","8":"product_cat-resine","9":"product_cat-saldi","10":"product_cat-tutti-filamenti","11":"pa_colour-black","12":"pa_resin-technology-dlp","13":"pa_resin-technology-lcd-msla","14":"pa_resin-technology-sla","15":"pa_resin-type-flexible","16":"pa_resin-weight-1000g","18":"first","19":"outofstock","20":"sale","21":"taxable","22":"shipping-taxable","23":"purchasable","24":"product-type-simple"},"acf":[],"_links":{"self":[{"href":"https:\/\/azurefilm.com\/it\/wp-json\/wp\/v2\/product\/14565","targetHints":{"allow":["GET"]}}],"collection":[{"href":"https:\/\/azurefilm.com\/it\/wp-json\/wp\/v2\/product"}],"about":[{"href":"https:\/\/azurefilm.com\/it\/wp-json\/wp\/v2\/types\/product"}],"replies":[{"embeddable":true,"href":"https:\/\/azurefilm.com\/it\/wp-json\/wp\/v2\/comments?post=14565"}],"wp:featuredmedia":[{"embeddable":true,"href":"https:\/\/azurefilm.com\/it\/wp-json\/wp\/v2\/media\/11196"}],"wp:attachment":[{"href":"https:\/\/azurefilm.com\/it\/wp-json\/wp\/v2\/media?parent=14565"}],"wp:term":[{"taxonomy":"product_brand","embeddable":true,"href":"https:\/\/azurefilm.com\/it\/wp-json\/wp\/v2\/product_brand?post=14565"},{"taxonomy":"product_cat","embeddable":true,"href":"https:\/\/azurefilm.com\/it\/wp-json\/wp\/v2\/product_cat?post=14565"},{"taxonomy":"product_tag","embeddable":true,"href":"https:\/\/azurefilm.com\/it\/wp-json\/wp\/v2\/product_tag?post=14565"},{"taxonomy":"brand","embeddable":true,"href":"https:\/\/azurefilm.com\/it\/wp-json\/wp\/v2\/brand?post=14565"}],"curies":[{"name":"wp","href":"https:\/\/api.w.org\/{rel}","templated":true}]}}