
{"id":14569,"date":"2023-10-29T14:42:00","date_gmt":"2023-10-29T14:42:00","guid":{"rendered":"https:\/\/azurefilm.com\/product\/resina-liqcreate-dental-gingiva-mask-rosa\/"},"modified":"2025-08-22T11:43:01","modified_gmt":"2025-08-22T11:43:01","slug":"resina-liqcreate-dental-gingiva-mask-rosa","status":"publish","type":"product","link":"https:\/\/azurefilm.com\/it\/prodotto\/resina-liqcreate-dental-gingiva-mask-rosa\/","title":{"rendered":"Resina Liqcreate Dental Gingiva Mask Rosa"},"content":{"rendered":"<h2><strong>Resina Liqcreate Dental Gingiva Mask Rosa <\/strong><\/h2>\n<p><span style=\"font-weight: 400;\">Liqcreate Gingiva Mask Rosa \u00e8 una resina fotopolimerica di colore rosa <\/span><b>ideata appositamente per realizzare componenti morbidi e simili alle gengive per i modelli di impianti dentali<\/b><span style=\"font-weight: 400;\">. La sua natura morbida e flessibile la rende ideale per essere utilizzata insieme ai materiali Liqcreate Dental Model Pro Beige o Grigia. Questa resina permette di <\/span><b>creare modelli, ponti e sovrastrutture implantari precisi<\/b><span style=\"font-weight: 400;\">, in particolare per le parti gengivali e i tessuti molli nei modelli di impianti dentali e nei progetti C&amp;B.\u00a0<\/span><\/p>\n<p><span style=\"font-weight: 400;\">\u00c8 compatibile con le <\/span><b>stampanti 3D aperte MSLA\/LCD, DLP e SLA nel range di 385 &#8211; 420 nm<\/b><span style=\"font-weight: 400;\">, garantendo una grande facilit\u00e0 d&#8217;uso. I vantaggi principali sono l&#8217;aspetto naturale della gengiva, la morbidezza al tatto, la facilit\u00e0 d&#8217;uso e la buona flessibilit\u00e0.<\/span><\/p>\n<h3><strong>Propriet\u00e0:<\/strong><\/h3>\n<ul>\n<li style=\"font-weight: 400;\" aria-level=\"1\"><span style=\"font-weight: 400;\">Aspetto simile alle gengive<\/span><\/li>\n<li style=\"font-weight: 400;\" aria-level=\"1\"><span style=\"font-weight: 400;\">Morbida al tatto<\/span><\/li>\n<li style=\"font-weight: 400;\" aria-level=\"1\"><span style=\"font-weight: 400;\">Facile da usare<\/span><\/li>\n<li style=\"font-weight: 400;\" aria-level=\"1\"><span style=\"font-weight: 400;\">Buona flessibilit\u00e0<\/span><\/li>\n<\/ul>\n<p><img decoding=\"async\" class=\"alignnone size-medium wp-image-18655\" src=\"https:\/\/azurefilm.com\/wp-content\/uploads\/2023\/10\/Liqcreate_Gingiva_Mask_properties-Enhanced-SR.jpg\" alt=\" width=\" height=\"351\" title=\"\"><\/p>\n","protected":false},"excerpt":{"rendered":"<p><span style=\"font-weight: 400;\">Provate la Resina Liqcreate Dental Gingiva Mask Rosa (1000g) e realizzate elementi morbidi e simili alle gengive per i modelli di impianti dentali in colore rosa.<\/span><\/p>\n","protected":false},"featured_media":11256,"comment_status":"closed","ping_status":"closed","template":"","meta":{"_acf_changed":false},"product_brand":[],"product_cat":[560,517,558,519],"product_tag":[],"brand":[],"class_list":{"0":"post-14569","1":"product","2":"type-product","3":"status-publish","4":"has-post-thumbnail","6":"product_cat-dental-resin-it","7":"product_cat-filamenti-3d","8":"product_cat-resine","9":"product_cat-tutti-filamenti","10":"pa_colour-pink","11":"pa_resin-technology-dlp","12":"pa_resin-technology-lcd-msla","13":"pa_resin-technology-sla","14":"pa_resin-type-dental","15":"pa_resin-weight-1000g","17":"first","18":"instock","19":"taxable","20":"shipping-taxable","21":"purchasable","22":"product-type-simple"},"acf":[],"_links":{"self":[{"href":"https:\/\/azurefilm.com\/it\/wp-json\/wp\/v2\/product\/14569","targetHints":{"allow":["GET"]}}],"collection":[{"href":"https:\/\/azurefilm.com\/it\/wp-json\/wp\/v2\/product"}],"about":[{"href":"https:\/\/azurefilm.com\/it\/wp-json\/wp\/v2\/types\/product"}],"replies":[{"embeddable":true,"href":"https:\/\/azurefilm.com\/it\/wp-json\/wp\/v2\/comments?post=14569"}],"wp:featuredmedia":[{"embeddable":true,"href":"https:\/\/azurefilm.com\/it\/wp-json\/wp\/v2\/media\/11256"}],"wp:attachment":[{"href":"https:\/\/azurefilm.com\/it\/wp-json\/wp\/v2\/media?parent=14569"}],"wp:term":[{"taxonomy":"product_brand","embeddable":true,"href":"https:\/\/azurefilm.com\/it\/wp-json\/wp\/v2\/product_brand?post=14569"},{"taxonomy":"product_cat","embeddable":true,"href":"https:\/\/azurefilm.com\/it\/wp-json\/wp\/v2\/product_cat?post=14569"},{"taxonomy":"product_tag","embeddable":true,"href":"https:\/\/azurefilm.com\/it\/wp-json\/wp\/v2\/product_tag?post=14569"},{"taxonomy":"brand","embeddable":true,"href":"https:\/\/azurefilm.com\/it\/wp-json\/wp\/v2\/brand?post=14569"}],"curies":[{"name":"wp","href":"https:\/\/api.w.org\/{rel}","templated":true}]}}