
{"id":14601,"date":"2023-10-29T14:42:40","date_gmt":"2023-10-29T14:42:40","guid":{"rendered":"https:\/\/azurefilm.com\/product\/bambu-lab-ams-hub\/"},"modified":"2025-12-14T14:19:15","modified_gmt":"2025-12-14T14:19:15","slug":"bambu-lab-ams-hub","status":"publish","type":"product","link":"https:\/\/azurefilm.com\/it\/prodotto\/bambu-lab-ams-hub\/","title":{"rendered":"Bambu Lab AMS Hub"},"content":{"rendered":"<h2>Amplia le funzionalit\u00e0 del tuo AMS<\/h2>\n<p><span style=\"font-weight: 400;\">Grazie allo Bambu Lab AMS Hub, puoi portare la tua connettivit\u00e0 AMS a un livello superiore. Ti consente di collegare fino a quattro unit\u00e0 AMS (16 canali) alle tue stampanti Bambu X1 o P1 per migliorare la velocit\u00e0 di rifornimento e supportare la ridondanza del segnale bufferizzato.<\/span><\/p>\n<h2>Installazione semplicissima<\/h2>\n<p><span style=\"font-weight: 400;\">Monta l&#8217;hub AMS sul retro della stampante, sostituendo il buffer di filamento se presente. Collegalo alla stampante con il cavo Bambu a 4 pin e usa il cavo Bambu a 6 pin per collegarlo alla prima unit\u00e0 AMS. Collega altre unit\u00e0 AMS in serie utilizzando il cavo a 6 pin.<\/span><\/p>\n<p><span style=\"font-weight: 400;\">Per incrementare la circolazione dell&#8217;aria e ridurre al minimo la resistenza, collega l&#8217;hub AMS al connettore del tubo dell&#8217;aria sul retro della stampante utilizzando il tubo in PTFE fornito. Scegli un tubo di lunghezza adeguata, mantenendolo il pi\u00f9 corto possibile ed evitando di avvolgerlo per garantire un funzionamento regolare.<\/span><\/p>\n","protected":false},"excerpt":{"rendered":"<p><span style=\"font-weight: 400;\">Sfrutta tutto il potenziale delle tue stampanti 3D Bambu X1 o P1 con Bambu Lab AMS Hub, un accessorio rivoluzionario pensato per <strong>ampliare le opzioni AMS e stampare fino a 16 colori in contemporanea! <\/strong><\/span><\/p>\n","protected":false},"featured_media":11546,"comment_status":"closed","ping_status":"closed","template":"","meta":{"_acf_changed":false},"product_brand":[],"product_cat":[654,625,624],"product_tag":[],"brand":[],"class_list":{"0":"post-14601","1":"product","2":"type-product","3":"status-publish","4":"has-post-thumbnail","6":"product_cat-altri-articoli","7":"product_cat-altri-parti-di-ricambio","8":"product_cat-parti-di-ricambio","9":"pa_compatible-with-bambulab-fdm-3d-printers","10":"pa_fits-printer-all-bambu-lab-x1-series-p1-series","12":"first","13":"instock","14":"taxable","15":"shipping-taxable","16":"purchasable","17":"product-type-simple"},"acf":[],"_links":{"self":[{"href":"https:\/\/azurefilm.com\/it\/wp-json\/wp\/v2\/product\/14601","targetHints":{"allow":["GET"]}}],"collection":[{"href":"https:\/\/azurefilm.com\/it\/wp-json\/wp\/v2\/product"}],"about":[{"href":"https:\/\/azurefilm.com\/it\/wp-json\/wp\/v2\/types\/product"}],"replies":[{"embeddable":true,"href":"https:\/\/azurefilm.com\/it\/wp-json\/wp\/v2\/comments?post=14601"}],"wp:featuredmedia":[{"embeddable":true,"href":"https:\/\/azurefilm.com\/it\/wp-json\/wp\/v2\/media\/11546"}],"wp:attachment":[{"href":"https:\/\/azurefilm.com\/it\/wp-json\/wp\/v2\/media?parent=14601"}],"wp:term":[{"taxonomy":"product_brand","embeddable":true,"href":"https:\/\/azurefilm.com\/it\/wp-json\/wp\/v2\/product_brand?post=14601"},{"taxonomy":"product_cat","embeddable":true,"href":"https:\/\/azurefilm.com\/it\/wp-json\/wp\/v2\/product_cat?post=14601"},{"taxonomy":"product_tag","embeddable":true,"href":"https:\/\/azurefilm.com\/it\/wp-json\/wp\/v2\/product_tag?post=14601"},{"taxonomy":"brand","embeddable":true,"href":"https:\/\/azurefilm.com\/it\/wp-json\/wp\/v2\/brand?post=14601"}],"curies":[{"name":"wp","href":"https:\/\/api.w.org\/{rel}","templated":true}]}}