
{"id":14629,"date":"2023-10-29T14:44:31","date_gmt":"2023-10-29T14:44:31","guid":{"rendered":"https:\/\/azurefilm.com\/product\/creality-ender-3-v3-se\/"},"modified":"2025-12-28T21:43:58","modified_gmt":"2025-12-28T21:43:58","slug":"creality-ender-3-v3-se","status":"publish","type":"product","link":"https:\/\/azurefilm.com\/it\/prodotto\/creality-ender-3-v3-se\/","title":{"rendered":"Creality Ender 3 V3 SE"},"content":{"rendered":"<p>La stampante Creality Ender 3 V3 SE \u00e8 caratterizzata da un livellamento automatico affidabile, da un preciso estrusore diretto &#8220;Sprite&#8221;, da un doppio asse Z stabile e da un display UI intuitivo. Unisce l&#8217;affidabilit\u00e0 alla velocit\u00e0 e a un design elegante per una migliore esperienza di stampa 3D.<\/p>\n<h2>Struttura robusta per una maggiore stabilit\u00e0<\/h2>\n<p>La Ender 3 V3 SE \u00e8 progettata per garantire la stabilit\u00e0 della stampa 3D. Si avvale di un doppio asse z rigido per limitare al massimo le oscillazioni dell&#8217;asse z e di un asse y supportato da due binari lineari in acciaio resistente, ciascuno di 8 mm di spessore, che assicurano una stabilit\u00e0 prolungata della piattaforma durante la stampa.<\/p>\n<h2>Estrusore direct drive &#8220;Sprite&#8221; affidabile<\/h2>\n<p>Dotata di un estrusore direct drive &#8220;Sprite&#8221;, la Ender 3 V3 SE offre affidabilit\u00e0 e versatilit\u00e0. Questo estrusore pu\u00f2 lavorare con una grande diversit\u00e0 di materiali, tra cui PLA, PETG e TPU. Offre inoltre una capacit\u00e0 di stampa ad alta velocit\u00e0 con una velocit\u00e0 massima di 250 mm\/s e un&#8217;accelerazione di 2500 mm\/s\u00b2.<\/p>\n<h2>Funzionamento e monitoraggio semplificati<\/h2>\n<p>La Ender 3 V3 SE semplifica la stampa regolando automaticamente il piano di stampa con un sensore CR-Touch e un sensore di tensione per l&#8217;asse Z. Monitorare le tue stampe \u00e8 facile grazie al display a colori da 3,2 pollici, controllato da una manopola.<\/p>\n<h2>Gestione del filamento agevole<\/h2>\n<p>Caricare e rimuovere il filamento non \u00e8 mai stato cos\u00ec facile. La stampante offre le opzioni di &#8220;estrusione&#8221; e &#8220;ritrazione&#8221; per gestire il filamento alla perfezione, migliorando l&#8217;esperienza dell&#8217;utente.<\/p>\n<h2>Design compatto e funzionale<\/h2>\n<p>La Ender 3 V3 SE coniuga un design compatto con caratteristiche robuste. Privilegia la funzionalit\u00e0 pur mantenendo un aspetto elegante.<\/p>\n","protected":false},"excerpt":{"rendered":"<p>La Creality Ender 3 V3 SE \u00e8 una stampante 3D semplicissima da usare per iniziare e che vi consentir\u00e0 di esprimere il vostro potenziale creativo.<\/p>\n","protected":false},"featured_media":11758,"comment_status":"closed","ping_status":"closed","template":"","meta":{"_acf_changed":false},"product_brand":[],"product_cat":[602,623,595,599,598],"product_tag":[],"brand":[],"class_list":{"0":"post-14629","1":"product","2":"type-product","3":"status-publish","4":"has-post-thumbnail","6":"product_cat-creality-it","7":"product_cat-saldi","8":"product_cat-stampante-3d","9":"product_cat-stampante-3d-fdm","10":"product_cat-tutti-stampanti-3d","12":"first","13":"instock","14":"sale","15":"featured","16":"taxable","17":"shipping-taxable","18":"purchasable","19":"product-type-simple"},"acf":[],"_links":{"self":[{"href":"https:\/\/azurefilm.com\/it\/wp-json\/wp\/v2\/product\/14629","targetHints":{"allow":["GET"]}}],"collection":[{"href":"https:\/\/azurefilm.com\/it\/wp-json\/wp\/v2\/product"}],"about":[{"href":"https:\/\/azurefilm.com\/it\/wp-json\/wp\/v2\/types\/product"}],"replies":[{"embeddable":true,"href":"https:\/\/azurefilm.com\/it\/wp-json\/wp\/v2\/comments?post=14629"}],"wp:featuredmedia":[{"embeddable":true,"href":"https:\/\/azurefilm.com\/it\/wp-json\/wp\/v2\/media\/11758"}],"wp:attachment":[{"href":"https:\/\/azurefilm.com\/it\/wp-json\/wp\/v2\/media?parent=14629"}],"wp:term":[{"taxonomy":"product_brand","embeddable":true,"href":"https:\/\/azurefilm.com\/it\/wp-json\/wp\/v2\/product_brand?post=14629"},{"taxonomy":"product_cat","embeddable":true,"href":"https:\/\/azurefilm.com\/it\/wp-json\/wp\/v2\/product_cat?post=14629"},{"taxonomy":"product_tag","embeddable":true,"href":"https:\/\/azurefilm.com\/it\/wp-json\/wp\/v2\/product_tag?post=14629"},{"taxonomy":"brand","embeddable":true,"href":"https:\/\/azurefilm.com\/it\/wp-json\/wp\/v2\/brand?post=14629"}],"curies":[{"name":"wp","href":"https:\/\/api.w.org\/{rel}","templated":true}]}}