
{"id":14632,"date":"2023-10-29T14:44:31","date_gmt":"2023-10-29T14:44:31","guid":{"rendered":"https:\/\/azurefilm.com\/?post_type=product&#038;p=14632"},"modified":"2025-10-31T19:49:13","modified_gmt":"2025-10-31T19:49:13","slug":"hotend-con-ugello-bambu","status":"publish","type":"product","link":"https:\/\/azurefilm.com\/it\/prodotto\/hotend-con-ugello-bambu\/","title":{"rendered":"Hotend con ugello Bambu"},"content":{"rendered":"<p>Scegliete l&#8217;hotend con ugello Bambu per migliorare le prestazioni della vostra stampante 3D. Disponibile in 4 dimensioni. Potete scegliere l&#8217;opzione che preferite nella sezione delle varianti.<\/p>\n<p><strong>L&#8217;ugello in acciaio inox da 0,2 mm<\/strong> \u00e8 la soluzione ottimale per stampare i dettagli. Il diametro contenuto estrude in modo estremamente fine, consentendo di ottenere stampe ad alta risoluzione su superfici di stampa orizzontali.<\/p>\n<p><strong>L&#8217;ugello in acciaio temprato da 0,4 mm<\/strong> offre un ottimo punto di equilibrio tra qualit\u00e0 di stampa e velocit\u00e0, il che lo rende ideale per un&#8217;ampia variet\u00e0 di materiali.<\/p>\n<p><strong>L&#8217;ugello in acciaio temprato da 0,6 mm<\/strong> \u00e8 perfetto per i materiali abrasivi che possono intasare l&#8217;ugello, come il PLA Wood, il PLA Glitter o la fibra di carbonio.<\/p>\n<p><strong>L&#8217;ugello in acciaio temprato da 0,8 mm<\/strong> garantisce una maggiore velocit\u00e0 di stampa perch\u00e9 il diametro maggiorato consente di estrudere pi\u00f9 materiale al secondo.<\/p>\n<h2>Sostituzione dell&#8217;ugello Bambu in acciaio temprato<\/h2>\n<p>Quando occorre sostituire l&#8217;ugello, si prega di <a href=\"https:\/\/wiki.bambulab.com\/en\/x1\/maintenance\/replace-hotend\" target=\"_blank\" rel=\"noopener\"><strong>seguire le istruzioni fornite da Bambu Lab<\/strong><\/a>. In alternativa, \u00e8 possibile guardare il video qui sotto e seguire le istruzioni passo-passo.<\/p>\n<h2>Specifiche tecniche<\/h2>\n<h3>Contenuto della confezione<\/h3>\n<ul>\n<li>Hotend con ugello<\/li>\n<li>Silicone sock<\/li>\n<li>Grasso termico<\/li>\n<li>Viti con gradino M3-14<\/li>\n<\/ul>\n","protected":false},"excerpt":{"rendered":"<p><span style=\"font-weight: 400;\">Migliorate e ridefinite le vostre stampe con l&#8217;hotend con ugello Bambu. Compatibile con tutte le Bambu Lab serie X1 e P1.<\/span><\/p>\n","protected":false},"featured_media":11813,"comment_status":"closed","ping_status":"closed","template":"","meta":{"_acf_changed":false},"product_brand":[],"product_cat":[625,638,637,646,640,639,624,651,652],"product_tag":[],"brand":[268],"class_list":{"0":"post-14632","1":"product","2":"type-product","3":"status-publish","4":"has-post-thumbnail","6":"product_cat-altri-parti-di-ricambio","7":"product_cat-estrusore","8":"product_cat-estrusori","9":"product_cat-hotend","10":"product_cat-miglioramenti-per-estrusore","11":"product_cat-parti-di-estrusore","12":"product_cat-parti-di-ricambio","13":"product_cat-ugelli","14":"product_cat-ugelli-rinforzati-e-resistenti-allusura","15":"pa_compatible-with-bambulab-fdm-3d-printers","16":"pa_fits-printer-all-bambu-lab-x1-series-p1-series","17":"pa_nozzle-diameter-0-2mm","18":"pa_nozzle-diameter-0-4mm","19":"pa_nozzle-diameter-0-6mm","20":"pa_nozzle-diameter-0-8mm","21":"pa_nozzle-material-hardened-steel","22":"pa_nozzle-material-stainless-steel","23":"brand-bambu-lab","25":"first","26":"instock","27":"taxable","28":"shipping-taxable","29":"purchasable","30":"product-type-variable"},"acf":[],"_links":{"self":[{"href":"https:\/\/azurefilm.com\/it\/wp-json\/wp\/v2\/product\/14632","targetHints":{"allow":["GET"]}}],"collection":[{"href":"https:\/\/azurefilm.com\/it\/wp-json\/wp\/v2\/product"}],"about":[{"href":"https:\/\/azurefilm.com\/it\/wp-json\/wp\/v2\/types\/product"}],"replies":[{"embeddable":true,"href":"https:\/\/azurefilm.com\/it\/wp-json\/wp\/v2\/comments?post=14632"}],"wp:featuredmedia":[{"embeddable":true,"href":"https:\/\/azurefilm.com\/it\/wp-json\/wp\/v2\/media\/11813"}],"wp:attachment":[{"href":"https:\/\/azurefilm.com\/it\/wp-json\/wp\/v2\/media?parent=14632"}],"wp:term":[{"taxonomy":"product_brand","embeddable":true,"href":"https:\/\/azurefilm.com\/it\/wp-json\/wp\/v2\/product_brand?post=14632"},{"taxonomy":"product_cat","embeddable":true,"href":"https:\/\/azurefilm.com\/it\/wp-json\/wp\/v2\/product_cat?post=14632"},{"taxonomy":"product_tag","embeddable":true,"href":"https:\/\/azurefilm.com\/it\/wp-json\/wp\/v2\/product_tag?post=14632"},{"taxonomy":"brand","embeddable":true,"href":"https:\/\/azurefilm.com\/it\/wp-json\/wp\/v2\/brand?post=14632"}],"curies":[{"name":"wp","href":"https:\/\/api.w.org\/{rel}","templated":true}]}}