
{"id":20950,"date":"2023-11-22T14:35:49","date_gmt":"2023-11-22T14:35:49","guid":{"rendered":"https:\/\/azurefilm.com\/?post_type=product&#038;p=20950"},"modified":"2025-08-22T11:44:47","modified_gmt":"2025-08-22T11:44:47","slug":"resina-creality-standard-yellow","status":"publish","type":"product","link":"https:\/\/azurefilm.com\/it\/prodotto\/resina-creality-standard-yellow\/","title":{"rendered":"Resina Creality Standard Yellow"},"content":{"rendered":"<h2><b>Resina Creality Standard Yellow<\/b><\/h2>\n<p><span style=\"font-weight: 400;\">La Resina Creality Standard Yellow \u00e8 una resina ad alta precisione per la polimerizzazione UV progettata per le stampanti LCD che lavorano a 405nm. Questa resina eccelle nel fornire un <\/span><b>restringimento minimo<\/b><span style=\"font-weight: 400;\"> durante il processo di fotopolimerizzazione, assicurando che i vostri modelli di stampa <\/span><b>mantengano un&#8217;elevata precisione con una finitura liscia<\/b><span style=\"font-weight: 400;\">. Il suo <\/span><b>odore ridotto<\/b><span style=\"font-weight: 400;\"> \u00e8 una priorit\u00e0 per il vostro comfort, perch\u00e9 non produce odori pungenti durante la stampa. Inoltre, la resina Creality vanta <\/span><b>effetti cromatici vivaci e puri<\/b><span style=\"font-weight: 400;\">, grazie ai suoi pigmenti di alta qualit\u00e0.<\/span><\/p>\n<p><span style=\"font-weight: 400;\">Imballata in modo sicuro, questa resina \u00e8 contenuta in un contenitore di alluminio spesso che la protegge dalla luce. Il suo <\/span><b>design anti-perdita<\/b><span style=\"font-weight: 400;\"> \u00e8 ulteriormente protetto da un sacchetto di plastica a bolle d&#8217;aria, per garantire che la resina rimanga in perfette condizioni. <\/span><b>Compatibile con numerose stampanti LCD<\/b><span style=\"font-weight: 400;\">, come Elegoo Mars, Creality LD002R, Anycubic Photon, SainSmart KL9 e modelli simili, la resina Creality Standard garantisce risultati di altissimo livello per le vostre necessit\u00e0 di stampa 3D.<\/span><\/p>\n<h3><strong>Propriet\u00e0:<\/strong><\/h3>\n<ul>\n<li style=\"font-weight: 400;\" aria-level=\"1\"><span style=\"font-weight: 400;\">Restringimento contenuto<\/span><\/li>\n<li style=\"font-weight: 400;\" aria-level=\"1\"><span style=\"font-weight: 400;\">Basso odore<\/span><\/li>\n<li style=\"font-weight: 400;\" aria-level=\"1\"><span style=\"font-weight: 400;\">Finitura liscia<\/span><\/li>\n<\/ul>\n","protected":false},"excerpt":{"rendered":"<p><span style=\"font-weight: 400;\">Ottienete effetti cromatici vivaci e puri con la Resina Creality Standard Yellow (500g).<\/span><\/p>\n","protected":false},"featured_media":20969,"comment_status":"closed","ping_status":"closed","template":"","meta":{"_acf_changed":false},"product_brand":[],"product_cat":[517,558,564,519],"product_tag":[],"brand":[],"class_list":{"0":"post-20950","1":"product","2":"type-product","3":"status-publish","4":"has-post-thumbnail","6":"product_cat-filamenti-3d","7":"product_cat-resine","8":"product_cat-standard-resin-it","9":"product_cat-tutti-filamenti","10":"pa_colour-yellow","11":"pa_resin-technology-dlp","12":"pa_resin-technology-lcd-msla","13":"pa_resin-type-standard","14":"pa_resin-weight-500g","16":"first","17":"outofstock","18":"taxable","19":"shipping-taxable","20":"purchasable","21":"product-type-simple"},"acf":[],"_links":{"self":[{"href":"https:\/\/azurefilm.com\/it\/wp-json\/wp\/v2\/product\/20950","targetHints":{"allow":["GET"]}}],"collection":[{"href":"https:\/\/azurefilm.com\/it\/wp-json\/wp\/v2\/product"}],"about":[{"href":"https:\/\/azurefilm.com\/it\/wp-json\/wp\/v2\/types\/product"}],"replies":[{"embeddable":true,"href":"https:\/\/azurefilm.com\/it\/wp-json\/wp\/v2\/comments?post=20950"}],"wp:featuredmedia":[{"embeddable":true,"href":"https:\/\/azurefilm.com\/it\/wp-json\/wp\/v2\/media\/20969"}],"wp:attachment":[{"href":"https:\/\/azurefilm.com\/it\/wp-json\/wp\/v2\/media?parent=20950"}],"wp:term":[{"taxonomy":"product_brand","embeddable":true,"href":"https:\/\/azurefilm.com\/it\/wp-json\/wp\/v2\/product_brand?post=20950"},{"taxonomy":"product_cat","embeddable":true,"href":"https:\/\/azurefilm.com\/it\/wp-json\/wp\/v2\/product_cat?post=20950"},{"taxonomy":"product_tag","embeddable":true,"href":"https:\/\/azurefilm.com\/it\/wp-json\/wp\/v2\/product_tag?post=20950"},{"taxonomy":"brand","embeddable":true,"href":"https:\/\/azurefilm.com\/it\/wp-json\/wp\/v2\/brand?post=20950"}],"curies":[{"name":"wp","href":"https:\/\/api.w.org\/{rel}","templated":true}]}}