
{"id":22380,"date":"2024-05-13T11:33:41","date_gmt":"2024-05-13T11:33:41","guid":{"rendered":"https:\/\/azurefilm.com\/?post_type=product&#038;p=22380"},"modified":"2024-05-13T11:33:41","modified_gmt":"2024-05-13T11:33:41","slug":"creality-mk8-ugelli-in-ottone-5-pack","status":"publish","type":"product","link":"https:\/\/azurefilm.com\/it\/prodotto\/creality-mk8-ugelli-in-ottone-5-pack\/","title":{"rendered":"Creality MK8 ugelli in ottone (5pack)"},"content":{"rendered":"<h2><span style=\"font-weight: 400;\">Caratteristiche<\/span><\/h2>\n<p><span style=\"font-weight: 400;\">Creality MK8 ugelli in ottone (5pack) include:<\/span><\/p>\n<ul>\n<li style=\"font-weight: 400;\" aria-level=\"1\"><span style=\"font-weight: 400;\">1x ugello in ottone da 0,25mm<\/span><\/li>\n<li style=\"font-weight: 400;\" aria-level=\"1\"><span style=\"font-weight: 400;\">2x ugello in ottone da 0,40mm<\/span><\/li>\n<li style=\"font-weight: 400;\" aria-level=\"1\"><span style=\"font-weight: 400;\">1x ugello in ottone da 0,60mm<\/span><\/li>\n<li style=\"font-weight: 400;\" aria-level=\"1\"><span style=\"font-weight: 400;\">1x ugello in ottone da 0,80mm<\/span><\/li>\n<\/ul>\n<p><span style=\"font-weight: 400;\">Ciascuno di questi ugelli ha un diametro dell&#8217;orifizio diverso, che influenzer\u00e0 lo spessore del rivestimento di filamento durante la stampa. In generale, un ugello pi\u00f9 piccolo consente una stampa pi\u00f9 accurata e dettagliata, mentre gli ugelli pi\u00f9 grandi accelerano il processo di stampa ma con una precisione leggermente inferiore.<\/span><\/p>\n<p><span style=\"font-weight: 400;\">Prima di utilizzare qualsiasi nuovo ugello, si consiglia di controllare e regolare le impostazioni della stampante in base alla dimensione dell&#8217;ugello selezionato. Inoltre, \u00e8 sempre una buona idea avere degli ugelli di riserva nel caso in cui si usurino o si danneggino durante la stampa.<\/span><\/p>\n","protected":false},"excerpt":{"rendered":"<p><span style=\"font-weight: 400;\">Ciascun ugello del Creality MK8 ugelli in ottone (5pack) ha un diametro diverso, consentendo all&#8217;utente di scegliere la dimensione desiderata in base alle specifiche esigenze di stampa.<\/span><\/p>\n","protected":false},"featured_media":34253,"comment_status":"closed","ping_status":"closed","template":"","meta":{"_acf_changed":false},"product_brand":[],"product_cat":[624,625,623,651,652],"product_tag":[],"brand":[],"class_list":{"0":"post-22380","1":"product","2":"type-product","3":"status-publish","4":"has-post-thumbnail","6":"product_cat-parti-di-ricambio","7":"product_cat-altri-parti-di-ricambio","8":"product_cat-saldi","9":"product_cat-ugelli","10":"product_cat-ugelli-rinforzati-e-resistenti-allusura","12":"first","13":"instock","14":"sale","15":"taxable","16":"shipping-taxable","17":"purchasable","18":"product-type-simple"},"acf":[],"_links":{"self":[{"href":"https:\/\/azurefilm.com\/it\/wp-json\/wp\/v2\/product\/22380","targetHints":{"allow":["GET"]}}],"collection":[{"href":"https:\/\/azurefilm.com\/it\/wp-json\/wp\/v2\/product"}],"about":[{"href":"https:\/\/azurefilm.com\/it\/wp-json\/wp\/v2\/types\/product"}],"replies":[{"embeddable":true,"href":"https:\/\/azurefilm.com\/it\/wp-json\/wp\/v2\/comments?post=22380"}],"wp:featuredmedia":[{"embeddable":true,"href":"https:\/\/azurefilm.com\/it\/wp-json\/wp\/v2\/media\/34253"}],"wp:attachment":[{"href":"https:\/\/azurefilm.com\/it\/wp-json\/wp\/v2\/media?parent=22380"}],"wp:term":[{"taxonomy":"product_brand","embeddable":true,"href":"https:\/\/azurefilm.com\/it\/wp-json\/wp\/v2\/product_brand?post=22380"},{"taxonomy":"product_cat","embeddable":true,"href":"https:\/\/azurefilm.com\/it\/wp-json\/wp\/v2\/product_cat?post=22380"},{"taxonomy":"product_tag","embeddable":true,"href":"https:\/\/azurefilm.com\/it\/wp-json\/wp\/v2\/product_tag?post=22380"},{"taxonomy":"brand","embeddable":true,"href":"https:\/\/azurefilm.com\/it\/wp-json\/wp\/v2\/brand?post=22380"}],"curies":[{"name":"wp","href":"https:\/\/api.w.org\/{rel}","templated":true}]}}