
{"id":24287,"date":"2023-12-13T12:06:06","date_gmt":"2023-12-13T12:06:06","guid":{"rendered":"https:\/\/azurefilm.com\/?post_type=product&#038;p=24287"},"modified":"2025-08-22T11:44:58","modified_gmt":"2025-08-22T11:44:58","slug":"unset-pla-glitter","status":"publish","type":"product","link":"https:\/\/azurefilm.com\/it\/prodotto\/unset-pla-glitter\/","title":{"rendered":"Unset PLA Glitter"},"content":{"rendered":"<h2><b>PLA Glitter<\/b><\/h2>\n<p><span style=\"font-weight: 400;\">Ti presentiamo i nostri filamenti PLA Glitter. Questo materiale \u00e8 realizzato sulla base del nostro PLA Original e contiene <\/span><b>particelle di glitter<\/b><span style=\"font-weight: 400;\"> per garantire un effetto pi\u00f9 brillante alle tue stampe. Poich\u00e9 il PLA Glitter \u00e8 proprio come il PLA tradizionale, \u00e8 <\/span><b>biodegradabile<\/b><span style=\"font-weight: 400;\">, molto <\/span><b>facile da lavorare<\/b><span style=\"font-weight: 400;\"> e produce <\/span><b>risultati uniformi<\/b><span style=\"font-weight: 400;\">.\u00a0 Tuttavia, c&#8217;\u00e8 una cosa a cui bisogna fare attenzione quando si stampa con i filamenti PLA Glitter. Le particelle di glitter sono leggermente abrasive, quindi ti consigliamo di <\/span><b>utilizzare un ugello da 0,6 mm resistente all&#8217;abrasione<\/b><span style=\"font-weight: 400;\">.\u00a0<\/span><\/p>\n<h2><strong>Unset PLA Glitter<\/strong><\/h2>\n<p><span style=\"font-weight: 400;\">I filamenti Unset sono la tua <\/span><b>scelta ecologica<\/b><span style=\"font-weight: 400;\"> per i tuoi prossimi progetti. Questi filamenti sono realizzati con il materiale di scarto prodotto durante i nostri processi di produzione. Ci\u00f2 significa che i filamenti Unset sono realizzati al 100% con <\/span><b>materiali riciclati<\/b><span style=\"font-weight: 400;\"> e <\/span><b>contribuiscono a ridurre i rifiuti<\/b><span style=\"font-weight: 400;\">. Il colore di questi filamenti varia ad ogni ordine grazie alle diverse combinazioni di colori dei materiali riciclati.<\/span><\/p>\n<p><span style=\"font-weight: 400;\">Per saperne di pi\u00f9 sui filamenti PLA, leggi il nostro <a href=\"https:\/\/azurefilm.com\/it\/2023\/07\/04\/filamenti-pla\/\" target=\"_blank\" rel=\"noopener\">blog<\/a>. <\/span><\/p>\n<p><span style=\"font-weight: 400;\">Puoi consultare la <\/span><b>Scheda Tecnica<\/b><span style=\"font-weight: 400;\"><a href=\"https:\/\/azurefilm.com\/it\/technical-data-sheets\/\" target=\"_blank\" rel=\"noopener\"> qui<\/a>.<\/span><\/p>\n<h3><span style=\"font-weight: 400;\"><strong>Consigli per la stampa<\/strong>:<\/span><\/h3>\n<ul>\n<li style=\"font-weight: 400;\" aria-level=\"1\"><span style=\"font-weight: 400;\">Stampa a una temperatura di 200-230\u00b0C per ottenere i migliori risultati.\u00a0<\/span><\/li>\n<li style=\"font-weight: 400;\" aria-level=\"1\"><span style=\"font-weight: 400;\">Non occorre un letto riscaldato, tuttavia ti consigliamo di preriscaldare il piano di stampa a 50-60 \u00b0C.<\/span><\/li>\n<li style=\"font-weight: 400;\" aria-level=\"1\"><span style=\"font-weight: 400;\">Usa un piano di vetro, un foglio PEI, un nastro Kapton o Blu per la piattaforma di costruzione con lo spray 3Dlac.<\/span><\/li>\n<li style=\"font-weight: 400;\" aria-level=\"1\"><span style=\"font-weight: 400;\">Consigliamo di utilizzare un ugello da almeno 0,6 mm per evitare intasamenti.<\/span><i><span style=\"font-weight: 400;\">.<\/span><\/i><\/li>\n<\/ul>\n<p><i><span style=\"font-weight: 400;\">*La temperatura ideale pu\u00f2 variare a seconda della stampante utilizzata.<\/span><\/i><\/p>\n","protected":false},"excerpt":{"rendered":"<p>Provate il nostro Unset PLA Glitter e iniziata a creare design ecologici con una finitura scintillante abbagliante.<\/p>\n","protected":false},"featured_media":114558,"comment_status":"closed","ping_status":"closed","template":"","meta":{"_acf_changed":false},"product_brand":[],"product_cat":[517,544,587,545,623,519],"product_tag":[],"brand":[],"class_list":{"0":"post-24287","1":"product","2":"type-product","3":"status-publish","4":"has-post-thumbnail","6":"product_cat-filamenti-3d","7":"product_cat-filamenti-pla","8":"product_cat-filamenti-unset","9":"product_cat-pla-glitter-it","10":"product_cat-saldi","11":"product_cat-tutti-filamenti","12":"pa_colour-random","13":"pa_filament-diameter-1-75mm","14":"pa_filament-weight-1000g","16":"first","17":"instock","18":"sale","19":"taxable","20":"shipping-taxable","21":"purchasable","22":"product-type-variable","23":"has-default-attributes"},"acf":[],"_links":{"self":[{"href":"https:\/\/azurefilm.com\/it\/wp-json\/wp\/v2\/product\/24287","targetHints":{"allow":["GET"]}}],"collection":[{"href":"https:\/\/azurefilm.com\/it\/wp-json\/wp\/v2\/product"}],"about":[{"href":"https:\/\/azurefilm.com\/it\/wp-json\/wp\/v2\/types\/product"}],"replies":[{"embeddable":true,"href":"https:\/\/azurefilm.com\/it\/wp-json\/wp\/v2\/comments?post=24287"}],"wp:featuredmedia":[{"embeddable":true,"href":"https:\/\/azurefilm.com\/it\/wp-json\/wp\/v2\/media\/114558"}],"wp:attachment":[{"href":"https:\/\/azurefilm.com\/it\/wp-json\/wp\/v2\/media?parent=24287"}],"wp:term":[{"taxonomy":"product_brand","embeddable":true,"href":"https:\/\/azurefilm.com\/it\/wp-json\/wp\/v2\/product_brand?post=24287"},{"taxonomy":"product_cat","embeddable":true,"href":"https:\/\/azurefilm.com\/it\/wp-json\/wp\/v2\/product_cat?post=24287"},{"taxonomy":"product_tag","embeddable":true,"href":"https:\/\/azurefilm.com\/it\/wp-json\/wp\/v2\/product_tag?post=24287"},{"taxonomy":"brand","embeddable":true,"href":"https:\/\/azurefilm.com\/it\/wp-json\/wp\/v2\/brand?post=24287"}],"curies":[{"name":"wp","href":"https:\/\/api.w.org\/{rel}","templated":true}]}}