
{"id":29344,"date":"2024-02-29T07:53:01","date_gmt":"2024-02-29T07:53:01","guid":{"rendered":"https:\/\/azurefilm.com\/?post_type=product&#038;p=29344"},"modified":"2025-09-23T12:45:15","modified_gmt":"2025-09-23T12:45:15","slug":"creality-k1c","status":"publish","type":"product","link":"https:\/\/azurefilm.com\/it\/prodotto\/creality-k1c\/","title":{"rendered":"Creality K1C"},"content":{"rendered":"<p><b>Creality K1C<\/b><span style=\"font-weight: 400;\"> \u00e8 un&#8217;eccezionale stampante 3D ad alta velocit\u00e0 progettata per la stampa di precisione, anche con materiali rinforzati con fibra di carbonio, dimostrando raffinatezza e durata. Con un volume di stampa di 220x220x250mm e una velocit\u00e0 massima di 600mm\/s, ridefinisce l&#8217;esperienza di stampa 3D.<\/span><\/p>\n<h2><strong>Eleganza in combinazione con costruzione robusta<\/strong><\/h2>\n<p><span style=\"font-weight: 400;\">La stampante \u00e8 dotata di un robusto telaio unibody realizzato in lega di alluminio pressofuso, che incorpora lati in vetro trasparente e un coperchio in acrilico. In questo modo \u00e8 possibile avere una visibilit\u00e0 costante all&#8217;interno della camera di stampa.<\/span><\/p>\n<h2><strong>Estrusore interamente in metallo per una presa sicura del filamento<\/strong><\/h2>\n<p><span style=\"font-weight: 400;\">Il K1C utilizza un sistema di estrusione interamente in metallo progettato per evitare intasamenti, dotato di molla di supporto e pistone a sfera, garantendo una presa sicura sul filamento.<\/span><\/p>\n<h2><strong>Stampa ultraveloce e agile<\/strong><\/h2>\n<p><span style=\"font-weight: 400;\">Utilizzando una struttura CoreXY leggera e dinamica, la K1C mantiene velocit\u00e0 elevatissime offrendo allo stesso tempo una qualit\u00e0 di stampa eccezionale. Presenta una velocit\u00e0 massima di 600mm\/s, una velocit\u00e0 standard di 300mm\/s e un&#8217;accelerazione massima di 20.000mm\/s\u00b2.<\/span><\/p>\n<h2><strong>Ugello &#8220;unicorno&#8221; trimetallico a sostituzione rapida<\/strong><\/h2>\n<p><span style=\"font-weight: 400;\">La Creality K1C offre un ugello &#8220;unicorno&#8221; trimetallico a scambio rapido con un heatbreak in lega di titanio che ne migliora la versatilit\u00e0. Questo ugello \u00e8 facilmente sostituibile, tuttavia \u00e8 consigliabile lasciarlo raffreddare prima di maneggiarlo.<\/span><\/p>\n<h2><strong>Tripla soluzione di raffreddamento<\/strong><\/h2>\n<p><span style=\"font-weight: 400;\">La K1C include un triplo sistema di raffreddamento composto da una<\/span> ventola hotend per minimizzare la dispersione di calore, una ventola di raffreddamento parziale per un indurimento istantaneo e un&#8217;ulteriore ventola sul lato della camera per un miglioramento generale della qualit\u00e0 di stampa.<\/p>\n<h2><strong>Stampa in fibra di carbonio semplificata<\/strong><\/h2>\n<p><span style=\"font-weight: 400;\">Il K1C elabora senza sforzo filamenti con fibre di carbonio grazie al suo hotend da 300\u00b0C con punta dell&#8217;ugello in acciaio temprato, piastra di costruzione PEI flessibile e un design a camera chiusa per un ambiente costantemente ad alta temperatura.<\/span><\/p>\n<h2><strong>Versatilit\u00e0<\/strong><\/h2>\n<p><span style=\"font-weight: 400;\">Compatibile con vari materiali, il K1C \u00e8 adatto per un&#8217;ampia gamma di applicazioni, tra cui PLA, ASA, ABS o TPU. Pu\u00f2 inoltre utilizzare filamenti infusi con fibra di carbonio come PLA-CF o PET-CF per parti meccanicamente robuste resistenti all&#8217;usura, alla deformazione e all&#8217;invecchiamento.<\/span><\/p>\n<h2><strong>Monitoraggio migliorato<\/strong><\/h2>\n<p><span style=\"font-weight: 400;\">La fotocamera AI integrate monitora il processo di stampa, fornendo avvisi in caso di errori. Le sue funzionalit\u00e0 includono il rilevamento degli spaghetti, il rilevamento di corpi estranei, la registrazione time-lapse e la videosorveglianza.<\/span><\/p>\n<h2><strong>Fonte aperta<\/strong><\/h2>\n<p><span style=\"font-weight: 400;\">La stampante funziona su una piattaforma open source, dotata di Creality OS, Creality Print e Creality Cloud per la massima flessibilit\u00e0.<\/span><\/p>\n<p><span style=\"font-weight: 400;\">Creality OS, basato su Klipper, offre funzionalit\u00e0 avanzate come Linear Advance e Input Shaping. Creality Print include Smart Cooling, Optimal Retraction, Slim Supports e gestione della stampante 3D, migliorando la facilit\u00e0 d&#8217;uso. Inoltre, Creality Cloud funge da piattaforma di stampa 3D all-in-one per l\u2019interazione e la condivisione tra gli appassionati.<\/span><\/p>\n<h2><strong>Caratteristiche aggiuntive<\/strong><\/h2>\n<p><span style=\"font-weight: 400;\">Tra le altre funzionalit\u00e0 aggiuntive, offerte da Creality K1C ci sono il &#8220;Plug and play&#8221; con istruzioni di avvio per una configurazione rapida (3 minuti dall&#8217;apertura della confezione all&#8217;accensione), un sistema altamente automatizzato e facile da usare, calibrazione automatica con un solo tocco, inclusa offset Z automatico, livellamento automatico e test di modellatura dell&#8217;ingresso automatico, un filtro al carbone per pulire composti e particelle da filamenti fusi, l&#8217;opzione di funzionamento silenzioso con livelli di rumore \u226445 dB, funzione batch di guasto parziale, i cuscinetti di smorzamento preinstallati che riducono vibrazioni, una spatola in silicone per la manutenzione della punta dell&#8217;ugello, una pellicola antifrantumazione sul vetro, una catena portacavi rinforzata, un&#8217;affidabile cerniera ammortizzata per il movimento controllato della porta, un supporto laterale per bobina e un touchscreen a colori da 4,3 pollici.<\/span><\/p>\n","protected":false},"excerpt":{"rendered":"<p><span style=\"font-weight: 400;\">Vi presentiamo Creality K1C &#8211; una stampante 3D super potente e veloce, perfetta per la stampa di materiali in fibra di carbonio e altre applicazioni complesse.<\/span><\/p>\n","protected":false},"featured_media":29330,"comment_status":"closed","ping_status":"closed","template":"","meta":{"_acf_changed":false},"product_brand":[],"product_cat":[595,602,623,599,598],"product_tag":[],"brand":[],"class_list":{"0":"post-29344","1":"product","2":"type-product","3":"status-publish","4":"has-post-thumbnail","6":"product_cat-stampante-3d","7":"product_cat-creality-it","8":"product_cat-saldi","9":"product_cat-stampante-3d-fdm","10":"product_cat-tutti-stampanti-3d","12":"first","13":"outofstock","14":"sale","15":"taxable","16":"shipping-taxable","17":"purchasable","18":"product-type-simple"},"acf":[],"_links":{"self":[{"href":"https:\/\/azurefilm.com\/it\/wp-json\/wp\/v2\/product\/29344","targetHints":{"allow":["GET"]}}],"collection":[{"href":"https:\/\/azurefilm.com\/it\/wp-json\/wp\/v2\/product"}],"about":[{"href":"https:\/\/azurefilm.com\/it\/wp-json\/wp\/v2\/types\/product"}],"replies":[{"embeddable":true,"href":"https:\/\/azurefilm.com\/it\/wp-json\/wp\/v2\/comments?post=29344"}],"wp:featuredmedia":[{"embeddable":true,"href":"https:\/\/azurefilm.com\/it\/wp-json\/wp\/v2\/media\/29330"}],"wp:attachment":[{"href":"https:\/\/azurefilm.com\/it\/wp-json\/wp\/v2\/media?parent=29344"}],"wp:term":[{"taxonomy":"product_brand","embeddable":true,"href":"https:\/\/azurefilm.com\/it\/wp-json\/wp\/v2\/product_brand?post=29344"},{"taxonomy":"product_cat","embeddable":true,"href":"https:\/\/azurefilm.com\/it\/wp-json\/wp\/v2\/product_cat?post=29344"},{"taxonomy":"product_tag","embeddable":true,"href":"https:\/\/azurefilm.com\/it\/wp-json\/wp\/v2\/product_tag?post=29344"},{"taxonomy":"brand","embeddable":true,"href":"https:\/\/azurefilm.com\/it\/wp-json\/wp\/v2\/brand?post=29344"}],"curies":[{"name":"wp","href":"https:\/\/api.w.org\/{rel}","templated":true}]}}