
{"id":32768,"date":"2024-04-17T10:13:02","date_gmt":"2024-04-17T10:13:02","guid":{"rendered":"https:\/\/azurefilm.com\/?post_type=product&#038;p=32768"},"modified":"2025-12-10T20:07:25","modified_gmt":"2025-12-10T20:07:25","slug":"filamento-pla-prime-light-grey","status":"publish","type":"product","link":"https:\/\/azurefilm.com\/it\/prodotto\/filamento-pla-prime-light-grey\/","title":{"rendered":"Filamento PLA Prime Light Grey"},"content":{"rendered":"<h2><strong>PLA Prime<\/strong><\/h2>\n<p><img loading=\"lazy\" decoding=\"async\" class=\"alignright wp-image-32458 \" src=\"https:\/\/azurefilm.com\/wp-content\/uploads\/2024\/04\/IT_Spider-chart-PLA-Prime-1024x597.png\" alt=\"\" width=\"700\" height=\"408\" title=\"\" srcset=\"https:\/\/azurefilm.com\/wp-content\/uploads\/2024\/04\/IT_Spider-chart-PLA-Prime-1024x597.png 1024w, https:\/\/azurefilm.com\/wp-content\/uploads\/2024\/04\/IT_Spider-chart-PLA-Prime-510x297.png 510w, https:\/\/azurefilm.com\/wp-content\/uploads\/2024\/04\/IT_Spider-chart-PLA-Prime-300x175.png 300w, https:\/\/azurefilm.com\/wp-content\/uploads\/2024\/04\/IT_Spider-chart-PLA-Prime-768x448.png 768w, https:\/\/azurefilm.com\/wp-content\/uploads\/2024\/04\/IT_Spider-chart-PLA-Prime-1536x896.png 1536w, https:\/\/azurefilm.com\/wp-content\/uploads\/2024\/04\/IT_Spider-chart-PLA-Prime.png 1674w\" sizes=\"auto, (max-width: 700px) 100vw, 700px\" \/><\/p>\n<p><span style=\"font-weight: 400;\">Il PLA Prime \u00e8 il nostro PLA (acido polilattico) di alta qualit\u00e0. Grazie alla nostra formulazione perfezionata, il PLA Prime vanta un&#8217;ottima resistenza al calore, un&#8217;elevata resistenza agli urti e un restringimento irrisorio dopo la ricottura. La semplicit\u00e0 d&#8217;uso, unita alla possibilit\u00e0 di stampare ad alta velocit\u00e0 e all&#8217;ottima adesione tra gli strati, rende il PLA Prime un materiale affidabile capace di dare vita alle stampe pi\u00f9 complesse.<\/span><\/p>\n<p><span style=\"font-weight: 400;\">Per saperne di pi\u00f9 sui filamenti PLA Prime, leggete il nostro<\/span> <a href=\"https:\/\/azurefilm.com\/it\/2024\/04\/23\/vi-presentiamo-i-filamenti-prime\/\" target=\"_blank\" rel=\"noopener\"><b>blog<\/b><\/a><span style=\"font-weight: 400;\">.<\/span><\/p>\n<h3><strong>Consigli per la stampa:<\/strong><\/h3>\n<ul>\n<li style=\"font-weight: 400;\" aria-level=\"1\"><span style=\"font-weight: 400;\">Per ottenere risultati migliori, stampare a 230-265\u00b0C*.\u00a0<\/span><\/li>\n<li style=\"font-weight: 400;\" aria-level=\"1\"><span style=\"font-weight: 400;\">La temperatura consigliata per il piano di stampa \u00e8 compresa tra 0 e 60\u00b0C. Questo materiale pu\u00f2 essere stampato senza custodia.<\/span><\/li>\n<li style=\"font-weight: 400;\" aria-level=\"1\"><span style=\"font-weight: 400;\">Consigliamo caldamente di utilizzare lastre di PEI\/vetro spesse e testurizzate, poich\u00e9 la rigidit\u00e0 e la resistenza del PLA Prime richiedono il peso e\/o l&#8217;attrazione magnetica di un piano di stampa di alta qualit\u00e0.<\/span><\/li>\n<\/ul>\n<p><i><span style=\"font-weight: 400;\">*<\/span><\/i> <i><span style=\"font-weight: 400;\">La temperatura ideale pu\u00f2 variare a seconda della stampante utilizzata.<\/span><\/i><\/p>\n<div class=\"is-divider divider clearfix\" style=\"max-width:100%;height:1px;background-color:rgb(17, 107, 168);\"><\/div>\n<h2><strong>Applicazioni<\/strong><\/h2>\n<p><span style=\"font-weight: 400;\">Il PLA Prime \u00e8 un materiale straordinario per realizzare progetti elaborati, ma anche per offrire resistenza e durevolezza.<\/span><\/p>\n<h3><strong>Stampa con facilit\u00e0 al pari del PLA, con prestazioni simili all&#8217;ABS<\/strong><\/h3>\n<p><span style=\"font-weight: 400;\">Stampare con il PLA Prime \u00e8 semplice come stampare con il PLA tradizionale e le sue ottime propriet\u00e0 meccaniche sono simili a quelle dell&#8217;ABS. Questo rende il PLA Prime un materiale ideale per la creazione di oggetti\/prototipi funzionali che devono resistere alle condizioni reali, senza la scomodit\u00e0 di stampare i comuni materiali ABS.<\/span><\/p>\n<div style=\"padding: 56.6% 0 0 0; position: relative;\"><iframe style=\"position: absolute; top: 0; left: 0; width: 100%; height: 100%;\" title=\"Stampa con facilit\u00e0 al pari del PLA, con prestazioni simili all'ABS\" src=\"https:\/\/player.vimeo.com\/video\/935744591?badge=0&amp;autopause=0&amp;player_id=0&amp;app_id=58479\" frameborder=\"0\"><\/iframe><\/div>\n<p><script src=\"https:\/\/player.vimeo.com\/api\/player.js\"><\/script><\/p>\n<h3><strong>Elevata resistenza al calore<\/strong><\/h3>\n<p><span style=\"font-weight: 400;\">Grazie alla straordinaria resistenza al calore del PLA Prime \u00e8 possibile utilizzarlo in un ventaglio di situazioni molto pi\u00f9 ampio rispetto al PLA normale. Dove il PLA normale non sarebbe proponibile, il PLA Prime \u00e8 perfetto per realizzare oggetti come gli involucri elettronici, per i quali \u00e8 necessaria un&#8217;elevata resistenza al calore e agli urti per proteggere i componenti elettronici all&#8217;interno.<\/span><\/p>\n<p><img loading=\"lazy\" decoding=\"async\" class=\"aligncenter wp-image-31952 size-full\" src=\"https:\/\/azurefilm.com\/wp-content\/uploads\/2024\/04\/PLA-PRIME-Heat-Resistance-scaled.jpg\" alt=\"\" width=\"2560\" height=\"961\" title=\"\" srcset=\"https:\/\/azurefilm.com\/wp-content\/uploads\/2024\/04\/PLA-PRIME-Heat-Resistance-scaled.jpg 2560w, https:\/\/azurefilm.com\/wp-content\/uploads\/2024\/04\/PLA-PRIME-Heat-Resistance-scaled-510x191.jpg 510w, https:\/\/azurefilm.com\/wp-content\/uploads\/2024\/04\/PLA-PRIME-Heat-Resistance-300x113.jpg 300w, https:\/\/azurefilm.com\/wp-content\/uploads\/2024\/04\/PLA-PRIME-Heat-Resistance-1024x384.jpg 1024w, https:\/\/azurefilm.com\/wp-content\/uploads\/2024\/04\/PLA-PRIME-Heat-Resistance-768x288.jpg 768w, https:\/\/azurefilm.com\/wp-content\/uploads\/2024\/04\/PLA-PRIME-Heat-Resistance-1536x576.jpg 1536w, https:\/\/azurefilm.com\/wp-content\/uploads\/2024\/04\/PLA-PRIME-Heat-Resistance-2048x768.jpg 2048w\" sizes=\"auto, (max-width: 2560px) 100vw, 2560px\" \/><\/p>\n<h3><strong>Elevata resistenza agli urti<\/strong><\/h3>\n<p><span style=\"font-weight: 400;\">Con il termine &#8220;resistenza agli urti&#8221; si intende la capacit\u00e0 del materiale di resistere alla deformazione, alla formazione di crepe e alla rottura in caso di urti improvvisi e violenti. Il PLA Prime presenta un&#8217;elevata resistenza agli urti<\/span><span style=\"font-weight: 400;\">,<\/span><span style=\"font-weight: 400;\"> il che significa che pu\u00f2 resistere a un&#8217;elevata quantit\u00e0 di impatti senza compromettere l&#8217;integrit\u00e0 della stampa.<\/span><\/p>\n<div style=\"padding: 56.25% 0 0 0; position: relative;\"><iframe style=\"position: absolute; top: 0; left: 0; width: 100%; height: 100%;\" title=\"Elevata resistenza agli urti\" src=\"https:\/\/player.vimeo.com\/video\/935745120?badge=0&amp;autopause=0&amp;player_id=0&amp;app_id=58479\" frameborder=\"0\"><\/iframe><\/div>\n<p><script src=\"https:\/\/player.vimeo.com\/api\/player.js\"><\/script><\/p>\n<h3><strong>Restringimento bassissimo (dopo la ricottura)<\/strong><\/h3>\n<p><span style=\"font-weight: 400;\">Una tecnica comune per migliorare la robustezza e la resistenza al calore di un oggetto stampato \u00e8 quella della <\/span><a href=\"https:\/\/azurefilm.com\/it\/2024\/03\/28\/cos-e-la-ricottura\/\" target=\"_blank\" rel=\"noopener\"><strong>ricottura<\/strong><\/a><span style=\"font-weight: 400;\">. Ricottare un oggetto stampato in 3D significa riscaldarlo fino a un livello di cristallizzazione appena superiore e poi lasciarlo raffreddare, facendo s\u00ec che la stampa diventi sensibilmente pi\u00f9 forte a livello molecolare.<\/span><\/p>\n<p><span style=\"font-weight: 400;\">\u00a0La ricottura del PLA tradizionale spesso provoca la deformazione o addirittura la fusione dell&#8217;oggetto. Grazie alla nostra formula migliorata, il PLA Prime presenta una contrazione e una deformazione minime dopo la ricottura, in modo da ottenere stampe il pi\u00f9 possibile precise e resistenti.<\/span><\/p>\n<p><span style=\"font-weight: 400;\">To know more about annealing, leggete il nostro <\/span><a href=\"https:\/\/azurefilm.com\/it\/2024\/03\/28\/cos-e-la-ricottura\/\" target=\"_blank\" rel=\"noopener\"><b>blog<\/b><\/a><span style=\"font-weight: 400;\">.\u00a0<\/span><\/p>\n<div style=\"padding: 56.25% 0 0 0; position: relative;\"><iframe style=\"position: absolute; top: 0; left: 0; width: 100%; height: 100%;\" title=\"Restringimento bassissimo dopo la ricottura\" src=\"https:\/\/player.vimeo.com\/video\/935746192?badge=0&amp;autopause=0&amp;player_id=0&amp;app_id=58479\" frameborder=\"0\"><\/iframe><\/div>\n<p><script src=\"https:\/\/player.vimeo.com\/api\/player.js\"><\/script><\/p>\n<h3><strong>Stampe precisissime con dettagli fini<\/strong><\/h3>\n<p><span style=\"font-weight: 400;\">Il PLA Prime offre le stampe pi\u00f9 piacevoli dal punto di vista estetico e consente di mettere in risalto i dettagli pi\u00f9 fini del proprio progetto. La combinazione tra stampa di alta precisione e aspetto semi-opaco, che aiuta a nascondere le linee degli strati, rende il PLA Prime il materiale perfetto per realizzare stampe architettoniche o artistiche.<\/span><\/p>\n<p><img loading=\"lazy\" decoding=\"async\" class=\"wp-image-31875 size-full aligncenter\" src=\"https:\/\/azurefilm.com\/wp-content\/uploads\/2024\/04\/PLA-PRIME-High-Precision-1-scaled.jpg\" alt=\"\" width=\"2560\" height=\"960\" title=\"\" srcset=\"https:\/\/azurefilm.com\/wp-content\/uploads\/2024\/04\/PLA-PRIME-High-Precision-1-scaled.jpg 2560w, https:\/\/azurefilm.com\/wp-content\/uploads\/2024\/04\/PLA-PRIME-High-Precision-1-scaled-510x191.jpg 510w, https:\/\/azurefilm.com\/wp-content\/uploads\/2024\/04\/PLA-PRIME-High-Precision-1-300x112.jpg 300w, https:\/\/azurefilm.com\/wp-content\/uploads\/2024\/04\/PLA-PRIME-High-Precision-1-1024x384.jpg 1024w, https:\/\/azurefilm.com\/wp-content\/uploads\/2024\/04\/PLA-PRIME-High-Precision-1-768x288.jpg 768w, https:\/\/azurefilm.com\/wp-content\/uploads\/2024\/04\/PLA-PRIME-High-Precision-1-1536x576.jpg 1536w, https:\/\/azurefilm.com\/wp-content\/uploads\/2024\/04\/PLA-PRIME-High-Precision-1-2048x768.jpg 2048w\" sizes=\"auto, (max-width: 2560px) 100vw, 2560px\" \/><\/p>\n<h3><strong>Perfetto per stampare a velocit\u00e0 elevata<\/strong><\/h3>\n<p><span style=\"font-weight: 400;\">Il PLA Prime \u00e8 perfetto per stampare a velocit\u00e0 elevate (\u2264300 mm\/s) lasciando inalterate le sue propriet\u00e0 meccaniche. Questo consente di stampare ad alta velocit\u00e0, senza doversi preoccupare dei possibili effetti sul risultato finale.<\/span><\/p>\n<p><img loading=\"lazy\" decoding=\"async\" class=\"aligncenter wp-image-31871 size-full\" src=\"https:\/\/azurefilm.com\/wp-content\/uploads\/2024\/04\/PLA-High-Speed-scaled.jpg\" alt=\"\" width=\"2560\" height=\"961\" title=\"\" srcset=\"https:\/\/azurefilm.com\/wp-content\/uploads\/2024\/04\/PLA-High-Speed-scaled.jpg 2560w, https:\/\/azurefilm.com\/wp-content\/uploads\/2024\/04\/PLA-High-Speed-scaled-510x191.jpg 510w, https:\/\/azurefilm.com\/wp-content\/uploads\/2024\/04\/PLA-High-Speed-300x113.jpg 300w, https:\/\/azurefilm.com\/wp-content\/uploads\/2024\/04\/PLA-High-Speed-1024x384.jpg 1024w, https:\/\/azurefilm.com\/wp-content\/uploads\/2024\/04\/PLA-High-Speed-768x288.jpg 768w, https:\/\/azurefilm.com\/wp-content\/uploads\/2024\/04\/PLA-High-Speed-1536x576.jpg 1536w, https:\/\/azurefilm.com\/wp-content\/uploads\/2024\/04\/PLA-High-Speed-2048x768.jpg 2048w\" sizes=\"auto, (max-width: 2560px) 100vw, 2560px\" \/><\/p>\n<h3><strong>Eccezionale adesione tra gli strati<\/strong><\/h3>\n<p><span style=\"font-weight: 400;\">Il PLA Prime presenta una straordinaria adesione interstrato, caratteristica fondamentale per garantire l&#8217;integrit\u00e0 strutturale e la resistenza delle parti stampate. Una buona adesione tra gli strati riduce al minimo il rischio di rotture sotto pressione e rende pi\u00f9 scorrevole la stampa.<\/span><\/p>\n<p><img loading=\"lazy\" decoding=\"async\" class=\"aligncenter wp-image-31879 size-full\" src=\"https:\/\/azurefilm.com\/wp-content\/uploads\/2024\/04\/PLA-PRIME-interlayer-Adhesion-1-scaled.jpg\" alt=\"\" width=\"2560\" height=\"961\" title=\"\" srcset=\"https:\/\/azurefilm.com\/wp-content\/uploads\/2024\/04\/PLA-PRIME-interlayer-Adhesion-1-scaled.jpg 2560w, https:\/\/azurefilm.com\/wp-content\/uploads\/2024\/04\/PLA-PRIME-interlayer-Adhesion-1-scaled-510x191.jpg 510w, https:\/\/azurefilm.com\/wp-content\/uploads\/2024\/04\/PLA-PRIME-interlayer-Adhesion-1-300x113.jpg 300w, https:\/\/azurefilm.com\/wp-content\/uploads\/2024\/04\/PLA-PRIME-interlayer-Adhesion-1-1024x384.jpg 1024w, https:\/\/azurefilm.com\/wp-content\/uploads\/2024\/04\/PLA-PRIME-interlayer-Adhesion-1-768x288.jpg 768w, https:\/\/azurefilm.com\/wp-content\/uploads\/2024\/04\/PLA-PRIME-interlayer-Adhesion-1-1536x576.jpg 1536w, https:\/\/azurefilm.com\/wp-content\/uploads\/2024\/04\/PLA-PRIME-interlayer-Adhesion-1-2048x768.jpg 2048w\" sizes=\"auto, (max-width: 2560px) 100vw, 2560px\" \/><\/p>\n<h4><strong>Conservazione del prodotto<\/strong><\/h4>\n<p><span style=\"font-weight: 400;\">Si consiglia di conservare il filamento in un luogo chiuso, fresco e asciutto, con un sacchetto di silice essiccante, lontano dai raggi UV.<\/span><\/p>\n<div class=\"is-divider divider clearfix\" style=\"max-width:100%;height:1px;background-color:rgb(17, 107, 168);\"><\/div>\n<h2><strong>Caratteristiche e Propriet\u00e0<\/strong><\/h2>\n<table>\n<tbody>\n<tr>\n<th><\/th>\n<th><span style=\"font-weight: 400;\">Standard<\/span><\/th>\n<th><span style=\"font-weight: 400;\">Valore XY<\/span><\/th>\n<th><span style=\"font-weight: 400;\">Valore XZ<\/span><\/th>\n<th><span style=\"font-weight: 400;\">Valore ZX<\/span><\/th>\n<th><span style=\"font-weight: 400;\">Unit\u00e0<\/span><\/th>\n<\/tr>\n<tr>\n<td><span style=\"font-weight: 400;\">\u00a0Res. alla Trazione<\/span><\/td>\n<td><span style=\"font-weight: 400;\">ISO 527-2<\/span><\/td>\n<td><span style=\"font-weight: 400;\">27.8<\/span><\/td>\n<td><span style=\"font-weight: 400;\">31.4<\/span><\/td>\n<td><span style=\"font-weight: 400;\">14.2<\/span><\/td>\n<td><span style=\"font-weight: 400;\">MPa<\/span><\/td>\n<\/tr>\n<tr>\n<td><span style=\"font-weight: 400;\">\u00a0Res. allo Snerv.<\/span><\/td>\n<td><span style=\"font-weight: 400;\">ISO 527-2<\/span><\/td>\n<td><span style=\"font-weight: 400;\">26.1<\/span><\/td>\n<td><span style=\"font-weight: 400;\">29.7<\/span><\/td>\n<td><span style=\"font-weight: 400;\">14.5<\/span><\/td>\n<td><span style=\"font-weight: 400;\">MPa<\/span><\/td>\n<\/tr>\n<tr>\n<td><span style=\"font-weight: 400;\">\u00a0Modulo di Trazione<\/span><\/td>\n<td><span style=\"font-weight: 400;\">ISO 527-2<\/span><\/td>\n<td><span style=\"font-weight: 400;\">2400<\/span><\/td>\n<td><span style=\"font-weight: 400;\">2600<\/span><\/td>\n<td><span style=\"font-weight: 400;\">1900<\/span><\/td>\n<td><span style=\"font-weight: 400;\">MPa<\/span><\/td>\n<\/tr>\n<tr>\n<td><span style=\"font-weight: 400;\">\u00a0Allung. allo Snerv.<\/span><\/td>\n<td><span style=\"font-weight: 400;\">ISO 527-2<\/span><\/td>\n<td><span style=\"font-weight: 400;\">4.3<\/span><\/td>\n<td><span style=\"font-weight: 400;\">6.5<\/span><\/td>\n<td><span style=\"font-weight: 400;\">0.9<\/span><\/td>\n<td><span style=\"font-weight: 400;\">%<\/span><\/td>\n<\/tr>\n<tr>\n<td><span style=\"font-weight: 400;\">\u00a0Res. alla Flessione<\/span><\/td>\n<td><span style=\"font-weight: 400;\">ISO 178<\/span><\/td>\n<td><span style=\"font-weight: 400;\">52.3<\/span><\/td>\n<td><span style=\"font-weight: 400;\">56.4<\/span><\/td>\n<td><span style=\"font-weight: 400;\">3.0<\/span><\/td>\n<td><span style=\"font-weight: 400;\">MPa<\/span><\/td>\n<\/tr>\n<tr>\n<td><span style=\"font-weight: 400;\">\u00a0Modulo di Flessione<\/span><\/td>\n<td><span style=\"font-weight: 400;\">ISO 178\u00a0<\/span><\/td>\n<td><span style=\"font-weight: 400;\">2600<\/span><\/td>\n<td><span style=\"font-weight: 400;\">3000<\/span><\/td>\n<td><span style=\"font-weight: 400;\">1800<\/span><\/td>\n<td><span style=\"font-weight: 400;\">MPa<\/span><\/td>\n<\/tr>\n<\/tbody>\n<\/table>\n<p><span style=\"font-weight: 400;\">Potete consultare la <\/span><b>Scheda Tecnica<\/b><span style=\"font-weight: 400;\"> e di <\/span><b>Sicurezza<\/b><span style=\"font-weight: 400;\"><a href=\"https:\/\/azurefilm.com\/it\/technical-data-sheets\/\" target=\"_blank\" rel=\"noopener\"><strong> qui<\/strong><\/a>.<\/span><\/p>\n","protected":false},"excerpt":{"rendered":"<p><span style=\"font-weight: 400;\">Provate il nostro filamento PLA Prime Light Grey e scoprite l&#8217;elevata resistenza al calore e agli urti e la minima contrazione dopo la ricottura. Perfetto per stampe complesse.<\/span><\/p>\n","protected":false},"featured_media":32774,"comment_status":"closed","ping_status":"closed","template":"","meta":{"_acf_changed":false},"product_brand":[],"product_cat":[1550,1546,517,544,519],"product_tag":[1533],"brand":[267],"class_list":{"0":"post-32768","1":"product","2":"type-product","3":"status-publish","4":"has-post-thumbnail","6":"product_cat-pla-prime-it","7":"product_cat-collezione-prime","8":"product_cat-filamenti-3d","9":"product_cat-filamenti-pla","10":"product_cat-tutti-filamenti","11":"product_tag-high-speed","12":"pa_colour-gray","13":"pa_filament-diameter-1-75mm","14":"pa_filament-weight-1000g","15":"brand-azurefilm","17":"first","18":"instock","19":"taxable","20":"shipping-taxable","21":"purchasable","22":"product-type-variable"},"acf":[],"_links":{"self":[{"href":"https:\/\/azurefilm.com\/it\/wp-json\/wp\/v2\/product\/32768","targetHints":{"allow":["GET"]}}],"collection":[{"href":"https:\/\/azurefilm.com\/it\/wp-json\/wp\/v2\/product"}],"about":[{"href":"https:\/\/azurefilm.com\/it\/wp-json\/wp\/v2\/types\/product"}],"replies":[{"embeddable":true,"href":"https:\/\/azurefilm.com\/it\/wp-json\/wp\/v2\/comments?post=32768"}],"wp:featuredmedia":[{"embeddable":true,"href":"https:\/\/azurefilm.com\/it\/wp-json\/wp\/v2\/media\/32774"}],"wp:attachment":[{"href":"https:\/\/azurefilm.com\/it\/wp-json\/wp\/v2\/media?parent=32768"}],"wp:term":[{"taxonomy":"product_brand","embeddable":true,"href":"https:\/\/azurefilm.com\/it\/wp-json\/wp\/v2\/product_brand?post=32768"},{"taxonomy":"product_cat","embeddable":true,"href":"https:\/\/azurefilm.com\/it\/wp-json\/wp\/v2\/product_cat?post=32768"},{"taxonomy":"product_tag","embeddable":true,"href":"https:\/\/azurefilm.com\/it\/wp-json\/wp\/v2\/product_tag?post=32768"},{"taxonomy":"brand","embeddable":true,"href":"https:\/\/azurefilm.com\/it\/wp-json\/wp\/v2\/brand?post=32768"}],"curies":[{"name":"wp","href":"https:\/\/api.w.org\/{rel}","templated":true}]}}