
{"id":32865,"date":"2024-04-17T11:02:43","date_gmt":"2024-04-17T11:02:43","guid":{"rendered":"https:\/\/azurefilm.com\/?post_type=product&#038;p=32865"},"modified":"2026-04-07T22:23:06","modified_gmt":"2026-04-07T22:23:06","slug":"filamento-asa-prime-white","status":"publish","type":"product","link":"https:\/\/azurefilm.com\/it\/prodotto\/filamento-asa-prime-white\/","title":{"rendered":"Filamento ASA Prime White"},"content":{"rendered":"<h2><strong>ASA Prime<\/strong><\/h2>\n<p><span style=\"font-weight: 400;\">ASA Prime \u00e8 il nostro filamento di qualit\u00e0 ingegneristica di fascia alta a deformazione zero, basato sul normale ASA (acrilonitrile stirene acrilato). Grazie alla nostra formulazione perfezionata, l&#8217;ASA Prime vanta una robustezza straordinaria, un&#8217;elevata resistenza agli urti e un&#8217;eccellente adesione tra gli strati. Con ASA Prime \u00e8 possibile creare stampe precise e dettagliate, resistenti ai raggi UV e agli agenti atmosferici, il che lo rende il materiale perfetto per le applicazioni esterne.<\/span><\/p>\n<p><img loading=\"lazy\" decoding=\"async\" class=\"alignright wp-image-32492 \" src=\"https:\/\/azurefilm.com\/wp-content\/uploads\/2024\/04\/IT_Spider-chart-ASA-Prime-1024x598.png\" alt=\"\" width=\"700\" height=\"409\" title=\"\" srcset=\"https:\/\/azurefilm.com\/wp-content\/uploads\/2024\/04\/IT_Spider-chart-ASA-Prime-1024x598.png 1024w, https:\/\/azurefilm.com\/wp-content\/uploads\/2024\/04\/IT_Spider-chart-ASA-Prime-510x298.png 510w, https:\/\/azurefilm.com\/wp-content\/uploads\/2024\/04\/IT_Spider-chart-ASA-Prime-300x175.png 300w, https:\/\/azurefilm.com\/wp-content\/uploads\/2024\/04\/IT_Spider-chart-ASA-Prime-768x449.png 768w, https:\/\/azurefilm.com\/wp-content\/uploads\/2024\/04\/IT_Spider-chart-ASA-Prime-1536x897.png 1536w, https:\/\/azurefilm.com\/wp-content\/uploads\/2024\/04\/IT_Spider-chart-ASA-Prime.png 1674w\" sizes=\"auto, (max-width: 700px) 100vw, 700px\" \/><\/p>\n<p><span style=\"font-weight: 400;\">Per saperne di pi\u00f9 sui filamenti ASA Prime<\/span><span style=\"font-weight: 400;\">, leggete il nostro <\/span><a href=\"https:\/\/azurefilm.com\/it\/2024\/04\/23\/vi-presentiamo-i-filamenti-prime\/\" target=\"_blank\" rel=\"noopener\"><b>blog<\/b><\/a><span style=\"font-weight: 400;\">.<\/span><\/p>\n<h3><strong>Consigli per la stampa:<\/strong><\/h3>\n<ul>\n<li style=\"font-weight: 400;\" aria-level=\"1\"><span style=\"font-weight: 400;\">Per ottenere risultati migliori, stampare a 235-255\u00b0C*.\u00a0<\/span><\/li>\n<li style=\"font-weight: 400;\" aria-level=\"1\"><span style=\"font-weight: 400;\">La temperatura consigliata per il piano di stampa \u00e8 di 80-100\u00b0C. Consigliamo l&#8217;utilizzo di una stampante 3D chiusa, sebbene questo materiale possa essere stampato anche senza copertura.<\/span><\/li>\n<li style=\"font-weight: 400;\" aria-level=\"1\"><span style=\"font-weight: 400;\">Consigliamo caldamente di utilizzare lastre di PEI\/vetro spesse e testurizzate, poich\u00e9 la rigidit\u00e0 e la resistenza dell&#8217;ASA Prime richiedono il peso e\/o l&#8217;attrazione magnetica di un piano di stampa di alta qualit\u00e0.<\/span><\/li>\n<\/ul>\n<p><i><span style=\"font-weight: 400;\">*<\/span><\/i> <i><span style=\"font-weight: 400;\">La temperatura ideale pu\u00f2 variare a seconda della stampante utilizzata.<\/span><\/i><\/p>\n<h3><strong>Tecniche di levigatura<\/strong><\/h3>\n<p><span style=\"font-weight: 400;\">Un modo comune per levigare la superficie del proprio oggetto ASA Prime stampato in 3D consiste nell&#8217;applicare l&#8217;acetone sulla superficie. Consigliamo di immergere direttamente l&#8217;oggetto nell&#8217;acetone anzich\u00e9 utilizzare la levigatura a vapore.<\/span><\/p>\n<div class=\"is-divider divider clearfix\" style=\"max-width:100%;height:1px;background-color:rgb(17, 107, 168);\"><\/div>\n<h2><strong>Applicazioni<\/strong><\/h2>\n<p><span style=\"font-weight: 400;\">L&#8217;ASA Prime non si deforma e vanta un&#8217;eccellente adesione tra gli strati, che consente di stampare in modo significativamente pi\u00f9 fluido rispetto alla stampa con l&#8217;ASA tradizionale, senza compromettere le sue propriet\u00e0 meccaniche.<\/span><\/p>\n<h3><strong>Zero deformazioni<\/strong><\/h3>\n<p><span style=\"font-weight: 400;\">Quando si stampano materiali ad alte prestazioni come l&#8217;ASA, spesso capita che si deformino. La deformazione si verifica quando i bordi di una parte stampata si sollevano dal piano di stampa, causando una deformazione della stampa. Unitamente a una scarsa adesione tra gli strati, si formano delle crepe, che portano a un peggioramento generale dell&#8217;aspetto e della funzionalit\u00e0 della stampa. Grazie alla nostra formula migliorata, l&#8217;ASA Prime non subisce deformazioni e presenta un&#8217;eccellente adesione tra gli strati, evitando completamente questi problemi comuni dell&#8217;ASA tradizionale.<\/span><\/p>\n<div style=\"padding: 56.25% 0 0 0; position: relative;\"><iframe style=\"position: absolute; top: 0; left: 0; width: 100%; height: 100%;\" title=\"Zero deformazioni\" src=\"https:\/\/player.vimeo.com\/video\/935749268?badge=0&amp;autopause=0&amp;player_id=0&amp;app_id=58479\" frameborder=\"0\"><\/iframe><\/div>\n<p><script src=\"https:\/\/player.vimeo.com\/api\/player.js\"><\/script><\/p>\n<h3><strong>Elevata resistenza al calore<\/strong><\/h3>\n<p><span style=\"font-weight: 400;\">L&#8217;ASA Prime vanta un&#8217;elevata resistenza al calore, il che lo rende un materiale particolarmente adatto per la stampa di parti che devono resistere a temperature elevate. Per questo motivo, l&#8217;ASA Prime viene utilizzato per stampare prototipi e parti per l&#8217;utente finale che devono essere testate in circostanze reali.<\/span><\/p>\n<p><img loading=\"lazy\" decoding=\"async\" class=\"aligncenter wp-image-31891 size-full\" src=\"https:\/\/azurefilm.com\/wp-content\/uploads\/2024\/04\/ASA-PRIME-Heat-Resistance-1-scaled.jpg\" alt=\"\" width=\"2560\" height=\"961\" title=\"\" srcset=\"https:\/\/azurefilm.com\/wp-content\/uploads\/2024\/04\/ASA-PRIME-Heat-Resistance-1-scaled.jpg 2560w, https:\/\/azurefilm.com\/wp-content\/uploads\/2024\/04\/ASA-PRIME-Heat-Resistance-1-scaled-510x191.jpg 510w, https:\/\/azurefilm.com\/wp-content\/uploads\/2024\/04\/ASA-PRIME-Heat-Resistance-1-300x113.jpg 300w, https:\/\/azurefilm.com\/wp-content\/uploads\/2024\/04\/ASA-PRIME-Heat-Resistance-1-1024x384.jpg 1024w, https:\/\/azurefilm.com\/wp-content\/uploads\/2024\/04\/ASA-PRIME-Heat-Resistance-1-768x288.jpg 768w, https:\/\/azurefilm.com\/wp-content\/uploads\/2024\/04\/ASA-PRIME-Heat-Resistance-1-1536x576.jpg 1536w, https:\/\/azurefilm.com\/wp-content\/uploads\/2024\/04\/ASA-PRIME-Heat-Resistance-1-2048x768.jpg 2048w\" sizes=\"auto, (max-width: 2560px) 100vw, 2560px\" \/><\/p>\n<h3><strong>Elevata resistenza agli urti<\/strong><\/h3>\n<p><span style=\"font-weight: 400;\">Con il termine &#8220;resistenza all&#8217;impatto&#8221; si intende la capacit\u00e0 di un materiale di resistere alla deformazione, alla formazione di crepe e alla rottura in caso di urti improvvisi e violenti. ASA Prime vanta un&#8217;elevata resistenza agli urti<\/span><span style=\"font-weight: 400;\">,<\/span><span style=\"font-weight: 400;\"> il che significa che pu\u00f2 resistere a un&#8217;elevata quantit\u00e0 di impatti senza compromettere l&#8217;integrit\u00e0 della stampa.<\/span><\/p>\n<p><img loading=\"lazy\" decoding=\"async\" class=\"aligncenter wp-image-31895 size-full\" src=\"https:\/\/azurefilm.com\/wp-content\/uploads\/2024\/04\/ASA-PRIME-High-Impact-Strength-1-scaled.jpg\" alt=\"\" width=\"2560\" height=\"961\" title=\"\" srcset=\"https:\/\/azurefilm.com\/wp-content\/uploads\/2024\/04\/ASA-PRIME-High-Impact-Strength-1-scaled.jpg 2560w, https:\/\/azurefilm.com\/wp-content\/uploads\/2024\/04\/ASA-PRIME-High-Impact-Strength-1-scaled-510x191.jpg 510w, https:\/\/azurefilm.com\/wp-content\/uploads\/2024\/04\/ASA-PRIME-High-Impact-Strength-1-300x113.jpg 300w, https:\/\/azurefilm.com\/wp-content\/uploads\/2024\/04\/ASA-PRIME-High-Impact-Strength-1-1024x384.jpg 1024w, https:\/\/azurefilm.com\/wp-content\/uploads\/2024\/04\/ASA-PRIME-High-Impact-Strength-1-768x288.jpg 768w, https:\/\/azurefilm.com\/wp-content\/uploads\/2024\/04\/ASA-PRIME-High-Impact-Strength-1-1536x576.jpg 1536w, https:\/\/azurefilm.com\/wp-content\/uploads\/2024\/04\/ASA-PRIME-High-Impact-Strength-1-2048x768.jpg 2048w\" sizes=\"auto, (max-width: 2560px) 100vw, 2560px\" \/><\/p>\n<h3><strong>Elevata resistenza ai raggi UV e agli agenti atmosferici<\/strong><\/h3>\n<p><span style=\"font-weight: 400;\">L&#8217;ASA Prime \u00e8 uno dei materiali pi\u00f9 durevoli e resistenti utilizzati per la stampa 3D. Poich\u00e9 \u00e8 resistente ai raggi UV e agli agenti atmosferici, l&#8217;ASA Prime \u00e8 particolarmente adatto per numerose applicazioni all&#8217;aperto. L&#8217;elevata resistenza agli urti dell&#8217;ASA Prime, unita alla sua durata, lo rende il materiale perfetto per realizzare stampe che devono resistere alla prova del tempo.<\/span><\/p>\n<p><img loading=\"lazy\" decoding=\"async\" class=\"aligncenter wp-image-31903 size-full\" src=\"https:\/\/azurefilm.com\/wp-content\/uploads\/2024\/04\/Strong-UV-weather-resistance-1-scaled.jpg\" alt=\"\" width=\"2560\" height=\"961\" title=\"\" srcset=\"https:\/\/azurefilm.com\/wp-content\/uploads\/2024\/04\/Strong-UV-weather-resistance-1-scaled.jpg 2560w, https:\/\/azurefilm.com\/wp-content\/uploads\/2024\/04\/Strong-UV-weather-resistance-1-scaled-510x191.jpg 510w, https:\/\/azurefilm.com\/wp-content\/uploads\/2024\/04\/Strong-UV-weather-resistance-1-300x113.jpg 300w, https:\/\/azurefilm.com\/wp-content\/uploads\/2024\/04\/Strong-UV-weather-resistance-1-1024x384.jpg 1024w, https:\/\/azurefilm.com\/wp-content\/uploads\/2024\/04\/Strong-UV-weather-resistance-1-768x288.jpg 768w, https:\/\/azurefilm.com\/wp-content\/uploads\/2024\/04\/Strong-UV-weather-resistance-1-1536x576.jpg 1536w, https:\/\/azurefilm.com\/wp-content\/uploads\/2024\/04\/Strong-UV-weather-resistance-1-2048x768.jpg 2048w\" sizes=\"auto, (max-width: 2560px) 100vw, 2560px\" \/><\/p>\n<h3><strong>Eccezionale resistenza del primo strato e tra gli strati<\/strong><\/h3>\n<p><span style=\"font-weight: 400;\">L&#8217;ASA Prime vanta un&#8217;eccellente aderenza del primo strato e tra gli strati, caratteristica fondamentale per garantire l&#8217;integrit\u00e0 strutturale e la resistenza delle parti stampate. Una buona adesione tra gli strati riduce al minimo il rischio di crepe sotto pressione e rende pi\u00f9 agevole la stampa.<\/span><\/p>\n<h3><strong>Elevata precisione con dettagli fini<\/strong><\/h3>\n<p><span style=\"font-weight: 400;\">Con l&#8217;ASA Prime potete creare stampe che sfoggiano i dettagli pi\u00f9 elaborati senza compromettere le propriet\u00e0 meccaniche che vi aspettate da un materiale di alto livello ingegneristico.<\/span><\/p>\n<p><img loading=\"lazy\" decoding=\"async\" class=\"aligncenter wp-image-31887 \" src=\"https:\/\/azurefilm.com\/wp-content\/uploads\/2024\/04\/ASA-PRIME-High-Percision-1-scaled.jpg\" alt=\"\" width=\"2560\" height=\"961\" title=\"\" srcset=\"https:\/\/azurefilm.com\/wp-content\/uploads\/2024\/04\/ASA-PRIME-High-Percision-1-scaled.jpg 2560w, https:\/\/azurefilm.com\/wp-content\/uploads\/2024\/04\/ASA-PRIME-High-Percision-1-scaled-510x191.jpg 510w, https:\/\/azurefilm.com\/wp-content\/uploads\/2024\/04\/ASA-PRIME-High-Percision-1-300x113.jpg 300w, https:\/\/azurefilm.com\/wp-content\/uploads\/2024\/04\/ASA-PRIME-High-Percision-1-1024x384.jpg 1024w, https:\/\/azurefilm.com\/wp-content\/uploads\/2024\/04\/ASA-PRIME-High-Percision-1-768x288.jpg 768w, https:\/\/azurefilm.com\/wp-content\/uploads\/2024\/04\/ASA-PRIME-High-Percision-1-1536x576.jpg 1536w, https:\/\/azurefilm.com\/wp-content\/uploads\/2024\/04\/ASA-PRIME-High-Percision-1-2048x768.jpg 2048w\" sizes=\"auto, (max-width: 2560px) 100vw, 2560px\" \/><\/p>\n<h3><strong>Perfetto per stampare ad alta velocit\u00e0<\/strong><\/h3>\n<p><span style=\"font-weight: 400;\">L&#8217;ASA Prime \u00e8 perfetto per stampare ad alta velocit\u00e0 (\u2264350 mm\/s) lasciando immutate le sue propriet\u00e0 meccaniche. Questo consente di stampare ad alta velocit\u00e0, senza doversi preoccupare dei possibili effetti sul risultato finale.<\/span><\/p>\n<p><img loading=\"lazy\" decoding=\"async\" class=\"aligncenter wp-image-32054 size-full\" src=\"https:\/\/azurefilm.com\/wp-content\/uploads\/2024\/04\/ASA-SPEED-1-scaled.jpg\" alt=\"\" width=\"2560\" height=\"961\" title=\"\" srcset=\"https:\/\/azurefilm.com\/wp-content\/uploads\/2024\/04\/ASA-SPEED-1-scaled.jpg 2560w, https:\/\/azurefilm.com\/wp-content\/uploads\/2024\/04\/ASA-SPEED-1-scaled-510x191.jpg 510w, https:\/\/azurefilm.com\/wp-content\/uploads\/2024\/04\/ASA-SPEED-1-300x113.jpg 300w, https:\/\/azurefilm.com\/wp-content\/uploads\/2024\/04\/ASA-SPEED-1-1024x384.jpg 1024w, https:\/\/azurefilm.com\/wp-content\/uploads\/2024\/04\/ASA-SPEED-1-768x288.jpg 768w, https:\/\/azurefilm.com\/wp-content\/uploads\/2024\/04\/ASA-SPEED-1-1536x576.jpg 1536w, https:\/\/azurefilm.com\/wp-content\/uploads\/2024\/04\/ASA-SPEED-1-2048x768.jpg 2048w\" sizes=\"auto, (max-width: 2560px) 100vw, 2560px\" \/><\/p>\n<h4><strong>Conservazione del Prodotto<\/strong><span style=\"font-weight: 400;\"><br \/>\n<\/span><\/h4>\n<p><span style=\"font-weight: 400;\">Consigliamo di conservare il filamento in un luogo chiuso, fresco e asciutto, con un sacchetto di silice essiccante.<\/span><\/p>\n<div class=\"is-divider divider clearfix\" style=\"max-width:100%;height:1px;background-color:rgb(17, 107, 168);\"><\/div>\n<h2><strong>Caratteristiche e Propriet\u00e0<\/strong><\/h2>\n<table>\n<tbody>\n<tr>\n<th><\/th>\n<th><span style=\"font-weight: 400;\">Standard<\/span><\/th>\n<th><span style=\"font-weight: 400;\">Valore XY<\/span><\/th>\n<th><span style=\"font-weight: 400;\">Valore XZ<\/span><\/th>\n<th><span style=\"font-weight: 400;\">Valore ZX<\/span><\/th>\n<th><span style=\"font-weight: 400;\">Unit\u00e0<\/span><\/th>\n<\/tr>\n<tr>\n<td><span style=\"font-weight: 400;\">\u00a0Res. alla Trazione<\/span><\/td>\n<td><span style=\"font-weight: 400;\">ISO 527-2<\/span><\/td>\n<td><span style=\"font-weight: 400;\">37.6<\/span><\/td>\n<td><span style=\"font-weight: 400;\">43.0<\/span><\/td>\n<td><span style=\"font-weight: 400;\">9.4<\/span><\/td>\n<td><span style=\"font-weight: 400;\">MPa<\/span><\/td>\n<\/tr>\n<tr>\n<td><span style=\"font-weight: 400;\">\u00a0Res. allo Snerv.<\/span><\/td>\n<td><span style=\"font-weight: 400;\">ISO 527-2<\/span><\/td>\n<td><span style=\"font-weight: 400;\">30.1<\/span><\/td>\n<td><span style=\"font-weight: 400;\">31.4<\/span><\/td>\n<td><span style=\"font-weight: 400;\">\/<\/span><\/td>\n<td><span style=\"font-weight: 400;\">MPa<\/span><\/td>\n<\/tr>\n<tr>\n<td><span style=\"font-weight: 400;\">\u00a0Modulo di Trazione<\/span><\/td>\n<td><span style=\"font-weight: 400;\">ISO 527-2<\/span><\/td>\n<td><span style=\"font-weight: 400;\">1900<\/span><\/td>\n<td><span style=\"font-weight: 400;\">2000<\/span><\/td>\n<td><span style=\"font-weight: 400;\">1600<\/span><\/td>\n<td><span style=\"font-weight: 400;\">MPa<\/span><\/td>\n<\/tr>\n<tr>\n<td><span style=\"font-weight: 400;\">\u00a0Allung. allo Snerv.<\/span><\/td>\n<td><span style=\"font-weight: 400;\">ISO 527-2<\/span><\/td>\n<td><span style=\"font-weight: 400;\">2.9<\/span><\/td>\n<td><span style=\"font-weight: 400;\">3.2<\/span><\/td>\n<td><span style=\"font-weight: 400;\">0.6<\/span><\/td>\n<td><span style=\"font-weight: 400;\">%<\/span><\/td>\n<\/tr>\n<tr>\n<td><span style=\"font-weight: 400;\">\u00a0Res. alla Flessione<\/span><\/td>\n<td><span style=\"font-weight: 400;\">ISO 178<\/span><\/td>\n<td><span style=\"font-weight: 400;\">56.0<\/span><\/td>\n<td><span style=\"font-weight: 400;\">68.8<\/span><\/td>\n<td><span style=\"font-weight: 400;\">15.6<\/span><\/td>\n<td><span style=\"font-weight: 400;\">MPa<\/span><\/td>\n<\/tr>\n<tr>\n<td><span style=\"font-weight: 400;\">\u00a0Modulo di Flessione<\/span><\/td>\n<td><span style=\"font-weight: 400;\">ISO 178\u00a0<\/span><\/td>\n<td><span style=\"font-weight: 400;\">1900<\/span><\/td>\n<td><span style=\"font-weight: 400;\">2000<\/span><\/td>\n<td><span style=\"font-weight: 400;\">1700<\/span><\/td>\n<td><span style=\"font-weight: 400;\">MPa<\/span><\/td>\n<\/tr>\n<\/tbody>\n<\/table>\n<p><span style=\"font-weight: 400;\">Potete consultare la <\/span><b>Scheda Tecnica<\/b><span style=\"font-weight: 400;\"> e di <\/span><b>Sicurezza<\/b><span style=\"font-weight: 400;\"><a href=\"https:\/\/azurefilm.com\/it\/technical-data-sheets\/\" target=\"_blank\" rel=\"noopener\"><strong> qui<\/strong><\/a>.<\/span><\/p>\n","protected":false},"excerpt":{"rendered":"<p><span style=\"font-weight: 400;\">Scoprite il mondo della robustezza straordinaria, dell&#8217;alta resistenza agli urti e dell&#8217;eccellente adesione tra gli strati con il nostro filamento ASA Prime White. Perfetto per le applicazioni all&#8217;aperto.<\/span><\/p>\n","protected":false},"featured_media":32871,"comment_status":"closed","ping_status":"closed","template":"","meta":{"_acf_changed":false},"product_brand":[],"product_cat":[1554,1546,520,517,519],"product_tag":[1533],"brand":[267],"class_list":{"0":"post-32865","1":"product","2":"type-product","3":"status-publish","4":"has-post-thumbnail","6":"product_cat-asa-prime-it","7":"product_cat-collezione-prime","8":"product_cat-filamenti-asa","9":"product_cat-filamenti-3d","10":"product_cat-tutti-filamenti","11":"product_tag-high-speed","12":"pa_colour-white","13":"pa_filament-diameter-1-75mm","14":"pa_filament-weight-1000g","15":"brand-azurefilm","17":"first","18":"instock","19":"taxable","20":"shipping-taxable","21":"purchasable","22":"product-type-variable"},"acf":[],"_links":{"self":[{"href":"https:\/\/azurefilm.com\/it\/wp-json\/wp\/v2\/product\/32865","targetHints":{"allow":["GET"]}}],"collection":[{"href":"https:\/\/azurefilm.com\/it\/wp-json\/wp\/v2\/product"}],"about":[{"href":"https:\/\/azurefilm.com\/it\/wp-json\/wp\/v2\/types\/product"}],"replies":[{"embeddable":true,"href":"https:\/\/azurefilm.com\/it\/wp-json\/wp\/v2\/comments?post=32865"}],"wp:featuredmedia":[{"embeddable":true,"href":"https:\/\/azurefilm.com\/it\/wp-json\/wp\/v2\/media\/32871"}],"wp:attachment":[{"href":"https:\/\/azurefilm.com\/it\/wp-json\/wp\/v2\/media?parent=32865"}],"wp:term":[{"taxonomy":"product_brand","embeddable":true,"href":"https:\/\/azurefilm.com\/it\/wp-json\/wp\/v2\/product_brand?post=32865"},{"taxonomy":"product_cat","embeddable":true,"href":"https:\/\/azurefilm.com\/it\/wp-json\/wp\/v2\/product_cat?post=32865"},{"taxonomy":"product_tag","embeddable":true,"href":"https:\/\/azurefilm.com\/it\/wp-json\/wp\/v2\/product_tag?post=32865"},{"taxonomy":"brand","embeddable":true,"href":"https:\/\/azurefilm.com\/it\/wp-json\/wp\/v2\/brand?post=32865"}],"curies":[{"name":"wp","href":"https:\/\/api.w.org\/{rel}","templated":true}]}}