
{"id":32964,"date":"2024-04-17T11:54:14","date_gmt":"2024-04-17T11:54:14","guid":{"rendered":"https:\/\/azurefilm.com\/?post_type=product&#038;p=32964"},"modified":"2025-09-24T20:47:27","modified_gmt":"2025-09-24T20:47:27","slug":"filamento-abs-prime-silver","status":"publish","type":"product","link":"https:\/\/azurefilm.com\/it\/prodotto\/filamento-abs-prime-silver\/","title":{"rendered":"Filamento ABS Prime Silver"},"content":{"rendered":"<h2><strong>ABS Prime<\/strong><\/h2>\n<p><span style=\"font-weight: 400;\">L&#8217;ABS Prime \u00e8 il nostro filamento tecnico di fascia alta a zero deformazioni, basato sul normale ABS (acrilonitrile butadiene stirene). Grazie alla nostra formulazione migliorata, l&#8217;ABS Prime vanta una robustezza eccezionale, una maggiore resistenza agli urti e un&#8217;eccezionale adesione tra gli strati. Con l&#8217;ABS Prime potrete realizzare stampe precise e dettagliate, resistenti e con una splendida finitura superficiale.<\/span><\/p>\n<p><img loading=\"lazy\" decoding=\"async\" class=\"alignright wp-image-32524 \" src=\"https:\/\/azurefilm.com\/wp-content\/uploads\/2024\/04\/IT_Spider-chart-ABS-Prime-1024x600.png\" alt=\"\" width=\"700\" height=\"410\" title=\"\" srcset=\"https:\/\/azurefilm.com\/wp-content\/uploads\/2024\/04\/IT_Spider-chart-ABS-Prime-1024x600.png 1024w, https:\/\/azurefilm.com\/wp-content\/uploads\/2024\/04\/IT_Spider-chart-ABS-Prime-510x299.png 510w, https:\/\/azurefilm.com\/wp-content\/uploads\/2024\/04\/IT_Spider-chart-ABS-Prime-300x176.png 300w, https:\/\/azurefilm.com\/wp-content\/uploads\/2024\/04\/IT_Spider-chart-ABS-Prime-768x450.png 768w, https:\/\/azurefilm.com\/wp-content\/uploads\/2024\/04\/IT_Spider-chart-ABS-Prime-1536x900.png 1536w, https:\/\/azurefilm.com\/wp-content\/uploads\/2024\/04\/IT_Spider-chart-ABS-Prime.png 1670w\" sizes=\"auto, (max-width: 700px) 100vw, 700px\" \/><\/p>\n<p><span style=\"font-weight: 400;\">Per saperne di pi\u00f9 sui filamenti ABS Prime, leggete il nostro<\/span> <a href=\"https:\/\/azurefilm.com\/it\/2024\/04\/23\/vi-presentiamo-i-filamenti-prime\/\" target=\"_blank\" rel=\"noopener\"><b>blog<\/b><\/a><span style=\"font-weight: 400;\">.<\/span><\/p>\n<h3><strong>Consigli per la stampa:<\/strong><\/h3>\n<ul>\n<li style=\"font-weight: 400;\" aria-level=\"1\"><span style=\"font-weight: 400;\">Per ottenere risultati migliori, stampare a 240-265\u00b0C*.\u00a0<\/span><\/li>\n<li style=\"font-weight: 400;\" aria-level=\"1\"><span style=\"font-weight: 400;\">La temperatura consigliata per il piano di stampa \u00e8 di 70-100\u00b0C. Consigliamo l&#8217;utilizzo di una stampante 3D chiusa, sebbene questo materiale possa essere stampato anche senza copertura.<\/span><\/li>\n<li style=\"font-weight: 400;\" aria-level=\"1\"><span style=\"font-weight: 400;\">Consigliamo caldamente di utilizzare lastre di PEI\/vetro spesse e testurizzate, poich\u00e9 la rigidit\u00e0 e la resistenza dell&#8217;ABS Prime richiedono il peso e\/o l&#8217;attrazione magnetica di un piano di stampa di alta qualit\u00e0.<\/span><\/li>\n<\/ul>\n<p><i><span style=\"font-weight: 400;\">*<\/span><\/i> <i><span style=\"font-weight: 400;\">La temperatura ideale pu\u00f2 variare a seconda della stampante utilizzata.<\/span><\/i><\/p>\n<h3><strong>Tecniche di levigazione<\/strong><\/h3>\n<p><span style=\"font-weight: 400;\">Un metodo comune per levigare la superficie dell&#8217;oggetto ABS Prime stampato in 3D consiste nell&#8217;applicare l&#8217;acetone sulla superficie. Consigliamo di immergere direttamente l&#8217;oggetto nell&#8217;acetone anzich\u00e9 utilizzare la levigatura a vapore.<\/span><span style=\"font-weight: 400;\"><br \/>\n<\/span><\/p>\n<div class=\"is-divider divider clearfix\" style=\"max-width:100%;height:1px;background-color:rgb(17, 107, 168);\"><\/div>\n<h2><strong>Applicazioni<\/strong><\/h2>\n<p><span style=\"font-weight: 400;\">L&#8217;ABS Prime non si deforma e vanta un&#8217;eccellente adesione tra gli strati, che consente di eseguire stampe significativamente pi\u00f9 uniformi rispetto a quelle effettuate con l&#8217;ABS tradizionale, senza compromettere le sue propriet\u00e0 meccaniche.<\/span><\/p>\n<h3><strong>Zero deformazioni<\/strong><\/h3>\n<p><span style=\"font-weight: 400;\">Quando si stampano materiali ad alte prestazioni come l&#8217;ABS, spesso capita che il materiale si deformi. La deformazione si verifica quando i bordi di una parte stampata si sollevano dal piano di stampa, causando una deformazione della stampa. Insieme a una scarsa adesione tra gli strati, si formano delle crepe, che comportano un peggioramento generale dell&#8217;aspetto e della funzionalit\u00e0 della stampa. Grazie alla nostra formula migliorata, l&#8217;ABS Prime non presenta deformazioni e vanta un&#8217;eccellente adesione tra gli strati, eliminando completamente questi problemi comuni dell&#8217;ABS.<\/span><\/p>\n<div style=\"padding: 56.25% 0 0 0; position: relative;\"><iframe style=\"position: absolute; top: 0; left: 0; width: 100%; height: 100%;\" title=\"Zero deformazioni\" src=\"https:\/\/player.vimeo.com\/video\/935753924?badge=0&amp;autopause=0&amp;player_id=0&amp;app_id=58479\" frameborder=\"0\"><\/iframe><\/div>\n<p><script src=\"https:\/\/player.vimeo.com\/api\/player.js\"><\/script><\/p>\n<h3><strong>Elevata resistenza al calore<\/strong><\/h3>\n<p><span style=\"font-weight: 400;\">L&#8217;ABS Prime vanta un&#8217;elevata resistenza al calore, che lo rende un materiale particolarmente adatto alla stampa di parti che devono sopportare temperature elevate. Pertanto, l&#8217;ABS Prime viene utilizzato per stampare prototipi e parti per l&#8217;utente finale che devono essere testati in circostanze reali.<\/span><\/p>\n<p><img loading=\"lazy\" decoding=\"async\" class=\"wp-image-31859 size-full aligncenter\" src=\"https:\/\/azurefilm.com\/wp-content\/uploads\/2024\/04\/ABS-PRIME-High-Heat-Res-scaled.jpg\" alt=\"\" width=\"2560\" height=\"961\" title=\"\" srcset=\"https:\/\/azurefilm.com\/wp-content\/uploads\/2024\/04\/ABS-PRIME-High-Heat-Res-scaled.jpg 2560w, https:\/\/azurefilm.com\/wp-content\/uploads\/2024\/04\/ABS-PRIME-High-Heat-Res-scaled-510x191.jpg 510w, https:\/\/azurefilm.com\/wp-content\/uploads\/2024\/04\/ABS-PRIME-High-Heat-Res-300x113.jpg 300w, https:\/\/azurefilm.com\/wp-content\/uploads\/2024\/04\/ABS-PRIME-High-Heat-Res-1024x384.jpg 1024w, https:\/\/azurefilm.com\/wp-content\/uploads\/2024\/04\/ABS-PRIME-High-Heat-Res-768x288.jpg 768w, https:\/\/azurefilm.com\/wp-content\/uploads\/2024\/04\/ABS-PRIME-High-Heat-Res-1536x576.jpg 1536w, https:\/\/azurefilm.com\/wp-content\/uploads\/2024\/04\/ABS-PRIME-High-Heat-Res-2048x768.jpg 2048w\" sizes=\"auto, (max-width: 2560px) 100vw, 2560px\" \/><\/p>\n<h3><strong>Elevata resistenza agli urti<\/strong><\/h3>\n<p><span style=\"font-weight: 400;\">Con il termine &#8220;resistenza agli urti&#8221; si intende la capacit\u00e0 di un materiale di resistere alla deformazione, alla formazione di crepe e alla rottura in seguito a un impatto improvviso e violento. L&#8217;ABS Prime vanta un&#8217;elevata resistenza agli urti<\/span><span style=\"font-weight: 400;\">,<\/span><span style=\"font-weight: 400;\"> il che significa che pu\u00f2 sopportare un&#8217;elevata quantit\u00e0 di impatti senza compromettere l&#8217;integrit\u00e0 della stampa.<\/span><\/p>\n<div style=\"padding: 56.25% 0 0 0; position: relative;\"><iframe style=\"position: absolute; top: 0; left: 0; width: 100%; height: 100%;\" title=\"Elevata resistenza agli urti\" src=\"https:\/\/player.vimeo.com\/video\/935754718?badge=0&amp;autopause=0&amp;player_id=0&amp;app_id=58479\" frameborder=\"0\"><\/iframe><\/div>\n<p><script src=\"https:\/\/player.vimeo.com\/api\/player.js\"><\/script><\/p>\n<h3><strong>Eccezionale adesione tra gli strati<\/strong><\/h3>\n<p><span style=\"font-weight: 400;\">L&#8217;ABS Prime vanta un&#8217;eccellente adesione interstrato, un attributo fondamentale per garantire l&#8217;integrit\u00e0 strutturale e la robustezza delle parti stampate. Una buona adesione tra gli strati riduce al minimo il rischio di crepe sotto pressione e rende pi\u00f9 scorrevole la stampa.<\/span><\/p>\n<div style=\"padding: 56.25% 0 0 0; position: relative;\"><iframe style=\"position: absolute; top: 0; left: 0; width: 100%; height: 100%;\" title=\"Eccezionale adesione tra gli strati\" src=\"https:\/\/player.vimeo.com\/video\/935755950?badge=0&amp;autopause=0&amp;player_id=0&amp;app_id=58479\" frameborder=\"0\"><\/iframe><\/div>\n<p><script src=\"https:\/\/player.vimeo.com\/api\/player.js\"><\/script><\/p>\n<h3><span style=\"font-weight: 400;\">\u00a0<strong>Stampe altamente precise con dettagli fini<\/strong><\/span><\/h3>\n<p><span style=\"font-weight: 400;\">Con l&#8217;ABS Prime potete creare stampe che presentano i dettagli pi\u00f9 elaborati senza pregiudicare le propriet\u00e0 meccaniche che vi aspettate da un materiale di alto livello ingegneristico.<\/span><\/p>\n<p><img loading=\"lazy\" decoding=\"async\" class=\"aligncenter wp-image-31883 size-full\" src=\"https:\/\/azurefilm.com\/wp-content\/uploads\/2024\/04\/ABS-PRIME-High-percision-scaled.jpg\" alt=\"\" width=\"2560\" height=\"961\" title=\"\" srcset=\"https:\/\/azurefilm.com\/wp-content\/uploads\/2024\/04\/ABS-PRIME-High-percision-scaled.jpg 2560w, https:\/\/azurefilm.com\/wp-content\/uploads\/2024\/04\/ABS-PRIME-High-percision-scaled-510x191.jpg 510w, https:\/\/azurefilm.com\/wp-content\/uploads\/2024\/04\/ABS-PRIME-High-percision-300x113.jpg 300w, https:\/\/azurefilm.com\/wp-content\/uploads\/2024\/04\/ABS-PRIME-High-percision-1024x384.jpg 1024w, https:\/\/azurefilm.com\/wp-content\/uploads\/2024\/04\/ABS-PRIME-High-percision-768x288.jpg 768w, https:\/\/azurefilm.com\/wp-content\/uploads\/2024\/04\/ABS-PRIME-High-percision-1536x576.jpg 1536w, https:\/\/azurefilm.com\/wp-content\/uploads\/2024\/04\/ABS-PRIME-High-percision-2048x768.jpg 2048w\" sizes=\"auto, (max-width: 2560px) 100vw, 2560px\" \/><\/p>\n<h3><strong>Odore contenuto<\/strong><\/h3>\n<p><span style=\"font-weight: 400;\">L&#8217;ABS Prime emana un odore significativamente pi\u00f9 ridotto durante la stampa rispetto all&#8217;ABS normale, il che lo rende pi\u00f9 piacevole da lavorare. Sebbene l&#8217;ABS Prime rilasci meno tossine e fumi quando il materiale viene riscaldato, consigliamo ugualmente di lavorare con le stampanti 3D in uno spazio ben ventilato.<\/span><\/p>\n<h4><strong>Conservazione del prodotto<\/strong><span style=\"font-weight: 400;\"><br \/>\n<\/span><\/h4>\n<p><span style=\"font-weight: 400;\">Consigliamo di conservare il filamento in uno spazio chiuso, fresco e asciutto, con un pacchetto di silice essiccante, lontano dai raggi UV.<\/span><\/p>\n<div class=\"is-divider divider clearfix\" style=\"max-width:100%;height:1px;background-color:rgb(17, 107, 168);\"><\/div>\n<h2><strong>Caratteristiche e Propriet\u00e0<\/strong><\/h2>\n<table>\n<tbody>\n<tr>\n<th><\/th>\n<th><span style=\"font-weight: 400;\">Standard<\/span><\/th>\n<th><span style=\"font-weight: 400;\">Valore XY<\/span><\/th>\n<th><span style=\"font-weight: 400;\">Valore XZ<\/span><\/th>\n<th><span style=\"font-weight: 400;\">Valore ZX<\/span><\/th>\n<th><span style=\"font-weight: 400;\">Unit\u00e0<\/span><\/th>\n<\/tr>\n<tr>\n<td><span style=\"font-weight: 400;\">\u00a0Res. alla Trazione<\/span><\/td>\n<td><span style=\"font-weight: 400;\">ISO 527-2<\/span><\/td>\n<td><span style=\"font-weight: 400;\">30.9<\/span><\/td>\n<td><span style=\"font-weight: 400;\">33.5<\/span><\/td>\n<td><span style=\"font-weight: 400;\">11.5<\/span><\/td>\n<td><span style=\"font-weight: 400;\">MPa<\/span><\/td>\n<\/tr>\n<tr>\n<td><span style=\"font-weight: 400;\">\u00a0Res. allo Snerv.<\/span><\/td>\n<td><span style=\"font-weight: 400;\">ISO 527-2<\/span><\/td>\n<td><span style=\"font-weight: 400;\">25.2<\/span><\/td>\n<td><span style=\"font-weight: 400;\">26.6<\/span><\/td>\n<td><span style=\"font-weight: 400;\">\/<\/span><\/td>\n<td><span style=\"font-weight: 400;\">MPa<\/span><\/td>\n<\/tr>\n<tr>\n<td><span style=\"font-weight: 400;\">\u00a0Modulo di Trazione<\/span><\/td>\n<td><span style=\"font-weight: 400;\">ISO 527-2<\/span><\/td>\n<td><span style=\"font-weight: 400;\">1600<\/span><\/td>\n<td><span style=\"font-weight: 400;\">1600<\/span><\/td>\n<td><span style=\"font-weight: 400;\">1400<\/span><\/td>\n<td><span style=\"font-weight: 400;\">MPa<\/span><\/td>\n<\/tr>\n<tr>\n<td><span style=\"font-weight: 400;\">\u00a0Allung. allo Snerv.<\/span><\/td>\n<td><span style=\"font-weight: 400;\">ISO 527-2<\/span><\/td>\n<td><span style=\"font-weight: 400;\">3.2<\/span><\/td>\n<td><span style=\"font-weight: 400;\">3.2<\/span><\/td>\n<td><span style=\"font-weight: 400;\">0.9<\/span><\/td>\n<td><span style=\"font-weight: 400;\">%<\/span><\/td>\n<\/tr>\n<tr>\n<td><span style=\"font-weight: 400;\">\u00a0Res. alla Flession<\/span><\/td>\n<td><span style=\"font-weight: 400;\">ISO 178<\/span><\/td>\n<td><span style=\"font-weight: 400;\">47.3<\/span><\/td>\n<td><span style=\"font-weight: 400;\">55.5<\/span><\/td>\n<td><span style=\"font-weight: 400;\">24.3<\/span><\/td>\n<td><span style=\"font-weight: 400;\">MPa<\/span><\/td>\n<\/tr>\n<tr>\n<td><span style=\"font-weight: 400;\">\u00a0Modulo di Flessione<\/span><\/td>\n<td><span style=\"font-weight: 400;\">ISO 178\u00a0<\/span><\/td>\n<td><span style=\"font-weight: 400;\">1600<\/span><\/td>\n<td><span style=\"font-weight: 400;\">1700<\/span><\/td>\n<td><span style=\"font-weight: 400;\">1500<\/span><\/td>\n<td><span style=\"font-weight: 400;\">MPa<\/span><\/td>\n<\/tr>\n<tr>\n<td><span style=\"font-weight: 400;\">\u00a0Resistenza agli urti<\/span><\/td>\n<td><span style=\"font-weight: 400;\">ISO 179<\/span><\/td>\n<td><span style=\"font-weight: 400;\">55.5<\/span><\/td>\n<td><span style=\"font-weight: 400;\">\/<\/span><\/td>\n<td><span style=\"font-weight: 400;\">\/<\/span><\/td>\n<td><span style=\"font-weight: 400;\">kJ\/m\u00b2<\/span><\/td>\n<\/tr>\n<\/tbody>\n<\/table>\n<p><span style=\"font-weight: 400;\">Potete consultare la <\/span><b>Scheda Tecnica<\/b><span style=\"font-weight: 400;\"> e di <\/span><b>Sicurezza<\/b><span style=\"font-weight: 400;\"><a href=\"https:\/\/azurefilm.com\/it\/technical-data-sheets\/\" target=\"_blank\" rel=\"noopener\"><strong> qui<\/strong><\/a>.<\/span><\/p>\n","protected":false},"excerpt":{"rendered":"<p><span style=\"font-weight: 400;\">Vi presentiamo una robustezza eccezionale con una maggiore resistenza agli urti e un&#8217;eccellente adesione tra gli strati garantita dal nostro filamento ABS Prime Silver. Perfetto per applicazioni durature.<\/span><\/p>\n","protected":false},"featured_media":32970,"comment_status":"closed","ping_status":"closed","template":"","meta":{"_acf_changed":false},"product_brand":[],"product_cat":[1558,1546,620,517,519],"product_tag":[],"brand":[267],"class_list":{"0":"post-32964","1":"product","2":"type-product","3":"status-publish","4":"has-post-thumbnail","6":"product_cat-abs-prime-it","7":"product_cat-collezione-prime","8":"product_cat-filamenti-abs","9":"product_cat-filamenti-3d","10":"product_cat-tutti-filamenti","11":"pa_colour-gray","12":"pa_filament-diameter-1-75mm","13":"pa_filament-weight-1000g","14":"brand-azurefilm","16":"first","17":"instock","18":"taxable","19":"shipping-taxable","20":"purchasable","21":"product-type-variable"},"acf":[],"_links":{"self":[{"href":"https:\/\/azurefilm.com\/it\/wp-json\/wp\/v2\/product\/32964","targetHints":{"allow":["GET"]}}],"collection":[{"href":"https:\/\/azurefilm.com\/it\/wp-json\/wp\/v2\/product"}],"about":[{"href":"https:\/\/azurefilm.com\/it\/wp-json\/wp\/v2\/types\/product"}],"replies":[{"embeddable":true,"href":"https:\/\/azurefilm.com\/it\/wp-json\/wp\/v2\/comments?post=32964"}],"wp:featuredmedia":[{"embeddable":true,"href":"https:\/\/azurefilm.com\/it\/wp-json\/wp\/v2\/media\/32970"}],"wp:attachment":[{"href":"https:\/\/azurefilm.com\/it\/wp-json\/wp\/v2\/media?parent=32964"}],"wp:term":[{"taxonomy":"product_brand","embeddable":true,"href":"https:\/\/azurefilm.com\/it\/wp-json\/wp\/v2\/product_brand?post=32964"},{"taxonomy":"product_cat","embeddable":true,"href":"https:\/\/azurefilm.com\/it\/wp-json\/wp\/v2\/product_cat?post=32964"},{"taxonomy":"product_tag","embeddable":true,"href":"https:\/\/azurefilm.com\/it\/wp-json\/wp\/v2\/product_tag?post=32964"},{"taxonomy":"brand","embeddable":true,"href":"https:\/\/azurefilm.com\/it\/wp-json\/wp\/v2\/brand?post=32964"}],"curies":[{"name":"wp","href":"https:\/\/api.w.org\/{rel}","templated":true}]}}