
{"id":43087,"date":"2024-09-09T13:12:06","date_gmt":"2024-09-09T13:12:06","guid":{"rendered":"https:\/\/azurefilm.com\/product\/kobra-3-combo\/"},"modified":"2026-02-26T15:26:56","modified_gmt":"2026-02-26T15:26:56","slug":"anycubic-kobra-3-combo","status":"publish","type":"product","link":"https:\/\/azurefilm.com\/it\/prodotto\/anycubic-kobra-3-combo\/","title":{"rendered":"Anycubic Kobra 3 Combo"},"content":{"rendered":"<h2><b>Kobra Anycubic 3<\/b><\/h2>\n<p><span style=\"font-weight: 400;\">Con un ampio volume di costruzione di 250 x 250 x 260mm, Kobra 3 vi offre molto spazio per progetti ambiziosi, mentre la sua velocit\u00e0 fino a 600mm\/s e l&#8217;accelerazione di 20.000mm\/s\u00b2 vi lasceranno a bocca aperta per la sua velocit\u00e0. tempi di stampa.<\/span><\/p>\n<p><b>Design elegante ma resistente<\/b><\/p>\n<p><span style=\"font-weight: 400;\">Questa stampante unisce eleganza e resistenza, grazie a moduli principali integrati e facili da installare in un design sigillato che protegge i componenti chiave dalla polvere e da altri fattori ambientali.<\/span><\/p>\n<p><b>Precisione in movimento<\/b><\/p>\n<p><span style=\"font-weight: 400;\">Il suo asse XY, dotato di doppia anima in metallo e cuscinetti SG15, garantisce prestazioni fluide e stabili e affidabilit\u00e0 duratura.<\/span><\/p>\n<p><b>Robusto asse Z con doppia vite<\/b><\/p>\n<p><span style=\"font-weight: 400;\">Le doppie viti di comando della Kobra 3 sull&#8217;asse Z riducono la resistenza durante la stampa, migliorando la stabilit\u00e0 e la qualit\u00e0 di stampa.<\/span><\/p>\n<p><b>Sistema di raffreddamento migliorato<\/b><\/p>\n<p><span style=\"font-weight: 400;\">Una ventola dell&#8217;estrusore riprogettata raggiunge l&#8217;impressionante velocit\u00e0 di 7.000 giri al minuto, migliorando la dissipazione del calore e raffreddando i modelli pi\u00f9 velocemente.<\/span><\/p>\n<p><b>Livellamento automatico LeviQ 3.0<\/b><\/p>\n<p><span style=\"font-weight: 400;\">Con LeviQ 3.0, il livellamento automatico \u00e8 semplicissimo. Uno speciale modulo regola automaticamente l&#8217;offset Z con la semplice pressione di un pulsante, garantendo precisione ad ogni stampa.<\/span><\/p>\n<p><b>Funzionalit\u00e0 intelligenti per prestazioni ottimali<\/b><\/p>\n<p><b>Monitoraggio della tensione della cinghia: <\/b><span style=\"font-weight: 400;\">il rilevamento della risonanza identifica e regola automaticamente la tensione della cinghia, garantendo un funzionamento regolare (richiede una fotocamera per la funzione AI).<\/span><\/p>\n<p><b>Riprendi la stampa<\/b><span style=\"font-weight: 400;\">: riprende automaticamente da dove era stata interrotta dopo un&#8217;interruzione di corrente imprevista.<\/span><\/p>\n<p><b>Sensore di esaurimento del filamento<\/b><span style=\"font-weight: 400;\">: rileva quando il filamento si sta esaurendo e mette in pausa la stampa per evitare errori.<\/span><\/p>\n<p><b>Compensazione delle vibrazioni<\/b><\/p>\n<p><span style=\"font-weight: 400;\">Un accelerometro integrato rileva la risonanza negli assi X e Y, apportando regolazioni al movimento per stampe stabili e ad alta precisione.<\/span><\/p>\n<p><b>Capacit\u00e0 ad alta temperatura<\/b><\/p>\n<p><span style=\"font-weight: 400;\">Kobra 3 \u00e8 progettato per gestire temperature fino a 300\u00b0C, con comoda sostituzione degli ugelli senza attrezzi.<\/span><\/p>\n<p><b>Ulteriori punti salienti:<\/b><\/p>\n<ul>\n<li style=\"font-weight: 400;\" aria-level=\"1\"><span style=\"font-weight: 400;\">Scheda madre silenziosa a 32 bit con driver silenziosi.<\/span><\/li>\n<li style=\"font-weight: 400;\" aria-level=\"1\"><span style=\"font-weight: 400;\">Touchscreen da 4,3 pollici con angoli di visione regolabili (30\u00b0-60\u00b0).<\/span><\/li>\n<li style=\"font-weight: 400;\" aria-level=\"1\"><span style=\"font-weight: 400;\">Facile regolazione della tensione della cinghia tramite un semplice pulsante.<\/span><\/li>\n<\/ul>\n<p>&nbsp;<\/p>\n<h2><b>Motore di colore Anycubic Pro \u2013 ACE Pro<\/b><\/h2>\n<p><span style=\"font-weight: 400;\">ACE Pro vi consente di stampare con pi\u00f9 materiali e colori contemporaneamente, perfetto per aggiungere complessit\u00e0 creativa ai tuoi progetti. Pu\u00f2 contenere fino a quattro bobine di colore diverso contemporaneamente e, se abbinato a un altro sistema ACE, consente di stampare fino a otto colori.<\/span><\/p>\n<p><b>Come funziona?<\/b><\/p>\n<p><span style=\"font-weight: 400;\">I colori vengono cambiati automaticamente durante la stampa in base alle impostazioni dell&#8217;affettatrice, rendendo la stampa multicolore senza problemi.<\/span><\/p>\n<p><b>Asciugatura attiva per stampe migliori<\/b><\/p>\n<p><span style=\"font-weight: 400;\">Con un doppio elemento riscaldante da 200 watt e potenti ventole, ACE Pro asciuga attivamente i filamenti durante la stampa, garantendo che rimangano privi di umidit\u00e0. Suggerimento: la temperatura interna pu\u00f2 essere impostata fino a 55\u00b0C con un&#8217;umidit\u00e0 ottimale.<\/span><\/p>\n<p><span style=\"font-weight: 400;\">Peteteanche utilizzare il sistema per conservare in sicurezza i filamenti tra una stampa e l&#8217;altra.\u00a0<\/span><\/p>\n<p><b>Design antigroviglio<\/b><\/p>\n<p><span style=\"font-weight: 400;\">Ogni bobina di filamento ha la sua linea di uscita, riducendo il rischio di grovigli e garantendo transizioni di colore uniformi. Inoltre, la funzione di riavvolgimento attivo aiuta a prevenire gli sprechi di materiale.<\/span><\/p>\n<p><b>Le funzionalit\u00e0 avanzate includono:<\/b><\/p>\n<ul>\n<li style=\"font-weight: 400;\" aria-level=\"1\"><span style=\"font-weight: 400;\">Rilevamento intasamenti: rileva tempestivamente i blocchi per evitare interruzioni della stampa.<\/span><\/li>\n<li style=\"font-weight: 400;\" aria-level=\"1\"><span style=\"font-weight: 400;\">Cambio automatico della bobina: continua a stampare senza interruzioni con una seconda bobina quando la prima si esaurisce.<\/span><\/li>\n<li style=\"font-weight: 400;\" aria-level=\"1\"><span style=\"font-weight: 400;\">Cambio colore intelligente: ottimizza i cambi colore per ridurre gli sprechi e i tempi di stampa.<\/span><\/li>\n<\/ul>\n<p><b>Affettatrice e app Anycubic:<\/b><\/p>\n<ul>\n<li style=\"font-weight: 400;\" aria-level=\"1\"><span style=\"font-weight: 400;\">Supporta la stampa multicolore, il taglio e il cambio colore.<\/span><\/li>\n<li style=\"font-weight: 400;\" aria-level=\"1\"><span style=\"font-weight: 400;\">Offre il controllo remoto tramite computer o smartphone.<\/span><\/li>\n<li style=\"font-weight: 400;\" aria-level=\"1\"><span style=\"font-weight: 400;\">Monitora lo stato della stampa in tempo reale con il supporto della fotocamera opzionale.<\/span><\/li>\n<li style=\"font-weight: 400;\" aria-level=\"1\"><span style=\"font-weight: 400;\">Ti consente di controllare la stampante 3D sulla tua rete locale.<\/span><\/li>\n<\/ul>\n<p><b><br \/>\nPacchetto Kobra 3 Combo incluso:\u00a0<\/b><\/p>\n<ul>\n<li style=\"font-weight: 400;\" aria-level=\"1\"><span style=\"font-weight: 400;\">1 Kobra 3<\/span><\/li>\n<li style=\"font-weight: 400;\" aria-level=\"1\"><span style=\"font-weight: 400;\">1 motore di colore Anycubic Pro (ACE Pro)<\/span><\/li>\n<li style=\"font-weight: 400;\" aria-level=\"1\"><span style=\"font-weight: 400;\">1 testina di stampa<\/span><\/li>\n<li style=\"font-weight: 400;\" aria-level=\"1\"><span style=\"font-weight: 400;\">1 touchscreen<\/span><\/li>\n<li style=\"font-weight: 400;\" aria-level=\"1\"><span style=\"font-weight: 400;\">1 supporto per bobina<\/span><\/li>\n<li style=\"font-weight: 400;\" aria-level=\"1\"><span style=\"font-weight: 400;\">1 supporto per cavo<\/span><\/li>\n<li style=\"font-weight: 400;\" aria-level=\"1\"><span style=\"font-weight: 400;\">1 spazzola per la pulizia<\/span><\/li>\n<li style=\"font-weight: 400;\" aria-level=\"1\"><span style=\"font-weight: 400;\">2 viti M2x14<\/span><\/li>\n<li style=\"font-weight: 400;\" aria-level=\"1\"><span style=\"font-weight: 400;\">4 viti M3x6<\/span><\/li>\n<li style=\"font-weight: 400;\" aria-level=\"1\"><span style=\"font-weight: 400;\">2 viti M4x16<\/span><\/li>\n<li style=\"font-weight: 400;\" aria-level=\"1\"><span style=\"font-weight: 400;\">1 vite M3x10<\/span><\/li>\n<li style=\"font-weight: 400;\" aria-level=\"1\"><span style=\"font-weight: 400;\">1 vite M3x8<\/span><\/li>\n<li style=\"font-weight: 400;\" aria-level=\"1\"><span style=\"font-weight: 400;\">1 disco U<\/span><\/li>\n<li style=\"font-weight: 400;\" aria-level=\"1\"><span style=\"font-weight: 400;\">2 alimentatori<\/span><\/li>\n<li style=\"font-weight: 400;\" aria-level=\"1\"><span style=\"font-weight: 400;\">1 cavo di segnale<\/span><\/li>\n<li style=\"font-weight: 400;\" aria-level=\"1\"><span style=\"font-weight: 400;\">4 raccoglitori di cavi<\/span><\/li>\n<li style=\"font-weight: 400;\" aria-level=\"1\"><span style=\"font-weight: 400;\">5 tubi per filamenti<\/span><\/li>\n<li style=\"font-weight: 400;\" aria-level=\"1\"><span style=\"font-weight: 400;\">1 set di chiavi<\/span><\/li>\n<li style=\"font-weight: 400;\" aria-level=\"1\"><span style=\"font-weight: 400;\">1 set di chiavi a brugola (4.0, 3.0, 2.5, 2.0, 1.5)<\/span><\/li>\n<li style=\"font-weight: 400;\" aria-level=\"1\"><span style=\"font-weight: 400;\">1 filamento<\/span><\/li>\n<li style=\"font-weight: 400;\" aria-level=\"1\"><span style=\"font-weight: 400;\">1 grasso<\/span><\/li>\n<li style=\"font-weight: 400;\" aria-level=\"1\"><span style=\"font-weight: 400;\">1 detergente per ugelli<\/span><\/li>\n<\/ul>\n","protected":false},"excerpt":{"rendered":"<p><span style=\"font-weight: 400;\">Aumentate il divertimento nella tua esperienza di stampa 3D! <strong>Anycubic Kobra 3 Combo<\/strong> offre una coppia dinamica di tecnologia di stampa 3D perfettamente sincronizzata che eleva i vostriprogetti creativi a un livello superiore.<\/span><\/p>\n<p><span style=\"font-weight: 400;\">La combinazione include due potenti componenti progettati per portare le vostrestampe 3D a nuovi livelli:<\/span><\/p>\n<p><span style=\"font-weight: 400;\">Innanzitutto, la stampante 3D Kobra 3 FDM offre una velocit\u00e0 incredibile, stampando fino a <strong>600mm\/s con un&#8217;accelerazione massima di 20.000mm\/s\u00b2<\/strong>. Supportato da Anycubic Color Engine Pro (ACE Pro), un sistema automatico di materiale con funzione di asciugatura, avretetutto ci\u00f2 di cui avetebisogno per la<strong> stampa multicolore.<\/strong><\/span><\/p>\n","protected":false},"featured_media":43037,"comment_status":"closed","ping_status":"closed","template":"","meta":{"_acf_changed":false},"product_brand":[],"product_cat":[598,1621,623,599],"product_tag":[],"brand":[],"class_list":{"0":"post-43087","1":"product","2":"type-product","3":"status-publish","4":"has-post-thumbnail","6":"product_cat-tutti-stampanti-3d","7":"product_cat-anycubic-it","8":"product_cat-saldi","9":"product_cat-stampante-3d-fdm","11":"first","12":"outofstock","13":"sale","14":"taxable","15":"shipping-taxable","16":"purchasable","17":"product-type-simple"},"acf":[],"_links":{"self":[{"href":"https:\/\/azurefilm.com\/it\/wp-json\/wp\/v2\/product\/43087","targetHints":{"allow":["GET"]}}],"collection":[{"href":"https:\/\/azurefilm.com\/it\/wp-json\/wp\/v2\/product"}],"about":[{"href":"https:\/\/azurefilm.com\/it\/wp-json\/wp\/v2\/types\/product"}],"replies":[{"embeddable":true,"href":"https:\/\/azurefilm.com\/it\/wp-json\/wp\/v2\/comments?post=43087"}],"wp:featuredmedia":[{"embeddable":true,"href":"https:\/\/azurefilm.com\/it\/wp-json\/wp\/v2\/media\/43037"}],"wp:attachment":[{"href":"https:\/\/azurefilm.com\/it\/wp-json\/wp\/v2\/media?parent=43087"}],"wp:term":[{"taxonomy":"product_brand","embeddable":true,"href":"https:\/\/azurefilm.com\/it\/wp-json\/wp\/v2\/product_brand?post=43087"},{"taxonomy":"product_cat","embeddable":true,"href":"https:\/\/azurefilm.com\/it\/wp-json\/wp\/v2\/product_cat?post=43087"},{"taxonomy":"product_tag","embeddable":true,"href":"https:\/\/azurefilm.com\/it\/wp-json\/wp\/v2\/product_tag?post=43087"},{"taxonomy":"brand","embeddable":true,"href":"https:\/\/azurefilm.com\/it\/wp-json\/wp\/v2\/brand?post=43087"}],"curies":[{"name":"wp","href":"https:\/\/api.w.org\/{rel}","templated":true}]}}