
{"id":43199,"date":"2024-09-10T10:15:15","date_gmt":"2024-09-10T10:15:15","guid":{"rendered":"https:\/\/azurefilm.com\/?post_type=product&#038;p=43199"},"modified":"2025-03-11T10:23:11","modified_gmt":"2025-03-11T10:23:11","slug":"creality-k2-plus-combo","status":"publish","type":"product","link":"https:\/\/azurefilm.com\/it\/prodotto\/creality-k2-plus-combo\/","title":{"rendered":"Creality K2 Plus Combo"},"content":{"rendered":"<p><span style=\"font-weight: 400;\">La Creality K2 Plus Combo \u00e8 la prima stampante 3D di Creality dotata di un sistema multicolore! Il sistema CFS o Creality Filament System consente di stampare con 4 colori contemporaneamente, il che rende Creality uno dei marchi di stampanti 3D pi\u00f9 innovativi del momento.<\/span><\/p>\n<h2><span style=\"font-weight: 400;\">Stampa multicolore<\/span><\/h2>\n<p><span style=\"font-weight: 400;\">Il sistema CFS di cui \u00e8 dotata la Creality K2 Plus Combo consente di stampare a 4 colori contemporaneamente. Inoltre, \u00e8 possibile collegare 4 unit\u00e0 CFS per creare un sistema a 16 colori.\u00a0<\/span><\/p>\n<p><span style=\"font-weight: 400;\">Il sistema CFS permette di caricare e sostituire i filamenti in modo automatico. Il design chiuso con controllo della temperatura e dell&#8217;umidit\u00e0 mantiene in modo attivo le condizioni di stampa ottimali e asciuga il filamento. Il sistema CFS \u00e8 compatibile con la K2 Plus e con altre stampanti Creality future. Il sistema migliora la qualit\u00e0 e l&#8217;efficienza di stampa, supporta i materiali idrosolubili per semplificare la post-elaborazione e amplia le possibilit\u00e0 creative e di design.<\/span><\/p>\n<p><span style=\"font-weight: 400;\">Creality ha annunciato che in futuro saranno disponibili aggiornamenti del CFS per i modelli K1 ed Ender 3 V3.<\/span><\/p>\n<h2><span style=\"font-weight: 400;\">Controllo motore ad anello chiuso<\/span><\/h2>\n<p><span style=\"font-weight: 400;\">L&#8217;implementazione del motore ad anello chiuso FOC (Field-Oriented Control) per tutti i motori della nuova stampante K2 Plus consente di avere un migliore controllo dei motori, compreso l&#8217;estrusore. Ci sono pi\u00f9 di 32.000 micropassi controllati per ogni rotazione del motore, che garantiscono una coppia migliore, una precisione maggiore, bassi margini di errore e velocit\u00e0 elevatissime.<\/span><\/p>\n<h2><span style=\"font-weight: 400;\">Estrusore APUS Direct Drive<\/span><\/h2>\n<p><span style=\"font-weight: 400;\">Oltre alle sue prestazioni, questo nuovo direct drive \u00e8 dotato anche di un sensore di esaurimento integrato e di un sensore di livellamento preciso. Gli ingranaggi sono realizzati in acciaio temprato e rivestiti con un rivestimento DLC che protegge e garantisce la stabilit\u00e0 quando si stampa con materiali pi\u00f9 impegnativi, come il filamento in fibra di carbonio. L&#8217;hot end si riscalda fino a 350\u00b0C e offre un flusso migliore rispetto al modello precedente.<\/span><\/p>\n<h2><span style=\"font-weight: 400;\">Grande accelerazione e velocit\u00e0<\/span><\/h2>\n<p><span style=\"font-weight: 400;\">La K2 Plus pu\u00f2 raggiungere i 600 mm\/s e l&#8217;accelerazione arriva fino a 30.000 mm\/s\u00b2. Di conseguenza, questo modello \u00e8 attualmente una delle stampanti che offre le opzioni di accelerazione pi\u00f9 rapide, il che consente di stampare in modo estremamente veloce.<\/span><\/p>\n<h2><span style=\"font-weight: 400;\">Ampio formato di stampa<\/span><\/h2>\n<p><span style=\"font-weight: 400;\">Creality ha saputo dimostrare il suo impegno nei confronti dei feedback dei clienti integrando nel nuovo modello una generosa superficie di stampa di 350 mm\u00b3. Un&#8217;area cos\u00ec ampia \u00e8 davvero notevole per una stampante da scrivania e permette di cogliere nuove possibilit\u00e0 creative.<\/span><\/p>\n","protected":false},"excerpt":{"rendered":"<p><span style=\"font-weight: 400;\">Provate la Creality K2 Plus Combo: stampa multicolore con il sistema CFS, velocit\u00e0 elevate e un ampio volume di costruzione di 350x350x350mm3 per una maggiore creativit\u00e0.<\/span><\/p>\n","protected":false},"featured_media":43196,"comment_status":"closed","ping_status":"closed","template":"","meta":{"_acf_changed":false},"product_brand":[],"product_cat":[595,602,623,599,598],"product_tag":[],"brand":[],"class_list":{"0":"post-43199","1":"product","2":"type-product","3":"status-publish","4":"has-post-thumbnail","6":"product_cat-stampante-3d","7":"product_cat-creality-it","8":"product_cat-saldi","9":"product_cat-stampante-3d-fdm","10":"product_cat-tutti-stampanti-3d","12":"first","13":"onbackorder","14":"sale","15":"taxable","16":"shipping-taxable","17":"purchasable","18":"product-type-simple"},"acf":[],"_links":{"self":[{"href":"https:\/\/azurefilm.com\/it\/wp-json\/wp\/v2\/product\/43199","targetHints":{"allow":["GET"]}}],"collection":[{"href":"https:\/\/azurefilm.com\/it\/wp-json\/wp\/v2\/product"}],"about":[{"href":"https:\/\/azurefilm.com\/it\/wp-json\/wp\/v2\/types\/product"}],"replies":[{"embeddable":true,"href":"https:\/\/azurefilm.com\/it\/wp-json\/wp\/v2\/comments?post=43199"}],"wp:featuredmedia":[{"embeddable":true,"href":"https:\/\/azurefilm.com\/it\/wp-json\/wp\/v2\/media\/43196"}],"wp:attachment":[{"href":"https:\/\/azurefilm.com\/it\/wp-json\/wp\/v2\/media?parent=43199"}],"wp:term":[{"taxonomy":"product_brand","embeddable":true,"href":"https:\/\/azurefilm.com\/it\/wp-json\/wp\/v2\/product_brand?post=43199"},{"taxonomy":"product_cat","embeddable":true,"href":"https:\/\/azurefilm.com\/it\/wp-json\/wp\/v2\/product_cat?post=43199"},{"taxonomy":"product_tag","embeddable":true,"href":"https:\/\/azurefilm.com\/it\/wp-json\/wp\/v2\/product_tag?post=43199"},{"taxonomy":"brand","embeddable":true,"href":"https:\/\/azurefilm.com\/it\/wp-json\/wp\/v2\/brand?post=43199"}],"curies":[{"name":"wp","href":"https:\/\/api.w.org\/{rel}","templated":true}]}}