
{"id":44092,"date":"2024-09-17T11:55:17","date_gmt":"2024-09-17T11:55:17","guid":{"rendered":"https:\/\/azurefilm.com\/?post_type=product&#038;p=44092"},"modified":"2025-07-20T06:27:27","modified_gmt":"2025-07-20T06:27:27","slug":"piastra-pei-effetto-3d-per-bambu-lab-x1-p1p","status":"publish","type":"product","link":"https:\/\/azurefilm.com\/it\/prodotto\/piastra-pei-effetto-3d-per-bambu-lab-x1-p1p\/","title":{"rendered":"Piastra PEI effetto 3D per Bambu Lab X1 P1P"},"content":{"rendered":"<p><span style=\"font-weight: 400;\">Volete aggiungere un tocco di classe alle vostre stampe 3D? La lastra PEI effetto 3D di Bambu pu\u00f2 dare ai vostri progetti texture superficiali uniche. Questo set presenta modelli distinti: Starry, Diamond e Carbon Fiber. Elevate le vostre stampe con queste lastre ed esplorate nuove dimensioni testuali.<\/span><\/p>\n<h2><strong>Piastra di superficie stellata\u00a0\u00a0<\/strong><\/h2>\n<p><span style=\"font-weight: 400;\">La lastra Bambu Starry Surface conferisce al primo strato della stampa uno straordinario effetto stellato simile a un arcobaleno, che brilla e cambia colore a seconda dell&#8217;angolo di osservazione. L&#8217;effetto \u00e8 particolarmente evidente se abbinato a filamenti di seta o lucidi, che esaltano l&#8217;intricato disegno.<\/span><\/p>\n<h3><strong>Caratteristiche principali:<\/strong><\/h3>\n<ul>\n<li style=\"font-weight: 400;\" aria-level=\"1\"><span style=\"font-weight: 400;\">Piastra di costruzione PEI+PEY<\/span><\/li>\n<li style=\"font-weight: 400;\" aria-level=\"1\"><span style=\"font-weight: 400;\">Doppio lato<\/span><\/li>\n<li style=\"font-weight: 400;\" aria-level=\"1\"><span style=\"font-weight: 400;\">Adatto a vari filamenti: PLA\/TPU\/PETG<\/span><\/li>\n<li style=\"font-weight: 400;\" aria-level=\"1\"><span style=\"font-weight: 400;\">Il rivestimento in PEI garantisce una buona adesione per la stampa a temperature superiori a 260\u00b0C<\/span><\/li>\n<li style=\"font-weight: 400;\" aria-level=\"1\"><span style=\"font-weight: 400;\">Il foglio di PEY liscio presenta un motivo di stelle e punti che brillano in modo intenso.\u00a0<\/span><\/li>\n<li style=\"font-weight: 400;\" aria-level=\"1\"><span style=\"font-weight: 400;\">I diversi colori appariranno a diverse angolazioni. Inoltre, sul modello di stampa rimarranno colori diversi.<\/span><\/li>\n<\/ul>\n<h2><strong>Piastra di superficie diamantata<\/strong><\/h2>\n<p><span style=\"font-weight: 400;\">La lastra Bambu Diamond Surface crea un primo strato con motivo a diamante e una combinazione di finiture lucide e opache. \u00c8 particolarmente efficace con filamenti di seta o lucidi, in quanto consente di sfruttare appieno il potenziale della texture.<\/span><\/p>\n<h3><strong>Caratteristiche principali:\u00a0<\/strong><\/h3>\n<ul>\n<li style=\"font-weight: 400;\" aria-level=\"1\"><span style=\"font-weight: 400;\">Piastra di costruzione PEI+PEO\u00a0<\/span><\/li>\n<li style=\"font-weight: 400;\" aria-level=\"1\"><span style=\"font-weight: 400;\">Doppio lato<\/span><\/li>\n<li style=\"font-weight: 400;\" aria-level=\"1\"><span style=\"font-weight: 400;\">Adatto a vari filamenti: PLA\/TPU\/PETG<\/span><\/li>\n<li style=\"font-weight: 400;\" aria-level=\"1\"><span style=\"font-weight: 400;\">Il rivestimento in PEI garantisce una buona adesione per la stampa a temperature superiori a 260\u00b0C<\/span><\/li>\n<li style=\"font-weight: 400;\" aria-level=\"1\"><span style=\"font-weight: 400;\">La superficie liscia del film PEO pu\u00f2 far aderire meglio il modello alla piattaforma.<\/span><\/li>\n<\/ul>\n<h2><strong>Piastra di superficie in fibra di carbonio<\/strong><\/h2>\n<p><span style=\"font-weight: 400;\">La lastra Bambu Carbon Fiber imita la sottile trama della vera fibra di carbonio. Quando viene applicata, trasferisce questo motivo al primo strato della stampa, producendo una texture 3D distinta, in particolare quando si utilizza un filamento di carbonio grigio.<\/span><\/p>\n<h3><strong>Caratteristiche principali:<\/strong><\/h3>\n<ul>\n<li style=\"font-weight: 400;\" aria-level=\"1\"><span style=\"font-weight: 400;\">Piastra di costruzione PET+PEO\u00a0<\/span><\/li>\n<li style=\"font-weight: 400;\" aria-level=\"1\"><span style=\"font-weight: 400;\">La superficie liscia del film PEO pu\u00f2 far aderire meglio il modello alla piattaforma.<\/span><\/li>\n<li style=\"font-weight: 400;\" aria-level=\"1\"><span style=\"font-weight: 400;\">La superficie in PET \u00e8 resistente alle alte temperature di 120\u2103, si consiglia di utilizzare il filamento PLA solo per questa superficie.<\/span><\/li>\n<li style=\"font-weight: 400;\" aria-level=\"1\"><span style=\"font-weight: 400;\">Il PET presenta una superficie in finta fibra di carbonio, che offre un aspetto distintivo.<\/span><\/li>\n<\/ul>\n<h2><strong>Installazione<\/strong><\/h2>\n<p><span style=\"font-weight: 400;\">Le piastre PEI con effetto 3D devono essere applicate manualmente alla piastra d&#8217;acciaio; non vengono fornite preinstallate. Per ottenere risultati ottimali, utilizzare solo la lastra d&#8217;acciaio ufficiale Bambu Lab. Se si applica la lastra a una lastra esistente, assicurarsi che la vecchia lastra sia stata completamente rimossa e che la superficie sia stata accuratamente pulita e asciugata. Seguire attentamente le impostazioni del piano di lavoro consigliate per garantire il miglior trasferimento della texture. Tenere presente che una superficie pulita \u00e8 fondamentale per mantenere la visibilit\u00e0 degli effetti 3D; il grasso pu\u00f2 ridurre i disegni. Pulire con acqua calda e detergente ed evitare di toccare direttamente la superficie.<\/span><\/p>\n<h3><strong>Ulteriori considerazioni\u00a0<\/strong><\/h3>\n<p><span style=\"font-weight: 400;\">Poich\u00e9 le lastre PEI con effetto 3D riflettono la luce, la calibrazione LIDAR potrebbe non funzionare come previsto. Si consiglia di saltare la sequenza di calibrazione LIDAR o di utilizzare una lastra normale per la calibrazione. Ricordate che queste lastre sono materiali di consumo, quindi per prolungarne la durata cercate di variare il posizionamento delle stampe sul foglio. Evitare di applicare colla sulla superficie del foglio e usare con cautela un raschietto per evitare danni.<\/span><\/p>\n<h3><strong>Impostazioni consigliate<\/strong><\/h3>\n<p><span style=\"font-weight: 400;\">Per la stampa, si consiglia di utilizzare filamenti PLA o TPU. A seconda del modello e del filamento, potrebbe essere necessario regolare le impostazioni dello slicer.\u00a0<\/span><\/p>\n","protected":false},"excerpt":{"rendered":"<p><span style=\"font-weight: 400;\">Provate la lastra PEI con effetto 3D per Bambu Lab X1 P1P con struttura stellata, diamantata o in fibra di carbonio, e trasformate le vostre stampe con texture che spiccano.<\/span><\/p>\n","protected":false},"featured_media":44189,"comment_status":"closed","ping_status":"closed","template":"","meta":{"_acf_changed":false},"product_brand":[],"product_cat":[624,625,633,630],"product_tag":[],"brand":[268],"class_list":{"0":"post-44092","1":"product","2":"type-product","3":"status-publish","4":"has-post-thumbnail","6":"product_cat-parti-di-ricambio","7":"product_cat-altri-parti-di-ricambio","8":"product_cat-piastre-pei","9":"product_cat-superfici-di-costruzione","10":"pa_compatible-with-bambulab-fdm-3d-printers","11":"pa_fits-printer-all-bambu-lab-x1-series-p1-series","12":"brand-bambu-lab","14":"first","15":"instock","16":"taxable","17":"shipping-taxable","18":"purchasable","19":"product-type-variable"},"acf":[],"_links":{"self":[{"href":"https:\/\/azurefilm.com\/it\/wp-json\/wp\/v2\/product\/44092","targetHints":{"allow":["GET"]}}],"collection":[{"href":"https:\/\/azurefilm.com\/it\/wp-json\/wp\/v2\/product"}],"about":[{"href":"https:\/\/azurefilm.com\/it\/wp-json\/wp\/v2\/types\/product"}],"replies":[{"embeddable":true,"href":"https:\/\/azurefilm.com\/it\/wp-json\/wp\/v2\/comments?post=44092"}],"wp:featuredmedia":[{"embeddable":true,"href":"https:\/\/azurefilm.com\/it\/wp-json\/wp\/v2\/media\/44189"}],"wp:attachment":[{"href":"https:\/\/azurefilm.com\/it\/wp-json\/wp\/v2\/media?parent=44092"}],"wp:term":[{"taxonomy":"product_brand","embeddable":true,"href":"https:\/\/azurefilm.com\/it\/wp-json\/wp\/v2\/product_brand?post=44092"},{"taxonomy":"product_cat","embeddable":true,"href":"https:\/\/azurefilm.com\/it\/wp-json\/wp\/v2\/product_cat?post=44092"},{"taxonomy":"product_tag","embeddable":true,"href":"https:\/\/azurefilm.com\/it\/wp-json\/wp\/v2\/product_tag?post=44092"},{"taxonomy":"brand","embeddable":true,"href":"https:\/\/azurefilm.com\/it\/wp-json\/wp\/v2\/brand?post=44092"}],"curies":[{"name":"wp","href":"https:\/\/api.w.org\/{rel}","templated":true}]}}