
{"id":44681,"date":"2024-09-20T08:41:24","date_gmt":"2024-09-20T08:41:24","guid":{"rendered":"https:\/\/azurefilm.com\/?post_type=product&#038;p=44681"},"modified":"2024-09-20T08:41:25","modified_gmt":"2024-09-20T08:41:25","slug":"creality-k1-se","status":"publish","type":"product","link":"https:\/\/azurefilm.com\/it\/prodotto\/creality-k1-se\/","title":{"rendered":"Creality K1 SE"},"content":{"rendered":"<p><span style=\"font-weight: 400;\">La <\/span><b>Creality K1 SE <\/b><span style=\"font-weight: 400;\">combina un design intelligente con alta velocit\u00e0, precisione e affidabilit\u00e0 per trasformare le idee in realt\u00e0 con notevole efficienza. Costruita per offrire un&#8217;esperienza utente fluida, questa stampante 3D \u00e8 progettata per fornire risultati eccezionali in poco tempo, rendendola ideale sia per i professionisti che per gli hobbisti.<\/span><\/p>\n<h2><strong>Design robusto per stabilit\u00e0 e durata<\/strong><\/h2>\n<p><span style=\"font-weight: 400;\">La Creality K1 SE \u00e8 dotata di un robusto telaio realizzato con componenti integrati in lega di alluminio pressofuso che si fondono perfettamente per migliorare la stabilit\u00e0 della macchina. Per supportare ulteriormente questa stabilit\u00e0 durante le vibrazioni ad alta velocit\u00e0, il telaio \u00e8 rinforzato con giunti angolari e robuste traverse. Questo design durevole garantisce una stampa affidabile e uniforme, anche in condizioni operative intense.<\/span><\/p>\n<h2><strong>Struttura CoreXY per la stampa ad altissima velocit\u00e0<\/strong><\/h2>\n<p><span style=\"font-weight: 400;\">Una delle caratteristiche pi\u00f9 importanti della K1 SE \u00e8 la sua struttura CoreXY dinamica, progettata per la stampa ad alta velocit\u00e0 senza compromettere la qualit\u00e0 di stampa. Questa struttura avanzata consente alla stampante di raggiungere una velocit\u00e0 di stampa massima di 600 mm\/s e un&#8217;accelerazione fino a 20.000 mm\/s\u00b2, consentendo un completamento pi\u00f9 rapido del progetto mantenendo la precisione.<\/span><\/p>\n<h2><strong>Estrusore interamente in metallo a doppio ingranaggio<\/strong><\/h2>\n<p><span style=\"font-weight: 400;\">La K1 SE \u00e8 dotata di un sistema di estrusione interamente in metallo a doppio ingranaggio che include una molla di supporto e uno stantuffo a sfera per fissare saldamente il filamento durante la stampa. Questo sistema fornisce una presa affidabile del filamento ed \u00e8 progettato per funzionare con una variet\u00e0 di tipi di filamento, inclusi materiali flessibili come il TPU. Inoltre, il design anti-intasamento dell&#8217;estrusore garantisce un funzionamento regolare, anche quando si stampano materiali pi\u00f9 complessi. Per la stampa ABS, si consiglia una copertura protettiva.<\/span><\/p>\n<h2><strong>Hotend a riscaldamento rapido\u00a0<\/strong><\/h2>\n<p><span style=\"font-weight: 400;\">L&#8217;hotend della Creality K1 SE \u00e8 progettato per velocit\u00e0 ed efficienza. Dotato di un riscaldatore ceramico da 60 W, si riscalda rapidamente da 0 a 300 \u00b0C in soli 75 secondi, sciogliendo completamente il filamento per supportare una stampa ultraveloce. Ci\u00f2 garantisce tempi di inattivit\u00e0 minimi e consente una stampa continua a velocit\u00e0 ottimali.<\/span><\/p>\n<h2><strong>Ugello tri-metallo durevole<\/strong><\/h2>\n<p><span style=\"font-weight: 400;\">Il K1 SE \u00e8 dotato di un ugello tri-metallico con base in rame, punta in acciaio e freno termico in lega di titanio. Questa costruzione \u00e8 progettata per prevenire l&#8217;accumulo di calore, contribuendo alla sua durata. L&#8217;ugello \u00e8 anche facile da sostituire, garantendo una manutenzione regolare e un utilizzo a lungo termine.<\/span><\/p>\n<h2><strong>Algoritmi intelligenti per una stampa ottimizzata<\/strong><\/h2>\n<p><span style=\"font-weight: 400;\">La Creality K1 SE utilizza algoritmi intelligenti per garantire qualit\u00e0 di stampa ed efficienza:<\/span><\/p>\n<ul>\n<li style=\"font-weight: 400;\" aria-level=\"1\"><b>Modellazione dell&#8217;input: <\/b><span style=\"font-weight: 400;\">un sensore G identifica le velocit\u00e0 che possono causare risonanza e regola il funzionamento del motore per attenuare le potenziali vibrazioni, garantendo stampe fluide e precise.<\/span><\/li>\n<li style=\"font-weight: 400;\" aria-level=\"1\"><b>Ventola dei componenti bilanciata: <\/b><span style=\"font-weight: 400;\">la ventola dei componenti sulla testina di stampa \u00e8 bilanciata dinamicamente, riducendo le oscillazioni durante le operazioni ad alta velocit\u00e0.<\/span><\/li>\n<\/ul>\n<h2><strong>Funzionalit\u00e0 intuitive<\/strong><\/h2>\n<p><span style=\"font-weight: 400;\">La K1 SE offre numerose funzioni automatizzate e intuitive per semplificare il processo di stampa:<\/span><\/p>\n<ul>\n<li style=\"font-weight: 400;\" aria-level=\"1\"><b>Configurazione plug-and-play: <\/b><span style=\"font-weight: 400;\">grazie alle semplici istruzioni di avvio, la stampante pu\u00f2 essere disimballata ed \u00e8 operativa in soli 3 minuti.<\/span><\/li>\n<li style=\"font-weight: 400;\" aria-level=\"1\"><b>Calibrazione automatica: <\/b><span style=\"font-weight: 400;\">funzionalit\u00e0 come l&#8217;offset Z automatico, il livellamento e i test di formatura dell&#8217;input garantiscono che la stampante sia pronta a fornire risultati precisi con un intervento manuale minimo.<\/span><\/li>\n<li style=\"font-weight: 400;\" aria-level=\"1\"><b>Gestione degli errori di lotti parziali: <\/b><span style=\"font-weight: 400;\">in caso di errore di stampa parziale, K1 SE consente agli utenti di escludere le stampe difettose e di continuare a stampare il resto del lotto senza problemi.<\/span><\/li>\n<\/ul>\n<h2><strong>Flessibilit\u00e0 e personalizzazione open source<\/strong><\/h2>\n<p><span style=\"font-weight: 400;\">La K1 SE ha un software open source, che consente agli utenti di apportare modifiche facilmente. Supporta Creality OS, Creality Print 5.0 e Creality Cloud per opzioni di slicing flessibili, offrendo agli utenti la libert\u00e0 di adattare l&#8217;esperienza di stampa alle proprie esigenze specifiche. Inoltre, la piastra di stampa PEI flessibile assicura una facile rimozione delle stampe completate.<\/span><\/p>\n<h2><strong>Caratteristiche aggiuntive<\/strong><\/h2>\n<p><span style=\"font-weight: 400;\">La Creality K1 SE include diverse funzionalit\u00e0 aggiuntive per ottimizzare le prestazioni:<\/span><\/p>\n<ul>\n<li style=\"font-weight: 400;\" aria-level=\"1\"><span style=\"font-weight: 400;\">Cuscinetti smorzanti preinstallati per ridurre il rumore e aumentare la stabilit\u00e0.<\/span><\/li>\n<li style=\"font-weight: 400;\" aria-level=\"1\"><span style=\"font-weight: 400;\">Strisce di pulizia in silicone per mantenere pulite le punte degli ugelli.<\/span><\/li>\n<li style=\"font-weight: 400;\" aria-level=\"1\"><span style=\"font-weight: 400;\">Livellamento automatico a mani libere per un&#8217;installazione precisa e senza problemi.<\/span><\/li>\n<li style=\"font-weight: 400;\" aria-level=\"1\"><span style=\"font-weight: 400;\">Piastra flessibile in acciaio per molle PEI per una facile rimozione dei pezzi.<\/span><\/li>\n<\/ul>\n","protected":false},"excerpt":{"rendered":"<p><span style=\"font-weight: 400;\">Creality K1 SE: una combinazione perfetta di velocit\u00e0, affidabilit\u00e0 e funzionalit\u00e0 avanzate, ideale per i creativi che desiderano produrre stampe di alta qualit\u00e0 in modo efficiente.<\/span><\/p>\n","protected":false},"featured_media":44654,"comment_status":"closed","ping_status":"closed","template":"","meta":{"_acf_changed":false},"product_brand":[],"product_cat":[595,602,623,599,598],"product_tag":[],"brand":[],"class_list":{"0":"post-44681","1":"product","2":"type-product","3":"status-publish","4":"has-post-thumbnail","6":"product_cat-stampante-3d","7":"product_cat-creality-it","8":"product_cat-saldi","9":"product_cat-stampante-3d-fdm","10":"product_cat-tutti-stampanti-3d","12":"first","13":"instock","14":"sale","15":"taxable","16":"shipping-taxable","17":"purchasable","18":"product-type-simple"},"acf":[],"_links":{"self":[{"href":"https:\/\/azurefilm.com\/it\/wp-json\/wp\/v2\/product\/44681","targetHints":{"allow":["GET"]}}],"collection":[{"href":"https:\/\/azurefilm.com\/it\/wp-json\/wp\/v2\/product"}],"about":[{"href":"https:\/\/azurefilm.com\/it\/wp-json\/wp\/v2\/types\/product"}],"replies":[{"embeddable":true,"href":"https:\/\/azurefilm.com\/it\/wp-json\/wp\/v2\/comments?post=44681"}],"wp:featuredmedia":[{"embeddable":true,"href":"https:\/\/azurefilm.com\/it\/wp-json\/wp\/v2\/media\/44654"}],"wp:attachment":[{"href":"https:\/\/azurefilm.com\/it\/wp-json\/wp\/v2\/media?parent=44681"}],"wp:term":[{"taxonomy":"product_brand","embeddable":true,"href":"https:\/\/azurefilm.com\/it\/wp-json\/wp\/v2\/product_brand?post=44681"},{"taxonomy":"product_cat","embeddable":true,"href":"https:\/\/azurefilm.com\/it\/wp-json\/wp\/v2\/product_cat?post=44681"},{"taxonomy":"product_tag","embeddable":true,"href":"https:\/\/azurefilm.com\/it\/wp-json\/wp\/v2\/product_tag?post=44681"},{"taxonomy":"brand","embeddable":true,"href":"https:\/\/azurefilm.com\/it\/wp-json\/wp\/v2\/brand?post=44681"}],"curies":[{"name":"wp","href":"https:\/\/api.w.org\/{rel}","templated":true}]}}