
{"id":44713,"date":"2024-09-20T08:41:46","date_gmt":"2024-09-20T08:41:46","guid":{"rendered":"https:\/\/azurefilm.com\/?post_type=product&#038;p=44713"},"modified":"2024-09-20T08:41:47","modified_gmt":"2024-09-20T08:41:47","slug":"creality-ender-3-v3-plus","status":"publish","type":"product","link":"https:\/\/azurefilm.com\/it\/prodotto\/creality-ender-3-v3-plus\/","title":{"rendered":"Creality Ender 3 V3 Plus"},"content":{"rendered":"<p><span style=\"font-weight: 400;\">L&#8217; <\/span><b>Ender 3 V3 Plus <\/b><span style=\"font-weight: 400;\">di Creality offre spazio anche per le idee pi\u00f9 ambiziose, con un volume di costruzione impressionante di 300x300x330mm. Questa ampia area di costruzione consente agli utenti di stampare oggetti pi\u00f9 grandi o pi\u00f9 parti in un unico lavoro, rendendolo ideale per designer e creatori che desiderano trasformare le proprie idee in realt\u00e0 su larga scala.<\/span><\/p>\n<h2><strong>Costruzione robusta e stabile<\/strong><\/h2>\n<p><span style=\"font-weight: 400;\">Il gantry e la base della stampante sono realizzati da un unico pezzo pressofuso in lega di alluminio, formando una robusta struttura triangolare. Questa costruzione stabile \u00e8 ulteriormente migliorata da due aste di supporto aggiuntive, che aumentano la stabilit\u00e0 dell&#8217;asse Z e riducono significativamente qualsiasi oscillazione durante la stampa. Con meno viti e angoli arrotondati, l&#8217;Ender 3 V3 Plus non solo offre prestazioni affidabili, ma vanta anche un aspetto elegante e moderno.<\/span><\/p>\n<h2><strong>Sistema di movimento CoreXZ<\/strong><\/h2>\n<p><span style=\"font-weight: 400;\">Alimentato da un avanzato sistema di movimento CoreXZ, l&#8217;Ender 3 V3 Plus combina gli assi X e Z per una stampa stabile e ad alta velocit\u00e0. Il sistema di movimento \u00e8 supportato da due potenti motori, che garantiscono un movimento coordinato e fluido degli assi.<\/span><\/p>\n<p><span style=\"font-weight: 400;\">Il risultato \u00e8 un&#8217;impressionante velocit\u00e0 massima di 600mm\/s e un&#8217;accelerazione massima di 20.000mm\/s\u00b2, offrendo un&#8217;esperienza di stampa 12 volte pi\u00f9 veloce senza sacrificare la precisione. L&#8217;asse Y \u00e8 inoltre dotato di due potenti motori che generano una coppia di picco di 1000Nm, consentendo un movimento fluido e preciso del piano di stampa lungo le sue aste di guida lineari.<\/span><\/p>\n<h2><strong>Estrusore a trasmissione diretta ottimizzato e riscaldamento efficiente<\/strong><\/h2>\n<p><span style=\"font-weight: 400;\">L&#8217;Ender 3 V3 Plus \u00e8 dotato di un estrusore a trasmissione diretta ottimizzato, dotato di una molla di supporto e di un rullo a sfera per garantire una forte presa del filamento e un&#8217;estrusione senza intasamenti. Per migliorare ulteriormente le prestazioni, la stampante include un elemento riscaldante in ceramica da 60 watt che si riscalda fino a 300\u00b0C in soli 75 secondi. Questa capacit\u00e0 rapida e ad alta temperatura consente una fusione affidabile del filamento anche durante la stampa ad alta velocit\u00e0, garantendo un output costante.<\/span><\/p>\n<h2><strong>Ugello tri-metallico<\/strong><\/h2>\n<p><span style=\"font-weight: 400;\">Al centro dell&#8217;Ender 3 V3 Plus c&#8217;\u00e8 un ugello tri-metallico Unicorn. Questo ugello integra una base in rame con una punta in acciaio e un heat break in lega di titanio. Il risultato \u00e8 un ugello durevole che blocca efficacemente lo sviluppo eccessivo di calore, consentendo una stampa precisa per lunghi periodi. L&#8217;ugello \u00e8 anche progettato per una facile sostituzione, rendendo la manutenzione semplice.<\/span><\/p>\n<p><b>Nota: <\/b><span style=\"font-weight: 400;\">per evitare lesioni, assicurarsi che l&#8217;ugello sia freddo prima di maneggiarlo.<\/span><\/p>\n<h2><strong>Ventole di raffreddamento efficienti<\/strong><\/h2>\n<p><span style=\"font-weight: 400;\">L&#8217;Ender 3 V3 Plus \u00e8 dotato di efficienti ventole di raffreddamento posizionate nella parte anteriore e posteriore della testina di stampa. Queste ventole assicurano un raffreddamento rapido e uniforme degli strati appena stampati, il che migliora la qualit\u00e0 di stampa complessiva e riduce il rischio di deformazioni o deformazioni nel modello finale.<\/span><\/p>\n<h2><strong>Caratteristiche aggiuntive<\/strong><\/h2>\n<p><span style=\"font-weight: 400;\">L&#8217;Ender 3 V3 Plus offre una gamma di funzionalit\u00e0 aggiuntive che migliorano l&#8217;usabilit\u00e0 e le prestazioni:<\/span><\/p>\n<ul>\n<li style=\"font-weight: 400;\" aria-level=\"1\"><span style=\"font-weight: 400;\">Moduli preassemblati per un&#8217;installazione rapida e semplice.<\/span><\/li>\n<li style=\"font-weight: 400;\" aria-level=\"1\"><span style=\"font-weight: 400;\">Modalit\u00e0 di funzionamento silenzioso con un livello di rumore \u2264 55dB.<\/span><\/li>\n<li style=\"font-weight: 400;\" aria-level=\"1\"><span style=\"font-weight: 400;\">Calibrazione automatica con test di livellamento, offset Z e modellazione dell&#8217;input con un solo tocco.<\/span><\/li>\n<li style=\"font-weight: 400;\" aria-level=\"1\"><span style=\"font-weight: 400;\">Tensionamento completamente automatico della cinghia XZ.<\/span><\/li>\n<li style=\"font-weight: 400;\" aria-level=\"1\"><span style=\"font-weight: 400;\">Ideale per creare print farm con pi\u00f9 stampanti.<\/span><\/li>\n<li style=\"font-weight: 400;\" aria-level=\"1\"><span style=\"font-weight: 400;\">Sistema operativo Creality open source, compatibile con Creality Print Slicer e Creality Cloud App per un&#8217;integrazione ottimale del flusso di lavoro.<\/span><\/li>\n<\/ul>\n","protected":false},"excerpt":{"rendered":"<p><span style=\"font-weight: 400;\">Creality Ender 3 V3 Plus: una stampante 3D potente, efficiente e intuitiva con un volume di stampa di 300x300x330mm.<\/span><\/p>\n","protected":false},"featured_media":44704,"comment_status":"closed","ping_status":"closed","template":"","meta":{"_acf_changed":false},"product_brand":[],"product_cat":[595,602,623,599,598],"product_tag":[],"brand":[],"class_list":{"0":"post-44713","1":"product","2":"type-product","3":"status-publish","4":"has-post-thumbnail","6":"product_cat-stampante-3d","7":"product_cat-creality-it","8":"product_cat-saldi","9":"product_cat-stampante-3d-fdm","10":"product_cat-tutti-stampanti-3d","12":"first","13":"outofstock","14":"sale","15":"taxable","16":"shipping-taxable","17":"purchasable","18":"product-type-simple"},"acf":[],"_links":{"self":[{"href":"https:\/\/azurefilm.com\/it\/wp-json\/wp\/v2\/product\/44713","targetHints":{"allow":["GET"]}}],"collection":[{"href":"https:\/\/azurefilm.com\/it\/wp-json\/wp\/v2\/product"}],"about":[{"href":"https:\/\/azurefilm.com\/it\/wp-json\/wp\/v2\/types\/product"}],"replies":[{"embeddable":true,"href":"https:\/\/azurefilm.com\/it\/wp-json\/wp\/v2\/comments?post=44713"}],"wp:featuredmedia":[{"embeddable":true,"href":"https:\/\/azurefilm.com\/it\/wp-json\/wp\/v2\/media\/44704"}],"wp:attachment":[{"href":"https:\/\/azurefilm.com\/it\/wp-json\/wp\/v2\/media?parent=44713"}],"wp:term":[{"taxonomy":"product_brand","embeddable":true,"href":"https:\/\/azurefilm.com\/it\/wp-json\/wp\/v2\/product_brand?post=44713"},{"taxonomy":"product_cat","embeddable":true,"href":"https:\/\/azurefilm.com\/it\/wp-json\/wp\/v2\/product_cat?post=44713"},{"taxonomy":"product_tag","embeddable":true,"href":"https:\/\/azurefilm.com\/it\/wp-json\/wp\/v2\/product_tag?post=44713"},{"taxonomy":"brand","embeddable":true,"href":"https:\/\/azurefilm.com\/it\/wp-json\/wp\/v2\/brand?post=44713"}],"curies":[{"name":"wp","href":"https:\/\/api.w.org\/{rel}","templated":true}]}}