
{"id":46010,"date":"2024-10-02T07:52:52","date_gmt":"2024-10-02T07:52:52","guid":{"rendered":"https:\/\/azurefilm.com\/?post_type=product&#038;p=46010"},"modified":"2025-10-12T19:18:11","modified_gmt":"2025-10-12T19:18:11","slug":"refill-pla-cmyk-lithophane-4-pack","status":"publish","type":"product","link":"https:\/\/azurefilm.com\/it\/prodotto\/refill-pla-cmyk-lithophane-4-pack\/","title":{"rendered":"Refill PLA CMYK Lithophane 4-pack"},"content":{"rendered":"<h2><b>Cosa sono i filamenti PLA CMYK?<\/b><\/h2>\n<p><span style=\"font-weight: 400;\">I filamenti PLA CMYK sono filamenti specializzati per la stampa 3D progettati per rappresentare i quattro colori di base utilizzati nella stampa tradizionale: <\/span><b>Cyan (C)<\/b><span style=\"font-weight: 400;\">, <\/span><b>Magenta (M)<\/b><span style=\"font-weight: 400;\">, <\/span><b>Yellow (Y) <\/b><span style=\"font-weight: 400;\">e <\/span><b>colore chiave (K) <\/b><span style=\"font-weight: 400;\">. Il colore &#8220;chiave&#8221; \u00e8 utilizzato per profondit\u00e0, dettagli e ombre; si preferisce <\/span><b>il bianco<\/b><span style=\"font-weight: 400;\">, poich\u00e9 consente una migliore trasmissione della luce nei progetti retroilluminati. Questi filamenti sono in genere utilizzati in modo simile a come funziona la stampa CMYK nella stampa a inchiostro bidimensionale, consentendo la creazione di stampe 3D colorate e vivaci.<\/span><\/p>\n<p><img loading=\"lazy\" decoding=\"async\" class=\"aligncenter wp-image-45945 size-full\" src=\"https:\/\/azurefilm.com\/wp-content\/uploads\/2024\/10\/Combined-CMYK-Photos-1.jpg\" alt=\"\" width=\"2400\" height=\"1200\" title=\"\" srcset=\"https:\/\/azurefilm.com\/wp-content\/uploads\/2024\/10\/Combined-CMYK-Photos-1.jpg 2400w, https:\/\/azurefilm.com\/wp-content\/uploads\/2024\/10\/Combined-CMYK-Photos-1-510x255.jpg 510w, https:\/\/azurefilm.com\/wp-content\/uploads\/2024\/10\/Combined-CMYK-Photos-1-300x150.jpg 300w, https:\/\/azurefilm.com\/wp-content\/uploads\/2024\/10\/Combined-CMYK-Photos-1-1024x512.jpg 1024w, https:\/\/azurefilm.com\/wp-content\/uploads\/2024\/10\/Combined-CMYK-Photos-1-768x384.jpg 768w, https:\/\/azurefilm.com\/wp-content\/uploads\/2024\/10\/Combined-CMYK-Photos-1-1536x768.jpg 1536w, https:\/\/azurefilm.com\/wp-content\/uploads\/2024\/10\/Combined-CMYK-Photos-1-2048x1024.jpg 2048w\" sizes=\"auto, (max-width: 2400px) 100vw, 2400px\" \/><\/p>\n<h2><b>Cosa sono le litofanie?<\/b><\/h2>\n<p><span style=\"font-weight: 400;\">Le litofanie sono <\/span><b>immagini stampate in 3D <\/b><span style=\"font-weight: 400;\">che rivelano immagini dettagliate quando retroilluminate. La sottile variazione nello spessore del filamento consente <\/span><b>alla luce di passare in modo diverso<\/b><span style=\"font-weight: 400;\">, creando un&#8217;immagine in scala di grigi o persino a colori quando stampata con i filamenti giusti.<\/span><\/p>\n\n\t<section class=\"section\" id=\"section_301700977\">\n\t\t<div class=\"section-bg fill\" >\n\t\t\t\t\t\t\t\t\t<div class=\"section-bg-overlay absolute fill\"><\/div>\n\t\t\t\n\n\t\t<\/div>\n\n\t\t\n\n\t\t<div class=\"section-content relative\">\n\t\t\t\n<h3><b>I filamenti PLA CMYK sono ideali per le litofanie perch\u00e9:<\/b><\/h3>\n<div class=\"row row-large align-middle\"  id=\"row-126213919\">\n\n\t<div id=\"col-459788819\" class=\"col medium-8 small-12 large-8\"  >\n\t\t\t\t<div class=\"col-inner text-left\"  >\n\t\t\t\n\t\t\t\n<h4><b>Controllo del colore<\/b><\/h4>\n<p><span style=\"font-weight: 400;\">Stampando con diverse combinazioni di filamenti CMYK, \u00e8 possibile ottenere effetti tonali e di ombreggiatura precisi, conferendo alle litofanie un aspetto pi\u00f9 ricco e dinamico una volta illuminate.<\/span><\/p>\n\t\t<\/div>\n\t\t\t\t\t<\/div>\n\n\t\n\n\t<div id=\"col-1424428012\" class=\"col medium-4 small-12 large-4\"  >\n\t\t\t\t<div class=\"col-inner\"  >\n\t\t\t\n\t\t\t\n\t<div class=\"img has-hover x md-x lg-x y md-y lg-y\" id=\"image_438775510\">\n\t\t\t\t\t\t\t\t<div class=\"img-inner dark\" >\n\t\t\t<img loading=\"lazy\" decoding=\"async\" width=\"1020\" height=\"611\" src=\"https:\/\/azurefilm.com\/wp-content\/uploads\/2024\/10\/color-1024x613.jpg\" class=\"attachment-large size-large\" alt=\"\" srcset=\"https:\/\/azurefilm.com\/wp-content\/uploads\/2024\/10\/color-1024x613.jpg 1024w, https:\/\/azurefilm.com\/wp-content\/uploads\/2024\/10\/color-510x305.jpg 510w, https:\/\/azurefilm.com\/wp-content\/uploads\/2024\/10\/color-300x180.jpg 300w, https:\/\/azurefilm.com\/wp-content\/uploads\/2024\/10\/color-768x460.jpg 768w, https:\/\/azurefilm.com\/wp-content\/uploads\/2024\/10\/color-1536x919.jpg 1536w, https:\/\/azurefilm.com\/wp-content\/uploads\/2024\/10\/color.jpg 2005w\" sizes=\"auto, (max-width: 1020px) 100vw, 1020px\" title=\"\">\t\t\t\t\t\t\n\t\t\t\t\t<\/div>\n\t\t\t\t\t\t\t\t\n<style>\n#image_438775510 {\n  width: 100%;\n}\n<\/style>\n\t<\/div>\n\t\n\t\t<\/div>\n\t\t\t\t\t<\/div>\n\n\t\n<\/div>\n\t\t<\/div>\n\n\t\t\n<style>\n#section_301700977 {\n  padding-top: 30px;\n  padding-bottom: 30px;\n  background-color: rgb(193, 193, 193);\n}\n#section_301700977 .section-bg-overlay {\n  background-color: rgba(255, 255, 255, 0.85);\n}\n<\/style>\n\t<\/section>\n\t\n\n\t<section class=\"section\" id=\"section_1589336096\">\n\t\t<div class=\"section-bg fill\" >\n\t\t\t\t\t\t\t\t\t<div class=\"section-bg-overlay absolute fill\"><\/div>\n\t\t\t\n\n\t\t<\/div>\n\n\t\t\n\n\t\t<div class=\"section-content relative\">\n\t\t\t\n<div class=\"row row-large align-middle\"  id=\"row-913027392\">\n\n\t<div id=\"col-31252262\" class=\"col medium-8 small-12 large-8\"  >\n\t\t\t\t<div class=\"col-inner text-left\"  >\n\t\t\t\n\t\t\t\n<h4><b>Traslucenza<\/b><\/h4>\n<p><span style=\"font-weight: 400;\">Il PLA, soprattutto negli strati pi\u00f9 sottili, pu\u00f2 essere leggermente traslucido, il che \u00e8 essenziale per le litofanie, che sfruttano il passaggio della luce per rivelare i dettagli.<\/span><\/p>\n\t\t<\/div>\n\t\t\t\t\t<\/div>\n\n\t\n\n\t<div id=\"col-1419185835\" class=\"col medium-4 small-12 large-4\"  >\n\t\t\t\t<div class=\"col-inner\"  >\n\t\t\t\n\t\t\t\n\t<div class=\"img has-hover x md-x lg-x y md-y lg-y\" id=\"image_275093808\">\n\t\t\t\t\t\t\t\t<div class=\"img-inner dark\" >\n\t\t\t<img loading=\"lazy\" decoding=\"async\" width=\"1020\" height=\"611\" src=\"https:\/\/azurefilm.com\/wp-content\/uploads\/2024\/10\/translucent-1-1024x613.jpg\" class=\"attachment-large size-large\" alt=\"\" srcset=\"https:\/\/azurefilm.com\/wp-content\/uploads\/2024\/10\/translucent-1-1024x613.jpg 1024w, https:\/\/azurefilm.com\/wp-content\/uploads\/2024\/10\/translucent-1-510x305.jpg 510w, https:\/\/azurefilm.com\/wp-content\/uploads\/2024\/10\/translucent-1-300x180.jpg 300w, https:\/\/azurefilm.com\/wp-content\/uploads\/2024\/10\/translucent-1-768x460.jpg 768w, https:\/\/azurefilm.com\/wp-content\/uploads\/2024\/10\/translucent-1-1536x919.jpg 1536w, https:\/\/azurefilm.com\/wp-content\/uploads\/2024\/10\/translucent-1.jpg 2005w\" sizes=\"auto, (max-width: 1020px) 100vw, 1020px\" title=\"\">\t\t\t\t\t\t\n\t\t\t\t\t<\/div>\n\t\t\t\t\t\t\t\t\n<style>\n#image_275093808 {\n  width: 100%;\n}\n<\/style>\n\t<\/div>\n\t\n\t\t<\/div>\n\t\t\t\t\t<\/div>\n\n\t\n<\/div>\n\t\t<\/div>\n\n\t\t\n<style>\n#section_1589336096 {\n  padding-top: 30px;\n  padding-bottom: 30px;\n  background-color: rgb(193, 193, 193);\n}\n#section_1589336096 .section-bg-overlay {\n  background-color: rgba(255, 255, 255, 0.85);\n}\n<\/style>\n\t<\/section>\n\t\n\n\t<section class=\"section\" id=\"section_1531377589\">\n\t\t<div class=\"section-bg fill\" >\n\t\t\t\t\t\t\t\t\t<div class=\"section-bg-overlay absolute fill\"><\/div>\n\t\t\t\n\n\t\t<\/div>\n\n\t\t\n\n\t\t<div class=\"section-content relative\">\n\t\t\t\n<div class=\"row row-large align-middle\"  id=\"row-1395968607\">\n\n\t<div id=\"col-2059481319\" class=\"col medium-8 small-12 large-8\"  >\n\t\t\t\t<div class=\"col-inner text-left\"  >\n\t\t\t\n\t\t\t\n<h4><b>Finitura liscia<\/b><\/h4>\n<p><span style=\"font-weight: 400;\">I filamenti PLA tendono a produrre stampe pulite e lisce, il che \u00e8 fondamentale per le litofanie, poich\u00e9 i dettagli pi\u00f9 fini sono importanti per la loro nitidezza.<\/span><\/p>\n\t\t<\/div>\n\t\t\t\t\t<\/div>\n\n\t\n\n\t<div id=\"col-327570023\" class=\"col medium-4 small-12 large-4\"  >\n\t\t\t\t<div class=\"col-inner\"  >\n\t\t\t\n\t\t\t\n\t<div class=\"img has-hover x md-x lg-x y md-y lg-y\" id=\"image_199447605\">\n\t\t\t\t\t\t\t\t<div class=\"img-inner dark\" >\n\t\t\t<img loading=\"lazy\" decoding=\"async\" width=\"1020\" height=\"611\" src=\"https:\/\/azurefilm.com\/wp-content\/uploads\/2024\/10\/smooth-finish-1-1024x613.jpg\" class=\"attachment-large size-large\" alt=\"\" srcset=\"https:\/\/azurefilm.com\/wp-content\/uploads\/2024\/10\/smooth-finish-1-1024x613.jpg 1024w, https:\/\/azurefilm.com\/wp-content\/uploads\/2024\/10\/smooth-finish-1-510x305.jpg 510w, https:\/\/azurefilm.com\/wp-content\/uploads\/2024\/10\/smooth-finish-1-300x180.jpg 300w, https:\/\/azurefilm.com\/wp-content\/uploads\/2024\/10\/smooth-finish-1-768x460.jpg 768w, https:\/\/azurefilm.com\/wp-content\/uploads\/2024\/10\/smooth-finish-1-1536x919.jpg 1536w, https:\/\/azurefilm.com\/wp-content\/uploads\/2024\/10\/smooth-finish-1.jpg 2005w\" sizes=\"auto, (max-width: 1020px) 100vw, 1020px\" title=\"\">\t\t\t\t\t\t\n\t\t\t\t\t<\/div>\n\t\t\t\t\t\t\t\t\n<style>\n#image_199447605 {\n  width: 100%;\n}\n<\/style>\n\t<\/div>\n\t\n\t\t<\/div>\n\t\t\t\t\t<\/div>\n\n\t\n<\/div>\n\t\t<\/div>\n\n\t\t\n<style>\n#section_1531377589 {\n  padding-top: 30px;\n  padding-bottom: 30px;\n  background-color: rgb(193, 193, 193);\n}\n#section_1531377589 .section-bg-overlay {\n  background-color: rgba(255, 255, 255, 0.85);\n}\n<\/style>\n\t<\/section>\n\t\n\t<div id=\"gap-313227539\" class=\"gap-element clearfix\" style=\"display:block; height:auto;\">\n\t\t\n<style>\n#gap-313227539 {\n  padding-top: 30px;\n}\n<\/style>\n\t<\/div>\n\t\n<p><span style=\"font-weight: 400;\">In conclusione, i filamenti PLA CMYK consentono alle litofanie di avere dettagli migliorati e colori potenzialmente uniformi quando retroilluminate, il che li rende un&#8217;ottima scelta per questa applicazione.<\/span><\/p>\n<h2><b>Il nostro Refill PLA CMYK Lithophane 4-pack<\/b><\/h2>\n<p><span style=\"font-weight: 400;\">Nel nostro Refill PLA CMYK Lithophane 4-pack ottienete 1 kg di filamento Refill PLA Original Cyan, 1 kg di filamento Refill PLA Original Magenta, 1 kg di filamento Refill PLA Original Yellow e 1 kg di filamento Refill PLA Lumos Litho White. Acquistate insieme e risparmiate.<\/span><\/p>\n","protected":false},"excerpt":{"rendered":"<p><span style=\"font-weight: 400;\">Acquistate Refill PLA CMYK Lithophane 4-pack: 1 kg di filamento Refill PLA Original <\/span><b>Cyan<\/b><span style=\"font-weight: 400;\">, 1 kg di filamento Refill PLA Original <\/span><b>Magenta<\/b><span style=\"font-weight: 400;\">, 1 kg di filamento Refill PLA Original <\/span><b>Yellow <\/b><span style=\"font-weight: 400;\">e 1 kg di filamento Refill PLA Lumos <\/span><b>Litho White<\/b><span style=\"font-weight: 400;\">. La combinazione perfetta per qualsiasi litofane!<\/span><\/p>\n","protected":false},"featured_media":46046,"comment_status":"closed","ping_status":"closed","template":"","meta":{"_acf_changed":false},"product_brand":[],"product_cat":[517,544,521,1706,546,548,556,804,519],"product_tag":[],"brand":[],"class_list":{"0":"post-46010","1":"product","2":"type-product","3":"status-publish","4":"has-post-thumbnail","6":"product_cat-filamenti-3d","7":"product_cat-filamenti-pla","8":"product_cat-pacchetti","9":"product_cat-pla-cmyk-it","10":"product_cat-pla-lumos-it","11":"product_cat-pla-original-it","12":"product_cat-filamenti-refill","13":"product_cat-refill-pla-original-it","14":"product_cat-tutti-filamenti","15":"pa_colour-blue","16":"pa_colour-pink","17":"pa_colour-white","18":"pa_colour-yellow","19":"pa_filament-diameter-1-75mm","20":"pa_filament-weight-1000g","22":"first","23":"outofstock","24":"taxable","25":"shipping-taxable","26":"purchasable","27":"product-type-simple"},"acf":[],"_links":{"self":[{"href":"https:\/\/azurefilm.com\/it\/wp-json\/wp\/v2\/product\/46010","targetHints":{"allow":["GET"]}}],"collection":[{"href":"https:\/\/azurefilm.com\/it\/wp-json\/wp\/v2\/product"}],"about":[{"href":"https:\/\/azurefilm.com\/it\/wp-json\/wp\/v2\/types\/product"}],"replies":[{"embeddable":true,"href":"https:\/\/azurefilm.com\/it\/wp-json\/wp\/v2\/comments?post=46010"}],"wp:featuredmedia":[{"embeddable":true,"href":"https:\/\/azurefilm.com\/it\/wp-json\/wp\/v2\/media\/46046"}],"wp:attachment":[{"href":"https:\/\/azurefilm.com\/it\/wp-json\/wp\/v2\/media?parent=46010"}],"wp:term":[{"taxonomy":"product_brand","embeddable":true,"href":"https:\/\/azurefilm.com\/it\/wp-json\/wp\/v2\/product_brand?post=46010"},{"taxonomy":"product_cat","embeddable":true,"href":"https:\/\/azurefilm.com\/it\/wp-json\/wp\/v2\/product_cat?post=46010"},{"taxonomy":"product_tag","embeddable":true,"href":"https:\/\/azurefilm.com\/it\/wp-json\/wp\/v2\/product_tag?post=46010"},{"taxonomy":"brand","embeddable":true,"href":"https:\/\/azurefilm.com\/it\/wp-json\/wp\/v2\/brand?post=46010"}],"curies":[{"name":"wp","href":"https:\/\/api.w.org\/{rel}","templated":true}]}}