
{"id":47320,"date":"2024-10-14T11:32:40","date_gmt":"2024-10-14T11:32:40","guid":{"rendered":"https:\/\/azurefilm.com\/?post_type=product&#038;p=47320"},"modified":"2024-10-14T11:32:41","modified_gmt":"2024-10-14T11:32:41","slug":"creality-kit-ugello-a-cambio-rapido-unicorn-per-k1c","status":"publish","type":"product","link":"https:\/\/azurefilm.com\/it\/prodotto\/creality-kit-ugello-a-cambio-rapido-unicorn-per-k1c\/","title":{"rendered":"Creality Kit ugello a cambio rapido Unicorn per K1C"},"content":{"rendered":"<p><span style=\"font-weight: 400;\">Creality Kit ugello a cambio rapido Unicorn per K1C \u00e8 progettato per cambi rapidi degli ugelli ed \u00e8 caratterizzato da una robusta struttura tri-metallica che include sia un ugello che un heatbreak per un montaggio e uno smontaggio efficienti.<\/span><\/p>\n<h2><strong>Elevato flusso per stampa ad alta velocit\u00e0<\/strong><\/h2>\n<p><span style=\"font-weight: 400;\">Grazie a una camera dell&#8217;ugello allargata, l&#8217;ugello Unicorn raggiunge una portata massima fino a 30 mm\u00b3\/s. La sua costruzione interamente in metallo supporta la stampa ad alta velocit\u00e0 a velocit\u00e0 fino a 600 mm\/s, garantendo prestazioni superiori in applicazioni impegnative.<\/span><\/p>\n<h2><strong>Costruzione interamente in metallo durevole<\/strong><\/h2>\n<p><span style=\"font-weight: 400;\">L&#8217;heatbreak \u00e8 realizzato in una lega di titanio resistente, che riduce al minimo il trasferimento di calore, mentre l&#8217;ugello \u00e8 realizzato in una lega di rame con un impressionante coefficiente di conduttivit\u00e0 termica di 330 W\/mK. La punta dell&#8217;ugello, realizzata in acciaio temprato con una durezza Mohs di 7,8, migliora ulteriormente la durata. Questa composizione migliorata del materiale consente la compatibilit\u00e0 con un&#8217;ampia gamma di filamenti, tra cui PLA, ABS, PETG, TPU, PP, PC, PLA-CF, PA-CF e PET-CF.<\/span><\/p>\n<h2><strong>Variet\u00e0 di diametri degli ugelli<\/strong><\/h2>\n<p><span style=\"font-weight: 400;\">Il kit include tre diametri di ugello (0,4 mm, 0,6 mm, 0,8 mm), offrendo la flessibilit\u00e0 necessaria per soddisfare diverse esigenze di stampa, da quelle pi\u00f9 dettagliate a quelle pi\u00f9 veloci e robuste.<\/span><\/p>\n<ul>\n<li style=\"font-weight: 400;\" aria-level=\"1\"><span style=\"font-weight: 400;\">2 ugelli da 0,4 mm<\/span><\/li>\n<li style=\"font-weight: 400;\" aria-level=\"1\"><span style=\"font-weight: 400;\">1 ugello da 0,6 mm<\/span><\/li>\n<li style=\"font-weight: 400;\" aria-level=\"1\"><span style=\"font-weight: 400;\">1 ugello da 0,8 mm<\/span><\/li>\n<\/ul>\n","protected":false},"excerpt":{"rendered":"<p><span style=\"font-weight: 400;\">Acquista Creality Kit ugello a cambio rapido Unicorn per K1C per cambi rapidi degli ugelli e ottieni tre diversi diametri di ugello.<\/span><\/p>\n","protected":false},"featured_media":47525,"comment_status":"closed","ping_status":"closed","template":"","meta":{"_acf_changed":false},"product_brand":[],"product_cat":[624,625,651,653],"product_tag":[],"brand":[],"class_list":{"0":"post-47320","1":"product","2":"type-product","3":"status-publish","4":"has-post-thumbnail","6":"product_cat-parti-di-ricambio","7":"product_cat-altri-parti-di-ricambio","8":"product_cat-ugelli","9":"product_cat-ugelli-standard","10":"pa_compatible-with-creality-fdm-3d-printers","11":"pa_fits-printer-creality-k1c","13":"first","14":"outofstock","15":"taxable","16":"shipping-taxable","17":"purchasable","18":"product-type-simple"},"acf":[],"_links":{"self":[{"href":"https:\/\/azurefilm.com\/it\/wp-json\/wp\/v2\/product\/47320","targetHints":{"allow":["GET"]}}],"collection":[{"href":"https:\/\/azurefilm.com\/it\/wp-json\/wp\/v2\/product"}],"about":[{"href":"https:\/\/azurefilm.com\/it\/wp-json\/wp\/v2\/types\/product"}],"replies":[{"embeddable":true,"href":"https:\/\/azurefilm.com\/it\/wp-json\/wp\/v2\/comments?post=47320"}],"wp:featuredmedia":[{"embeddable":true,"href":"https:\/\/azurefilm.com\/it\/wp-json\/wp\/v2\/media\/47525"}],"wp:attachment":[{"href":"https:\/\/azurefilm.com\/it\/wp-json\/wp\/v2\/media?parent=47320"}],"wp:term":[{"taxonomy":"product_brand","embeddable":true,"href":"https:\/\/azurefilm.com\/it\/wp-json\/wp\/v2\/product_brand?post=47320"},{"taxonomy":"product_cat","embeddable":true,"href":"https:\/\/azurefilm.com\/it\/wp-json\/wp\/v2\/product_cat?post=47320"},{"taxonomy":"product_tag","embeddable":true,"href":"https:\/\/azurefilm.com\/it\/wp-json\/wp\/v2\/product_tag?post=47320"},{"taxonomy":"brand","embeddable":true,"href":"https:\/\/azurefilm.com\/it\/wp-json\/wp\/v2\/brand?post=47320"}],"curies":[{"name":"wp","href":"https:\/\/api.w.org\/{rel}","templated":true}]}}