
{"id":60923,"date":"2024-10-25T08:45:04","date_gmt":"2024-10-25T08:45:04","guid":{"rendered":"https:\/\/azurefilm.com\/?post_type=product&#038;p=60923"},"modified":"2025-05-21T15:25:53","modified_gmt":"2025-05-21T15:25:53","slug":"magigoo-adesivo-per-stampa-3d","status":"publish","type":"product","link":"https:\/\/azurefilm.com\/it\/prodotto\/magigoo-adesivo-per-stampa-3d\/","title":{"rendered":"Magigoo adesivo per stampa 3D"},"content":{"rendered":"<h2><strong>Magigoo adesivo per stampa 3D<\/strong><\/h2>\n<p><span style=\"font-weight: 400;\">Che tu sia un hobbista o un professionista, non c&#8217;\u00e8 niente di pi\u00f9 soddisfacente che vedere una stampa realizzata dopo diverse ore senza deformazioni e riuscire a eliminarle con un semplice tocco delle dita.<\/span><\/p>\n<p><img loading=\"lazy\" decoding=\"async\" class=\" wp-image-60966 alignright\" src=\"https:\/\/azurefilm.com\/wp-content\/uploads\/2024\/10\/3d-printing-adhesive-300x300.jpg\" alt=\"\" width=\"400\" height=\"400\" title=\"\" srcset=\"https:\/\/azurefilm.com\/wp-content\/uploads\/2024\/10\/3d-printing-adhesive-300x300.jpg 300w, https:\/\/azurefilm.com\/wp-content\/uploads\/2024\/10\/3d-printing-adhesive-274x274.jpg 274w, https:\/\/azurefilm.com\/wp-content\/uploads\/2024\/10\/3d-printing-adhesive-100x100.jpg 100w, https:\/\/azurefilm.com\/wp-content\/uploads\/2024\/10\/3d-printing-adhesive-510x510.jpg 510w, https:\/\/azurefilm.com\/wp-content\/uploads\/2024\/10\/3d-printing-adhesive-1024x1024.jpg 1024w, https:\/\/azurefilm.com\/wp-content\/uploads\/2024\/10\/3d-printing-adhesive-150x150.jpg 150w, https:\/\/azurefilm.com\/wp-content\/uploads\/2024\/10\/3d-printing-adhesive-768x768.jpg 768w, https:\/\/azurefilm.com\/wp-content\/uploads\/2024\/10\/3d-printing-adhesive.jpg 1200w\" sizes=\"auto, (max-width: 400px) 100vw, 400px\" \/><\/p>\n<h3><b>Vantaggi principali:<\/b><\/h3>\n<ul>\n<li style=\"font-weight: 400;\" aria-level=\"1\"><span style=\"font-weight: 400;\">Funziona con pi\u00f9 filamenti: ABS, PLA, PETG, HIPS, ASA, TPU<\/span><\/li>\n<li style=\"font-weight: 400;\" aria-level=\"1\"><span style=\"font-weight: 400;\">Facile da applicare: basta agitare, premere e distribuire sull&#8217;area di stampa attiva, senza bisogno di rivestire l&#8217;intera lastra<\/span><\/li>\n<li style=\"font-weight: 400;\" aria-level=\"1\"><span style=\"font-weight: 400;\">Rimozione senza problemi: le stampe vengono rilasciate senza problemi quando la piastra si raffredda<\/span><\/li>\n<li style=\"font-weight: 400;\" aria-level=\"1\"><span style=\"font-weight: 400;\">Facile da pulire: basta sciacquare con acqua<\/span><\/li>\n<li style=\"font-weight: 400;\" aria-level=\"1\"><span style=\"font-weight: 400;\">Lunga durata: oltre 100 utilizzi per flacone<\/span><\/li>\n<li style=\"font-weight: 400;\" aria-level=\"1\"><span style=\"font-weight: 400;\">Inodore e sicuro da usare, anche in aule o officine<\/span><\/li>\n<li style=\"font-weight: 400;\" aria-level=\"1\"><span style=\"font-weight: 400;\">Non sono necessari utensili per l&#8217;applicazione o la rimozione<\/span><\/li>\n<\/ul>\n<p><span style=\"font-weight: 400;\">Magigoo \u00e8 portatile, atossico e garantisce stampe nitide ogni volta.<\/span><\/p>\n<p><b>Disponibile nei formati: <\/b><span style=\"font-weight: 400;\">50 ml e 120 ml.<\/span><\/p>\n<p><b>Nota importante: <\/b><span style=\"font-weight: 400;\">l&#8217;applicatore ha una valvola a molla attiva, che si attiva quando l&#8217;applicatore viene premuto contro la piastra di stampa. Si prega di non premere la bottiglia come una &#8220;bottiglia di ketchup&#8221;, altrimenti l&#8217;applicatore potrebbe saltare via. La bottiglia pu\u00f2 essere leggermente schiacciata, solo quando la punta viene premuta contro il letto e potrebbe essere necessario solo se \u00e8 richiesto un flusso maggiore. La bottiglia non deve essere schiacciata quando il tappo \u00e8 aperto in nessun altro momento poich\u00e9 potrebbe causare la fuoriuscita della colla dalla bottiglia.<\/span><\/p>\n","protected":false},"excerpt":{"rendered":"<p><span style=\"font-weight: 400;\">Di&#8217; addio ai problemi di adesione del primo strato con Magigoo, la soluzione ideale per garantire che le tue stampe 3D aderiscano saldamente alla piastra di stampa. \u00c8 semplice da usare: basta applicarlo sulla superficie riscaldata e assicura una solida adesione durante tutta la stampa. Ma ecco la parte migliore: una volta raffreddata la piastra, la tua stampa si stacca senza sforzo, senza bisogno di raschiare o fare leva! Inoltre, Magigoo aiuta a prevenire il fastidioso problema della deformazione, assicurando che anche le stampe lunghe vengano fuori perfettamente.<\/span><\/p>\n","protected":false},"featured_media":48236,"comment_status":"closed","ping_status":"closed","template":"","meta":{"_acf_changed":false},"product_brand":[],"product_cat":[624,628,625,623],"product_tag":[],"brand":[2598],"class_list":{"0":"post-60923","1":"product","2":"type-product","3":"status-publish","4":"has-post-thumbnail","6":"product_cat-parti-di-ricambio","7":"product_cat-adesione-al-piano","8":"product_cat-altri-parti-di-ricambio","9":"product_cat-saldi","10":"brand-magigoo","12":"first","13":"outofstock","14":"sale","15":"taxable","16":"shipping-taxable","17":"purchasable","18":"product-type-variable"},"acf":[],"_links":{"self":[{"href":"https:\/\/azurefilm.com\/it\/wp-json\/wp\/v2\/product\/60923","targetHints":{"allow":["GET"]}}],"collection":[{"href":"https:\/\/azurefilm.com\/it\/wp-json\/wp\/v2\/product"}],"about":[{"href":"https:\/\/azurefilm.com\/it\/wp-json\/wp\/v2\/types\/product"}],"replies":[{"embeddable":true,"href":"https:\/\/azurefilm.com\/it\/wp-json\/wp\/v2\/comments?post=60923"}],"wp:featuredmedia":[{"embeddable":true,"href":"https:\/\/azurefilm.com\/it\/wp-json\/wp\/v2\/media\/48236"}],"wp:attachment":[{"href":"https:\/\/azurefilm.com\/it\/wp-json\/wp\/v2\/media?parent=60923"}],"wp:term":[{"taxonomy":"product_brand","embeddable":true,"href":"https:\/\/azurefilm.com\/it\/wp-json\/wp\/v2\/product_brand?post=60923"},{"taxonomy":"product_cat","embeddable":true,"href":"https:\/\/azurefilm.com\/it\/wp-json\/wp\/v2\/product_cat?post=60923"},{"taxonomy":"product_tag","embeddable":true,"href":"https:\/\/azurefilm.com\/it\/wp-json\/wp\/v2\/product_tag?post=60923"},{"taxonomy":"brand","embeddable":true,"href":"https:\/\/azurefilm.com\/it\/wp-json\/wp\/v2\/brand?post=60923"}],"curies":[{"name":"wp","href":"https:\/\/api.w.org\/{rel}","templated":true}]}}