
{"id":62863,"date":"2024-11-19T12:29:20","date_gmt":"2024-11-19T12:29:20","guid":{"rendered":"https:\/\/azurefilm.com\/?post_type=product&#038;p=62863"},"modified":"2025-09-01T14:10:35","modified_gmt":"2025-09-01T14:10:35","slug":"diy-kit-per-umidificatore","status":"publish","type":"product","link":"https:\/\/azurefilm.com\/it\/prodotto\/diy-kit-per-umidificatore\/","title":{"rendered":"DIY Kit per umidificatore"},"content":{"rendered":"<h2><strong>Humidifier DIY kit<\/strong><\/h2>\n<p><span style=\"font-weight: 400;\">Say goodbye to dry air and hello to a refreshed, stylish environment with our 3D-printed humidifier DIY kit! Designed by Tylman design, this innovative kit lets you create a humidifier that\u2019s compact, minimalist, and ultra-functional. Crafted for use with our high-quality filament, it\u2019s the perfect project for anyone who loves hands-on creativity with a practical twist.<\/span><\/p>\n\n\t<section class=\"section pb-0\" id=\"section_1587133101\">\n\t\t<div class=\"section-bg fill\" >\n\t\t\t\t\t\t\t\t\t<div class=\"section-bg-overlay absolute fill\"><\/div>\n\t\t\t\n\n\t\t<\/div>\n\n\t\t\n\n\t\t<div class=\"section-content relative\">\n\t\t\t\n<div class=\"row row-large align-middle\"  id=\"row-685486957\">\n\n\t<div id=\"col-343658174\" class=\"col medium-8 small-12 large-8\"  >\n\t\t\t\t<div class=\"col-inner text-left\"  >\n\t\t\t\n\t\t\t\n<h3><strong>Minimalistic &amp; modern design<\/strong><\/h3>\n<p><span style=\"font-weight: 400;\">This humidifier\u2019s compact, aesthetic design blends seamlessly with any room decor. Its minimalist style is ideal for those who appreciate form and function, making it a unique addition to your space.<\/span><\/p>\n\t\t<\/div>\n\t\t\t\t\t<\/div>\n\n\t\n\n\t<div id=\"col-521634370\" class=\"col medium-4 small-12 large-4\"  >\n\t\t\t\t<div class=\"col-inner\"  >\n\t\t\t\n\t\t\t\n\t<div class=\"img has-hover x md-x lg-x y md-y lg-y\" id=\"image_1372243789\">\n\t\t\t\t\t\t\t\t<div class=\"img-inner dark\" >\n\t\t\t<img loading=\"lazy\" decoding=\"async\" width=\"1020\" height=\"680\" src=\"https:\/\/azurefilm.com\/wp-content\/uploads\/2024\/11\/4-1024x683.jpg\" class=\"attachment-large size-large\" alt=\"\" srcset=\"https:\/\/azurefilm.com\/wp-content\/uploads\/2024\/11\/4-1024x683.jpg 1024w, https:\/\/azurefilm.com\/wp-content\/uploads\/2024\/11\/4-510x340.jpg 510w, https:\/\/azurefilm.com\/wp-content\/uploads\/2024\/11\/4-300x200.jpg 300w, https:\/\/azurefilm.com\/wp-content\/uploads\/2024\/11\/4-768x512.jpg 768w, https:\/\/azurefilm.com\/wp-content\/uploads\/2024\/11\/4-1536x1024.jpg 1536w, https:\/\/azurefilm.com\/wp-content\/uploads\/2024\/11\/4.jpg 1800w\" sizes=\"auto, (max-width: 1020px) 100vw, 1020px\" title=\"\">\t\t\t\t\t\t\n\t\t\t\t\t<\/div>\n\t\t\t\t\t\t\t\t\n<style>\n#image_1372243789 {\n  width: 100%;\n}\n<\/style>\n\t<\/div>\n\t\n\t\t<\/div>\n\t\t\t\t\t<\/div>\n\n\t\n<\/div>\n<div class=\"row row-large align-middle\"  id=\"row-1951487399\">\n\n\t<div id=\"col-1827255469\" class=\"col medium-8 small-12 large-8\"  >\n\t\t\t\t<div class=\"col-inner text-left\"  >\n\t\t\t\n\t\t\t\n<h3><strong>Powered by USB, convenient and portable<\/strong><\/h3>\n<p><span style=\"font-weight: 400;\">With USB-powered functionality, this humidifier can be easily placed anywhere you need it, whether that\u2019s at your work desk, bedside, or on a shelf in your living room. Just plug it into any USB port, and you\u2019re ready to go.<\/span><\/p>\n\t\t<\/div>\n\t\t\t\t\t<\/div>\n\n\t\n\n\t<div id=\"col-1006460488\" class=\"col medium-4 small-12 large-4\"  >\n\t\t\t\t<div class=\"col-inner\"  >\n\t\t\t\n\t\t\t\n\t<div class=\"img has-hover x md-x lg-x y md-y lg-y\" id=\"image_710206932\">\n\t\t\t\t\t\t\t\t<div class=\"img-inner dark\" >\n\t\t\t<img loading=\"lazy\" decoding=\"async\" width=\"1020\" height=\"680\" src=\"https:\/\/azurefilm.com\/wp-content\/uploads\/2024\/11\/humidifier-parts-1024x683.jpg\" class=\"attachment-large size-large\" alt=\"\" srcset=\"https:\/\/azurefilm.com\/wp-content\/uploads\/2024\/11\/humidifier-parts-1024x683.jpg 1024w, https:\/\/azurefilm.com\/wp-content\/uploads\/2024\/11\/humidifier-parts-510x340.jpg 510w, https:\/\/azurefilm.com\/wp-content\/uploads\/2024\/11\/humidifier-parts-300x200.jpg 300w, https:\/\/azurefilm.com\/wp-content\/uploads\/2024\/11\/humidifier-parts-768x512.jpg 768w, https:\/\/azurefilm.com\/wp-content\/uploads\/2024\/11\/humidifier-parts-1536x1024.jpg 1536w, https:\/\/azurefilm.com\/wp-content\/uploads\/2024\/11\/humidifier-parts.jpg 1800w\" sizes=\"auto, (max-width: 1020px) 100vw, 1020px\" title=\"\">\t\t\t\t\t\t\n\t\t\t\t\t<\/div>\n\t\t\t\t\t\t\t\t\n<style>\n#image_710206932 {\n  width: 100%;\n}\n<\/style>\n\t<\/div>\n\t\n\t\t<\/div>\n\t\t\t\t\t<\/div>\n\n\t\n<\/div>\n<div class=\"row row-large align-middle\"  id=\"row-547764245\">\n\n\t<div id=\"col-1617925946\" class=\"col medium-8 small-12 large-8\"  >\n\t\t\t\t<div class=\"col-inner text-left\"  >\n\t\t\t\n\t\t\t\n<h3><strong>Water tank with optimal capacity<\/strong><\/h3>\n<p><span style=\"font-weight: 400;\">The 3D-printed water tank is designed simply, allowing for easy assembly and printing. With a 1.5-hour capacity, it\u2019s ideal for short sessions, providing just the right amount of moisture to combat dryness without needing constant refilling.<\/span><\/p>\n\t\t<\/div>\n\t\t\t\t\t<\/div>\n\n\t\n\n\t<div id=\"col-1811638011\" class=\"col medium-4 small-12 large-4\"  >\n\t\t\t\t<div class=\"col-inner\"  >\n\t\t\t\n\t\t\t\n\t<div class=\"img has-hover x md-x lg-x y md-y lg-y\" id=\"image_1122306184\">\n\t\t\t\t\t\t\t\t<div class=\"img-inner dark\" >\n\t\t\t<img loading=\"lazy\" decoding=\"async\" width=\"1020\" height=\"680\" src=\"https:\/\/azurefilm.com\/wp-content\/uploads\/2024\/11\/humidifier-3d-printed-parts-1024x683.jpg\" class=\"attachment-large size-large\" alt=\"\" srcset=\"https:\/\/azurefilm.com\/wp-content\/uploads\/2024\/11\/humidifier-3d-printed-parts-1024x683.jpg 1024w, https:\/\/azurefilm.com\/wp-content\/uploads\/2024\/11\/humidifier-3d-printed-parts-510x340.jpg 510w, https:\/\/azurefilm.com\/wp-content\/uploads\/2024\/11\/humidifier-3d-printed-parts-300x200.jpg 300w, https:\/\/azurefilm.com\/wp-content\/uploads\/2024\/11\/humidifier-3d-printed-parts-768x512.jpg 768w, https:\/\/azurefilm.com\/wp-content\/uploads\/2024\/11\/humidifier-3d-printed-parts-1536x1024.jpg 1536w, https:\/\/azurefilm.com\/wp-content\/uploads\/2024\/11\/humidifier-3d-printed-parts.jpg 1800w\" sizes=\"auto, (max-width: 1020px) 100vw, 1020px\" title=\"\">\t\t\t\t\t\t\n\t\t\t\t\t<\/div>\n\t\t\t\t\t\t\t\t\n<style>\n#image_1122306184 {\n  width: 100%;\n}\n<\/style>\n\t<\/div>\n\t\n\t\t<\/div>\n\t\t\t\t\t<\/div>\n\n\t\n<\/div>\n\t\t<\/div>\n\n\t\t\n<style>\n#section_1587133101 {\n  padding-top: 30px;\n  padding-bottom: 30px;\n  background-color: rgb(193, 193, 193);\n}\n#section_1587133101 .section-bg-overlay {\n  background-color: rgba(255, 255, 255, 0.85);\n}\n<\/style>\n\t<\/section>\n\t\n\n\t<section class=\"section\" id=\"section_1378470597\">\n\t\t<div class=\"section-bg fill\" >\n\t\t\t\t\t\t\t\t\t<div class=\"section-bg-overlay absolute fill\"><\/div>\n\t\t\t\n\n\t\t<\/div>\n\n\t\t\n\n\t\t<div class=\"section-content relative\">\n\t\t\t\n<div class=\"row row-large align-middle\"  id=\"row-781489684\">\n\n\t<div id=\"col-984850893\" class=\"col medium-8 small-12 large-8\"  >\n\t\t\t\t<div class=\"col-inner text-left\"  >\n\t\t\t\n\t\t\t\n<h3><strong>High compatibility with our filament<\/strong><\/h3>\n<p><span style=\"font-weight: 400;\">This kit has been crafted to work perfectly with our filament, ensuring the best print quality for a durable and functional humidifier. By using our filament, you can achieve a smooth, reliable finish that enhances both the aesthetic and operational quality of your humidifier.<\/span><\/p>\n<a href=\"https:\/\/azurefilm.com\/it\/filamenti-3d\/\" target=\"_blank\" class=\"button primary diy-btn\" rel=\"noopener\" >\n\t\t<span>Find the right filament &gt;&gt;<\/span>\n\t<\/a>\n\n\t\t<\/div>\n\t\t\t\t\t<\/div>\n\n\t\n\n\t<div id=\"col-1978691\" class=\"col medium-4 small-12 large-4\"  >\n\t\t\t\t<div class=\"col-inner\"  >\n\t\t\t\n\t\t\t\n\t<div class=\"img has-hover x md-x lg-x y md-y lg-y\" id=\"image_122669961\">\n\t\t<a class=\"\" href=\"https:\/\/azurefilm.com\/it\/filamenti-3d\/\" >\t\t\t\t\t\t<div class=\"img-inner dark\" >\n\t\t\t<img loading=\"lazy\" decoding=\"async\" width=\"1020\" height=\"680\" src=\"https:\/\/azurefilm.com\/wp-content\/uploads\/2024\/11\/5-1024x683.jpg\" class=\"attachment-large size-large\" alt=\"\" srcset=\"https:\/\/azurefilm.com\/wp-content\/uploads\/2024\/11\/5-1024x683.jpg 1024w, https:\/\/azurefilm.com\/wp-content\/uploads\/2024\/11\/5-510x340.jpg 510w, https:\/\/azurefilm.com\/wp-content\/uploads\/2024\/11\/5-300x200.jpg 300w, https:\/\/azurefilm.com\/wp-content\/uploads\/2024\/11\/5-768x512.jpg 768w, https:\/\/azurefilm.com\/wp-content\/uploads\/2024\/11\/5-1536x1024.jpg 1536w, https:\/\/azurefilm.com\/wp-content\/uploads\/2024\/11\/5.jpg 1800w\" sizes=\"auto, (max-width: 1020px) 100vw, 1020px\" title=\"\">\t\t\t\t\t\t\n\t\t\t\t\t<\/div>\n\t\t\t\t\t\t<\/a>\t\t\n<style>\n#image_122669961 {\n  width: 100%;\n}\n<\/style>\n\t<\/div>\n\t\n\t\t<\/div>\n\t\t\t\t\t<\/div>\n\n\t\n<\/div>\n\t\t<\/div>\n\n\t\t\n<style>\n#section_1378470597 {\n  padding-top: 30px;\n  padding-bottom: 30px;\n  background-color: rgb(193, 193, 193);\n}\n#section_1378470597 .section-bg-overlay {\n  background-color: rgba(255, 255, 255, 0.85);\n}\n<\/style>\n\t<\/section>\n\t\n\t<div id=\"gap-411774938\" class=\"gap-element clearfix\" style=\"display:block; height:auto;\">\n\t\t\n<style>\n#gap-411774938 {\n  padding-top: 15px;\n}\n<\/style>\n\t<\/div>\n\t\n<h2><strong>Why choose our Humidifier DIY kit?<\/strong><\/h2>\n<p><span style=\"font-weight: 400;\">Creating your own humidifier not only adds a personal touch but also offers you a practical solution that\u2019s eco-friendly and efficient. This kit is ideal for makers, DIY enthusiasts, and anyone interested in 3D printing and home improvement projects. Plus, the USB-powered feature and compact size make it easy to take with you, ensuring you\u2019re never without fresh, humidified air!<\/span><\/p>\n<h3><strong>The kit includes:<\/strong><\/h3>\n<ul>\n<li style=\"font-weight: 400;\" aria-level=\"1\"><span style=\"font-weight: 400;\">USB cable<\/span><\/li>\n<li style=\"font-weight: 400;\" aria-level=\"1\"><span style=\"font-weight: 400;\">Piezoelectric membrane with sponge<\/span><\/li>\n<li style=\"font-weight: 400;\" aria-level=\"1\"><span style=\"font-weight: 400;\">Atomiser drive circuit<\/span><\/li>\n<li style=\"font-weight: 400;\" aria-level=\"1\"><span style=\"font-weight: 400;\">Bolts<\/span><\/li>\n<li style=\"font-weight: 400;\" aria-level=\"1\"><span style=\"font-weight: 400;\">Allen key<\/span><\/li>\n<li style=\"font-weight: 400;\" aria-level=\"1\"><span style=\"font-weight: 400;\"><strong>A QR code which leads to all the STL files you will need<\/strong> (Humidifier body, water tank, electronic cover &amp; button)<\/span><\/li>\n<\/ul>\n","protected":false},"excerpt":{"rendered":"<p><span style=\"font-weight: 400;\">Regalatevi una boccata d&#8217;aria fresca con questo DIY Kit per umidificatore compatto, elegante e stampato in 3D.<\/span><\/p>\n<p><span style=\"font-weight: 400;\">S\u00ec, potete creare il suo umidificatore stampato in 3D con questo DIY kit! Dotato di un design alimentato tramite USB e di un serbatoio d&#8217;acqua con capacit\u00e0 di 1,5 ore, \u00e8 il mix perfetto di estetica e funzionalit\u00e0.<\/span><\/p>\n","protected":false},"featured_media":62260,"comment_status":"closed","ping_status":"closed","template":"","meta":{"_acf_changed":false},"product_brand":[],"product_cat":[2618,517,519],"product_tag":[],"brand":[],"class_list":{"0":"post-62863","1":"product","2":"type-product","3":"status-publish","4":"has-post-thumbnail","6":"product_cat-diy-kit","7":"product_cat-filamenti-3d","8":"product_cat-tutti-filamenti","10":"first","11":"instock","12":"taxable","13":"shipping-taxable","14":"purchasable","15":"product-type-simple"},"acf":[],"_links":{"self":[{"href":"https:\/\/azurefilm.com\/it\/wp-json\/wp\/v2\/product\/62863","targetHints":{"allow":["GET"]}}],"collection":[{"href":"https:\/\/azurefilm.com\/it\/wp-json\/wp\/v2\/product"}],"about":[{"href":"https:\/\/azurefilm.com\/it\/wp-json\/wp\/v2\/types\/product"}],"replies":[{"embeddable":true,"href":"https:\/\/azurefilm.com\/it\/wp-json\/wp\/v2\/comments?post=62863"}],"wp:featuredmedia":[{"embeddable":true,"href":"https:\/\/azurefilm.com\/it\/wp-json\/wp\/v2\/media\/62260"}],"wp:attachment":[{"href":"https:\/\/azurefilm.com\/it\/wp-json\/wp\/v2\/media?parent=62863"}],"wp:term":[{"taxonomy":"product_brand","embeddable":true,"href":"https:\/\/azurefilm.com\/it\/wp-json\/wp\/v2\/product_brand?post=62863"},{"taxonomy":"product_cat","embeddable":true,"href":"https:\/\/azurefilm.com\/it\/wp-json\/wp\/v2\/product_cat?post=62863"},{"taxonomy":"product_tag","embeddable":true,"href":"https:\/\/azurefilm.com\/it\/wp-json\/wp\/v2\/product_tag?post=62863"},{"taxonomy":"brand","embeddable":true,"href":"https:\/\/azurefilm.com\/it\/wp-json\/wp\/v2\/brand?post=62863"}],"curies":[{"name":"wp","href":"https:\/\/api.w.org\/{rel}","templated":true}]}}