
{"id":65791,"date":"2024-12-03T09:45:18","date_gmt":"2024-12-03T09:45:18","guid":{"rendered":"https:\/\/azurefilm.com\/?post_type=product&#038;p=65791"},"modified":"2024-12-03T09:45:19","modified_gmt":"2024-12-03T09:45:19","slug":"prusa-xl","status":"publish","type":"product","link":"https:\/\/azurefilm.com\/it\/prodotto\/prusa-xl\/","title":{"rendered":"Prusa XL"},"content":{"rendered":"<p><span style=\"font-weight: 400;\">L&#8217;Original Prusa XL \u00e8 un punto di svolta nel mondo della stampa 3D. Con il suo avanzato cambio utensile a cinque teste, la XL offre stampe multi-materiale di alta qualit\u00e0 in modo pi\u00f9 rapido ed efficiente di qualsiasi altra stampante. Dalla sua precisione e dal suo grande volume di stampa alle sue capacit\u00e0 di stampa a zero sprechi, la XL stabilisce un nuovo standard per le stampanti 3D desktop ad alte prestazioni.<\/span><\/p>\n<h2><strong>Cambio utensile a cinque teste per la massima flessibilit\u00e0<\/strong><\/h2>\n<p><span style=\"font-weight: 400;\">La pietra angolare dell&#8217;Original Prusa XL \u00e8 il suo cambio utensile a cinque teste. Questa caratteristica ti consente di caricare fino a cinque materiali contemporaneamente, passando da uno all&#8217;altro all&#8217;istante durante una stampa. Questo sistema di cambio utensile rapido e affidabile ti assicura di poter completare stampe multi-materiale complesse con facilit\u00e0, il tutto riducendo i tempi di stampa.<\/span><\/p>\n<h2><strong>Stampa a zero sprechi<\/strong><\/h2>\n<p><span style=\"font-weight: 400;\">Con Prusa XL, puoi dire addio allo spreco di filamento. A differenza delle stampanti a singolo estrusore, che sprecano materiale a ogni cambio di colore o materiale, la XL elimina quasi completamente lo spreco. Grazie al suo design unico, che include una piccola torre di priming per la stabilizzazione della pressione dell&#8217;ugello e opzioni di pulizia e riempimento, potrai godere di una stampa multi-materiale efficiente con sprechi minimi o nulli.<\/span><\/p>\n<h2><strong>Velocit\u00e0 e precisione di stampa senza pari<\/strong><\/h2>\n<p><span style=\"font-weight: 400;\">La XL \u00e8 la stampante desktop multi-materiale pi\u00f9 veloce sul mercato. Incorpora tecnologie all&#8217;avanguardia come Input Shaper e Pressure Advance, consentendo una stampa superveloce senza compromettere la qualit\u00e0. Che tu stia stampando con filamenti flessibili o materiali avanzati, la XL mantiene una precisione e una qualit\u00e0 eccezionali su tutto il piano di stampa.<\/span><\/p>\n<h2><strong>Enorme volume di costruzione per grandi progetti<\/strong><\/h2>\n<p><span style=\"font-weight: 400;\">Con un&#8217;area di costruzione di 360\u00d7360\u00d7360 mm, la Original Prusa XL \u00e8 ideale per progetti pi\u00f9 grandi. Il suo ampio volume di stampa ti consente di gestire stampe di grandi dimensioni e design multi-materiale, mantenendo comunque un elevato livello di dettaglio e precisione.<\/span><\/p>\n<h2><strong>Qualit\u00e0 di stampa avanzata e affidabilit\u00e0<\/strong><\/h2>\n<p><span style=\"font-weight: 400;\">La XL eccelle nel fornire risultati di stampa perfetti, anche per i design pi\u00f9 intricati. Dotata di Nextruder per la stampa di filamenti flessibili e prestazioni eccezionali su sporgenze ripide, la XL \u00e8 progettata per affidabilit\u00e0 e precisione. Che tu stia stampando parti che devono combaciare perfettamente o geometrie complesse, la XL \u00e8 sempre all&#8217;altezza.<\/span><\/p>\n<h2><strong>Piano riscaldato modulare e segmentato per risultati costanti<\/strong><\/h2>\n<p><span style=\"font-weight: 400;\">La XL \u00e8 dotata di un heatbed modulare e segmentato che impedisce la deformazione comune con i singoli heatbed di grandi dimensioni. Ognuna delle 16 tile controllate assicura un riscaldamento uniforme su tutta la superficie di stampa, offrendoti un&#8217;aderenza e una qualit\u00e0 di stampa ottimali ogni volta.<\/span><\/p>\n<h2><strong>Compatibilit\u00e0 flessibile dei materiali<\/strong><\/h2>\n<p><span style=\"font-weight: 400;\">Che tu debba stampare con PLA, PETG, ASA o anche filamenti flessibili come TPU, l&#8217;Original Prusa XL pu\u00f2 gestirli tutti. Con il suo Nextruder a trasmissione diretta, l&#8217;XL assicura una stampa fluida e precisa anche con i materiali pi\u00f9 difficili. Per i materiali che necessitano di uno spazio chiuso, l&#8217;Original Prusa Enclosure opzionale fornisce la soluzione perfetta.<\/span><\/p>\n<h2><strong>Stampa di rete veloce con Prusa Connect<\/strong><\/h2>\n<p><span style=\"font-weight: 400;\">Con Prusa Connect, la XL offre un facile controllo e monitoraggio wireless. Puoi avviare le stampe da remoto, pianificare i lavori e tenere d&#8217;occhio i progressi tramite una webcam, il tutto utilizzando un sistema sicuro e crittografato. Inoltre, la XL supporta la stampa in rete, cos\u00ec puoi gestire facilmente pi\u00f9 stampanti da un&#8217;unica posizione.<\/span><\/p>\n<h2><strong>Recupero della perdita di potenza<\/strong><\/h2>\n<p><span style=\"font-weight: 400;\">Le stampe di grandi dimensioni possono richiedere ore per essere completate, ma con la funzione di ripristino in caso di interruzione di corrente della XL, non devi preoccuparti delle interruzioni di corrente. La stampante memorizza l&#8217;ultima posizione nota dell&#8217;estrusore, quindi se si verifica un&#8217;interruzione di corrente, pu\u00f2 riprendere la stampa esattamente da dove si era interrotta, garantendo un&#8217;interruzione minima del flusso di lavoro.<\/span><\/p>\n<h2><strong>Facile da usare con stampa con un clic<\/strong><\/h2>\n<p><span style=\"font-weight: 400;\">Il design user-friendly della XL semplifica l&#8217;avvio fin da subito. Con la calibrazione automatica, la stampa con un clic e i primi strati sempre perfetti, non dovrai perdere tempo a regolare le impostazioni. Inoltre, l&#8217;interfaccia touchscreen della stampante e i menu intuitivi rendono l&#8217;utilizzo della XL un gioco da ragazzi.<\/span><\/p>\n<h2><strong>Costruito per durare con supporto a lungo termine<\/strong><\/h2>\n<p><span style=\"font-weight: 400;\">Le stampanti 3D Prusa, inclusa la XL, sono costruite per un uso a lungo termine e un miglioramento continuo. La XL \u00e8 supportata da aggiornamenti firmware e hardware regolari che aggiungono nuove funzionalit\u00e0 e mantengono la stampante aggiornata per gli anni a venire.<\/span><\/p>\n","protected":false},"excerpt":{"rendered":"<p><span style=\"font-weight: 400;\">La Prusa XL \u00e8 l&#8217;ultima versione della loro stampante 3D desktop multi-materiale di grande formato. Ha un generoso volume di costruzione di 360x360x360mm. Dotata di un cambio rapido degli utensili e della possibilit\u00e0 di utilizzare fino a cinque teste portautensili, la XL realizza stampe multi-materiale di alta qualit\u00e0 pi\u00f9 velocemente di qualsiasi altra stampante, il tutto riducendo al minimo gli sprechi. Progettata e costruita nell&#8217;UE.<\/span><\/p>\n","protected":false},"featured_media":65786,"comment_status":"closed","ping_status":"closed","template":"","meta":{"_acf_changed":false},"product_brand":[],"product_cat":[595,2641,599,598],"product_tag":[],"brand":[],"class_list":{"0":"post-65791","1":"product","2":"type-product","3":"status-publish","4":"has-post-thumbnail","6":"product_cat-stampante-3d","7":"product_cat-prusa-it","8":"product_cat-stampante-3d-fdm","9":"product_cat-tutti-stampanti-3d","11":"first","12":"instock","13":"taxable","14":"shipping-taxable","15":"product-type-simple"},"acf":[],"_links":{"self":[{"href":"https:\/\/azurefilm.com\/it\/wp-json\/wp\/v2\/product\/65791","targetHints":{"allow":["GET"]}}],"collection":[{"href":"https:\/\/azurefilm.com\/it\/wp-json\/wp\/v2\/product"}],"about":[{"href":"https:\/\/azurefilm.com\/it\/wp-json\/wp\/v2\/types\/product"}],"replies":[{"embeddable":true,"href":"https:\/\/azurefilm.com\/it\/wp-json\/wp\/v2\/comments?post=65791"}],"wp:featuredmedia":[{"embeddable":true,"href":"https:\/\/azurefilm.com\/it\/wp-json\/wp\/v2\/media\/65786"}],"wp:attachment":[{"href":"https:\/\/azurefilm.com\/it\/wp-json\/wp\/v2\/media?parent=65791"}],"wp:term":[{"taxonomy":"product_brand","embeddable":true,"href":"https:\/\/azurefilm.com\/it\/wp-json\/wp\/v2\/product_brand?post=65791"},{"taxonomy":"product_cat","embeddable":true,"href":"https:\/\/azurefilm.com\/it\/wp-json\/wp\/v2\/product_cat?post=65791"},{"taxonomy":"product_tag","embeddable":true,"href":"https:\/\/azurefilm.com\/it\/wp-json\/wp\/v2\/product_tag?post=65791"},{"taxonomy":"brand","embeddable":true,"href":"https:\/\/azurefilm.com\/it\/wp-json\/wp\/v2\/brand?post=65791"}],"curies":[{"name":"wp","href":"https:\/\/api.w.org\/{rel}","templated":true}]}}