
{"id":65920,"date":"2024-12-03T09:44:47","date_gmt":"2024-12-03T09:44:47","guid":{"rendered":"https:\/\/azurefilm.com\/?post_type=product&#038;p=65920"},"modified":"2024-12-03T09:44:48","modified_gmt":"2024-12-03T09:44:48","slug":"prusa-mini","status":"publish","type":"product","link":"https:\/\/azurefilm.com\/it\/prodotto\/prusa-mini\/","title":{"rendered":"Prusa MINI+"},"content":{"rendered":"<p><span style=\"font-weight: 400;\">La Original Prusa MINI+ \u00e8 una potente stampante 3D che unisce velocit\u00e0, affidabilit\u00e0 e facilit\u00e0 d&#8217;uso in un design compatto. \u00c8 dotata di tutte le funzionalit\u00e0 che ci si aspetta da una stampante 3D Original Prusa, rendendola la scelta perfetta per utenti di qualsiasi livello.<\/span><\/p>\n<h2><strong>Volume di costruzione: 18x18x18cm<\/strong><\/h2>\n<p><span style=\"font-weight: 400;\">La MINI+ offre un&#8217;area di stampa generosa, con un volume di stampa di 18\u00d718\u00d718 cm in un corpo compatto. Questa stampante piccola ma potente \u00e8 dotata di funzionalit\u00e0 come homing senza sensori, calibrazione automatica del letto a maglie e uno schermo LCD a colori, che la rendono facile da usare e manutenere.<\/span><\/p>\n<h2><strong>Stampa veloce con sagomatore di input e avanzamento della pressione<\/strong><\/h2>\n<p><span style=\"font-weight: 400;\">La MINI+ \u00e8 ora pi\u00f9 veloce che mai, grazie all&#8217;introduzione delle tecnologie Input Shaper e Pressure Advance. Questi aggiornamenti consentono alla stampante di offrire stampe ad alta velocit\u00e0 senza compromettere la qualit\u00e0 di stampa. Con i profili testati in fabbrica in PrusaSlicer, puoi trovare facilmente le impostazioni migliori per il tuo progetto.<\/span><\/p>\n<h2><strong>Fogli di stampa flessibili<\/strong><\/h2>\n<p><span style=\"font-weight: 400;\">Di&#8217; addio alle difficolt\u00e0 con le stampe attaccate al letto! La MINI+ \u00e8 dotata di un letto riscaldato magnetico con fogli di acciaio a molla rimovibili, che facilitano la rimozione delle stampe con una semplice piegatura. La superficie \u00e8 disponibile in tre varianti: liscia, testurizzata e satinata, tutte facili da manutenere.<\/span><\/p>\n<h2><strong>Sonda SuperPINDA per un livellamento preciso del letto<\/strong><\/h2>\n<p><span style=\"font-weight: 400;\">La sonda SuperPINDA assicura ogni volta i primi strati perfetti eseguendo il livellamento completamente automatico del letto a maglie. Prima di ogni stampa, sonda il letto in pi\u00f9 posizioni, creando una mappa di altezza virtuale per garantire un primo strato impeccabile per ogni stampa.<\/span><\/p>\n<h2><strong>Connettivit\u00e0 di rete per la gestione remota<\/strong><\/h2>\n<p><span style=\"font-weight: 400;\">Dotata di una porta ethernet, la MINI+ ti consente di integrarti facilmente con il nostro sistema di gestione delle stampe da remoto, Prusa Connect. Puoi gestire le tue stampe, caricare nuovi file o persino aggiornare il firmware da remoto tramite un browser web. Un upgrade Wi-Fi opzionale rende tutto questo ancora pi\u00f9 comodo.<\/span><\/p>\n<h2><strong>Caratteristiche di sicurezza<\/strong><\/h2>\n<p><span style=\"font-weight: 400;\">MINI+ \u00e8 progettato pensando alla sicurezza. Ogni unit\u00e0 \u00e8 sottoposta a rigorosi test interni, per garantire che tutte le parti soddisfino gli standard pi\u00f9 elevati. Dotato di tre termistori e di un alimentatore di alta qualit\u00e0 (Delta o Mean Well, a seconda della regione), MINI+ \u00e8 costruito per un funzionamento sicuro e affidabile.<\/span><\/p>\n<h2><strong>Stampa con un clic<\/strong><\/h2>\n<p><span style=\"font-weight: 400;\">La stampa \u00e8 resa semplice dalla funzionalit\u00e0 one-click. Basta inserire un&#8217;unit\u00e0 USB con il file sliced, selezionare la stampa dal menu di anteprima dell&#8217;oggetto e cliccare una volta per iniziare. MINI+ si occuper\u00e0 del resto.<\/span><\/p>\n<h2><strong>Piattaforma embedded a 32 bit per potenza e flessibilit\u00e0<\/strong><\/h2>\n<p><span style=\"font-weight: 400;\">La MINI+ \u00e8 alimentata dalla nostra scheda madre &#8220;Buddy&#8221; a 32 bit personalizzata, che include driver Trinamic 2209 per un funzionamento preciso e fluido. Esegue Input Shaper e Pressure Advance in modo nativo, consentendo una stampa pi\u00f9 rapida senza la necessit\u00e0 di hardware aggiuntivo. Si integra inoltre perfettamente con Prusa Connect per la gestione remota.<\/span><\/p>\n","protected":false},"excerpt":{"rendered":"<p><span style=\"font-weight: 400;\">La Original Prusa MINI+ offre grandi prestazioni di stampa in un design compatto, ora pi\u00f9 veloce che mai con l&#8217;aggiunta di Input Shaper e Pressure Advance. La MINI+ \u00e8 affidabile, veloce e pronta a gestire un&#8217;ampia gamma di progetti con facilit\u00e0. Inoltre, \u00e8 dotata di un foglio di stampa Smooth PEI per un&#8217;adesione ottimale.<\/span><\/p>\n","protected":false},"featured_media":65916,"comment_status":"closed","ping_status":"closed","template":"","meta":{"_acf_changed":false},"product_brand":[],"product_cat":[595,2641,623,599,598],"product_tag":[],"brand":[],"class_list":{"0":"post-65920","1":"product","2":"type-product","3":"status-publish","4":"has-post-thumbnail","6":"product_cat-stampante-3d","7":"product_cat-prusa-it","8":"product_cat-saldi","9":"product_cat-stampante-3d-fdm","10":"product_cat-tutti-stampanti-3d","12":"first","13":"instock","14":"sale","15":"taxable","16":"shipping-taxable","17":"purchasable","18":"product-type-simple"},"acf":[],"_links":{"self":[{"href":"https:\/\/azurefilm.com\/it\/wp-json\/wp\/v2\/product\/65920","targetHints":{"allow":["GET"]}}],"collection":[{"href":"https:\/\/azurefilm.com\/it\/wp-json\/wp\/v2\/product"}],"about":[{"href":"https:\/\/azurefilm.com\/it\/wp-json\/wp\/v2\/types\/product"}],"replies":[{"embeddable":true,"href":"https:\/\/azurefilm.com\/it\/wp-json\/wp\/v2\/comments?post=65920"}],"wp:featuredmedia":[{"embeddable":true,"href":"https:\/\/azurefilm.com\/it\/wp-json\/wp\/v2\/media\/65916"}],"wp:attachment":[{"href":"https:\/\/azurefilm.com\/it\/wp-json\/wp\/v2\/media?parent=65920"}],"wp:term":[{"taxonomy":"product_brand","embeddable":true,"href":"https:\/\/azurefilm.com\/it\/wp-json\/wp\/v2\/product_brand?post=65920"},{"taxonomy":"product_cat","embeddable":true,"href":"https:\/\/azurefilm.com\/it\/wp-json\/wp\/v2\/product_cat?post=65920"},{"taxonomy":"product_tag","embeddable":true,"href":"https:\/\/azurefilm.com\/it\/wp-json\/wp\/v2\/product_tag?post=65920"},{"taxonomy":"brand","embeddable":true,"href":"https:\/\/azurefilm.com\/it\/wp-json\/wp\/v2\/brand?post=65920"}],"curies":[{"name":"wp","href":"https:\/\/api.w.org\/{rel}","templated":true}]}}