
{"id":71611,"date":"2025-02-18T07:18:34","date_gmt":"2025-02-18T07:18:34","guid":{"rendered":"https:\/\/azurefilm.com\/?post_type=product&#038;p=71611"},"modified":"2025-03-13T08:41:56","modified_gmt":"2025-03-13T08:41:56","slug":"creality-hi-combo","status":"publish","type":"product","link":"https:\/\/azurefilm.com\/it\/prodotto\/creality-hi-combo\/","title":{"rendered":"Creality Hi Combo"},"content":{"rendered":"<p><span style=\"font-weight: 400;\">Creality Hi Combo unisce la stampante 3D avanzata Creality Hi e il sistema multimateriale Creality CFS per una stampa di precisione con una velocit\u00e0 impressionante. Questo pacchetto ti consente di sperimentare liberamente con vari materiali e colori, garantendo al contempo risultati di alta qualit\u00e0.<\/span><\/p>\n<h2><strong>Creality Hi: stampa intelligente ed efficiente<\/strong><\/h2>\n<p><span style=\"font-weight: 400;\">Che tu sia un principiante o un professionista, Creality Hi rende la stampa 3D pi\u00f9 veloce, pi\u00f9 intelligente e pi\u00f9 facile. Con tecnologia all&#8217;avanguardia, controlli intuitivi e un design elegante e stabile, migliora la tua esperienza di stampa.<\/span><\/p>\n<h3><strong>Montaggio rapido<\/strong><\/h3>\n<p><span style=\"font-weight: 400;\">Creality Hi \u00e8 preassemblata al 95%: solo sette viti e qualche collegamento, e sei pronta a stampare in 8 minuti! La configurazione del software e la calibrazione iniziale sono altrettanto semplici.<\/span><\/p>\n<h3><strong>La stabilit\u00e0 incontra lo stile<\/strong><\/h3>\n<p><span style=\"font-weight: 400;\">L&#8217;elegante corpo in lega interamente metallica della Creality Hi offre stabilit\u00e0, mentre il sistema di binari lineari sull&#8217;asse X e le doppie aste lineari sull&#8217;asse Y assicurano movimenti fluidi e una stampa precisa.<\/span><\/p>\n<h3><strong>Stampa ad alta velocit\u00e0<\/strong><\/h3>\n<p><span style=\"font-weight: 400;\">I motori FOC-Step-Servo di Creality Hi consentono velocit\u00e0 di stampa fino a 500 mm\/s e un&#8217;accelerazione di 12000 mm\/s\u00b2, garantendo sia velocit\u00e0 che precisione.<\/span><\/p>\n<h3><strong>Livellamento automatico del letto per primi strati perfetti<\/strong><\/h3>\n<p><span style=\"font-weight: 400;\">Il sistema di livellamento automatico del letto garantisce che i primi strati siano sempre impeccabili, grazie alle regolazioni precise con doppie viti di comando sull&#8217;asse X.<\/span><\/p>\n<h3><strong>Riscaldamento ad alta velocit\u00e0 per avviamenti pi\u00f9 rapidi<\/strong><\/h3>\n<p><span style=\"font-weight: 400;\">Il letto riscaldato da 1000 W raggiunge i 60 \u00b0C in soli 30 secondi e i 100 \u00b0C in 90 secondi, consentendo una rapida preparazione della stampa e un avvio pi\u00f9 rapido della stessa.<\/span><\/p>\n<h3><strong>Notifiche con avvisi sonori<\/strong><\/h3>\n<p><span style=\"font-weight: 400;\">Gli avvisi acustici integrati ti tengono informato sugli aggiornamenti dello stato di stampa, ad esempio quando la stampa \u00e8 terminata o \u00e8 temporaneamente interrotta.<\/span><\/p>\n<h3><strong>Caratteristiche aggiuntive:<\/strong><\/h3>\n<ul>\n<li style=\"font-weight: 400;\" aria-level=\"1\"><span style=\"font-weight: 400;\">Ingranaggi in metallo ultra-resistenti per un&#8217;estrusione di lunga durata<\/span><\/li>\n<li style=\"font-weight: 400;\" aria-level=\"1\"><span style=\"font-weight: 400;\">Efficiente taglia-filamento con retrazione magnetica<\/span><\/li>\n<li style=\"font-weight: 400;\" aria-level=\"1\"><span style=\"font-weight: 400;\">Sensore di esaurimento per ridurre lo spreco di filamento<\/span><\/li>\n<li style=\"font-weight: 400;\" aria-level=\"1\"><span style=\"font-weight: 400;\">Telecamera integrata per il monitoraggio remoto<\/span><\/li>\n<li style=\"font-weight: 400;\" aria-level=\"1\"><span style=\"font-weight: 400;\">Funzionamento silenzioso a ~48 dB<\/span><\/li>\n<li style=\"font-weight: 400;\" aria-level=\"1\"><span style=\"font-weight: 400;\">Schermo touchscreen da 3,2 pollici<\/span><\/li>\n<\/ul>\n<h2><strong>Creality CFS: la stampa multimateriale semplificata<\/strong><\/h2>\n<p><span style=\"font-weight: 400;\">Creality CFS (Color Filament System) \u00e8 un sistema multi-materiale intelligente con quattro slot per filamenti, perfetto per la stampa multicolore e l&#8217;uso simultaneo di materiali diversi.<\/span><\/p>\n<h3><strong>Gestione automatizzata dei filamenti<\/strong><\/h3>\n<p><span style=\"font-weight: 400;\">Il sistema carica e scarica automaticamente il filamento, eliminando la necessit\u00e0 di scambi manuali. Funge anche da dry box per lo stoccaggio del filamento, con display di temperatura e umidit\u00e0 per una conservazione ottimale del filamento.<\/span><\/p>\n<h3><strong>Riconoscimento dei materiali RFID<\/strong><\/h3>\n<p><span style=\"font-weight: 400;\">Il sistema CFS riconosce automaticamente i tipi di filamento tramite RFID, garantendo una gestione ottimale dei materiali.<\/span><\/p>\n<h3><strong>Compatibilit\u00e0 e capacit\u00e0<\/strong><\/h3>\n<p><span style=\"font-weight: 400;\">CFS ospita quattro bobine di filamento da 1 kg (diametro 197\u2013202 mm, larghezza 42\u201368 mm).\u00a0<\/span><\/p>\n<h3><strong>Specifiche CFS:<\/strong><\/h3>\n<ul>\n<li>Prodotto: <span style=\"font-weight: 400;\">CFS<\/span><\/li>\n<li>Stampante 3D supportata: <span style=\"font-weight: 400;\">Creality Hi<\/span><\/li>\n<li>Dimensioni: <span style=\"font-weight: 400;\">379x314x276mm<\/span><\/li>\n<li>Porta di connessione: <span style=\"font-weight: 400;\">Creality 485 x 2<\/span><\/li>\n<li>Peso netto: <span style=\"font-weight: 400;\">4,56 kg<\/span><\/li>\n<li>Numero di slot per filamenti: <span style=\"font-weight: 400;\">4<\/span><\/li>\n<li>Schermo di visualizzazione: <span style=\"font-weight: 400;\">LCD a segmenti, <\/span><span style=\"font-weight: 400;\">che mostra temperatura e umidit\u00e0<\/span><\/li>\n<li>Numero di estensioni: <span style=\"font-weight: 400;\">\u2264 4<\/span><\/li>\n<li>Tampone di filamento: <span style=\"font-weight: 400;\">IN x 4 e USCITA x 1<\/span><\/li>\n<li>Compatibilit\u00e0 bobina filamento: <span style=\"font-weight: 400;\">Bobina di filamento da 1 kg; <\/span><span style=\"font-weight: 400;\">diametro: 197-202mm, spessore: 42-68mm<\/span><\/li>\n<li>Diametro del filamento: <span style=\"font-weight: 400;\">1,75\u00b10,05 mm<\/span><\/li>\n<li>Alimentazione elettrica: <span style=\"font-weight: 400;\">Corrente continua 24V<\/span><\/li>\n<li>Potenza nominale: <span style=\"font-weight: 400;\">20W<\/span><\/li>\n<li>Metodo di essiccazione: <span style=\"font-weight: 400;\">Essiccante<\/span><\/li>\n<li>Indicatore di stato: <span style=\"font-weight: 400;\">Spia luminosa (bianco\/rosso) x 4<\/span><\/li>\n<li>Riconoscimento del filamento RFID: <span style=\"font-weight: 400;\">S\u00cc<\/span><\/li>\n<li>Filamenti supportati: <span style=\"font-weight: 400;\">PLA\/PETG\/ABS\/ASA\/PET\/PLA-CF, <\/span><span style=\"font-weight: 400;\">*Non compatibile con TPU flessibile, BVOH\/PVA umido o bobine di cartone deformate.<\/span><\/li>\n<li>Rel\u00e8 a filamento automatico: <span style=\"font-weight: 400;\">S\u00cc<\/span><\/li>\n<\/ul>\n","protected":false},"excerpt":{"rendered":"<p><span style=\"font-weight: 400;\">Ecco Creality Hi Combo! Combina la stampante 3D avanzata Creality Hi e il sistema multimateriale Creality CFS per una stampa di precisione con una velocit\u00e0 impressionante. Questo pacchetto ti consente di sperimentare liberamente con vari materiali e colori, garantendo risultati di alta qualit\u00e0!<\/span><\/p>\n","protected":false},"featured_media":71702,"comment_status":"closed","ping_status":"closed","template":"","meta":{"_acf_changed":false},"product_brand":[],"product_cat":[595,2801,602,623,599,598],"product_tag":[1631],"brand":[],"class_list":{"0":"post-71611","1":"product","2":"type-product","3":"status-publish","4":"has-post-thumbnail","6":"product_cat-stampante-3d","7":"product_cat-back-to-school-it","8":"product_cat-creality-it","9":"product_cat-saldi","10":"product_cat-stampante-3d-fdm","11":"product_cat-tutti-stampanti-3d","12":"product_tag-preorder-it","14":"first","15":"outofstock","16":"sale","17":"taxable","18":"shipping-taxable","19":"purchasable","20":"product-type-simple"},"acf":[],"_links":{"self":[{"href":"https:\/\/azurefilm.com\/it\/wp-json\/wp\/v2\/product\/71611","targetHints":{"allow":["GET"]}}],"collection":[{"href":"https:\/\/azurefilm.com\/it\/wp-json\/wp\/v2\/product"}],"about":[{"href":"https:\/\/azurefilm.com\/it\/wp-json\/wp\/v2\/types\/product"}],"replies":[{"embeddable":true,"href":"https:\/\/azurefilm.com\/it\/wp-json\/wp\/v2\/comments?post=71611"}],"wp:featuredmedia":[{"embeddable":true,"href":"https:\/\/azurefilm.com\/it\/wp-json\/wp\/v2\/media\/71702"}],"wp:attachment":[{"href":"https:\/\/azurefilm.com\/it\/wp-json\/wp\/v2\/media?parent=71611"}],"wp:term":[{"taxonomy":"product_brand","embeddable":true,"href":"https:\/\/azurefilm.com\/it\/wp-json\/wp\/v2\/product_brand?post=71611"},{"taxonomy":"product_cat","embeddable":true,"href":"https:\/\/azurefilm.com\/it\/wp-json\/wp\/v2\/product_cat?post=71611"},{"taxonomy":"product_tag","embeddable":true,"href":"https:\/\/azurefilm.com\/it\/wp-json\/wp\/v2\/product_tag?post=71611"},{"taxonomy":"brand","embeddable":true,"href":"https:\/\/azurefilm.com\/it\/wp-json\/wp\/v2\/brand?post=71611"}],"curies":[{"name":"wp","href":"https:\/\/api.w.org\/{rel}","templated":true}]}}