
{"id":74433,"date":"2025-04-01T11:30:12","date_gmt":"2025-04-01T11:30:12","guid":{"rendered":"https:\/\/azurefilm.com\/?post_type=product&#038;p=74433"},"modified":"2025-04-01T11:30:13","modified_gmt":"2025-04-01T11:30:13","slug":"ams-2-pro","status":"publish","type":"product","link":"https:\/\/azurefilm.com\/it\/prodotto\/ams-2-pro\/","title":{"rendered":"AMS 2 Pro"},"content":{"rendered":"<h2>AMS 2 Pro: Sistema AMS avanzato<span style=\"font-weight: 400;\"><br \/>\n<\/span><\/h2>\n<p><span style=\"font-weight: 400;\">I nuovissimi sistemi AMS di seconda generazione, inclusi AMS 2 Pro e AMS HT, sono dotati di motori servo brushless per l&#8217;alimentazione del filamento che aumentano significativamente l&#8217;efficienza di alimentazione, accelerando la stampa multicolore e multimateriale. La seconda generazione di AMS introduce anche una funzione di essiccazione del filamento con una ventola attiva in un sistema completamente sigillato, migliorando l&#8217;efficienza di essiccazione e mantenendo condizioni ottimali per il filamento per periodi prolungati.<\/span><\/p>\n<h3>Caratteristiche principali<b><br \/>\n<\/b><\/h3>\n<p><span style=\"font-weight: 400;\">Il Bambu Lab AMS 2 Pro \u00e8 un sistema avanzato Automatic Material System progettato per migliorare la stampa 3D multimateriale e multicolore. Basandosi sul suo predecessore, l&#8217;AMS, il AMS 2 Pro introduce diverse caratteristiche chiave:<\/span><\/p>\n<ul>\n<li style=\"font-weight: 400;\" aria-level=\"1\"><b>Ventola attiva con essiccazione del filamento a 65\u00b0C:<\/b><span style=\"font-weight: 400;\"> Questo sistema asciuga in modo efficiente i filamenti, ventilando automaticamente l&#8217;umidit\u00e0, garantendo condizioni di stampa ottimali.<\/span><\/li>\n<li style=\"font-weight: 400;\" aria-level=\"1\"><b>Conservazione ermetica del filamento:<\/b><span style=\"font-weight: 400;\"> Mantiene la qualit\u00e0 del filamento prevenendo l&#8217;assorbimento di umidit\u00e0, fondamentale per i materiali sensibili all&#8217;umidit\u00e0.<\/span><\/li>\n<li style=\"font-weight: 400;\" aria-level=\"1\"><b>Supporto per la stampa fino a 24 colori\/multi-materiale:<\/b><span style=\"font-weight: 400;\"> Collegando fino a quattro unit\u00e0 AMS 2 Pro e otto unit\u00e0 AMS HT in serie, gli utenti possono gestire fino a 24 filamenti diversi simultaneamente, consentendo stampe complesse e vivaci.<\/span><\/li>\n<li style=\"font-weight: 400;\" aria-level=\"1\"><b>Motore servo brushless per alimentazione del filamento:<\/b><span style=\"font-weight: 400;\"> Migliora l&#8217;efficienza di alimentazione del filamento con una velocit\u00e0 di alimentazione superiore del 60%, riducendo i tempi di stampa e migliorando le prestazioni complessive.<\/span><\/li>\n<li style=\"font-weight: 400;\" aria-level=\"1\"><strong>Sincronizzazione del filamento RFID<\/strong><b style=\"color: #555555;\">:<\/b><span style=\"font-weight: 400;\"> Rileva automaticamente e applica le impostazioni ottimali per i filamenti ufficiali Bambu, semplificando il processo di stampa e riducendo la configurazione manuale.<\/span><\/li>\n<\/ul>\n","protected":false},"excerpt":{"rendered":"<p><span style=\"font-weight: 400;\">Il Bambu Lab AMS 2 Pro \u00e8 un sistema avanzato Automatic Material System progettato per migliorare la stampa 3D multimateriale e multicolore.<\/span><\/p>\n","protected":false},"featured_media":74429,"comment_status":"closed","ping_status":"closed","template":"","meta":{"_acf_changed":false},"product_brand":[],"product_cat":[595,654,625,658,624,599,598],"product_tag":[],"brand":[],"class_list":{"0":"post-74433","1":"product","2":"type-product","3":"status-publish","4":"has-post-thumbnail","6":"product_cat-stampante-3d","7":"product_cat-altri-articoli","8":"product_cat-altri-parti-di-ricambio","9":"product_cat-bambu-lab-it","10":"product_cat-parti-di-ricambio","11":"product_cat-stampante-3d-fdm","12":"product_cat-tutti-stampanti-3d","14":"first","15":"outofstock","16":"taxable","17":"shipping-taxable","18":"purchasable","19":"product-type-simple"},"acf":[],"_links":{"self":[{"href":"https:\/\/azurefilm.com\/it\/wp-json\/wp\/v2\/product\/74433","targetHints":{"allow":["GET"]}}],"collection":[{"href":"https:\/\/azurefilm.com\/it\/wp-json\/wp\/v2\/product"}],"about":[{"href":"https:\/\/azurefilm.com\/it\/wp-json\/wp\/v2\/types\/product"}],"replies":[{"embeddable":true,"href":"https:\/\/azurefilm.com\/it\/wp-json\/wp\/v2\/comments?post=74433"}],"wp:featuredmedia":[{"embeddable":true,"href":"https:\/\/azurefilm.com\/it\/wp-json\/wp\/v2\/media\/74429"}],"wp:attachment":[{"href":"https:\/\/azurefilm.com\/it\/wp-json\/wp\/v2\/media?parent=74433"}],"wp:term":[{"taxonomy":"product_brand","embeddable":true,"href":"https:\/\/azurefilm.com\/it\/wp-json\/wp\/v2\/product_brand?post=74433"},{"taxonomy":"product_cat","embeddable":true,"href":"https:\/\/azurefilm.com\/it\/wp-json\/wp\/v2\/product_cat?post=74433"},{"taxonomy":"product_tag","embeddable":true,"href":"https:\/\/azurefilm.com\/it\/wp-json\/wp\/v2\/product_tag?post=74433"},{"taxonomy":"brand","embeddable":true,"href":"https:\/\/azurefilm.com\/it\/wp-json\/wp\/v2\/brand?post=74433"}],"curies":[{"name":"wp","href":"https:\/\/api.w.org\/{rel}","templated":true}]}}