
{"id":85166,"date":"2025-08-01T07:27:54","date_gmt":"2025-08-01T07:27:54","guid":{"rendered":"https:\/\/azurefilm.com\/?post_type=product&#038;p=85166"},"modified":"2025-11-03T09:05:58","modified_gmt":"2025-11-03T09:05:58","slug":"super-pack-pla-matte-mix","status":"publish","type":"product","link":"https:\/\/azurefilm.com\/it\/prodotto\/super-pack-pla-matte-mix\/","title":{"rendered":"SUPER PACK PLA MATTE MIX"},"content":{"rendered":"\n\t<section class=\"section pb-0\" id=\"section_40057264\">\n\t\t<div class=\"section-bg fill\" >\n\t\t\t\t\t\t\t\t\t<div class=\"section-bg-overlay absolute fill\"><\/div>\n\t\t\t\n\n\t\t<\/div>\n\n\t\t\n\n\t\t<div class=\"section-content relative\">\n\t\t\t\n<div class=\"row row-large align-middle\"  id=\"row-1494351259\">\n\n\t<div id=\"col-1076862877\" class=\"col pb-0 medium-6 small-12 large-6\"  >\n\t\t\t\t<div class=\"col-inner text-left\"  >\n\t\t\t\n\t\t\t\n<h2><strong>Refill PLA Matte HS<\/strong><\/h2>\n<p><span style=\"font-weight: 400;\">Il PLA Matte \u00e8 pensato per chi cerca una finitura opaca ed esteticamente piacevole nelle proprie stampe. La superficie opaca di questo filamento nasconde bene le linee degli strati, rendendo ancora pi\u00f9 gradevole l&#8217;aspetto dell&#8217;oggetto stampato. Il PLA Matte \u00e8 facile da stampare, vanta un&#8217;eccellente adesione del primo strato e pu\u00f2 essere utilizzato per stampare a velocit\u00e0 fino a 500 mm\/s.<\/span><\/p>\n<p><span style=\"font-weight: 400;\">I filamenti Refill PLA Matte HS presentano le stesse identiche propriet\u00e0 del nostro PLA Matte HS. Questi filamenti sono una scelta ecologica che offre prestazioni affidabili e risultati uniformi. Inoltre, i nostri filamenti PLA Matte HS Refill sono facili da stampare e ideali per i principianti.\u00a0<\/span><\/p>\n<h3>Consigli per la stampa:<\/h3>\n<ul>\n<li style=\"font-weight: 400;\" aria-level=\"1\"><span style=\"font-weight: 400;\">Stampa ad una temperatura di 205\u2013225\u00b0C per ottenere i risultati migliori.*\u00a0<\/span><\/li>\n<li style=\"font-weight: 400;\" aria-level=\"1\"><span style=\"font-weight: 400;\">Non \u00e8 necessario un letto riscaldato, tuttavia ti consigliamo di preriscaldare il tuo piano di stampa a 50-60 \u00b0C.<\/span><\/li>\n<li style=\"font-weight: 400;\" aria-level=\"1\"><span style=\"font-weight: 400;\">Usa un piano di vetro, un foglio PEI, un nastro Kapton o blu per la piattaforma di costruzione con lo spray 3Dlac.<\/span><\/li>\n<\/ul>\n<p><i><span style=\"font-weight: 400;\">*La temperatura ideale pu\u00f2 variare a seconda della stampante utilizzata.<\/span><\/i><\/p>\n\t\t<\/div>\n\t\t\t\t\t<\/div>\n\n\t\n\n\t<div id=\"col-966016112\" class=\"col medium-6 small-12 large-6\"  >\n\t\t\t\t<div class=\"col-inner\"  >\n\t\t\t\n\t\t\t\n\t<div class=\"img has-hover x md-x lg-x y md-y lg-y\" id=\"image_1991907958\">\n\t\t\t\t\t\t\t\t<div class=\"img-inner dark\" >\n\t\t\t<img loading=\"lazy\" decoding=\"async\" width=\"1020\" height=\"835\" src=\"https:\/\/azurefilm.com\/wp-content\/uploads\/2024\/08\/IT_PLA-Matte_spider-chart-1024x838.png\" class=\"attachment-large size-large\" alt=\"\" srcset=\"https:\/\/azurefilm.com\/wp-content\/uploads\/2024\/08\/IT_PLA-Matte_spider-chart-1024x838.png 1024w, https:\/\/azurefilm.com\/wp-content\/uploads\/2024\/08\/IT_PLA-Matte_spider-chart-510x417.png 510w, https:\/\/azurefilm.com\/wp-content\/uploads\/2024\/08\/IT_PLA-Matte_spider-chart-300x245.png 300w, https:\/\/azurefilm.com\/wp-content\/uploads\/2024\/08\/IT_PLA-Matte_spider-chart-768x628.png 768w, https:\/\/azurefilm.com\/wp-content\/uploads\/2024\/08\/IT_PLA-Matte_spider-chart.png 1397w\" sizes=\"auto, (max-width: 1020px) 100vw, 1020px\" title=\"\">\t\t\t\t\t\t\n\t\t\t\t\t<\/div>\n\t\t\t\t\t\t\t\t\n<style>\n#image_1991907958 {\n  width: 100%;\n}\n<\/style>\n\t<\/div>\n\t\n\t\t<\/div>\n\t\t\t\t\t<\/div>\n\n\t\n<\/div>\n\t\t<\/div>\n\n\t\t\n<style>\n#section_40057264 {\n  padding-top: 30px;\n  padding-bottom: 30px;\n}\n#section_40057264 .section-bg-overlay {\n  background-color: rgba(255, 255, 255, 0.85);\n}\n<\/style>\n\t<\/section>\n\t\n<table style=\"font-size: 14.4px;\">\n<tbody>\n<tr>\n<th><\/th>\n<th>Standard<\/th>\n<th>Valore<\/th>\n<th>Unit\u00e0<\/th>\n<\/tr>\n<tr>\n<td>\u00a0Temp. di stampa<\/td>\n<td>AF<\/td>\n<td>205-225<\/td>\n<td>\u00b0C<\/td>\n<\/tr>\n<tr>\n<td>\u00a0Temp. del piano<\/td>\n<td>AF<\/td>\n<td>60<\/td>\n<td>\u00b0C<\/td>\n<\/tr>\n<tr>\n<td>\u00a0Velocit\u00e0 di stampa<\/td>\n<td>AF<\/td>\n<td>300-500<\/td>\n<td>mm\/s<\/td>\n<\/tr>\n<tr>\n<td>\u00a0Raffreddamento<\/td>\n<td>AF<\/td>\n<td>100<\/td>\n<td>%<\/td>\n<\/tr>\n<tr>\n<td>\u00a0Superficie del piano<\/td>\n<td>\/<\/td>\n<td>(testurizzato) PEI, vetro, BUILDTAK<\/td>\n<td>\/<\/td>\n<\/tr>\n<\/tbody>\n<\/table>\n<div class=\"is-divider divider clearfix\" style=\"max-width:100%;height:1px;background-color:rgb(17, 107, 168);\"><\/div>\n<p><span style=\"font-weight: 400;\">I nostri filamenti Refill PLA Matte HS sono pienamente compatibili con<\/span><a href=\"https:\/\/azurefilm.com\/it\/prodotto\/azurefilm-master-spool-11-gratis\/\" target=\"_blank\" rel=\"noopener\"> <b>AzureFilm Master Spool<\/b><\/a><b>, l\u2019unica bobina di cui avrete bisogno.<\/b><span style=\"font-weight: 400;\"> Con questa bobina riutilizzabile, potrete unirti a noi per ridurre i rifiuti e ridurre l\u2019impatto ambientale.<\/span><\/p>\n<p><span style=\"font-weight: 400;\">AzureFilm Master Spool \u00e8 la nostra <\/span><b>bobina riutilizzabile<\/b><span style=\"font-weight: 400;\">, che offre una <\/span><b>soluzione economica e sostenibile<\/b><span style=\"font-weight: 400;\"> per la stampa 3D. Questo prodotto \u00e8 un <\/span><b>set di due dischi riutilizzabili stampati a iniezione<\/b><span style=\"font-weight: 400;\">. Questo garantisce un\u2019elevata durata e precisione della bobina.<\/span><\/p>\n<p><span style=\"font-weight: 400;\">Acquistando e riutilizzando la nostra Master Spool contribuirete a mantenere l\u2019ambiente pi\u00f9 pulito, approfittando di un prodotto affidabile e facile da usare, compatibile con la maggior parte delle stampanti 3D.<\/span><\/p>\n<div style=\"padding: 56.25% 0 0 0; position: relative;\"><iframe style=\"position: absolute; top: 0; left: 0; width: 100%; height: 100%;\" title=\"AzureFilm Master Spool\" src=\"https:\/\/player.vimeo.com\/video\/954356184?badge=0&amp;autopause=0&amp;player_id=0&amp;app_id=58479\" frameborder=\"0\"><\/iframe><\/div>\n<p><script src=\"https:\/\/player.vimeo.com\/api\/player.js\"><\/script><\/p>\n<div class=\"is-divider divider clearfix\" style=\"max-width:100%;height:1px;background-color:rgb(17, 107, 168);\"><\/div>\n<h2>Applicazioni<\/h2>\n<h3>Facile da stampare<\/h3>\n<p><span style=\"font-weight: 400;\">La collezione PLA Matte HS \u00e8 ideale per i neofiti, poich\u00e9 \u00e8 <\/span><b>facile da stampare<\/b><span style=\"font-weight: 400;\">. Oltre alla facilit\u00e0 d&#8217;uso, il PLA Matte HS vanta propriet\u00e0 estetiche migliori rispetto al PLA normale, il che lo rende ideale per diverse applicazioni, come ad esempio le decorazioni.<\/span><\/p>\n<div style=\"padding: 56.25% 0 0 0; position: relative;\"><iframe style=\"position: absolute; top: 0; left: 0; width: 100%; height: 100%;\" title=\"Facile da stampare\" src=\"https:\/\/player.vimeo.com\/video\/949450232?badge=0&amp;autopause=0&amp;player_id=0&amp;app_id=58479\" frameborder=\"0\"><\/iframe><\/div>\n<p><script src=\"https:\/\/player.vimeo.com\/api\/player.js\"><\/script><\/p>\n<h3>Finitura superficiale opaca omogenea<\/h3>\n<p><span style=\"font-weight: 400;\">I filamenti della collezione Matte presentano una <\/span><b>tipica superficie opaca<\/b><span style=\"font-weight: 400;\">, che consente di nascondere le linee degli strati. Provate il PLA Matte HS e ammirate l&#8217;aspetto professionale delle vostre stampe.<\/span><\/p>\n<div style=\"padding: 56.25% 0 0 0; position: relative;\"><iframe style=\"position: absolute; top: 0; left: 0; width: 100%; height: 100%;\" title=\"Finitura superficiale opaca omogenea\" src=\"https:\/\/player.vimeo.com\/video\/949450156?badge=0&amp;autopause=0&amp;player_id=0&amp;app_id=58479\" frameborder=\"0\"><\/iframe><\/div>\n<p><script src=\"https:\/\/player.vimeo.com\/api\/player.js\"><\/script><\/p>\n<h3>Stampa ad alta velocit\u00e0<\/h3>\n<p><span style=\"font-weight: 400;\">La possibilit\u00e0 di stampare a una <\/span><b>velocit\u00e0 fino a 500 mm\/s<\/b><span style=\"font-weight: 400;\"> consente di lavorare in modo rapido ed efficiente. La velocit\u00e0 di stampa non intacca le propriet\u00e0 meccaniche del filamento e non modifica l&#8217;aspetto opaco dell&#8217;oggetto finale.<\/span><\/p>\n<div style=\"padding: 56.25% 0 0 0; position: relative;\"><iframe style=\"position: absolute; top: 0; left: 0; width: 100%; height: 100%;\" title=\"Stampa ad alta velocit\u00e0\" src=\"https:\/\/player.vimeo.com\/video\/949450367?badge=0&amp;autopause=0&amp;player_id=0&amp;app_id=58479\" frameborder=\"0\"><\/iframe><\/div>\n<p><script src=\"https:\/\/player.vimeo.com\/api\/player.js\"><\/script><\/p>\n<h3>Linee degli strati meno visibili<\/h3>\n<p><span style=\"font-weight: 400;\">La collezione PLA Matte HS \u00e8 stata studiata appositamente per offrire una minore evidenza delle linee degli strati, un problema comune nella stampa 3D. Questa caratteristica \u00e8 particolarmente utile per le applicazioni dove l&#8217;aspetto estetico \u00e8 fondamentale. La minore necessit\u00e0 di post-elaborazione consente di creare splendidi modelli architettonici, decorazioni e prototipi.<\/span><\/p>\n<p><img loading=\"lazy\" decoding=\"async\" class=\"aligncenter wp-image-39689 size-full\" src=\"https:\/\/azurefilm.com\/wp-content\/uploads\/2024\/08\/PLA-Matte-Black.jpg\" alt=\"\" width=\"2560\" height=\"960\" title=\"\"><\/p>\n<h3>Eccellente adesione del primo strato<\/h3>\n<p><span style=\"font-weight: 400;\">L&#8217;aderenza al piano di stampa \u00e8 fondamentale perch\u00e9 influisce sulla stabilit\u00e0 e sulla qualit\u00e0 della stampa. Il PLA Matte HS si distingue in questo ambito perch\u00e9 le stampe aderiscono saldamente al piano di costruzione durante tutta la procedura di stampa. Questo riduce anche la necessit\u00e0 di ulteriori materiali adesivi, come colle, nastri o spray, che possono complicare il processo di installazione e pulizia.<\/span><\/p>\n<div style=\"padding: 56.25% 0 0 0; position: relative;\"><iframe style=\"position: absolute; top: 0; left: 0; width: 100%; height: 100%;\" title=\"Eccellente adesione del primo strato\" src=\"https:\/\/player.vimeo.com\/video\/949450325?badge=0&amp;autopause=0&amp;player_id=0&amp;app_id=58479\" frameborder=\"0\"><\/iframe><\/div>\n<p><script src=\"https:\/\/player.vimeo.com\/api\/player.js\"><\/script><\/p>\n<h4>Conservazione del prodotto<\/h4>\n<p><span style=\"font-weight: 400;\">Consigliamo di conservare il filamento in uno spazio chiuso, fresco e asciutto, con un pacchetto di silice essiccante, lontano dai raggi UV.<\/span><\/p>\n<div class=\"is-divider divider clearfix\" style=\"max-width:100%;height:1px;background-color:rgb(17, 107, 168);\"><\/div>\n<h2>Caratteristiche e Propriet\u00e0<\/h2>\n<table>\n<tbody>\n<tr>\n<th><\/th>\n<th><span style=\"font-weight: 400;\">Standard<\/span><\/th>\n<th><span style=\"font-weight: 400;\">Valore XY<\/span><\/th>\n<th><span style=\"font-weight: 400;\">Valore XZ<\/span><\/th>\n<th><span style=\"font-weight: 400;\">Valore ZX<\/span><\/th>\n<th><span style=\"font-weight: 400;\">Unit\u00e0<\/span><\/th>\n<\/tr>\n<tr>\n<td><span style=\"font-weight: 400;\">\u00a0Res. alla Trazione<\/span><\/td>\n<td><span style=\"font-weight: 400;\">ISO 527-2<\/span><\/td>\n<td><span style=\"font-weight: 400;\">42.8<\/span><\/td>\n<td><span style=\"font-weight: 400;\">44.2<\/span><\/td>\n<td><span style=\"font-weight: 400;\">21.7<\/span><\/td>\n<td><span style=\"font-weight: 400;\">MPa<\/span><\/td>\n<\/tr>\n<tr>\n<td><span style=\"font-weight: 400;\">\u00a0Res. allo Snerv.<\/span><\/td>\n<td><span style=\"font-weight: 400;\">ISO 527-2<\/span><\/td>\n<td><span style=\"font-weight: 400;\">32.9<\/span><\/td>\n<td><span style=\"font-weight: 400;\">32.8<\/span><\/td>\n<td><span style=\"font-weight: 400;\">\/<\/span><\/td>\n<td><span style=\"font-weight: 400;\">MPa<\/span><\/td>\n<\/tr>\n<tr>\n<td><span style=\"font-weight: 400;\">\u00a0Modulo di Trazione<\/span><\/td>\n<td><span style=\"font-weight: 400;\">ISO 527-2<\/span><\/td>\n<td><span style=\"font-weight: 400;\">3800<\/span><\/td>\n<td><span style=\"font-weight: 400;\">3800<\/span><\/td>\n<td><span style=\"font-weight: 400;\">3200<\/span><\/td>\n<td><span style=\"font-weight: 400;\">MPa<\/span><\/td>\n<\/tr>\n<tr>\n<td><span style=\"font-weight: 400;\">\u00a0Allung. allo Snerv.<\/span><\/td>\n<td><span style=\"font-weight: 400;\">ISO 527-2<\/span><\/td>\n<td><span style=\"font-weight: 400;\">4.1<\/span><\/td>\n<td><span style=\"font-weight: 400;\">3.6<\/span><\/td>\n<td><span style=\"font-weight: 400;\">0.8<\/span><\/td>\n<td><span style=\"font-weight: 400;\">%<\/span><\/td>\n<\/tr>\n<tr>\n<td><span style=\"font-weight: 400;\">\u00a0Res. alla Flessione<\/span><\/td>\n<td><span style=\"font-weight: 400;\">ISO 178<\/span><\/td>\n<td><span style=\"font-weight: 400;\">81.8<\/span><\/td>\n<td><span style=\"font-weight: 400;\">83<\/span><\/td>\n<td><span style=\"font-weight: 400;\">52.7<\/span><\/td>\n<td><span style=\"font-weight: 400;\">MPa<\/span><\/td>\n<\/tr>\n<tr>\n<td><span style=\"font-weight: 400;\">\u00a0Modulo di Flessione<\/span><\/td>\n<td><span style=\"font-weight: 400;\">ISO 178\u00a0<\/span><\/td>\n<td><span style=\"font-weight: 400;\">4500<\/span><\/td>\n<td><span style=\"font-weight: 400;\">4500<\/span><\/td>\n<td><span style=\"font-weight: 400;\">4000<\/span><\/td>\n<td><span style=\"font-weight: 400;\">MPa<\/span><\/td>\n<\/tr>\n<tr>\n<td><span style=\"font-weight: 400;\">\u00a0Res. all\u2019Urto<\/span><\/td>\n<td><span style=\"font-weight: 400;\">ISO 179<\/span><\/td>\n<td><span style=\"font-weight: 400;\">6<\/span><\/td>\n<td><span style=\"font-weight: 400;\">\/<\/span><\/td>\n<td><span style=\"font-weight: 400;\">\/<\/span><\/td>\n<td><span style=\"font-weight: 400;\">kJ\/m\u00b2<\/span><\/td>\n<\/tr>\n<\/tbody>\n<\/table>\n<p><span style=\"font-weight: 400;\">Potete consultare la Scheda Tecnica <a href=\"https:\/\/azurefilm.com\/it\/technical-data-sheets\/\" target=\"_blank\" rel=\"noopener\"><strong>qui<\/strong><\/a>.<\/span><\/p>\n","protected":false},"excerpt":{"rendered":"<p>Approfitta del nostro esclusivo SUPER PACK PLA MATTE MIX 10-pack con <b>2 Master Spool GRATUITI<\/b>: quantit\u00e0 limitate, miglior prezzo e\u00a0<b>garanzia senza rischi di 30 giorni<\/b>!<\/p>\n<p>Il pacchetto include Refill PLA Matte HS Black, White, Blue, Rosy, Off-White, Sage, Mint, Lime, Coral &amp; Bordeaux.<\/p>\n<p data-pm-slice=\"1 1 []\"><strong>Nota:<\/strong> In caso di esaurimento scorte, sostituiremo il colore mancante con un altro colore casuale.<\/p>\n","protected":false},"featured_media":85178,"comment_status":"closed","ping_status":"closed","template":"","meta":{"_acf_changed":false},"product_brand":[],"product_cat":[2779,517,544,521,1570,556,1597,623,519],"product_tag":[1526,1533],"brand":[],"class_list":{"0":"post-85166","1":"product","2":"type-product","3":"status-publish","4":"has-post-thumbnail","6":"product_cat-pacchetti-pla-super","7":"product_cat-filamenti-3d","8":"product_cat-filamenti-pla","9":"product_cat-pacchetti","10":"product_cat-pla-matte-hs-it","11":"product_cat-filamenti-refill","12":"product_cat-refill-pla-matte-hs-it","13":"product_cat-saldi","14":"product_cat-tutti-filamenti","15":"product_tag-eco-it","16":"product_tag-high-speed","17":"pa_colour-black","18":"pa_colour-blue","19":"pa_colour-brown","20":"pa_colour-gray","21":"pa_colour-green","22":"pa_colour-pink","23":"pa_colour-purple","24":"pa_colour-red","25":"pa_colour-white","26":"pa_filament-diameter-1-75mm","27":"pa_filament-weight-1000g","29":"first","30":"outofstock","31":"sale","32":"taxable","33":"shipping-taxable","34":"purchasable","35":"product-type-simple"},"acf":[],"_links":{"self":[{"href":"https:\/\/azurefilm.com\/it\/wp-json\/wp\/v2\/product\/85166","targetHints":{"allow":["GET"]}}],"collection":[{"href":"https:\/\/azurefilm.com\/it\/wp-json\/wp\/v2\/product"}],"about":[{"href":"https:\/\/azurefilm.com\/it\/wp-json\/wp\/v2\/types\/product"}],"replies":[{"embeddable":true,"href":"https:\/\/azurefilm.com\/it\/wp-json\/wp\/v2\/comments?post=85166"}],"wp:featuredmedia":[{"embeddable":true,"href":"https:\/\/azurefilm.com\/it\/wp-json\/wp\/v2\/media\/85178"}],"wp:attachment":[{"href":"https:\/\/azurefilm.com\/it\/wp-json\/wp\/v2\/media?parent=85166"}],"wp:term":[{"taxonomy":"product_brand","embeddable":true,"href":"https:\/\/azurefilm.com\/it\/wp-json\/wp\/v2\/product_brand?post=85166"},{"taxonomy":"product_cat","embeddable":true,"href":"https:\/\/azurefilm.com\/it\/wp-json\/wp\/v2\/product_cat?post=85166"},{"taxonomy":"product_tag","embeddable":true,"href":"https:\/\/azurefilm.com\/it\/wp-json\/wp\/v2\/product_tag?post=85166"},{"taxonomy":"brand","embeddable":true,"href":"https:\/\/azurefilm.com\/it\/wp-json\/wp\/v2\/brand?post=85166"}],"curies":[{"name":"wp","href":"https:\/\/api.w.org\/{rel}","templated":true}]}}